{"id":16041,"date":"2024-10-02T14:43:49","date_gmt":"2024-10-02T14:43:49","guid":{"rendered":"https:\/\/www.mercuryeng.com\/?page_id=16041"},"modified":"2024-10-04T10:23:31","modified_gmt":"2024-10-04T10:23:31","slug":"datenschutzrichtlinie","status":"publish","type":"page","link":"https:\/\/www.mercuryeng.com\/de\/datenschutzrichtlinie\/","title":{"rendered":"Datenschutzrichtlinie"},"content":{"rendered":"<h3>Datenschutzrichtlinie<\/h3>\n<p>Diese Datenschutzerkl\u00e4rung bezieht sich auf unsere Datenschutzpraktiken im Zusammenhang mit der Art und Weise, wie diese Website personenbezogene Daten sammelt, speichert, weitergibt oder aufbewahrt, die Sie bei der Nutzung unserer Website zur Verf\u00fcgung stellen. Wir behalten uns das Recht vor, jederzeit \u00c4nderungen an dieser Datenschutzerkl\u00e4rung vorzunehmen.<\/p>\n<h5>Erfasste personenbezogene Daten<\/h5>\n<p>Die von Cookies erfassten Daten werden zu dem unten genannten Zweck verwendet. Alle anderen erfassten Daten werden von einem Drittanbieter gesendet und zum Zwecke der Bearbeitung des Gegenstands der Kommunikation aufbewahrt, unabh\u00e4ngig davon, ob Sie sich f\u00fcr eine Stelle bei Mercury bewerben oder nicht.<\/p>\n<p>Zu den Arten von personenbezogenen Daten, die \u00fcber diese Website erfasst werden, entweder durch sie selbst oder durch einen Dritten, geh\u00f6ren Cookies, Nutzungsdaten, Vorname, Nachname, Telefonnummer, Firmenname, E-Mail-Adresse und Lebenslauf (CV).<\/p>\n<p>Mercury Engineering nimmt die Sicherheit von Daten ernst. Wir nutzen die am besten geeigneten physischen und technischen Sicherheitsma\u00dfnahmen und Schulen und Sensibilisieren unser Personal bestm\u00f6glich, um unbefugten Zugriff, Offenlegung, \u00c4nderung oder unbefugte Zerst\u00f6rung personenbezogener Daten zu verhindern.<\/p>\n<h5>Verwendung von Fotos\/Videos<\/h5>\n<p>Teilnehmer einer von Mercury ausgerichteten Veranstaltung erkl\u00e4ren sich damit einverstanden, dass Bilder und\/oder Videos im Rahmen dieser Veranstaltung von den Teilnehmenden gemacht und zur Ver\u00f6ffentlichung im Rahmen der Veranstalter verwendet werden.<\/p>\n<h5>Cookies<\/h5>\n<p>Ein &#8222;Cookie&#8220; ist ein Datenblock, den ein Webserver auf Ihrem Computer ablegt und der auf Ihrem Computer oder Mobilger\u00e4t gespeichert werden kann. Es erm\u00f6glicht einer Website, sich \u00fcber einen l\u00e4ngeren Zeitraum an Ihre Aktionen oder Vorlieben zu &#8222;erinnern&#8220;. Diese Informationen werden bei der Nutzung dieser Website automatisch erfasst und dienen nur dazu, Sie zu identifizieren, um Ihre Pr\u00e4ferenzen zu speichern, und zwar ausschlie\u00dflich zu dem Zweck, Ihnen bei der Nutzung unserer Website die beste Benutzererfahrung zu bieten. Zu diesem Zweck werden verschiedene Cookies von unserer Website und Google Analytics verwendet. Von Zeit zu Zeit k\u00f6nnen neue Cookies hinzugef\u00fcgt werden, um die Leistung und Benutzerfreundlichkeit der Website zu verbessern.<\/p>\n<h5>Analyse-Cookies<\/h5>\n<p>Analytics sind dauerhafte Cookies, die es uns erm\u00f6glichen, die Anzahl der Besucher zu erkennen, zu z\u00e4hlen und anonyme Daten dar\u00fcber bereitzustellen, wie unsere Besucher unsere Websites nutzen.<\/p>\n<p>Die Verwendung von Analyse-Cookies hilft uns, die Funktionsweise und Navigation unserer Websites zu verbessern und sicherzustellen, dass die Benutzer problemlos finden k\u00f6nnen, wonach sie suchen. Es werden keine personenbezogenen Daten \u00fcber Sie gesammelt.<\/p>\n<p>Wir verwenden die folgenden analytischen Cookies von Google:<\/p>\n<p>_ga<\/p>\n<p>_gid<\/p>\n<p>_gat<\/p>\n<h5>Andere Cookies<\/h5>\n<p>Wir verwenden die folgenden Cookies f\u00fcr IT-Sicherheitszwecke, um Anfragen \u00fcber unsere Website zu akzeptieren:<\/p>\n<p>_GRECAPTCHA<\/p>\n<p>Wir verwenden das folgende Cookie f\u00fcr unser Cookie-Compliance-Plugin:<\/p>\n<p>_complianz_policy_id<\/p>\n<p>Cookie-Einstellungen<\/p>\n<h5>Senden Sie uns eine E-Mail, das Kontaktformular und die Karriere<\/h5>\n<p>Alle E-Mails und Kontaktformulare, die an uns gesendet werden, werden erfasst und an die zust\u00e4ndige Abteilung weitergeleitet. Die E-Mail-Adresse des Absenders ist f\u00fcr alle Mitarbeiter sichtbar, die mit der Bearbeitung der Anfrage beauftragt sind. Es liegt in der Verantwortung des Absenders, sicherzustellen, dass sich die bereitgestellten Inhalte im Rahmen des Gesetzes bewegen. Unaufgefordertes Material krimineller Natur wird den zust\u00e4ndigen Beh\u00f6rden gemeldet und gesperrt. Diese Informationen werden auch von unserem Website-Anbieter gehostet und gespeichert.<\/p>\n<p>Bewerbungen, die bei Mercury eingereicht werden, werden von der Personalabteilung bearbeitet und an die zust\u00e4ndigen Abteilungen und Manager weitergeleitet, soweit dies im Rahmen des Rekrutierungsprozesses erforderlich ist und sich auf die beworbene Stelle und auf andere relevante Positionen bezieht. Lebensl\u00e4ufe, die \u00fcber unsere Website gesendet werden, werden \u00fcber einen Drittanbieter empfangen und gespeichert und nach 12 Monaten automatisch in der Datenbank dauerhaft gel\u00f6scht. Wenn Sie m\u00f6chten, dass Ihr Lebenslauf vor Ablauf des Zeitraums von 12 Monaten gel\u00f6scht wird, wenden Sie sich bitte per E-Mail an Mercury <a href=\"mailto:GDPR@mercuryeng.com\">GDPR@mercuryeng.com<\/a>.<\/p>\n<h4>Zugriff auf personenbezogene Daten<\/h4>\n<h5>Antrag auf Zugang zu personenbezogenen Daten<\/h5>\n<p>Nach den nationalen Datenschutzvorschriften hat eine Person das Recht, eine Kopie ihrer personenbezogenen Daten zu erhalten. Ein Antrag auf Zugang zu personenbezogenen Daten muss schriftlich erfolgen und wird innerhalb von 30 Kalendertagen beantwortet. Alle Antr\u00e4ge auf Zugang zu personenbezogenen Daten sind entweder an <a href=\"mailto:GDPR@mercuryeng.com\">GDPR@mercuryeng.com<\/a> oder folgende Adresse zu senden:<\/p>\n<p>Mercury Engineering<br \/>\nMercury House<br \/>\nRaven\u2019s Rock Road<br \/>\nSandyford Industrial Estate<br \/>\nD18XH79<\/p>\n<p>Nach den nationalen Datenschutzvorschriften hat eine Person das Recht auf Berichtigung ihrer personenbezogenen Daten, wenn sie unrichtig sind, oder auf L\u00f6schung, wenn es keinen legitimen Grund mehr f\u00fcr die Aufbewahrung der Daten gibt. Anfragen werden wir innerhalb von 30 Kalendertagen schriftlich beantworten. Anfragen sind an <a href=\"mailto:GDPR@mercuryeng.com\">GDPR@mercuryeng.com<\/a> zu richten oder an folgende Adresse zu senden:<\/p>\n<p>Mercury Engineering<br \/>\nMercury House<br \/>\nRaven\u2019s Rock Road<br \/>\nSandyford Industrial Estate<br \/>\nD18XH79<\/p>\n<p>Bei der Suchfunktion auf unserer Website handelt es sich um eine interne Suchfunktion, die nur Informationen zur\u00fcckgibt, die auf dieser Website erscheinen.<\/p>\n<p><a class=\"btn\" href=\"https:\/\/www.mercuryeng.com\/de\/kontakt\/\" target=\"_blank\" rel=\"noopener\">Kontaktieren Sie uns<\/a><\/p>\n","protected":false},"excerpt":{"rendered":"<p>Datenschutzrichtlinie Diese Datenschutzerkl\u00e4rung bezieht sich auf unsere Datenschutzpraktiken im Zusammenhang mit der Art und Weise, wie diese Website personenbezogene Daten sammelt, speichert, weitergibt oder aufbewahrt, die Sie bei der Nutzung unserer Website zur Verf\u00fcgung stellen. Wir behalten uns das Recht vor, jederzeit \u00c4nderungen an dieser Datenschutzerkl\u00e4rung vorzunehmen. Erfasste personenbezogene Daten Die von Cookies erfassten Daten [&hellip;]<\/p>\n","protected":false},"author":20,"featured_media":0,"parent":0,"menu_order":15,"comment_status":"closed","ping_status":"closed","template":"","meta":{"_acf_changed":false,"footnotes":""},"class_list":["post-16041","page","type-page","status-publish","hentry"],"acf":[],"yoast_head":"<!-- This site is optimized with the Yoast SEO plugin v27.5 - https:\/\/yoast.com\/product\/yoast-seo-wordpress\/ -->\n<title>Datenschutzrichtlinie - Mercury Engineering<\/title>\n<meta name=\"robots\" content=\"index, follow, max-snippet:-1, max-image-preview:large, max-video-preview:-1\" \/>\n<link rel=\"canonical\" href=\"https:\/\/www.mercuryeng.com\/de\/datenschutzrichtlinie\/\" \/>\n<meta property=\"og:locale\" content=\"de_DE\" \/>\n<meta property=\"og:type\" content=\"article\" \/>\n<meta property=\"og:title\" content=\"Datenschutzrichtlinie - Mercury Engineering\" \/>\n<meta property=\"og:description\" content=\"Datenschutzrichtlinie Diese Datenschutzerkl\u00e4rung bezieht sich auf unsere Datenschutzpraktiken im Zusammenhang mit der Art und Weise, wie diese Website personenbezogene Daten sammelt, speichert, weitergibt oder aufbewahrt, die Sie bei der Nutzung unserer Website zur Verf\u00fcgung stellen. Wir behalten uns das Recht vor, jederzeit \u00c4nderungen an dieser Datenschutzerkl\u00e4rung vorzunehmen. Erfasste personenbezogene Daten Die von Cookies erfassten Daten [&hellip;]\" \/>\n<meta property=\"og:url\" content=\"https:\/\/www.mercuryeng.com\/de\/datenschutzrichtlinie\/\" \/>\n<meta property=\"og:site_name\" content=\"Mercury Engineering\" \/>\n<meta property=\"article:modified_time\" content=\"2024-10-04T10:23:31+00:00\" \/>\n<meta name=\"twitter:card\" content=\"summary_large_image\" \/>\n<meta name=\"twitter:label1\" content=\"Gesch\u00e4tzte Lesezeit\" \/>\n\t<meta name=\"twitter:data1\" content=\"4 Minuten\" \/>\n<script type=\"application\/ld+json\" class=\"yoast-schema-graph\">{\"@context\":\"https:\\\/\\\/schema.org\",\"@graph\":[{\"@type\":\"WebPage\",\"@id\":\"https:\\\/\\\/www.mercuryeng.com\\\/de\\\/datenschutzrichtlinie\\\/\",\"url\":\"https:\\\/\\\/www.mercuryeng.com\\\/de\\\/datenschutzrichtlinie\\\/\",\"name\":\"Datenschutzrichtlinie - Mercury Engineering\",\"isPartOf\":{\"@id\":\"https:\\\/\\\/www.mercuryeng.com\\\/de\\\/#website\"},\"datePublished\":\"2024-10-02T14:43:49+00:00\",\"dateModified\":\"2024-10-04T10:23:31+00:00\",\"breadcrumb\":{\"@id\":\"https:\\\/\\\/www.mercuryeng.com\\\/de\\\/datenschutzrichtlinie\\\/#breadcrumb\"},\"inLanguage\":\"de-DE\",\"potentialAction\":[{\"@type\":\"ReadAction\",\"target\":[\"https:\\\/\\\/www.mercuryeng.com\\\/de\\\/datenschutzrichtlinie\\\/\"]}]},{\"@type\":\"BreadcrumbList\",\"@id\":\"https:\\\/\\\/www.mercuryeng.com\\\/de\\\/datenschutzrichtlinie\\\/#breadcrumb\",\"itemListElement\":[{\"@type\":\"ListItem\",\"position\":1,\"name\":\"Home\",\"item\":\"https:\\\/\\\/www.mercuryeng.com\\\/de\\\/\"},{\"@type\":\"ListItem\",\"position\":2,\"name\":\"Datenschutzrichtlinie\"}]},{\"@type\":\"WebSite\",\"@id\":\"https:\\\/\\\/www.mercuryeng.com\\\/de\\\/#website\",\"url\":\"https:\\\/\\\/www.mercuryeng.com\\\/de\\\/\",\"name\":\"Mercury Engineering\",\"description\":\"Ihre Vision, unsere Verpflichtung.\",\"potentialAction\":[{\"@type\":\"SearchAction\",\"target\":{\"@type\":\"EntryPoint\",\"urlTemplate\":\"https:\\\/\\\/www.mercuryeng.com\\\/de\\\/?s={search_term_string}\"},\"query-input\":{\"@type\":\"PropertyValueSpecification\",\"valueRequired\":true,\"valueName\":\"search_term_string\"}}],\"inLanguage\":\"de-DE\"}]}<\/script>\n<!-- \/ Yoast SEO plugin. -->","yoast_head_json":{"title":"Datenschutzrichtlinie - Mercury Engineering","robots":{"index":"index","follow":"follow","max-snippet":"max-snippet:-1","max-image-preview":"max-image-preview:large","max-video-preview":"max-video-preview:-1"},"canonical":"https:\/\/www.mercuryeng.com\/de\/datenschutzrichtlinie\/","og_locale":"de_DE","og_type":"article","og_title":"Datenschutzrichtlinie - Mercury Engineering","og_description":"Datenschutzrichtlinie Diese Datenschutzerkl\u00e4rung bezieht sich auf unsere Datenschutzpraktiken im Zusammenhang mit der Art und Weise, wie diese Website personenbezogene Daten sammelt, speichert, weitergibt oder aufbewahrt, die Sie bei der Nutzung unserer Website zur Verf\u00fcgung stellen. Wir behalten uns das Recht vor, jederzeit \u00c4nderungen an dieser Datenschutzerkl\u00e4rung vorzunehmen. Erfasste personenbezogene Daten Die von Cookies erfassten Daten [&hellip;]","og_url":"https:\/\/www.mercuryeng.com\/de\/datenschutzrichtlinie\/","og_site_name":"Mercury Engineering","article_modified_time":"2024-10-04T10:23:31+00:00","twitter_card":"summary_large_image","twitter_misc":{"Gesch\u00e4tzte Lesezeit":"4 Minuten"},"schema":{"@context":"https:\/\/schema.org","@graph":[{"@type":"WebPage","@id":"https:\/\/www.mercuryeng.com\/de\/datenschutzrichtlinie\/","url":"https:\/\/www.mercuryeng.com\/de\/datenschutzrichtlinie\/","name":"Datenschutzrichtlinie - Mercury Engineering","isPartOf":{"@id":"https:\/\/www.mercuryeng.com\/de\/#website"},"datePublished":"2024-10-02T14:43:49+00:00","dateModified":"2024-10-04T10:23:31+00:00","breadcrumb":{"@id":"https:\/\/www.mercuryeng.com\/de\/datenschutzrichtlinie\/#breadcrumb"},"inLanguage":"de-DE","potentialAction":[{"@type":"ReadAction","target":["https:\/\/www.mercuryeng.com\/de\/datenschutzrichtlinie\/"]}]},{"@type":"BreadcrumbList","@id":"https:\/\/www.mercuryeng.com\/de\/datenschutzrichtlinie\/#breadcrumb","itemListElement":[{"@type":"ListItem","position":1,"name":"Home","item":"https:\/\/www.mercuryeng.com\/de\/"},{"@type":"ListItem","position":2,"name":"Datenschutzrichtlinie"}]},{"@type":"WebSite","@id":"https:\/\/www.mercuryeng.com\/de\/#website","url":"https:\/\/www.mercuryeng.com\/de\/","name":"Mercury Engineering","description":"Ihre Vision, unsere Verpflichtung.","potentialAction":[{"@type":"SearchAction","target":{"@type":"EntryPoint","urlTemplate":"https:\/\/www.mercuryeng.com\/de\/?s={search_term_string}"},"query-input":{"@type":"PropertyValueSpecification","valueRequired":true,"valueName":"search_term_string"}}],"inLanguage":"de-DE"}]}},"_links":{"self":[{"href":"https:\/\/www.mercuryeng.com\/de\/wp-json\/wp\/v2\/pages\/16041","targetHints":{"allow":["GET"]}}],"collection":[{"href":"https:\/\/www.mercuryeng.com\/de\/wp-json\/wp\/v2\/pages"}],"about":[{"href":"https:\/\/www.mercuryeng.com\/de\/wp-json\/wp\/v2\/types\/page"}],"author":[{"embeddable":true,"href":"https:\/\/www.mercuryeng.com\/de\/wp-json\/wp\/v2\/users\/20"}],"replies":[{"embeddable":true,"href":"https:\/\/www.mercuryeng.com\/de\/wp-json\/wp\/v2\/comments?post=16041"}],"version-history":[{"count":3,"href":"https:\/\/www.mercuryeng.com\/de\/wp-json\/wp\/v2\/pages\/16041\/revisions"}],"predecessor-version":[{"id":16053,"href":"https:\/\/www.mercuryeng.com\/de\/wp-json\/wp\/v2\/pages\/16041\/revisions\/16053"}],"wp:attachment":[{"href":"https:\/\/www.mercuryeng.com\/de\/wp-json\/wp\/v2\/media?parent=16041"}],"curies":[{"name":"wp","href":"https:\/\/api.w.org\/{rel}","templated":true}]}}