{"id":15973,"date":"2024-09-26T11:23:54","date_gmt":"2024-09-26T11:23:54","guid":{"rendered":"https:\/\/www.mercuryeng.com\/?page_id=15973"},"modified":"2024-10-07T14:06:07","modified_gmt":"2024-10-07T14:06:07","slug":"feierliche-grundsteinlegung-am-17-oktober","status":"publish","type":"page","link":"https:\/\/www.mercuryeng.com\/de\/feierliche-grundsteinlegung-am-17-oktober\/","title":{"rendered":"Feierliche Grundsteinlegung am 17. Oktober"},"content":{"rendered":"<table style=\"width: 100%;\">\n<tbody>\n<tr>\n<td>Feiern Sie mit uns den Beginn eines spannenden Mercury-Kapitels in Sch\u00f6nebeck, Sachsen-Anhalt.<\/p>\n<p><strong>Datum<\/strong>: Do, 17. Oktober 2024<br \/>\n<strong>Zeit<\/strong>: 16:00 Uhr bis 17:30 Uhr<br \/>\n<strong>Ort<\/strong>: Magdeburger Stra\u00dfe 249 a, 39218 Sch\u00f6nebeck<br \/>\n<strong>Agenda<\/strong>:<\/p>\n<ul>\n<li>ab 15:30 Uhr Eintreffen der G\u00e4ste<\/li>\n<li>16:00 Uhr Projektvorstellung, Stefan Z\u00f6ller, Gesch\u00e4ftsf\u00fchrer<\/li>\n<li>16:15 Uhr Gru\u00dfwort des Ministers, Sven Schulze<\/li>\n<li>16:20 Uhr Gru\u00dfwort des Landrates, Markus Bauer<\/li>\n<li>16:25 Uhr Gru\u00dfwort des Oberb\u00fcrgermeisters Sch\u00f6nebeck, Bert Knoblauch<\/li>\n<li>16:30 Uhr Gru\u00dfwort des Vorstandes Max B\u00f6gl, Stefan B\u00f6gl<\/li>\n<li>16:35 Uhr Festakt Grundsteinlegung<\/li>\n<li>16:45 Uhr Get-Together und Imbiss<\/li>\n<li>ca. 17:30 Uhr Ende<\/li>\n<\/ul>\n<p>Bitte nutzen Sie den Link-Button, um uns Ihre R\u00fcckmeldung zur Teilnahme bis zum 09.10.24 zukommen zu lassen. Wir freuen uns auf Sie!<\/td>\n<td><iframe loading=\"lazy\" style=\"border: 0;\" src=\"https:\/\/www.google.com\/maps\/embed?pb=!1m17!1m12!1m3!1d2455.2182285096865!2d11.708189!3d52.021122!2m3!1f0!2f0!3f0!3m2!1i1024!2i768!4f13.1!3m2!1m1!2zNTLCsDAxJzE2LjAiTiAxMcKwNDInMjkuNSJF!5e0!3m2!1sen!2sie!4v1727269862105!5m2!1sen!2sie\" width=\"600\" height=\"450\" allowfullscreen=\"allowfullscreen\"><\/iframe><\/td>\n<\/tr>\n<\/tbody>\n<\/table>\n<hr \/>\n<p style=\"text-align: center;\"><small><strong>Hinweis<\/strong>: Mit dem Klick auf \u201eAbsenden\u201c, erteilen Sie Mercury Ihr Einverst\u00e4ndnis, dass Ihre Daten in \u00dcbereinstimmung mit unserer <a href=\"https:\/\/www.mercuryeng.com\/de\/datenschutzrichtlinie\/\">Datenschutzrichtlinie<\/a> gespeichert werden. Bei Fragen steht Ihnen <a href=\"mailto:ilka.muller@mercuryeng.com?subject=Meine%20Frage\/%20Zusatzinformation%20zum%20Event%20Grundsteinlegung%20&amp;body=\">ilka.muller@mercuryeng.com<\/a> gern zur Verf\u00fcgung.<\/small><\/p>\n<p style=\"text-align: center;\"><iframe loading=\"lazy\" src=\"https:\/\/cdn.forms-content.sg-form.com\/f43b2fe3-7a8e-11ef-8d77-62b147acb8f0\" width=\"100%\" height=\"750px\" frameborder=\"0\"><span data-mce-type=\"bookmark\" style=\"display: inline-block; width: 0px; overflow: hidden; line-height: 0;\" class=\"mce_SELRES_start\">\ufeff<\/span><\/iframe><small><\/small><\/p>\n","protected":false},"excerpt":{"rendered":"<p>Feiern Sie mit uns den Beginn eines spannenden Mercury-Kapitels in Sch\u00f6nebeck, Sachsen-Anhalt. Datum: Do, 17. Oktober 2024 Zeit: 16:00 Uhr bis 17:30 Uhr Ort: Magdeburger Stra\u00dfe 249 a, 39218 Sch\u00f6nebeck Agenda: ab 15:30 Uhr Eintreffen der G\u00e4ste 16:00 Uhr Projektvorstellung, Stefan Z\u00f6ller, Gesch\u00e4ftsf\u00fchrer 16:15 Uhr Gru\u00dfwort des Ministers, Sven Schulze 16:20 Uhr Gru\u00dfwort des Landrates, [&hellip;]<\/p>\n","protected":false},"author":20,"featured_media":0,"parent":0,"menu_order":14,"comment_status":"closed","ping_status":"closed","template":"","meta":{"_acf_changed":false,"footnotes":""},"class_list":["post-15973","page","type-page","status-publish","hentry"],"acf":[],"yoast_head":"<!-- This site is optimized with the Yoast SEO plugin v27.5 - https:\/\/yoast.com\/product\/yoast-seo-wordpress\/ -->\n<title>Feierliche Grundsteinlegung am 17. Oktober - Mercury Engineering<\/title>\n<meta name=\"robots\" content=\"index, follow, max-snippet:-1, max-image-preview:large, max-video-preview:-1\" \/>\n<link rel=\"canonical\" href=\"https:\/\/www.mercuryeng.com\/de\/feierliche-grundsteinlegung-am-17-oktober\/\" \/>\n<meta property=\"og:locale\" content=\"de_DE\" \/>\n<meta property=\"og:type\" content=\"article\" \/>\n<meta property=\"og:title\" content=\"Feierliche Grundsteinlegung am 17. Oktober - Mercury Engineering\" \/>\n<meta property=\"og:description\" content=\"Feiern Sie mit uns den Beginn eines spannenden Mercury-Kapitels in Sch\u00f6nebeck, Sachsen-Anhalt. Datum: Do, 17. Oktober 2024 Zeit: 16:00 Uhr bis 17:30 Uhr Ort: Magdeburger Stra\u00dfe 249 a, 39218 Sch\u00f6nebeck Agenda: ab 15:30 Uhr Eintreffen der G\u00e4ste 16:00 Uhr Projektvorstellung, Stefan Z\u00f6ller, Gesch\u00e4ftsf\u00fchrer 16:15 Uhr Gru\u00dfwort des Ministers, Sven Schulze 16:20 Uhr Gru\u00dfwort des Landrates, [&hellip;]\" \/>\n<meta property=\"og:url\" content=\"https:\/\/www.mercuryeng.com\/de\/feierliche-grundsteinlegung-am-17-oktober\/\" \/>\n<meta property=\"og:site_name\" content=\"Mercury Engineering\" \/>\n<meta property=\"article:modified_time\" content=\"2024-10-07T14:06:07+00:00\" \/>\n<meta name=\"twitter:card\" content=\"summary_large_image\" \/>\n<meta name=\"twitter:label1\" content=\"Gesch\u00e4tzte Lesezeit\" \/>\n\t<meta name=\"twitter:data1\" content=\"1 Minute\" \/>\n<script type=\"application\/ld+json\" class=\"yoast-schema-graph\">{\"@context\":\"https:\\\/\\\/schema.org\",\"@graph\":[{\"@type\":\"WebPage\",\"@id\":\"https:\\\/\\\/www.mercuryeng.com\\\/de\\\/feierliche-grundsteinlegung-am-17-oktober\\\/\",\"url\":\"https:\\\/\\\/www.mercuryeng.com\\\/de\\\/feierliche-grundsteinlegung-am-17-oktober\\\/\",\"name\":\"Feierliche Grundsteinlegung am 17. Oktober - Mercury Engineering\",\"isPartOf\":{\"@id\":\"https:\\\/\\\/www.mercuryeng.com\\\/de\\\/#website\"},\"datePublished\":\"2024-09-26T11:23:54+00:00\",\"dateModified\":\"2024-10-07T14:06:07+00:00\",\"breadcrumb\":{\"@id\":\"https:\\\/\\\/www.mercuryeng.com\\\/de\\\/feierliche-grundsteinlegung-am-17-oktober\\\/#breadcrumb\"},\"inLanguage\":\"de-DE\",\"potentialAction\":[{\"@type\":\"ReadAction\",\"target\":[\"https:\\\/\\\/www.mercuryeng.com\\\/de\\\/feierliche-grundsteinlegung-am-17-oktober\\\/\"]}]},{\"@type\":\"BreadcrumbList\",\"@id\":\"https:\\\/\\\/www.mercuryeng.com\\\/de\\\/feierliche-grundsteinlegung-am-17-oktober\\\/#breadcrumb\",\"itemListElement\":[{\"@type\":\"ListItem\",\"position\":1,\"name\":\"Home\",\"item\":\"https:\\\/\\\/www.mercuryeng.com\\\/de\\\/\"},{\"@type\":\"ListItem\",\"position\":2,\"name\":\"Feierliche Grundsteinlegung am 17. Oktober\"}]},{\"@type\":\"WebSite\",\"@id\":\"https:\\\/\\\/www.mercuryeng.com\\\/de\\\/#website\",\"url\":\"https:\\\/\\\/www.mercuryeng.com\\\/de\\\/\",\"name\":\"Mercury Engineering\",\"description\":\"Ihre Vision, unsere Verpflichtung.\",\"potentialAction\":[{\"@type\":\"SearchAction\",\"target\":{\"@type\":\"EntryPoint\",\"urlTemplate\":\"https:\\\/\\\/www.mercuryeng.com\\\/de\\\/?s={search_term_string}\"},\"query-input\":{\"@type\":\"PropertyValueSpecification\",\"valueRequired\":true,\"valueName\":\"search_term_string\"}}],\"inLanguage\":\"de-DE\"}]}<\/script>\n<!-- \/ Yoast SEO plugin. -->","yoast_head_json":{"title":"Feierliche Grundsteinlegung am 17. Oktober - Mercury Engineering","robots":{"index":"index","follow":"follow","max-snippet":"max-snippet:-1","max-image-preview":"max-image-preview:large","max-video-preview":"max-video-preview:-1"},"canonical":"https:\/\/www.mercuryeng.com\/de\/feierliche-grundsteinlegung-am-17-oktober\/","og_locale":"de_DE","og_type":"article","og_title":"Feierliche Grundsteinlegung am 17. Oktober - Mercury Engineering","og_description":"Feiern Sie mit uns den Beginn eines spannenden Mercury-Kapitels in Sch\u00f6nebeck, Sachsen-Anhalt. Datum: Do, 17. Oktober 2024 Zeit: 16:00 Uhr bis 17:30 Uhr Ort: Magdeburger Stra\u00dfe 249 a, 39218 Sch\u00f6nebeck Agenda: ab 15:30 Uhr Eintreffen der G\u00e4ste 16:00 Uhr Projektvorstellung, Stefan Z\u00f6ller, Gesch\u00e4ftsf\u00fchrer 16:15 Uhr Gru\u00dfwort des Ministers, Sven Schulze 16:20 Uhr Gru\u00dfwort des Landrates, [&hellip;]","og_url":"https:\/\/www.mercuryeng.com\/de\/feierliche-grundsteinlegung-am-17-oktober\/","og_site_name":"Mercury Engineering","article_modified_time":"2024-10-07T14:06:07+00:00","twitter_card":"summary_large_image","twitter_misc":{"Gesch\u00e4tzte Lesezeit":"1 Minute"},"schema":{"@context":"https:\/\/schema.org","@graph":[{"@type":"WebPage","@id":"https:\/\/www.mercuryeng.com\/de\/feierliche-grundsteinlegung-am-17-oktober\/","url":"https:\/\/www.mercuryeng.com\/de\/feierliche-grundsteinlegung-am-17-oktober\/","name":"Feierliche Grundsteinlegung am 17. Oktober - Mercury Engineering","isPartOf":{"@id":"https:\/\/www.mercuryeng.com\/de\/#website"},"datePublished":"2024-09-26T11:23:54+00:00","dateModified":"2024-10-07T14:06:07+00:00","breadcrumb":{"@id":"https:\/\/www.mercuryeng.com\/de\/feierliche-grundsteinlegung-am-17-oktober\/#breadcrumb"},"inLanguage":"de-DE","potentialAction":[{"@type":"ReadAction","target":["https:\/\/www.mercuryeng.com\/de\/feierliche-grundsteinlegung-am-17-oktober\/"]}]},{"@type":"BreadcrumbList","@id":"https:\/\/www.mercuryeng.com\/de\/feierliche-grundsteinlegung-am-17-oktober\/#breadcrumb","itemListElement":[{"@type":"ListItem","position":1,"name":"Home","item":"https:\/\/www.mercuryeng.com\/de\/"},{"@type":"ListItem","position":2,"name":"Feierliche Grundsteinlegung am 17. Oktober"}]},{"@type":"WebSite","@id":"https:\/\/www.mercuryeng.com\/de\/#website","url":"https:\/\/www.mercuryeng.com\/de\/","name":"Mercury Engineering","description":"Ihre Vision, unsere Verpflichtung.","potentialAction":[{"@type":"SearchAction","target":{"@type":"EntryPoint","urlTemplate":"https:\/\/www.mercuryeng.com\/de\/?s={search_term_string}"},"query-input":{"@type":"PropertyValueSpecification","valueRequired":true,"valueName":"search_term_string"}}],"inLanguage":"de-DE"}]}},"_links":{"self":[{"href":"https:\/\/www.mercuryeng.com\/de\/wp-json\/wp\/v2\/pages\/15973","targetHints":{"allow":["GET"]}}],"collection":[{"href":"https:\/\/www.mercuryeng.com\/de\/wp-json\/wp\/v2\/pages"}],"about":[{"href":"https:\/\/www.mercuryeng.com\/de\/wp-json\/wp\/v2\/types\/page"}],"author":[{"embeddable":true,"href":"https:\/\/www.mercuryeng.com\/de\/wp-json\/wp\/v2\/users\/20"}],"replies":[{"embeddable":true,"href":"https:\/\/www.mercuryeng.com\/de\/wp-json\/wp\/v2\/comments?post=15973"}],"version-history":[{"count":4,"href":"https:\/\/www.mercuryeng.com\/de\/wp-json\/wp\/v2\/pages\/15973\/revisions"}],"predecessor-version":[{"id":16059,"href":"https:\/\/www.mercuryeng.com\/de\/wp-json\/wp\/v2\/pages\/15973\/revisions\/16059"}],"wp:attachment":[{"href":"https:\/\/www.mercuryeng.com\/de\/wp-json\/wp\/v2\/media?parent=15973"}],"curies":[{"name":"wp","href":"https:\/\/api.w.org\/{rel}","templated":true}]}}