{"id":12732,"date":"2019-04-04T09:53:48","date_gmt":"2019-04-04T09:53:48","guid":{"rendered":"https:\/\/www.mercuryeng.com\/uber\/who-we-are\/"},"modified":"2023-01-16T09:30:24","modified_gmt":"2023-01-16T09:30:24","slug":"wer-wir-sind","status":"publish","type":"page","link":"https:\/\/www.mercuryeng.com\/de\/uber\/wer-wir-sind\/","title":{"rendered":"Wer wir sind"},"content":{"rendered":"<hgroup>\n<h3>Wer wir sind<\/h3>\n<h4>Ziel<\/h4>\n<\/hgroup>\n<p><img loading=\"lazy\" decoding=\"async\" class=\"alignright\" data-aos=\"fade-left\" src=\"\/wp-content\/uploads\/2023\/01\/IMACOR20220223_3103_V2-1-scaled-e1673360159768-1000x685.jpg\" alt=\"\" width=\"527\" height=\"361\" \/><\/p>\n<p>Ihre Vision, unsere Verpflichtung<\/p>\n<p>Wir verwirklichen die Visionen unserer Kunden durch modernste Konstruktionsl\u00f6sungen. Unser Engagement f\u00fcr den Kunden stellt diesen in den Mittelpunkt und macht Mercury zu einem strategischen Partner.<\/p>\n<p>Wir ermutigen und unterst\u00fctzen unsere Mitarbeiter, ihre Vision von sich selbst zu verwirklichen. Wir stellen sie in den Mittelpunkt unseres Handelns und bieten ihnen herausfordernde Entwicklungsm\u00f6glichkeiten in einem gro\u00dfartigen Team und einem unterst\u00fctzenden Umfeld, in dem sie ihr volles Potenzial entfalten k\u00f6nnen.<\/p>\n<p>Wir engagieren uns weit \u00fcber das \u00fcbliche Ma\u00df hinaus und geben das ehrgeizige Versprechen, dass Mercury immer die gew\u00fcnschten Ergebnisse liefern wird. Durch dieses ernsthafte Engagement werden Kunden zu Partnern, Menschen zu Teams und es entstehen Beziehungen, die gedeihen.<\/p>\n","protected":false},"excerpt":{"rendered":"<p>Wer wir sind Ziel Ihre Vision, unsere Verpflichtung Wir verwirklichen die Visionen unserer Kunden durch modernste Konstruktionsl\u00f6sungen. Unser Engagement f\u00fcr den Kunden stellt diesen in den Mittelpunkt und macht Mercury zu einem strategischen Partner. Wir ermutigen und unterst\u00fctzen unsere Mitarbeiter, ihre Vision von sich selbst zu verwirklichen. Wir stellen sie in den Mittelpunkt unseres Handelns [&hellip;]<\/p>\n","protected":false},"author":1,"featured_media":0,"parent":12222,"menu_order":3,"comment_status":"closed","ping_status":"closed","template":"","meta":{"_acf_changed":false,"footnotes":""},"class_list":["post-12732","page","type-page","status-publish","hentry"],"acf":[],"yoast_head":"<!-- This site is optimized with the Yoast SEO plugin v27.2 - https:\/\/yoast.com\/product\/yoast-seo-wordpress\/ -->\n<title>Wer wir sind - Mercury Engineering<\/title>\n<meta name=\"robots\" content=\"index, follow, max-snippet:-1, max-image-preview:large, max-video-preview:-1\" \/>\n<link rel=\"canonical\" href=\"https:\/\/www.mercuryeng.com\/de\/uber\/wer-wir-sind\/\" \/>\n<meta property=\"og:locale\" content=\"de_DE\" \/>\n<meta property=\"og:type\" content=\"article\" \/>\n<meta property=\"og:title\" content=\"Wer wir sind - Mercury Engineering\" \/>\n<meta property=\"og:description\" content=\"Wer wir sind Ziel Ihre Vision, unsere Verpflichtung Wir verwirklichen die Visionen unserer Kunden durch modernste Konstruktionsl\u00f6sungen. Unser Engagement f\u00fcr den Kunden stellt diesen in den Mittelpunkt und macht Mercury zu einem strategischen Partner. Wir ermutigen und unterst\u00fctzen unsere Mitarbeiter, ihre Vision von sich selbst zu verwirklichen. Wir stellen sie in den Mittelpunkt unseres Handelns [&hellip;]\" \/>\n<meta property=\"og:url\" content=\"https:\/\/www.mercuryeng.com\/de\/uber\/wer-wir-sind\/\" \/>\n<meta property=\"og:site_name\" content=\"Mercury Engineering\" \/>\n<meta property=\"article:modified_time\" content=\"2023-01-16T09:30:24+00:00\" \/>\n<meta name=\"twitter:card\" content=\"summary_large_image\" \/>\n<meta name=\"twitter:label1\" content=\"Gesch\u00e4tzte Lesezeit\" \/>\n\t<meta name=\"twitter:data1\" content=\"1 Minute\" \/>\n<script type=\"application\/ld+json\" class=\"yoast-schema-graph\">{\"@context\":\"https:\/\/schema.org\",\"@graph\":[{\"@type\":\"WebPage\",\"@id\":\"https:\/\/www.mercuryeng.com\/de\/uber\/wer-wir-sind\/\",\"url\":\"https:\/\/www.mercuryeng.com\/de\/uber\/wer-wir-sind\/\",\"name\":\"Wer wir sind - Mercury Engineering\",\"isPartOf\":{\"@id\":\"https:\/\/www.mercuryeng.com\/de\/#website\"},\"datePublished\":\"2019-04-04T09:53:48+00:00\",\"dateModified\":\"2023-01-16T09:30:24+00:00\",\"breadcrumb\":{\"@id\":\"https:\/\/www.mercuryeng.com\/de\/uber\/wer-wir-sind\/#breadcrumb\"},\"inLanguage\":\"de-DE\",\"potentialAction\":[{\"@type\":\"ReadAction\",\"target\":[\"https:\/\/www.mercuryeng.com\/de\/uber\/wer-wir-sind\/\"]}]},{\"@type\":\"BreadcrumbList\",\"@id\":\"https:\/\/www.mercuryeng.com\/de\/uber\/wer-wir-sind\/#breadcrumb\",\"itemListElement\":[{\"@type\":\"ListItem\",\"position\":1,\"name\":\"Home\",\"item\":\"https:\/\/www.mercuryeng.com\/de\/\"},{\"@type\":\"ListItem\",\"position\":2,\"name\":\"\u00dcber\",\"item\":\"https:\/\/www.mercuryeng.com\/de\/uber\/\"},{\"@type\":\"ListItem\",\"position\":3,\"name\":\"Wer wir sind\"}]},{\"@type\":\"WebSite\",\"@id\":\"https:\/\/www.mercuryeng.com\/de\/#website\",\"url\":\"https:\/\/www.mercuryeng.com\/de\/\",\"name\":\"Mercury Engineering\",\"description\":\"Ihre Vision, unsere Verpflichtung.\",\"potentialAction\":[{\"@type\":\"SearchAction\",\"target\":{\"@type\":\"EntryPoint\",\"urlTemplate\":\"https:\/\/www.mercuryeng.com\/de\/?s={search_term_string}\"},\"query-input\":{\"@type\":\"PropertyValueSpecification\",\"valueRequired\":true,\"valueName\":\"search_term_string\"}}],\"inLanguage\":\"de-DE\"}]}<\/script>\n<!-- \/ Yoast SEO plugin. -->","yoast_head_json":{"title":"Wer wir sind - Mercury Engineering","robots":{"index":"index","follow":"follow","max-snippet":"max-snippet:-1","max-image-preview":"max-image-preview:large","max-video-preview":"max-video-preview:-1"},"canonical":"https:\/\/www.mercuryeng.com\/de\/uber\/wer-wir-sind\/","og_locale":"de_DE","og_type":"article","og_title":"Wer wir sind - Mercury Engineering","og_description":"Wer wir sind Ziel Ihre Vision, unsere Verpflichtung Wir verwirklichen die Visionen unserer Kunden durch modernste Konstruktionsl\u00f6sungen. Unser Engagement f\u00fcr den Kunden stellt diesen in den Mittelpunkt und macht Mercury zu einem strategischen Partner. Wir ermutigen und unterst\u00fctzen unsere Mitarbeiter, ihre Vision von sich selbst zu verwirklichen. Wir stellen sie in den Mittelpunkt unseres Handelns [&hellip;]","og_url":"https:\/\/www.mercuryeng.com\/de\/uber\/wer-wir-sind\/","og_site_name":"Mercury Engineering","article_modified_time":"2023-01-16T09:30:24+00:00","twitter_card":"summary_large_image","twitter_misc":{"Gesch\u00e4tzte Lesezeit":"1 Minute"},"schema":{"@context":"https:\/\/schema.org","@graph":[{"@type":"WebPage","@id":"https:\/\/www.mercuryeng.com\/de\/uber\/wer-wir-sind\/","url":"https:\/\/www.mercuryeng.com\/de\/uber\/wer-wir-sind\/","name":"Wer wir sind - Mercury Engineering","isPartOf":{"@id":"https:\/\/www.mercuryeng.com\/de\/#website"},"datePublished":"2019-04-04T09:53:48+00:00","dateModified":"2023-01-16T09:30:24+00:00","breadcrumb":{"@id":"https:\/\/www.mercuryeng.com\/de\/uber\/wer-wir-sind\/#breadcrumb"},"inLanguage":"de-DE","potentialAction":[{"@type":"ReadAction","target":["https:\/\/www.mercuryeng.com\/de\/uber\/wer-wir-sind\/"]}]},{"@type":"BreadcrumbList","@id":"https:\/\/www.mercuryeng.com\/de\/uber\/wer-wir-sind\/#breadcrumb","itemListElement":[{"@type":"ListItem","position":1,"name":"Home","item":"https:\/\/www.mercuryeng.com\/de\/"},{"@type":"ListItem","position":2,"name":"\u00dcber","item":"https:\/\/www.mercuryeng.com\/de\/uber\/"},{"@type":"ListItem","position":3,"name":"Wer wir sind"}]},{"@type":"WebSite","@id":"https:\/\/www.mercuryeng.com\/de\/#website","url":"https:\/\/www.mercuryeng.com\/de\/","name":"Mercury Engineering","description":"Ihre Vision, unsere Verpflichtung.","potentialAction":[{"@type":"SearchAction","target":{"@type":"EntryPoint","urlTemplate":"https:\/\/www.mercuryeng.com\/de\/?s={search_term_string}"},"query-input":{"@type":"PropertyValueSpecification","valueRequired":true,"valueName":"search_term_string"}}],"inLanguage":"de-DE"}]}},"_links":{"self":[{"href":"https:\/\/www.mercuryeng.com\/de\/wp-json\/wp\/v2\/pages\/12732","targetHints":{"allow":["GET"]}}],"collection":[{"href":"https:\/\/www.mercuryeng.com\/de\/wp-json\/wp\/v2\/pages"}],"about":[{"href":"https:\/\/www.mercuryeng.com\/de\/wp-json\/wp\/v2\/types\/page"}],"author":[{"embeddable":true,"href":"https:\/\/www.mercuryeng.com\/de\/wp-json\/wp\/v2\/users\/1"}],"replies":[{"embeddable":true,"href":"https:\/\/www.mercuryeng.com\/de\/wp-json\/wp\/v2\/comments?post=12732"}],"version-history":[{"count":2,"href":"https:\/\/www.mercuryeng.com\/de\/wp-json\/wp\/v2\/pages\/12732\/revisions"}],"predecessor-version":[{"id":13070,"href":"https:\/\/www.mercuryeng.com\/de\/wp-json\/wp\/v2\/pages\/12732\/revisions\/13070"}],"up":[{"embeddable":true,"href":"https:\/\/www.mercuryeng.com\/de\/wp-json\/wp\/v2\/pages\/12222"}],"wp:attachment":[{"href":"https:\/\/www.mercuryeng.com\/de\/wp-json\/wp\/v2\/media?parent=12732"}],"curies":[{"name":"wp","href":"https:\/\/api.w.org\/{rel}","templated":true}]}}