{"id":12676,"date":"2021-02-10T09:28:01","date_gmt":"2021-02-10T09:28:01","guid":{"rendered":"https:\/\/www.mercuryeng.com\/?page_id=12676"},"modified":"2023-01-12T14:54:13","modified_gmt":"2023-01-12T14:54:13","slug":"bim-deutsch","status":"publish","type":"page","link":"https:\/\/www.mercuryeng.com\/de\/uber\/innovation\/bim-deutsch\/","title":{"rendered":"BIM"},"content":{"rendered":"<h3>GEB\u00c4UDEINFORMATIONSMODELLIERUNG (BIM)<\/h3>\n<p>In den letzten f\u00fcnf Jahren hat Mercury seine BIM-Kapazit\u00e4ten, -Einrichtungen und -Ausr\u00fcstungen standardisiert und in deren Verbesserung investiert, einschlie\u00dflich der Einrichtung des Digital Core in Maynooth, Co. Kildare. Der Digital Core ist ein zentraler Bestandteil der BIM-Abteilung und befindet sich in der N\u00e4he einer Reihe gro\u00dfer multinationaler Kunden und in unmittelbarer N\u00e4he zu Irlands wichtigsten Verkehrsknotenpunkten.<\/p>\n<p>Mit Projekten in 16 L\u00e4ndern und vielen Teammitgliedern, die von \u00fcberall auf der Welt aus arbeiten, bietet Mercury standardisierte Software- und Hardwarel\u00f6sungen an, um die Anforderungen seiner Teams und Kunden zu erf\u00fcllen. Teams, die sich im \u201eDigital Core\u201c befinden, k\u00f6nnen das eigens eingerichtete Virtual Reality (VR)-Labor vor Ort nutzen, ebenso wie eine Reihe von Teams, die \u00fcber eigene VR-R\u00e4ume vor Ort verf\u00fcgen. Mercury stellt bewusst sicher, dass wir \u00fcber die besten verf\u00fcgbaren Tools verf\u00fcgen, um schnelle Durchlaufzeiten bei h\u00f6chstm\u00f6glicher Qualit\u00e4t zu erm\u00f6glichen.<\/p>\n<p><iframe loading=\"lazy\" src=\"https:\/\/cdn.flipsnack.com\/widget\/v2\/widget.html?hash=132vaaapma\" width=\"100%\" height=\"480\" frameborder=\"0\" scrolling=\"no\" seamless=\"seamless\" allowfullscreen=\"allowfullscreen\"><\/iframe><\/p>\n<p><strong>Bitte beachten Sie: Die besten Ergebnisse erzielen Sie, wenn Sie die obige Brosch\u00fcre in der 2-Seiten-Ansicht auf einem Laptop oder PC lesen oder Ihr Mobilger\u00e4t bzw. Tablet in das Querformat drehen.<\/strong><\/p>\n<p><a class=\"btn\" href=\"\/wp-content\/uploads\/2021\/06\/BIM-Brochure_Web-Version-1.1.pdf\" target=\"_blank\" rel=\"noopener noreferrer\">Laden Sie unsere Brosch\u00fcre als PDF-Datei herunter \u00bb<\/a><\/p>\n<p>&nbsp;<\/p>\n","protected":false},"excerpt":{"rendered":"<p>GEB\u00c4UDEINFORMATIONSMODELLIERUNG (BIM) In den letzten f\u00fcnf Jahren hat Mercury seine BIM-Kapazit\u00e4ten, -Einrichtungen und -Ausr\u00fcstungen standardisiert und in deren Verbesserung investiert, einschlie\u00dflich der Einrichtung des Digital Core in Maynooth, Co. Kildare. Der Digital Core ist ein zentraler Bestandteil der BIM-Abteilung und befindet sich in der N\u00e4he einer Reihe gro\u00dfer multinationaler Kunden und in unmittelbarer N\u00e4he zu [&hellip;]<\/p>\n","protected":false},"author":2,"featured_media":0,"parent":12328,"menu_order":0,"comment_status":"closed","ping_status":"closed","template":"","meta":{"_acf_changed":false,"footnotes":""},"class_list":["post-12676","page","type-page","status-publish","hentry"],"acf":[],"yoast_head":"<!-- This site is optimized with the Yoast SEO plugin v27.2 - https:\/\/yoast.com\/product\/yoast-seo-wordpress\/ -->\n<title>BIM - Mercury Engineering<\/title>\n<meta name=\"robots\" content=\"index, follow, max-snippet:-1, max-image-preview:large, max-video-preview:-1\" \/>\n<link rel=\"canonical\" href=\"https:\/\/www.mercuryeng.com\/de\/uber\/innovation\/bim-deutsch\/\" \/>\n<meta property=\"og:locale\" content=\"de_DE\" \/>\n<meta property=\"og:type\" content=\"article\" \/>\n<meta property=\"og:title\" content=\"BIM - Mercury Engineering\" \/>\n<meta property=\"og:description\" content=\"GEB\u00c4UDEINFORMATIONSMODELLIERUNG (BIM) In den letzten f\u00fcnf Jahren hat Mercury seine BIM-Kapazit\u00e4ten, -Einrichtungen und -Ausr\u00fcstungen standardisiert und in deren Verbesserung investiert, einschlie\u00dflich der Einrichtung des Digital Core in Maynooth, Co. Kildare. Der Digital Core ist ein zentraler Bestandteil der BIM-Abteilung und befindet sich in der N\u00e4he einer Reihe gro\u00dfer multinationaler Kunden und in unmittelbarer N\u00e4he zu [&hellip;]\" \/>\n<meta property=\"og:url\" content=\"https:\/\/www.mercuryeng.com\/de\/uber\/innovation\/bim-deutsch\/\" \/>\n<meta property=\"og:site_name\" content=\"Mercury Engineering\" \/>\n<meta property=\"article:modified_time\" content=\"2023-01-12T14:54:13+00:00\" \/>\n<meta name=\"twitter:card\" content=\"summary_large_image\" \/>\n<meta name=\"twitter:label1\" content=\"Gesch\u00e4tzte Lesezeit\" \/>\n\t<meta name=\"twitter:data1\" content=\"1 Minute\" \/>\n<script type=\"application\/ld+json\" class=\"yoast-schema-graph\">{\"@context\":\"https:\/\/schema.org\",\"@graph\":[{\"@type\":\"WebPage\",\"@id\":\"https:\/\/www.mercuryeng.com\/de\/uber\/innovation\/bim-deutsch\/\",\"url\":\"https:\/\/www.mercuryeng.com\/de\/uber\/innovation\/bim-deutsch\/\",\"name\":\"BIM - Mercury Engineering\",\"isPartOf\":{\"@id\":\"https:\/\/www.mercuryeng.com\/de\/#website\"},\"datePublished\":\"2021-02-10T09:28:01+00:00\",\"dateModified\":\"2023-01-12T14:54:13+00:00\",\"breadcrumb\":{\"@id\":\"https:\/\/www.mercuryeng.com\/de\/uber\/innovation\/bim-deutsch\/#breadcrumb\"},\"inLanguage\":\"de-DE\",\"potentialAction\":[{\"@type\":\"ReadAction\",\"target\":[\"https:\/\/www.mercuryeng.com\/de\/uber\/innovation\/bim-deutsch\/\"]}]},{\"@type\":\"BreadcrumbList\",\"@id\":\"https:\/\/www.mercuryeng.com\/de\/uber\/innovation\/bim-deutsch\/#breadcrumb\",\"itemListElement\":[{\"@type\":\"ListItem\",\"position\":1,\"name\":\"Home\",\"item\":\"https:\/\/www.mercuryeng.com\/de\/\"},{\"@type\":\"ListItem\",\"position\":2,\"name\":\"\u00dcber\",\"item\":\"https:\/\/www.mercuryeng.com\/de\/uber\/\"},{\"@type\":\"ListItem\",\"position\":3,\"name\":\"Design, Qualit\u00e4t und Innovation\",\"item\":\"https:\/\/www.mercuryeng.com\/de\/uber\/innovation\/\"},{\"@type\":\"ListItem\",\"position\":4,\"name\":\"BIM\"}]},{\"@type\":\"WebSite\",\"@id\":\"https:\/\/www.mercuryeng.com\/de\/#website\",\"url\":\"https:\/\/www.mercuryeng.com\/de\/\",\"name\":\"Mercury Engineering\",\"description\":\"Ihre Vision, unsere Verpflichtung.\",\"potentialAction\":[{\"@type\":\"SearchAction\",\"target\":{\"@type\":\"EntryPoint\",\"urlTemplate\":\"https:\/\/www.mercuryeng.com\/de\/?s={search_term_string}\"},\"query-input\":{\"@type\":\"PropertyValueSpecification\",\"valueRequired\":true,\"valueName\":\"search_term_string\"}}],\"inLanguage\":\"de-DE\"}]}<\/script>\n<!-- \/ Yoast SEO plugin. -->","yoast_head_json":{"title":"BIM - Mercury Engineering","robots":{"index":"index","follow":"follow","max-snippet":"max-snippet:-1","max-image-preview":"max-image-preview:large","max-video-preview":"max-video-preview:-1"},"canonical":"https:\/\/www.mercuryeng.com\/de\/uber\/innovation\/bim-deutsch\/","og_locale":"de_DE","og_type":"article","og_title":"BIM - Mercury Engineering","og_description":"GEB\u00c4UDEINFORMATIONSMODELLIERUNG (BIM) In den letzten f\u00fcnf Jahren hat Mercury seine BIM-Kapazit\u00e4ten, -Einrichtungen und -Ausr\u00fcstungen standardisiert und in deren Verbesserung investiert, einschlie\u00dflich der Einrichtung des Digital Core in Maynooth, Co. Kildare. Der Digital Core ist ein zentraler Bestandteil der BIM-Abteilung und befindet sich in der N\u00e4he einer Reihe gro\u00dfer multinationaler Kunden und in unmittelbarer N\u00e4he zu [&hellip;]","og_url":"https:\/\/www.mercuryeng.com\/de\/uber\/innovation\/bim-deutsch\/","og_site_name":"Mercury Engineering","article_modified_time":"2023-01-12T14:54:13+00:00","twitter_card":"summary_large_image","twitter_misc":{"Gesch\u00e4tzte Lesezeit":"1 Minute"},"schema":{"@context":"https:\/\/schema.org","@graph":[{"@type":"WebPage","@id":"https:\/\/www.mercuryeng.com\/de\/uber\/innovation\/bim-deutsch\/","url":"https:\/\/www.mercuryeng.com\/de\/uber\/innovation\/bim-deutsch\/","name":"BIM - Mercury Engineering","isPartOf":{"@id":"https:\/\/www.mercuryeng.com\/de\/#website"},"datePublished":"2021-02-10T09:28:01+00:00","dateModified":"2023-01-12T14:54:13+00:00","breadcrumb":{"@id":"https:\/\/www.mercuryeng.com\/de\/uber\/innovation\/bim-deutsch\/#breadcrumb"},"inLanguage":"de-DE","potentialAction":[{"@type":"ReadAction","target":["https:\/\/www.mercuryeng.com\/de\/uber\/innovation\/bim-deutsch\/"]}]},{"@type":"BreadcrumbList","@id":"https:\/\/www.mercuryeng.com\/de\/uber\/innovation\/bim-deutsch\/#breadcrumb","itemListElement":[{"@type":"ListItem","position":1,"name":"Home","item":"https:\/\/www.mercuryeng.com\/de\/"},{"@type":"ListItem","position":2,"name":"\u00dcber","item":"https:\/\/www.mercuryeng.com\/de\/uber\/"},{"@type":"ListItem","position":3,"name":"Design, Qualit\u00e4t und Innovation","item":"https:\/\/www.mercuryeng.com\/de\/uber\/innovation\/"},{"@type":"ListItem","position":4,"name":"BIM"}]},{"@type":"WebSite","@id":"https:\/\/www.mercuryeng.com\/de\/#website","url":"https:\/\/www.mercuryeng.com\/de\/","name":"Mercury Engineering","description":"Ihre Vision, unsere Verpflichtung.","potentialAction":[{"@type":"SearchAction","target":{"@type":"EntryPoint","urlTemplate":"https:\/\/www.mercuryeng.com\/de\/?s={search_term_string}"},"query-input":{"@type":"PropertyValueSpecification","valueRequired":true,"valueName":"search_term_string"}}],"inLanguage":"de-DE"}]}},"_links":{"self":[{"href":"https:\/\/www.mercuryeng.com\/de\/wp-json\/wp\/v2\/pages\/12676","targetHints":{"allow":["GET"]}}],"collection":[{"href":"https:\/\/www.mercuryeng.com\/de\/wp-json\/wp\/v2\/pages"}],"about":[{"href":"https:\/\/www.mercuryeng.com\/de\/wp-json\/wp\/v2\/types\/page"}],"author":[{"embeddable":true,"href":"https:\/\/www.mercuryeng.com\/de\/wp-json\/wp\/v2\/users\/2"}],"replies":[{"embeddable":true,"href":"https:\/\/www.mercuryeng.com\/de\/wp-json\/wp\/v2\/comments?post=12676"}],"version-history":[{"count":1,"href":"https:\/\/www.mercuryeng.com\/de\/wp-json\/wp\/v2\/pages\/12676\/revisions"}],"predecessor-version":[{"id":12678,"href":"https:\/\/www.mercuryeng.com\/de\/wp-json\/wp\/v2\/pages\/12676\/revisions\/12678"}],"up":[{"embeddable":true,"href":"https:\/\/www.mercuryeng.com\/de\/wp-json\/wp\/v2\/pages\/12328"}],"wp:attachment":[{"href":"https:\/\/www.mercuryeng.com\/de\/wp-json\/wp\/v2\/media?parent=12676"}],"curies":[{"name":"wp","href":"https:\/\/api.w.org\/{rel}","templated":true}]}}