{"id":12653,"date":"2019-06-06T09:01:48","date_gmt":"2019-06-06T09:01:48","guid":{"rendered":"https:\/\/www.mercuryeng.com\/dienstleistungen\/fire-protection\/"},"modified":"2023-02-13T09:50:13","modified_gmt":"2023-02-13T09:50:13","slug":"brandschutz","status":"publish","type":"page","link":"https:\/\/www.mercuryeng.com\/de\/dienstleistungen\/brandschutz\/","title":{"rendered":"Brandschutz"},"content":{"rendered":"<p><img loading=\"lazy\" decoding=\"async\" class=\"alignright wp-image-13002\" src=\"\/wp-content\/uploads\/2023\/01\/Fire-Safety-101-1536x1024-1-1000x667.jpg\" alt=\"Mercury Fire Protection Services\" width=\"500\" height=\"333\" srcset=\"https:\/\/www.mercuryeng.com\/wp-content\/uploads\/2023\/01\/Fire-Safety-101-1536x1024-1-1000x667.jpg 1000w, https:\/\/www.mercuryeng.com\/wp-content\/uploads\/2023\/01\/Fire-Safety-101-1536x1024-1-350x233.jpg 350w, https:\/\/www.mercuryeng.com\/wp-content\/uploads\/2023\/01\/Fire-Safety-101-1536x1024-1-700x467.jpg 700w, https:\/\/www.mercuryeng.com\/wp-content\/uploads\/2023\/01\/Fire-Safety-101-1536x1024-1.jpg 1400w\" sizes=\"auto, (max-width: 500px) 100vw, 500px\" \/><strong>Brandschutzdienstleistungen<\/strong><\/p>\n<p>Mercury ist weltweit f\u00fchrend auf dem Gebiet spezialisierter Brandschutzleistungen. Dank unserer mehr als 40-j\u00e4hrigen Erfahrung haben unsere Kunden die Gewissheit, dass wir alle ihre Anforderungen in Bezug auf Sicherheit und Gesundheitsschutz sowie gesetzliche, beh\u00f6rdliche und versicherungstechnische Auflagen erf\u00fcllen k\u00f6nnen. Als eines von nur wenigen Unternehmen, die f\u00fcr die Installation von wasserbasierten Sprinkler-, Gasunterdr\u00fcckungs- und Brandmeldesystemen zertifiziert sind, bieten wir unseren Kunden einzigartige L\u00f6sungen zur Erf\u00fcllung ihrer jeweiligen Compliance-Anforderungen. Wir sind in der Lage, komplexe schl\u00fcsselfertige Projekte zu realisieren \u2013 von der Planung und dem Entwurf bis hin zur endg\u00fcltigen \u00dcbergabe. Sicherheit und Qualit\u00e4t f\u00fcr unsere Kunden und ihre Partner stehen dabei stets im Vordergrund.<\/p>\n<p><strong>Planungsf\u00e4higkeit<\/strong><\/p>\n<p>Aufgrund der hohen Spezialisierung und Vielfalt von Brandschutzsystemen kombiniert das Brandschutzteam von Mercury seine eigenen geschulten und erfahrenen Brandschutzingenieure mit der neuesten firmeneigenen Technologie und Computersoftware, um vollst\u00e4ndig integrierte und koordinierte 3D-Konstruktionen unter Verwendung der modernsten Modellierungs- und BIM-Techniken zu entwickeln, die auf international anerkannten Standards basieren. Wir k\u00f6nnen unsere Entw\u00fcrfe nach vielen verschiedenen Normen und Standards entwickeln, darunter LPC, EN12845, FM Global, NFPA, VdS, ANPI, CNBOP, GOST und CEA 4001. Dank unserer Sprinklerzertifizierung LPS 1048 Level 4 k\u00f6nnen wir alle unsere Entw\u00fcrfe und Installationen ohne Beteiligung von Dritten selbst zertifizieren.<\/p>\n","protected":false},"excerpt":{"rendered":"<p>Brandschutzdienstleistungen Mercury ist weltweit f\u00fchrend auf dem Gebiet spezialisierter Brandschutzleistungen. Dank unserer mehr als 40-j\u00e4hrigen Erfahrung haben unsere Kunden die Gewissheit, dass wir alle ihre Anforderungen in Bezug auf Sicherheit und Gesundheitsschutz sowie gesetzliche, beh\u00f6rdliche und versicherungstechnische Auflagen erf\u00fcllen k\u00f6nnen. Als eines von nur wenigen Unternehmen, die f\u00fcr die Installation von wasserbasierten Sprinkler-, Gasunterdr\u00fcckungs- und [&hellip;]<\/p>\n","protected":false},"author":1,"featured_media":0,"parent":12624,"menu_order":6,"comment_status":"closed","ping_status":"closed","template":"","meta":{"_acf_changed":false,"footnotes":""},"class_list":["post-12653","page","type-page","status-publish","hentry"],"acf":[],"yoast_head":"<!-- This site is optimized with the Yoast SEO plugin v27.4 - https:\/\/yoast.com\/product\/yoast-seo-wordpress\/ -->\n<title>Brandschutzleistungen von Mercury<\/title>\n<meta name=\"description\" content=\"Mercury \u2013 weltweit f\u00fchrender Anbieter von spezialisierten Brandschutzleistungen mit \u00fcber 40 Jahren Erfahrung\" \/>\n<meta name=\"robots\" content=\"index, follow, max-snippet:-1, max-image-preview:large, max-video-preview:-1\" \/>\n<link rel=\"canonical\" href=\"https:\/\/www.mercuryeng.com\/de\/dienstleistungen\/brandschutz\/\" \/>\n<meta property=\"og:locale\" content=\"de_DE\" \/>\n<meta property=\"og:type\" content=\"article\" \/>\n<meta property=\"og:title\" content=\"Brandschutzleistungen von Mercury\" \/>\n<meta property=\"og:description\" content=\"Mercury \u2013 weltweit f\u00fchrender Anbieter von spezialisierten Brandschutzleistungen mit \u00fcber 40 Jahren Erfahrung\" \/>\n<meta property=\"og:url\" content=\"https:\/\/www.mercuryeng.com\/de\/dienstleistungen\/brandschutz\/\" \/>\n<meta property=\"og:site_name\" content=\"Mercury Engineering\" \/>\n<meta property=\"article:modified_time\" content=\"2023-02-13T09:50:13+00:00\" \/>\n<meta name=\"twitter:card\" content=\"summary_large_image\" \/>\n<meta name=\"twitter:label1\" content=\"Gesch\u00e4tzte Lesezeit\" \/>\n\t<meta name=\"twitter:data1\" content=\"2 Minuten\" \/>\n<script type=\"application\/ld+json\" class=\"yoast-schema-graph\">{\"@context\":\"https:\\\/\\\/schema.org\",\"@graph\":[{\"@type\":\"WebPage\",\"@id\":\"https:\\\/\\\/www.mercuryeng.com\\\/de\\\/dienstleistungen\\\/brandschutz\\\/\",\"url\":\"https:\\\/\\\/www.mercuryeng.com\\\/de\\\/dienstleistungen\\\/brandschutz\\\/\",\"name\":\"Brandschutzleistungen von Mercury\",\"isPartOf\":{\"@id\":\"https:\\\/\\\/www.mercuryeng.com\\\/de\\\/#website\"},\"datePublished\":\"2019-06-06T09:01:48+00:00\",\"dateModified\":\"2023-02-13T09:50:13+00:00\",\"description\":\"Mercury \u2013 weltweit f\u00fchrender Anbieter von spezialisierten Brandschutzleistungen mit \u00fcber 40 Jahren Erfahrung\",\"breadcrumb\":{\"@id\":\"https:\\\/\\\/www.mercuryeng.com\\\/de\\\/dienstleistungen\\\/brandschutz\\\/#breadcrumb\"},\"inLanguage\":\"de-DE\",\"potentialAction\":[{\"@type\":\"ReadAction\",\"target\":[\"https:\\\/\\\/www.mercuryeng.com\\\/de\\\/dienstleistungen\\\/brandschutz\\\/\"]}]},{\"@type\":\"BreadcrumbList\",\"@id\":\"https:\\\/\\\/www.mercuryeng.com\\\/de\\\/dienstleistungen\\\/brandschutz\\\/#breadcrumb\",\"itemListElement\":[{\"@type\":\"ListItem\",\"position\":1,\"name\":\"Home\",\"item\":\"https:\\\/\\\/www.mercuryeng.com\\\/de\\\/\"},{\"@type\":\"ListItem\",\"position\":2,\"name\":\"Dienstleistungen\",\"item\":\"https:\\\/\\\/www.mercuryeng.com\\\/de\\\/dienstleistungen\\\/\"},{\"@type\":\"ListItem\",\"position\":3,\"name\":\"Brandschutz\"}]},{\"@type\":\"WebSite\",\"@id\":\"https:\\\/\\\/www.mercuryeng.com\\\/de\\\/#website\",\"url\":\"https:\\\/\\\/www.mercuryeng.com\\\/de\\\/\",\"name\":\"Mercury Engineering\",\"description\":\"Ihre Vision, unsere Verpflichtung.\",\"potentialAction\":[{\"@type\":\"SearchAction\",\"target\":{\"@type\":\"EntryPoint\",\"urlTemplate\":\"https:\\\/\\\/www.mercuryeng.com\\\/de\\\/?s={search_term_string}\"},\"query-input\":{\"@type\":\"PropertyValueSpecification\",\"valueRequired\":true,\"valueName\":\"search_term_string\"}}],\"inLanguage\":\"de-DE\"}]}<\/script>\n<!-- \/ Yoast SEO plugin. -->","yoast_head_json":{"title":"Brandschutzleistungen von Mercury","description":"Mercury \u2013 weltweit f\u00fchrender Anbieter von spezialisierten Brandschutzleistungen mit \u00fcber 40 Jahren Erfahrung","robots":{"index":"index","follow":"follow","max-snippet":"max-snippet:-1","max-image-preview":"max-image-preview:large","max-video-preview":"max-video-preview:-1"},"canonical":"https:\/\/www.mercuryeng.com\/de\/dienstleistungen\/brandschutz\/","og_locale":"de_DE","og_type":"article","og_title":"Brandschutzleistungen von Mercury","og_description":"Mercury \u2013 weltweit f\u00fchrender Anbieter von spezialisierten Brandschutzleistungen mit \u00fcber 40 Jahren Erfahrung","og_url":"https:\/\/www.mercuryeng.com\/de\/dienstleistungen\/brandschutz\/","og_site_name":"Mercury Engineering","article_modified_time":"2023-02-13T09:50:13+00:00","twitter_card":"summary_large_image","twitter_misc":{"Gesch\u00e4tzte Lesezeit":"2 Minuten"},"schema":{"@context":"https:\/\/schema.org","@graph":[{"@type":"WebPage","@id":"https:\/\/www.mercuryeng.com\/de\/dienstleistungen\/brandschutz\/","url":"https:\/\/www.mercuryeng.com\/de\/dienstleistungen\/brandschutz\/","name":"Brandschutzleistungen von Mercury","isPartOf":{"@id":"https:\/\/www.mercuryeng.com\/de\/#website"},"datePublished":"2019-06-06T09:01:48+00:00","dateModified":"2023-02-13T09:50:13+00:00","description":"Mercury \u2013 weltweit f\u00fchrender Anbieter von spezialisierten Brandschutzleistungen mit \u00fcber 40 Jahren Erfahrung","breadcrumb":{"@id":"https:\/\/www.mercuryeng.com\/de\/dienstleistungen\/brandschutz\/#breadcrumb"},"inLanguage":"de-DE","potentialAction":[{"@type":"ReadAction","target":["https:\/\/www.mercuryeng.com\/de\/dienstleistungen\/brandschutz\/"]}]},{"@type":"BreadcrumbList","@id":"https:\/\/www.mercuryeng.com\/de\/dienstleistungen\/brandschutz\/#breadcrumb","itemListElement":[{"@type":"ListItem","position":1,"name":"Home","item":"https:\/\/www.mercuryeng.com\/de\/"},{"@type":"ListItem","position":2,"name":"Dienstleistungen","item":"https:\/\/www.mercuryeng.com\/de\/dienstleistungen\/"},{"@type":"ListItem","position":3,"name":"Brandschutz"}]},{"@type":"WebSite","@id":"https:\/\/www.mercuryeng.com\/de\/#website","url":"https:\/\/www.mercuryeng.com\/de\/","name":"Mercury Engineering","description":"Ihre Vision, unsere Verpflichtung.","potentialAction":[{"@type":"SearchAction","target":{"@type":"EntryPoint","urlTemplate":"https:\/\/www.mercuryeng.com\/de\/?s={search_term_string}"},"query-input":{"@type":"PropertyValueSpecification","valueRequired":true,"valueName":"search_term_string"}}],"inLanguage":"de-DE"}]}},"_links":{"self":[{"href":"https:\/\/www.mercuryeng.com\/de\/wp-json\/wp\/v2\/pages\/12653","targetHints":{"allow":["GET"]}}],"collection":[{"href":"https:\/\/www.mercuryeng.com\/de\/wp-json\/wp\/v2\/pages"}],"about":[{"href":"https:\/\/www.mercuryeng.com\/de\/wp-json\/wp\/v2\/types\/page"}],"author":[{"embeddable":true,"href":"https:\/\/www.mercuryeng.com\/de\/wp-json\/wp\/v2\/users\/1"}],"replies":[{"embeddable":true,"href":"https:\/\/www.mercuryeng.com\/de\/wp-json\/wp\/v2\/comments?post=12653"}],"version-history":[{"count":2,"href":"https:\/\/www.mercuryeng.com\/de\/wp-json\/wp\/v2\/pages\/12653\/revisions"}],"predecessor-version":[{"id":13543,"href":"https:\/\/www.mercuryeng.com\/de\/wp-json\/wp\/v2\/pages\/12653\/revisions\/13543"}],"up":[{"embeddable":true,"href":"https:\/\/www.mercuryeng.com\/de\/wp-json\/wp\/v2\/pages\/12624"}],"wp:attachment":[{"href":"https:\/\/www.mercuryeng.com\/de\/wp-json\/wp\/v2\/media?parent=12653"}],"curies":[{"name":"wp","href":"https:\/\/api.w.org\/{rel}","templated":true}]}}