{"id":12649,"date":"2019-05-29T10:54:32","date_gmt":"2019-05-29T10:54:32","guid":{"rendered":"https:\/\/www.mercuryeng.com\/dienstleistungen\/ict-services\/"},"modified":"2023-02-13T09:49:13","modified_gmt":"2023-02-13T09:49:13","slug":"ict-dienste","status":"publish","type":"page","link":"https:\/\/www.mercuryeng.com\/de\/dienstleistungen\/ict-dienste\/","title":{"rendered":"ICT-Dienste"},"content":{"rendered":"<p><img loading=\"lazy\" decoding=\"async\" class=\"alignright wp-image-13274\" src=\"\/wp-content\/uploads\/2023\/02\/MicrosoftTeams-image-800x1000.jpg\" alt=\"Mercury ICT Services\" width=\"500\" height=\"625\" srcset=\"https:\/\/www.mercuryeng.com\/wp-content\/uploads\/2023\/02\/MicrosoftTeams-image-800x1000.jpg 800w, https:\/\/www.mercuryeng.com\/wp-content\/uploads\/2023\/02\/MicrosoftTeams-image-280x350.jpg 280w, https:\/\/www.mercuryeng.com\/wp-content\/uploads\/2023\/02\/MicrosoftTeams-image-560x700.jpg 560w, https:\/\/www.mercuryeng.com\/wp-content\/uploads\/2023\/02\/MicrosoftTeams-image-1229x1536.jpg 1229w, https:\/\/www.mercuryeng.com\/wp-content\/uploads\/2023\/02\/MicrosoftTeams-image-1638x2048.jpg 1638w, https:\/\/www.mercuryeng.com\/wp-content\/uploads\/2023\/02\/MicrosoftTeams-image-scaled.jpg 1120w\" sizes=\"auto, (max-width: 500px) 100vw, 500px\" \/><strong>ICT-Dienste<\/strong><\/p>\n<p>Wir erbringen hochspezialisierte Dienstleistungen in den Bereichen Mechanik, Elektrik und Informations- und Kommunikationstechnologie (IKT) f\u00fcr Kunden in Irland und Europa. Unsere Experten f\u00fcr technische Unterst\u00fctzungsdienste (TSS) verf\u00fcgen \u00fcber das n\u00f6tige Fachwissen, um die Vorstellungen unserer Kunden umzusetzen. Wir setzen es jedes Mal um, ganz gleich, welche Hindernisse auftreten.<\/p>\n<p>TSS vereint die ehemaligen Abteilungen von Mercury Technologies und Mercury Fire Alarm, beh\u00e4lt jedoch die wichtigsten Mitarbeiter und branchenf\u00fchrenden Marken bei, die in den letzten zwanzig Jahren Gro\u00dfprojekte durchgef\u00fchrt haben. Das TSS-Team ist sehr erfahren und verf\u00fcgt \u00fcber ausgezeichnete Kenntnisse im Bereich von Fast-Track-Projekten. Unser kundenorientierter Ansatz hat uns langfristigen Erfolg und zahlreiche Folgeauftr\u00e4ge beschert.<\/p>\n","protected":false},"excerpt":{"rendered":"<p>ICT-Dienste Wir erbringen hochspezialisierte Dienstleistungen in den Bereichen Mechanik, Elektrik und Informations- und Kommunikationstechnologie (IKT) f\u00fcr Kunden in Irland und Europa. Unsere Experten f\u00fcr technische Unterst\u00fctzungsdienste (TSS) verf\u00fcgen \u00fcber das n\u00f6tige Fachwissen, um die Vorstellungen unserer Kunden umzusetzen. Wir setzen es jedes Mal um, ganz gleich, welche Hindernisse auftreten. TSS vereint die ehemaligen Abteilungen von [&hellip;]<\/p>\n","protected":false},"author":1,"featured_media":0,"parent":12624,"menu_order":7,"comment_status":"closed","ping_status":"closed","template":"","meta":{"_acf_changed":false,"footnotes":""},"class_list":["post-12649","page","type-page","status-publish","hentry"],"acf":[],"yoast_head":"<!-- This site is optimized with the Yoast SEO plugin v27.4 - https:\/\/yoast.com\/product\/yoast-seo-wordpress\/ -->\n<title>Die Experten von Mercury erbringen IKT-Dienstleistungen in Irland, dem Vereinigten K\u00f6nigreich und Europa<\/title>\n<meta name=\"description\" content=\"Mercury bietet europaweit hochspezialisierte Dienstleistungen in den Bereichen Mechanik, Elektrik und Informations- und Kommunikationstechnologie (IKT) an.\" \/>\n<meta name=\"robots\" content=\"index, follow, max-snippet:-1, max-image-preview:large, max-video-preview:-1\" \/>\n<link rel=\"canonical\" href=\"https:\/\/www.mercuryeng.com\/de\/dienstleistungen\/ict-dienste\/\" \/>\n<meta property=\"og:locale\" content=\"de_DE\" \/>\n<meta property=\"og:type\" content=\"article\" \/>\n<meta property=\"og:title\" content=\"Die Experten von Mercury erbringen IKT-Dienstleistungen in Irland, dem Vereinigten K\u00f6nigreich und Europa\" \/>\n<meta property=\"og:description\" content=\"Mercury bietet europaweit hochspezialisierte Dienstleistungen in den Bereichen Mechanik, Elektrik und Informations- und Kommunikationstechnologie (IKT) an.\" \/>\n<meta property=\"og:url\" content=\"https:\/\/www.mercuryeng.com\/de\/dienstleistungen\/ict-dienste\/\" \/>\n<meta property=\"og:site_name\" content=\"Mercury Engineering\" \/>\n<meta property=\"article:modified_time\" content=\"2023-02-13T09:49:13+00:00\" \/>\n<meta name=\"twitter:card\" content=\"summary_large_image\" \/>\n<meta name=\"twitter:label1\" content=\"Gesch\u00e4tzte Lesezeit\" \/>\n\t<meta name=\"twitter:data1\" content=\"1 Minute\" \/>\n<script type=\"application\/ld+json\" class=\"yoast-schema-graph\">{\"@context\":\"https:\\\/\\\/schema.org\",\"@graph\":[{\"@type\":\"WebPage\",\"@id\":\"https:\\\/\\\/www.mercuryeng.com\\\/de\\\/dienstleistungen\\\/ict-dienste\\\/\",\"url\":\"https:\\\/\\\/www.mercuryeng.com\\\/de\\\/dienstleistungen\\\/ict-dienste\\\/\",\"name\":\"Die Experten von Mercury erbringen IKT-Dienstleistungen in Irland, dem Vereinigten K\u00f6nigreich und Europa\",\"isPartOf\":{\"@id\":\"https:\\\/\\\/www.mercuryeng.com\\\/de\\\/#website\"},\"datePublished\":\"2019-05-29T10:54:32+00:00\",\"dateModified\":\"2023-02-13T09:49:13+00:00\",\"description\":\"Mercury bietet europaweit hochspezialisierte Dienstleistungen in den Bereichen Mechanik, Elektrik und Informations- und Kommunikationstechnologie (IKT) an.\",\"breadcrumb\":{\"@id\":\"https:\\\/\\\/www.mercuryeng.com\\\/de\\\/dienstleistungen\\\/ict-dienste\\\/#breadcrumb\"},\"inLanguage\":\"de-DE\",\"potentialAction\":[{\"@type\":\"ReadAction\",\"target\":[\"https:\\\/\\\/www.mercuryeng.com\\\/de\\\/dienstleistungen\\\/ict-dienste\\\/\"]}]},{\"@type\":\"BreadcrumbList\",\"@id\":\"https:\\\/\\\/www.mercuryeng.com\\\/de\\\/dienstleistungen\\\/ict-dienste\\\/#breadcrumb\",\"itemListElement\":[{\"@type\":\"ListItem\",\"position\":1,\"name\":\"Home\",\"item\":\"https:\\\/\\\/www.mercuryeng.com\\\/de\\\/\"},{\"@type\":\"ListItem\",\"position\":2,\"name\":\"Dienstleistungen\",\"item\":\"https:\\\/\\\/www.mercuryeng.com\\\/de\\\/dienstleistungen\\\/\"},{\"@type\":\"ListItem\",\"position\":3,\"name\":\"ICT-Dienste\"}]},{\"@type\":\"WebSite\",\"@id\":\"https:\\\/\\\/www.mercuryeng.com\\\/de\\\/#website\",\"url\":\"https:\\\/\\\/www.mercuryeng.com\\\/de\\\/\",\"name\":\"Mercury Engineering\",\"description\":\"Ihre Vision, unsere Verpflichtung.\",\"potentialAction\":[{\"@type\":\"SearchAction\",\"target\":{\"@type\":\"EntryPoint\",\"urlTemplate\":\"https:\\\/\\\/www.mercuryeng.com\\\/de\\\/?s={search_term_string}\"},\"query-input\":{\"@type\":\"PropertyValueSpecification\",\"valueRequired\":true,\"valueName\":\"search_term_string\"}}],\"inLanguage\":\"de-DE\"}]}<\/script>\n<!-- \/ Yoast SEO plugin. -->","yoast_head_json":{"title":"Die Experten von Mercury erbringen IKT-Dienstleistungen in Irland, dem Vereinigten K\u00f6nigreich und Europa","description":"Mercury bietet europaweit hochspezialisierte Dienstleistungen in den Bereichen Mechanik, Elektrik und Informations- und Kommunikationstechnologie (IKT) an.","robots":{"index":"index","follow":"follow","max-snippet":"max-snippet:-1","max-image-preview":"max-image-preview:large","max-video-preview":"max-video-preview:-1"},"canonical":"https:\/\/www.mercuryeng.com\/de\/dienstleistungen\/ict-dienste\/","og_locale":"de_DE","og_type":"article","og_title":"Die Experten von Mercury erbringen IKT-Dienstleistungen in Irland, dem Vereinigten K\u00f6nigreich und Europa","og_description":"Mercury bietet europaweit hochspezialisierte Dienstleistungen in den Bereichen Mechanik, Elektrik und Informations- und Kommunikationstechnologie (IKT) an.","og_url":"https:\/\/www.mercuryeng.com\/de\/dienstleistungen\/ict-dienste\/","og_site_name":"Mercury Engineering","article_modified_time":"2023-02-13T09:49:13+00:00","twitter_card":"summary_large_image","twitter_misc":{"Gesch\u00e4tzte Lesezeit":"1 Minute"},"schema":{"@context":"https:\/\/schema.org","@graph":[{"@type":"WebPage","@id":"https:\/\/www.mercuryeng.com\/de\/dienstleistungen\/ict-dienste\/","url":"https:\/\/www.mercuryeng.com\/de\/dienstleistungen\/ict-dienste\/","name":"Die Experten von Mercury erbringen IKT-Dienstleistungen in Irland, dem Vereinigten K\u00f6nigreich und Europa","isPartOf":{"@id":"https:\/\/www.mercuryeng.com\/de\/#website"},"datePublished":"2019-05-29T10:54:32+00:00","dateModified":"2023-02-13T09:49:13+00:00","description":"Mercury bietet europaweit hochspezialisierte Dienstleistungen in den Bereichen Mechanik, Elektrik und Informations- und Kommunikationstechnologie (IKT) an.","breadcrumb":{"@id":"https:\/\/www.mercuryeng.com\/de\/dienstleistungen\/ict-dienste\/#breadcrumb"},"inLanguage":"de-DE","potentialAction":[{"@type":"ReadAction","target":["https:\/\/www.mercuryeng.com\/de\/dienstleistungen\/ict-dienste\/"]}]},{"@type":"BreadcrumbList","@id":"https:\/\/www.mercuryeng.com\/de\/dienstleistungen\/ict-dienste\/#breadcrumb","itemListElement":[{"@type":"ListItem","position":1,"name":"Home","item":"https:\/\/www.mercuryeng.com\/de\/"},{"@type":"ListItem","position":2,"name":"Dienstleistungen","item":"https:\/\/www.mercuryeng.com\/de\/dienstleistungen\/"},{"@type":"ListItem","position":3,"name":"ICT-Dienste"}]},{"@type":"WebSite","@id":"https:\/\/www.mercuryeng.com\/de\/#website","url":"https:\/\/www.mercuryeng.com\/de\/","name":"Mercury Engineering","description":"Ihre Vision, unsere Verpflichtung.","potentialAction":[{"@type":"SearchAction","target":{"@type":"EntryPoint","urlTemplate":"https:\/\/www.mercuryeng.com\/de\/?s={search_term_string}"},"query-input":{"@type":"PropertyValueSpecification","valueRequired":true,"valueName":"search_term_string"}}],"inLanguage":"de-DE"}]}},"_links":{"self":[{"href":"https:\/\/www.mercuryeng.com\/de\/wp-json\/wp\/v2\/pages\/12649","targetHints":{"allow":["GET"]}}],"collection":[{"href":"https:\/\/www.mercuryeng.com\/de\/wp-json\/wp\/v2\/pages"}],"about":[{"href":"https:\/\/www.mercuryeng.com\/de\/wp-json\/wp\/v2\/types\/page"}],"author":[{"embeddable":true,"href":"https:\/\/www.mercuryeng.com\/de\/wp-json\/wp\/v2\/users\/1"}],"replies":[{"embeddable":true,"href":"https:\/\/www.mercuryeng.com\/de\/wp-json\/wp\/v2\/comments?post=12649"}],"version-history":[{"count":2,"href":"https:\/\/www.mercuryeng.com\/de\/wp-json\/wp\/v2\/pages\/12649\/revisions"}],"predecessor-version":[{"id":13542,"href":"https:\/\/www.mercuryeng.com\/de\/wp-json\/wp\/v2\/pages\/12649\/revisions\/13542"}],"up":[{"embeddable":true,"href":"https:\/\/www.mercuryeng.com\/de\/wp-json\/wp\/v2\/pages\/12624"}],"wp:attachment":[{"href":"https:\/\/www.mercuryeng.com\/de\/wp-json\/wp\/v2\/media?parent=12649"}],"curies":[{"name":"wp","href":"https:\/\/api.w.org\/{rel}","templated":true}]}}