{"id":12645,"date":"2019-08-23T12:41:03","date_gmt":"2019-08-23T12:41:03","guid":{"rendered":"https:\/\/www.mercuryeng.com\/dienstleistungen\/csa\/"},"modified":"2023-02-13T09:45:12","modified_gmt":"2023-02-13T09:45:12","slug":"csa-deutsch","status":"publish","type":"page","link":"https:\/\/www.mercuryeng.com\/de\/dienstleistungen\/csa-deutsch\/","title":{"rendered":"Leistungen im Bereich Bau, Statik und Architektur (CSA)"},"content":{"rendered":"<p><img loading=\"lazy\" decoding=\"async\" class=\"alignright wp-image-13289\" src=\"\/wp-content\/uploads\/2023\/02\/ee071222-20-1000x667.jpg\" alt=\"\" width=\"500\" height=\"333\" srcset=\"https:\/\/www.mercuryeng.com\/wp-content\/uploads\/2023\/02\/ee071222-20-1000x667.jpg 1000w, https:\/\/www.mercuryeng.com\/wp-content\/uploads\/2023\/02\/ee071222-20-350x233.jpg 350w, https:\/\/www.mercuryeng.com\/wp-content\/uploads\/2023\/02\/ee071222-20-700x467.jpg 700w, https:\/\/www.mercuryeng.com\/wp-content\/uploads\/2023\/02\/ee071222-20-1536x1024.jpg 1536w, https:\/\/www.mercuryeng.com\/wp-content\/uploads\/2023\/02\/ee071222-20-2048x1365.jpg 2048w, https:\/\/www.mercuryeng.com\/wp-content\/uploads\/2023\/02\/ee071222-20-scaled.jpg 1400w\" sizes=\"auto, (max-width: 500px) 100vw, 500px\" \/>Mercury hat sich auf die Durchf\u00fchrung von Projekten in den Bereichen Rechenzentren, Life Sciences und Technologie spezialisiert, wozu auch alle baulichen, statischen und architektonischen (CSA) Elemente geh\u00f6ren. Dies hat entscheidend zu unserem Ruf als Europas f\u00fchrender Anbieter von Technik und Management f\u00fcr Rechenzentren beigetragen.<\/p>\n<p>Unsere 65 Fachleute aus den Bereichen Bau, Statik und Architektur arbeiten an zahlreichen Projekten in Europa. Sie alle sind bestens ausgebildet, um f\u00fcr unsere Kunden komplexe Projekte im Bereich von Hyperscale- und Gro\u00dfrechenzentren umzusetzen.<\/p>\n<p><strong>Fachgebiete:<\/strong><\/p>\n<ul>\n<li>Planung und Ausf\u00fchrung von Bauwerken aus Stahl, Beton und Mauerwerk.<\/li>\n<li>Vollst\u00e4ndige Abwicklung von Kalkulation, Beschaffung und Baustellenlogistik<\/li>\n<li>Verwaltung des Zeitplans und der Integration von CSA-, Ausstattungs- und M&amp;E-Arbeiten<\/li>\n<li>Verwaltung der Lieferkette und Subunternehmer<\/li>\n<li>Nutzung von Statiksoftware und AutoCAD<\/li>\n<\/ul>\n<p><a class=\"btn\" href=\"https:\/\/www.mercuryeng.com\/de\/projekte\/?project_service=59\">Aktuelle CSA-Projekte<\/a><\/p>\n","protected":false},"excerpt":{"rendered":"<p>Mercury hat sich auf die Durchf\u00fchrung von Projekten in den Bereichen Rechenzentren, Life Sciences und Technologie spezialisiert, wozu auch alle baulichen, statischen und architektonischen (CSA) Elemente geh\u00f6ren. Dies hat entscheidend zu unserem Ruf als Europas f\u00fchrender Anbieter von Technik und Management f\u00fcr Rechenzentren beigetragen. Unsere 65 Fachleute aus den Bereichen Bau, Statik und Architektur arbeiten [&hellip;]<\/p>\n","protected":false},"author":2,"featured_media":0,"parent":12624,"menu_order":2,"comment_status":"closed","ping_status":"closed","template":"","meta":{"_acf_changed":false,"footnotes":""},"class_list":["post-12645","page","type-page","status-publish","hentry"],"acf":[],"yoast_head":"<!-- This site is optimized with the Yoast SEO plugin v27.4 - https:\/\/yoast.com\/product\/yoast-seo-wordpress\/ -->\n<title>Leistungen im Bereich Bau, Statik und Architektur (CSA) von Mercury<\/title>\n<meta name=\"description\" content=\"&quot;Mercury f\u00fchrt Projekte in den Bereichen Datenzentren, Life Sciences und Technologie durch, die auch bauliche, statische und architektonische (CSA) Elemente umfassen.&quot;\" \/>\n<meta name=\"robots\" content=\"index, follow, max-snippet:-1, max-image-preview:large, max-video-preview:-1\" \/>\n<link rel=\"canonical\" href=\"https:\/\/www.mercuryeng.com\/de\/dienstleistungen\/csa-deutsch\/\" \/>\n<meta property=\"og:locale\" content=\"de_DE\" \/>\n<meta property=\"og:type\" content=\"article\" \/>\n<meta property=\"og:title\" content=\"Leistungen im Bereich Bau, Statik und Architektur (CSA) von Mercury\" \/>\n<meta property=\"og:description\" content=\"&quot;Mercury f\u00fchrt Projekte in den Bereichen Datenzentren, Life Sciences und Technologie durch, die auch bauliche, statische und architektonische (CSA) Elemente umfassen.&quot;\" \/>\n<meta property=\"og:url\" content=\"https:\/\/www.mercuryeng.com\/de\/dienstleistungen\/csa-deutsch\/\" \/>\n<meta property=\"og:site_name\" content=\"Mercury Engineering\" \/>\n<meta property=\"article:modified_time\" content=\"2023-02-13T09:45:12+00:00\" \/>\n<meta name=\"twitter:card\" content=\"summary_large_image\" \/>\n<meta name=\"twitter:label1\" content=\"Gesch\u00e4tzte Lesezeit\" \/>\n\t<meta name=\"twitter:data1\" content=\"1 Minute\" \/>\n<script type=\"application\/ld+json\" class=\"yoast-schema-graph\">{\"@context\":\"https:\\\/\\\/schema.org\",\"@graph\":[{\"@type\":\"WebPage\",\"@id\":\"https:\\\/\\\/www.mercuryeng.com\\\/de\\\/dienstleistungen\\\/csa-deutsch\\\/\",\"url\":\"https:\\\/\\\/www.mercuryeng.com\\\/de\\\/dienstleistungen\\\/csa-deutsch\\\/\",\"name\":\"Leistungen im Bereich Bau, Statik und Architektur (CSA) von Mercury\",\"isPartOf\":{\"@id\":\"https:\\\/\\\/www.mercuryeng.com\\\/de\\\/#website\"},\"datePublished\":\"2019-08-23T12:41:03+00:00\",\"dateModified\":\"2023-02-13T09:45:12+00:00\",\"description\":\"\\\"Mercury f\u00fchrt Projekte in den Bereichen Datenzentren, Life Sciences und Technologie durch, die auch bauliche, statische und architektonische (CSA) Elemente umfassen.\\\"\",\"breadcrumb\":{\"@id\":\"https:\\\/\\\/www.mercuryeng.com\\\/de\\\/dienstleistungen\\\/csa-deutsch\\\/#breadcrumb\"},\"inLanguage\":\"de-DE\",\"potentialAction\":[{\"@type\":\"ReadAction\",\"target\":[\"https:\\\/\\\/www.mercuryeng.com\\\/de\\\/dienstleistungen\\\/csa-deutsch\\\/\"]}]},{\"@type\":\"BreadcrumbList\",\"@id\":\"https:\\\/\\\/www.mercuryeng.com\\\/de\\\/dienstleistungen\\\/csa-deutsch\\\/#breadcrumb\",\"itemListElement\":[{\"@type\":\"ListItem\",\"position\":1,\"name\":\"Home\",\"item\":\"https:\\\/\\\/www.mercuryeng.com\\\/de\\\/\"},{\"@type\":\"ListItem\",\"position\":2,\"name\":\"Dienstleistungen\",\"item\":\"https:\\\/\\\/www.mercuryeng.com\\\/de\\\/dienstleistungen\\\/\"},{\"@type\":\"ListItem\",\"position\":3,\"name\":\"Leistungen im Bereich Bau, Statik und Architektur (CSA)\"}]},{\"@type\":\"WebSite\",\"@id\":\"https:\\\/\\\/www.mercuryeng.com\\\/de\\\/#website\",\"url\":\"https:\\\/\\\/www.mercuryeng.com\\\/de\\\/\",\"name\":\"Mercury Engineering\",\"description\":\"Ihre Vision, unsere Verpflichtung.\",\"potentialAction\":[{\"@type\":\"SearchAction\",\"target\":{\"@type\":\"EntryPoint\",\"urlTemplate\":\"https:\\\/\\\/www.mercuryeng.com\\\/de\\\/?s={search_term_string}\"},\"query-input\":{\"@type\":\"PropertyValueSpecification\",\"valueRequired\":true,\"valueName\":\"search_term_string\"}}],\"inLanguage\":\"de-DE\"}]}<\/script>\n<!-- \/ Yoast SEO plugin. -->","yoast_head_json":{"title":"Leistungen im Bereich Bau, Statik und Architektur (CSA) von Mercury","description":"\"Mercury f\u00fchrt Projekte in den Bereichen Datenzentren, Life Sciences und Technologie durch, die auch bauliche, statische und architektonische (CSA) Elemente umfassen.\"","robots":{"index":"index","follow":"follow","max-snippet":"max-snippet:-1","max-image-preview":"max-image-preview:large","max-video-preview":"max-video-preview:-1"},"canonical":"https:\/\/www.mercuryeng.com\/de\/dienstleistungen\/csa-deutsch\/","og_locale":"de_DE","og_type":"article","og_title":"Leistungen im Bereich Bau, Statik und Architektur (CSA) von Mercury","og_description":"\"Mercury f\u00fchrt Projekte in den Bereichen Datenzentren, Life Sciences und Technologie durch, die auch bauliche, statische und architektonische (CSA) Elemente umfassen.\"","og_url":"https:\/\/www.mercuryeng.com\/de\/dienstleistungen\/csa-deutsch\/","og_site_name":"Mercury Engineering","article_modified_time":"2023-02-13T09:45:12+00:00","twitter_card":"summary_large_image","twitter_misc":{"Gesch\u00e4tzte Lesezeit":"1 Minute"},"schema":{"@context":"https:\/\/schema.org","@graph":[{"@type":"WebPage","@id":"https:\/\/www.mercuryeng.com\/de\/dienstleistungen\/csa-deutsch\/","url":"https:\/\/www.mercuryeng.com\/de\/dienstleistungen\/csa-deutsch\/","name":"Leistungen im Bereich Bau, Statik und Architektur (CSA) von Mercury","isPartOf":{"@id":"https:\/\/www.mercuryeng.com\/de\/#website"},"datePublished":"2019-08-23T12:41:03+00:00","dateModified":"2023-02-13T09:45:12+00:00","description":"\"Mercury f\u00fchrt Projekte in den Bereichen Datenzentren, Life Sciences und Technologie durch, die auch bauliche, statische und architektonische (CSA) Elemente umfassen.\"","breadcrumb":{"@id":"https:\/\/www.mercuryeng.com\/de\/dienstleistungen\/csa-deutsch\/#breadcrumb"},"inLanguage":"de-DE","potentialAction":[{"@type":"ReadAction","target":["https:\/\/www.mercuryeng.com\/de\/dienstleistungen\/csa-deutsch\/"]}]},{"@type":"BreadcrumbList","@id":"https:\/\/www.mercuryeng.com\/de\/dienstleistungen\/csa-deutsch\/#breadcrumb","itemListElement":[{"@type":"ListItem","position":1,"name":"Home","item":"https:\/\/www.mercuryeng.com\/de\/"},{"@type":"ListItem","position":2,"name":"Dienstleistungen","item":"https:\/\/www.mercuryeng.com\/de\/dienstleistungen\/"},{"@type":"ListItem","position":3,"name":"Leistungen im Bereich Bau, Statik und Architektur (CSA)"}]},{"@type":"WebSite","@id":"https:\/\/www.mercuryeng.com\/de\/#website","url":"https:\/\/www.mercuryeng.com\/de\/","name":"Mercury Engineering","description":"Ihre Vision, unsere Verpflichtung.","potentialAction":[{"@type":"SearchAction","target":{"@type":"EntryPoint","urlTemplate":"https:\/\/www.mercuryeng.com\/de\/?s={search_term_string}"},"query-input":{"@type":"PropertyValueSpecification","valueRequired":true,"valueName":"search_term_string"}}],"inLanguage":"de-DE"}]}},"_links":{"self":[{"href":"https:\/\/www.mercuryeng.com\/de\/wp-json\/wp\/v2\/pages\/12645","targetHints":{"allow":["GET"]}}],"collection":[{"href":"https:\/\/www.mercuryeng.com\/de\/wp-json\/wp\/v2\/pages"}],"about":[{"href":"https:\/\/www.mercuryeng.com\/de\/wp-json\/wp\/v2\/types\/page"}],"author":[{"embeddable":true,"href":"https:\/\/www.mercuryeng.com\/de\/wp-json\/wp\/v2\/users\/2"}],"replies":[{"embeddable":true,"href":"https:\/\/www.mercuryeng.com\/de\/wp-json\/wp\/v2\/comments?post=12645"}],"version-history":[{"count":3,"href":"https:\/\/www.mercuryeng.com\/de\/wp-json\/wp\/v2\/pages\/12645\/revisions"}],"predecessor-version":[{"id":13539,"href":"https:\/\/www.mercuryeng.com\/de\/wp-json\/wp\/v2\/pages\/12645\/revisions\/13539"}],"up":[{"embeddable":true,"href":"https:\/\/www.mercuryeng.com\/de\/wp-json\/wp\/v2\/pages\/12624"}],"wp:attachment":[{"href":"https:\/\/www.mercuryeng.com\/de\/wp-json\/wp\/v2\/media?parent=12645"}],"curies":[{"name":"wp","href":"https:\/\/api.w.org\/{rel}","templated":true}]}}