{"id":12642,"date":"2019-05-15T11:02:42","date_gmt":"2019-05-15T11:02:42","guid":{"rendered":"https:\/\/www.mercuryeng.com\/dienstleistungen\/mechanical\/"},"modified":"2023-02-13T09:46:37","modified_gmt":"2023-02-13T09:46:37","slug":"mechanisch","status":"publish","type":"page","link":"https:\/\/www.mercuryeng.com\/de\/dienstleistungen\/mechanisch\/","title":{"rendered":"Mechanisch"},"content":{"rendered":"<p><img loading=\"lazy\" decoding=\"async\" class=\"alignright wp-image-13285\" src=\"\/wp-content\/uploads\/2023\/02\/ee071222-58-1000x667.jpg\" alt=\"\" width=\"500\" height=\"333\" srcset=\"https:\/\/www.mercuryeng.com\/wp-content\/uploads\/2023\/02\/ee071222-58-1000x667.jpg 1000w, https:\/\/www.mercuryeng.com\/wp-content\/uploads\/2023\/02\/ee071222-58-350x233.jpg 350w, https:\/\/www.mercuryeng.com\/wp-content\/uploads\/2023\/02\/ee071222-58-700x467.jpg 700w, https:\/\/www.mercuryeng.com\/wp-content\/uploads\/2023\/02\/ee071222-58-1536x1024.jpg 1536w, https:\/\/www.mercuryeng.com\/wp-content\/uploads\/2023\/02\/ee071222-58-2048x1365.jpg 2048w, https:\/\/www.mercuryeng.com\/wp-content\/uploads\/2023\/02\/ee071222-58-scaled.jpg 1400w\" sizes=\"auto, (max-width: 500px) 100vw, 500px\" \/>Mercury ist seit 1975 ein etablierter Anbieter von Leistungen im Bereich Mechanik. In dieser Zeit hat sich Mercury kontinuierlich weiterentwickelt und ist zu einem der f\u00fchrenden Anbieter von Mechanikleistungen in Europa geworden. Zu unseren zahlreichen Projekten geh\u00f6ren umfangreiche Prozessanlagen in den Bereichen Life Sciences und Spitzentechnologie, Pharmazie, \u00d6l und Gas, Versorgung und Fertigung sowie Projekte im Bereich der Geb\u00e4udetechnik f\u00fcr Krankenh\u00e4user, B\u00fcrogeb\u00e4ude, Einkaufszentren, Hotels, Universit\u00e4ten und vieles mehr.<\/p>\n<p>Mit unseren Projektteams vor Ort und unseren externen Fertigungsexperten sind wir in der Lage, hochkomplexe und spezialisierte Projekte zu realisieren, wobei Sicherheit, Qualit\u00e4t und Zuverl\u00e4ssigkeit stets im Mittelpunkt unserer Arbeit stehen.<\/p>\n","protected":false},"excerpt":{"rendered":"<p>Mercury ist seit 1975 ein etablierter Anbieter von Leistungen im Bereich Mechanik. In dieser Zeit hat sich Mercury kontinuierlich weiterentwickelt und ist zu einem der f\u00fchrenden Anbieter von Mechanikleistungen in Europa geworden. Zu unseren zahlreichen Projekten geh\u00f6ren umfangreiche Prozessanlagen in den Bereichen Life Sciences und Spitzentechnologie, Pharmazie, \u00d6l und Gas, Versorgung und Fertigung sowie Projekte [&hellip;]<\/p>\n","protected":false},"author":1,"featured_media":0,"parent":12624,"menu_order":5,"comment_status":"closed","ping_status":"closed","template":"","meta":{"_acf_changed":false,"footnotes":""},"class_list":["post-12642","page","type-page","status-publish","hentry"],"acf":[],"yoast_head":"<!-- This site is optimized with the Yoast SEO plugin v27.6 - https:\/\/yoast.com\/product\/yoast-seo-wordpress\/ -->\n<title>Mechanische Dienstleistungen von Mercury in ganz Europa, dem Vereinigten K\u00f6nigreich und Irland<\/title>\n<meta name=\"description\" content=\"Mercury, Europas f\u00fchrendes Unternehmen f\u00fcr mechanische Dienstleistungen, errichtet Anlagen in den Bereichen Life Sciences, Rechenzentren, Fertigung, Pharmazie sowie \u00d6l- und Gasprozesse.\" \/>\n<meta name=\"robots\" content=\"index, follow, max-snippet:-1, max-image-preview:large, max-video-preview:-1\" \/>\n<link rel=\"canonical\" href=\"https:\/\/www.mercuryeng.com\/de\/dienstleistungen\/mechanisch\/\" \/>\n<meta property=\"og:locale\" content=\"de_DE\" \/>\n<meta property=\"og:type\" content=\"article\" \/>\n<meta property=\"og:title\" content=\"Mechanische Dienstleistungen von Mercury in ganz Europa, dem Vereinigten K\u00f6nigreich und Irland\" \/>\n<meta property=\"og:description\" content=\"Mercury, Europas f\u00fchrendes Unternehmen f\u00fcr mechanische Dienstleistungen, errichtet Anlagen in den Bereichen Life Sciences, Rechenzentren, Fertigung, Pharmazie sowie \u00d6l- und Gasprozesse.\" \/>\n<meta property=\"og:url\" content=\"https:\/\/www.mercuryeng.com\/de\/dienstleistungen\/mechanisch\/\" \/>\n<meta property=\"og:site_name\" content=\"Mercury Engineering\" \/>\n<meta property=\"article:modified_time\" content=\"2023-02-13T09:46:37+00:00\" \/>\n<meta name=\"twitter:card\" content=\"summary_large_image\" \/>\n<meta name=\"twitter:label1\" content=\"Gesch\u00e4tzte Lesezeit\" \/>\n\t<meta name=\"twitter:data1\" content=\"1 Minute\" \/>\n<script type=\"application\/ld+json\" class=\"yoast-schema-graph\">{\"@context\":\"https:\\\/\\\/schema.org\",\"@graph\":[{\"@type\":\"WebPage\",\"@id\":\"https:\\\/\\\/www.mercuryeng.com\\\/de\\\/dienstleistungen\\\/mechanisch\\\/\",\"url\":\"https:\\\/\\\/www.mercuryeng.com\\\/de\\\/dienstleistungen\\\/mechanisch\\\/\",\"name\":\"Mechanische Dienstleistungen von Mercury in ganz Europa, dem Vereinigten K\u00f6nigreich und Irland\",\"isPartOf\":{\"@id\":\"https:\\\/\\\/www.mercuryeng.com\\\/de\\\/#website\"},\"datePublished\":\"2019-05-15T11:02:42+00:00\",\"dateModified\":\"2023-02-13T09:46:37+00:00\",\"description\":\"Mercury, Europas f\u00fchrendes Unternehmen f\u00fcr mechanische Dienstleistungen, errichtet Anlagen in den Bereichen Life Sciences, Rechenzentren, Fertigung, Pharmazie sowie \u00d6l- und Gasprozesse.\",\"breadcrumb\":{\"@id\":\"https:\\\/\\\/www.mercuryeng.com\\\/de\\\/dienstleistungen\\\/mechanisch\\\/#breadcrumb\"},\"inLanguage\":\"de-DE\",\"potentialAction\":[{\"@type\":\"ReadAction\",\"target\":[\"https:\\\/\\\/www.mercuryeng.com\\\/de\\\/dienstleistungen\\\/mechanisch\\\/\"]}]},{\"@type\":\"BreadcrumbList\",\"@id\":\"https:\\\/\\\/www.mercuryeng.com\\\/de\\\/dienstleistungen\\\/mechanisch\\\/#breadcrumb\",\"itemListElement\":[{\"@type\":\"ListItem\",\"position\":1,\"name\":\"Home\",\"item\":\"https:\\\/\\\/www.mercuryeng.com\\\/de\\\/\"},{\"@type\":\"ListItem\",\"position\":2,\"name\":\"Dienstleistungen\",\"item\":\"https:\\\/\\\/www.mercuryeng.com\\\/de\\\/dienstleistungen\\\/\"},{\"@type\":\"ListItem\",\"position\":3,\"name\":\"Mechanisch\"}]},{\"@type\":\"WebSite\",\"@id\":\"https:\\\/\\\/www.mercuryeng.com\\\/de\\\/#website\",\"url\":\"https:\\\/\\\/www.mercuryeng.com\\\/de\\\/\",\"name\":\"Mercury Engineering\",\"description\":\"Ihre Vision, unsere Verpflichtung.\",\"potentialAction\":[{\"@type\":\"SearchAction\",\"target\":{\"@type\":\"EntryPoint\",\"urlTemplate\":\"https:\\\/\\\/www.mercuryeng.com\\\/de\\\/?s={search_term_string}\"},\"query-input\":{\"@type\":\"PropertyValueSpecification\",\"valueRequired\":true,\"valueName\":\"search_term_string\"}}],\"inLanguage\":\"de-DE\"}]}<\/script>\n<!-- \/ Yoast SEO plugin. -->","yoast_head_json":{"title":"Mechanische Dienstleistungen von Mercury in ganz Europa, dem Vereinigten K\u00f6nigreich und Irland","description":"Mercury, Europas f\u00fchrendes Unternehmen f\u00fcr mechanische Dienstleistungen, errichtet Anlagen in den Bereichen Life Sciences, Rechenzentren, Fertigung, Pharmazie sowie \u00d6l- und Gasprozesse.","robots":{"index":"index","follow":"follow","max-snippet":"max-snippet:-1","max-image-preview":"max-image-preview:large","max-video-preview":"max-video-preview:-1"},"canonical":"https:\/\/www.mercuryeng.com\/de\/dienstleistungen\/mechanisch\/","og_locale":"de_DE","og_type":"article","og_title":"Mechanische Dienstleistungen von Mercury in ganz Europa, dem Vereinigten K\u00f6nigreich und Irland","og_description":"Mercury, Europas f\u00fchrendes Unternehmen f\u00fcr mechanische Dienstleistungen, errichtet Anlagen in den Bereichen Life Sciences, Rechenzentren, Fertigung, Pharmazie sowie \u00d6l- und Gasprozesse.","og_url":"https:\/\/www.mercuryeng.com\/de\/dienstleistungen\/mechanisch\/","og_site_name":"Mercury Engineering","article_modified_time":"2023-02-13T09:46:37+00:00","twitter_card":"summary_large_image","twitter_misc":{"Gesch\u00e4tzte Lesezeit":"1 Minute"},"schema":{"@context":"https:\/\/schema.org","@graph":[{"@type":"WebPage","@id":"https:\/\/www.mercuryeng.com\/de\/dienstleistungen\/mechanisch\/","url":"https:\/\/www.mercuryeng.com\/de\/dienstleistungen\/mechanisch\/","name":"Mechanische Dienstleistungen von Mercury in ganz Europa, dem Vereinigten K\u00f6nigreich und Irland","isPartOf":{"@id":"https:\/\/www.mercuryeng.com\/de\/#website"},"datePublished":"2019-05-15T11:02:42+00:00","dateModified":"2023-02-13T09:46:37+00:00","description":"Mercury, Europas f\u00fchrendes Unternehmen f\u00fcr mechanische Dienstleistungen, errichtet Anlagen in den Bereichen Life Sciences, Rechenzentren, Fertigung, Pharmazie sowie \u00d6l- und Gasprozesse.","breadcrumb":{"@id":"https:\/\/www.mercuryeng.com\/de\/dienstleistungen\/mechanisch\/#breadcrumb"},"inLanguage":"de-DE","potentialAction":[{"@type":"ReadAction","target":["https:\/\/www.mercuryeng.com\/de\/dienstleistungen\/mechanisch\/"]}]},{"@type":"BreadcrumbList","@id":"https:\/\/www.mercuryeng.com\/de\/dienstleistungen\/mechanisch\/#breadcrumb","itemListElement":[{"@type":"ListItem","position":1,"name":"Home","item":"https:\/\/www.mercuryeng.com\/de\/"},{"@type":"ListItem","position":2,"name":"Dienstleistungen","item":"https:\/\/www.mercuryeng.com\/de\/dienstleistungen\/"},{"@type":"ListItem","position":3,"name":"Mechanisch"}]},{"@type":"WebSite","@id":"https:\/\/www.mercuryeng.com\/de\/#website","url":"https:\/\/www.mercuryeng.com\/de\/","name":"Mercury Engineering","description":"Ihre Vision, unsere Verpflichtung.","potentialAction":[{"@type":"SearchAction","target":{"@type":"EntryPoint","urlTemplate":"https:\/\/www.mercuryeng.com\/de\/?s={search_term_string}"},"query-input":{"@type":"PropertyValueSpecification","valueRequired":true,"valueName":"search_term_string"}}],"inLanguage":"de-DE"}]}},"_links":{"self":[{"href":"https:\/\/www.mercuryeng.com\/de\/wp-json\/wp\/v2\/pages\/12642","targetHints":{"allow":["GET"]}}],"collection":[{"href":"https:\/\/www.mercuryeng.com\/de\/wp-json\/wp\/v2\/pages"}],"about":[{"href":"https:\/\/www.mercuryeng.com\/de\/wp-json\/wp\/v2\/types\/page"}],"author":[{"embeddable":true,"href":"https:\/\/www.mercuryeng.com\/de\/wp-json\/wp\/v2\/users\/1"}],"replies":[{"embeddable":true,"href":"https:\/\/www.mercuryeng.com\/de\/wp-json\/wp\/v2\/comments?post=12642"}],"version-history":[{"count":2,"href":"https:\/\/www.mercuryeng.com\/de\/wp-json\/wp\/v2\/pages\/12642\/revisions"}],"predecessor-version":[{"id":13540,"href":"https:\/\/www.mercuryeng.com\/de\/wp-json\/wp\/v2\/pages\/12642\/revisions\/13540"}],"up":[{"embeddable":true,"href":"https:\/\/www.mercuryeng.com\/de\/wp-json\/wp\/v2\/pages\/12624"}],"wp:attachment":[{"href":"https:\/\/www.mercuryeng.com\/de\/wp-json\/wp\/v2\/media?parent=12642"}],"curies":[{"name":"wp","href":"https:\/\/api.w.org\/{rel}","templated":true}]}}