{"id":12627,"date":"2019-05-15T11:03:48","date_gmt":"2019-05-15T11:03:48","guid":{"rendered":"https:\/\/www.mercuryeng.com\/dienstleistungen\/general-contracting\/"},"modified":"2023-02-13T09:43:40","modified_gmt":"2023-02-13T09:43:40","slug":"generalunternehmerleistungen","status":"publish","type":"page","link":"https:\/\/www.mercuryeng.com\/de\/dienstleistungen\/generalunternehmerleistungen\/","title":{"rendered":"Generalunternehmerleistungen"},"content":{"rendered":"<p><img loading=\"lazy\" decoding=\"async\" class=\"alignright wp-image-13267\" src=\"\/wp-content\/uploads\/2023\/02\/ee071222-56-1000x667.jpg\" alt=\"Mercury Civil, Structural and Architectural (CSA) services\" width=\"500\" height=\"333\" srcset=\"https:\/\/www.mercuryeng.com\/wp-content\/uploads\/2023\/02\/ee071222-56-1000x667.jpg 1000w, https:\/\/www.mercuryeng.com\/wp-content\/uploads\/2023\/02\/ee071222-56-350x233.jpg 350w, https:\/\/www.mercuryeng.com\/wp-content\/uploads\/2023\/02\/ee071222-56-700x467.jpg 700w, https:\/\/www.mercuryeng.com\/wp-content\/uploads\/2023\/02\/ee071222-56-1536x1024.jpg 1536w, https:\/\/www.mercuryeng.com\/wp-content\/uploads\/2023\/02\/ee071222-56-2048x1365.jpg 2048w, https:\/\/www.mercuryeng.com\/wp-content\/uploads\/2023\/02\/ee071222-56-scaled.jpg 1400w\" sizes=\"auto, (max-width: 500px) 100vw, 500px\" \/>Mercury erbringt hochspezialisierte und technische Generalunternehmerleistungen f\u00fcr verschiedene multinationale Kunden.<\/p>\n<p>Wir liefern hochqualitative, technisch fortschrittliche und zuverl\u00e4ssige Anlagen und Ausr\u00fcstungen fristgerecht, im Rahmen des Budgets und mit einer tadellosen Sicherheitsbilanz. So haben wir uns den Ruf eines f\u00fchrenden Generalunternehmers in Europa erarbeitet.<\/p>\n<p>Ein wichtiger Wachstumsbereich f\u00fcr Mercury und ein wesentlicher Entscheidungsfaktor f\u00fcr viele unserer Kunden ist unsere einzigartige F\u00e4higkeit, alle notwendigen Komponenten des technischen Leistungspakets vollst\u00e4ndig intern zusammenzuf\u00fchren. Dar\u00fcber hinaus verf\u00fcgen wir \u00fcber die Flexibilit\u00e4t und St\u00e4rke, gro\u00dfe und kleine Projekte in allen Regionen, in denen wir t\u00e4tig sind, erfolgreich durchzuf\u00fchren.<\/p>\n","protected":false},"excerpt":{"rendered":"<p>Mercury erbringt hochspezialisierte und technische Generalunternehmerleistungen f\u00fcr verschiedene multinationale Kunden. Wir liefern hochqualitative, technisch fortschrittliche und zuverl\u00e4ssige Anlagen und Ausr\u00fcstungen fristgerecht, im Rahmen des Budgets und mit einer tadellosen Sicherheitsbilanz. So haben wir uns den Ruf eines f\u00fchrenden Generalunternehmers in Europa erarbeitet. Ein wichtiger Wachstumsbereich f\u00fcr Mercury und ein wesentlicher Entscheidungsfaktor f\u00fcr viele unserer Kunden [&hellip;]<\/p>\n","protected":false},"author":1,"featured_media":0,"parent":12624,"menu_order":1,"comment_status":"closed","ping_status":"closed","template":"","meta":{"_acf_changed":false,"footnotes":""},"class_list":["post-12627","page","type-page","status-publish","hentry"],"acf":[],"yoast_head":"<!-- This site is optimized with the Yoast SEO plugin v27.2 - https:\/\/yoast.com\/product\/yoast-seo-wordpress\/ -->\n<title>Generalunternehmerleistungen von Mercury in ganz Europa<\/title>\n<meta name=\"description\" content=\"Mercury erbringt hochspezialisierte und technische Generalunternehmerleistungen f\u00fcr multinationale Kunden.\" \/>\n<meta name=\"robots\" content=\"index, follow, max-snippet:-1, max-image-preview:large, max-video-preview:-1\" \/>\n<link rel=\"canonical\" href=\"https:\/\/www.mercuryeng.com\/de\/dienstleistungen\/generalunternehmerleistungen\/\" \/>\n<meta property=\"og:locale\" content=\"de_DE\" \/>\n<meta property=\"og:type\" content=\"article\" \/>\n<meta property=\"og:title\" content=\"Generalunternehmerleistungen von Mercury in ganz Europa\" \/>\n<meta property=\"og:description\" content=\"Mercury erbringt hochspezialisierte und technische Generalunternehmerleistungen f\u00fcr multinationale Kunden.\" \/>\n<meta property=\"og:url\" content=\"https:\/\/www.mercuryeng.com\/de\/dienstleistungen\/generalunternehmerleistungen\/\" \/>\n<meta property=\"og:site_name\" content=\"Mercury Engineering\" \/>\n<meta property=\"article:modified_time\" content=\"2023-02-13T09:43:40+00:00\" \/>\n<meta name=\"twitter:card\" content=\"summary_large_image\" \/>\n<meta name=\"twitter:label1\" content=\"Gesch\u00e4tzte Lesezeit\" \/>\n\t<meta name=\"twitter:data1\" content=\"1 Minute\" \/>\n<script type=\"application\/ld+json\" class=\"yoast-schema-graph\">{\"@context\":\"https:\/\/schema.org\",\"@graph\":[{\"@type\":\"WebPage\",\"@id\":\"https:\/\/www.mercuryeng.com\/de\/dienstleistungen\/generalunternehmerleistungen\/\",\"url\":\"https:\/\/www.mercuryeng.com\/de\/dienstleistungen\/generalunternehmerleistungen\/\",\"name\":\"Generalunternehmerleistungen von Mercury in ganz Europa\",\"isPartOf\":{\"@id\":\"https:\/\/www.mercuryeng.com\/de\/#website\"},\"datePublished\":\"2019-05-15T11:03:48+00:00\",\"dateModified\":\"2023-02-13T09:43:40+00:00\",\"description\":\"Mercury erbringt hochspezialisierte und technische Generalunternehmerleistungen f\u00fcr multinationale Kunden.\",\"breadcrumb\":{\"@id\":\"https:\/\/www.mercuryeng.com\/de\/dienstleistungen\/generalunternehmerleistungen\/#breadcrumb\"},\"inLanguage\":\"de-DE\",\"potentialAction\":[{\"@type\":\"ReadAction\",\"target\":[\"https:\/\/www.mercuryeng.com\/de\/dienstleistungen\/generalunternehmerleistungen\/\"]}]},{\"@type\":\"BreadcrumbList\",\"@id\":\"https:\/\/www.mercuryeng.com\/de\/dienstleistungen\/generalunternehmerleistungen\/#breadcrumb\",\"itemListElement\":[{\"@type\":\"ListItem\",\"position\":1,\"name\":\"Home\",\"item\":\"https:\/\/www.mercuryeng.com\/de\/\"},{\"@type\":\"ListItem\",\"position\":2,\"name\":\"Dienstleistungen\",\"item\":\"https:\/\/www.mercuryeng.com\/de\/dienstleistungen\/\"},{\"@type\":\"ListItem\",\"position\":3,\"name\":\"Generalunternehmerleistungen\"}]},{\"@type\":\"WebSite\",\"@id\":\"https:\/\/www.mercuryeng.com\/de\/#website\",\"url\":\"https:\/\/www.mercuryeng.com\/de\/\",\"name\":\"Mercury Engineering\",\"description\":\"Ihre Vision, unsere Verpflichtung.\",\"potentialAction\":[{\"@type\":\"SearchAction\",\"target\":{\"@type\":\"EntryPoint\",\"urlTemplate\":\"https:\/\/www.mercuryeng.com\/de\/?s={search_term_string}\"},\"query-input\":{\"@type\":\"PropertyValueSpecification\",\"valueRequired\":true,\"valueName\":\"search_term_string\"}}],\"inLanguage\":\"de-DE\"}]}<\/script>\n<!-- \/ Yoast SEO plugin. -->","yoast_head_json":{"title":"Generalunternehmerleistungen von Mercury in ganz Europa","description":"Mercury erbringt hochspezialisierte und technische Generalunternehmerleistungen f\u00fcr multinationale Kunden.","robots":{"index":"index","follow":"follow","max-snippet":"max-snippet:-1","max-image-preview":"max-image-preview:large","max-video-preview":"max-video-preview:-1"},"canonical":"https:\/\/www.mercuryeng.com\/de\/dienstleistungen\/generalunternehmerleistungen\/","og_locale":"de_DE","og_type":"article","og_title":"Generalunternehmerleistungen von Mercury in ganz Europa","og_description":"Mercury erbringt hochspezialisierte und technische Generalunternehmerleistungen f\u00fcr multinationale Kunden.","og_url":"https:\/\/www.mercuryeng.com\/de\/dienstleistungen\/generalunternehmerleistungen\/","og_site_name":"Mercury Engineering","article_modified_time":"2023-02-13T09:43:40+00:00","twitter_card":"summary_large_image","twitter_misc":{"Gesch\u00e4tzte Lesezeit":"1 Minute"},"schema":{"@context":"https:\/\/schema.org","@graph":[{"@type":"WebPage","@id":"https:\/\/www.mercuryeng.com\/de\/dienstleistungen\/generalunternehmerleistungen\/","url":"https:\/\/www.mercuryeng.com\/de\/dienstleistungen\/generalunternehmerleistungen\/","name":"Generalunternehmerleistungen von Mercury in ganz Europa","isPartOf":{"@id":"https:\/\/www.mercuryeng.com\/de\/#website"},"datePublished":"2019-05-15T11:03:48+00:00","dateModified":"2023-02-13T09:43:40+00:00","description":"Mercury erbringt hochspezialisierte und technische Generalunternehmerleistungen f\u00fcr multinationale Kunden.","breadcrumb":{"@id":"https:\/\/www.mercuryeng.com\/de\/dienstleistungen\/generalunternehmerleistungen\/#breadcrumb"},"inLanguage":"de-DE","potentialAction":[{"@type":"ReadAction","target":["https:\/\/www.mercuryeng.com\/de\/dienstleistungen\/generalunternehmerleistungen\/"]}]},{"@type":"BreadcrumbList","@id":"https:\/\/www.mercuryeng.com\/de\/dienstleistungen\/generalunternehmerleistungen\/#breadcrumb","itemListElement":[{"@type":"ListItem","position":1,"name":"Home","item":"https:\/\/www.mercuryeng.com\/de\/"},{"@type":"ListItem","position":2,"name":"Dienstleistungen","item":"https:\/\/www.mercuryeng.com\/de\/dienstleistungen\/"},{"@type":"ListItem","position":3,"name":"Generalunternehmerleistungen"}]},{"@type":"WebSite","@id":"https:\/\/www.mercuryeng.com\/de\/#website","url":"https:\/\/www.mercuryeng.com\/de\/","name":"Mercury Engineering","description":"Ihre Vision, unsere Verpflichtung.","potentialAction":[{"@type":"SearchAction","target":{"@type":"EntryPoint","urlTemplate":"https:\/\/www.mercuryeng.com\/de\/?s={search_term_string}"},"query-input":{"@type":"PropertyValueSpecification","valueRequired":true,"valueName":"search_term_string"}}],"inLanguage":"de-DE"}]}},"_links":{"self":[{"href":"https:\/\/www.mercuryeng.com\/de\/wp-json\/wp\/v2\/pages\/12627","targetHints":{"allow":["GET"]}}],"collection":[{"href":"https:\/\/www.mercuryeng.com\/de\/wp-json\/wp\/v2\/pages"}],"about":[{"href":"https:\/\/www.mercuryeng.com\/de\/wp-json\/wp\/v2\/types\/page"}],"author":[{"embeddable":true,"href":"https:\/\/www.mercuryeng.com\/de\/wp-json\/wp\/v2\/users\/1"}],"replies":[{"embeddable":true,"href":"https:\/\/www.mercuryeng.com\/de\/wp-json\/wp\/v2\/comments?post=12627"}],"version-history":[{"count":2,"href":"https:\/\/www.mercuryeng.com\/de\/wp-json\/wp\/v2\/pages\/12627\/revisions"}],"predecessor-version":[{"id":13538,"href":"https:\/\/www.mercuryeng.com\/de\/wp-json\/wp\/v2\/pages\/12627\/revisions\/13538"}],"up":[{"embeddable":true,"href":"https:\/\/www.mercuryeng.com\/de\/wp-json\/wp\/v2\/pages\/12624"}],"wp:attachment":[{"href":"https:\/\/www.mercuryeng.com\/de\/wp-json\/wp\/v2\/media?parent=12627"}],"curies":[{"name":"wp","href":"https:\/\/api.w.org\/{rel}","templated":true}]}}