{"id":12525,"date":"2019-04-25T14:06:44","date_gmt":"2019-04-25T14:06:44","guid":{"rendered":"https:\/\/www.mercuryeng.com\/karriere\/unsolicited-applications\/"},"modified":"2024-03-06T10:38:33","modified_gmt":"2024-03-06T10:38:33","slug":"initiativbewerbungen","status":"publish","type":"page","link":"https:\/\/www.mercuryeng.com\/de\/karriere\/initiativbewerbungen\/","title":{"rendered":"Initiativbewerbungen"},"content":{"rendered":"<h3><img loading=\"lazy\" decoding=\"async\" class=\"alignright wp-image-13067\" src=\"\/wp-content\/uploads\/2023\/01\/Mercury-Telehouse-Data-Centre-Docklands-London-Photographer-Simon-Callaghan-Photography-208-2.jpg\" alt=\"Zwei Mercury-Mitarbeiter\" width=\"500\" height=\"333\" \/>Initiativbewerbungen<\/h3>\n<p class=\"intro\">Wir freuen uns immer \u00fcber Bewerbungen f\u00fcr k\u00fcnftige freie Stellen und M\u00f6glichkeiten.<\/p>\n<p>Bitte klicken Sie auf den nachstehenden Link, f\u00fcllen Sie das Bewerbungsformular aus und reichen Sie Ihren Lebenslauf ein, um f\u00fcr k\u00fcnftige Stellen ber\u00fccksichtigt zu werden.<\/p>\n<p><a class=\"btn-black-outline\" href=\"https:\/\/www.mercuryeng.com\/de\/karriere\/jobs-erkunden\/?job=143581\">Allgemeine Anwendungen<\/a><\/p>\n","protected":false},"excerpt":{"rendered":"<p>Initiativbewerbungen Wir freuen uns immer \u00fcber Bewerbungen f\u00fcr k\u00fcnftige freie Stellen und M\u00f6glichkeiten. Bitte klicken Sie auf den nachstehenden Link, f\u00fcllen Sie das Bewerbungsformular aus und reichen Sie Ihren Lebenslauf ein, um f\u00fcr k\u00fcnftige Stellen ber\u00fccksichtigt zu werden. Allgemeine Anwendungen<\/p>\n","protected":false},"author":1,"featured_media":0,"parent":12488,"menu_order":9,"comment_status":"closed","ping_status":"closed","template":"","meta":{"_acf_changed":false,"footnotes":""},"class_list":["post-12525","page","type-page","status-publish","hentry"],"acf":[],"yoast_head":"<!-- This site is optimized with the Yoast SEO plugin v27.3 - https:\/\/yoast.com\/product\/yoast-seo-wordpress\/ -->\n<title>Initiativbewerbungen - Mercury Engineering<\/title>\n<meta name=\"description\" content=\"Wir freuen uns immer \u00fcber Bewerber f\u00fcr k\u00fcnftige Stellenausschreibungen. Bitte reichen Sie Ihren Lebenslauf ein, um ber\u00fccksichtigt zu werden\" \/>\n<meta name=\"robots\" content=\"index, follow, max-snippet:-1, max-image-preview:large, max-video-preview:-1\" \/>\n<link rel=\"canonical\" href=\"https:\/\/www.mercuryeng.com\/de\/karriere\/initiativbewerbungen\/\" \/>\n<meta property=\"og:locale\" content=\"de_DE\" \/>\n<meta property=\"og:type\" content=\"article\" \/>\n<meta property=\"og:title\" content=\"Initiativbewerbungen - Mercury Engineering\" \/>\n<meta property=\"og:description\" content=\"Wir freuen uns immer \u00fcber Bewerber f\u00fcr k\u00fcnftige Stellenausschreibungen. Bitte reichen Sie Ihren Lebenslauf ein, um ber\u00fccksichtigt zu werden\" \/>\n<meta property=\"og:url\" content=\"https:\/\/www.mercuryeng.com\/de\/karriere\/initiativbewerbungen\/\" \/>\n<meta property=\"og:site_name\" content=\"Mercury Engineering\" \/>\n<meta property=\"article:modified_time\" content=\"2024-03-06T10:38:33+00:00\" \/>\n<meta name=\"twitter:card\" content=\"summary_large_image\" \/>\n<meta name=\"twitter:label1\" content=\"Gesch\u00e4tzte Lesezeit\" \/>\n\t<meta name=\"twitter:data1\" content=\"1 Minute\" \/>\n<script type=\"application\/ld+json\" class=\"yoast-schema-graph\">{\"@context\":\"https:\\\/\\\/schema.org\",\"@graph\":[{\"@type\":\"WebPage\",\"@id\":\"https:\\\/\\\/www.mercuryeng.com\\\/de\\\/karriere\\\/initiativbewerbungen\\\/\",\"url\":\"https:\\\/\\\/www.mercuryeng.com\\\/de\\\/karriere\\\/initiativbewerbungen\\\/\",\"name\":\"Initiativbewerbungen - Mercury Engineering\",\"isPartOf\":{\"@id\":\"https:\\\/\\\/www.mercuryeng.com\\\/de\\\/#website\"},\"datePublished\":\"2019-04-25T14:06:44+00:00\",\"dateModified\":\"2024-03-06T10:38:33+00:00\",\"description\":\"Wir freuen uns immer \u00fcber Bewerber f\u00fcr k\u00fcnftige Stellenausschreibungen. Bitte reichen Sie Ihren Lebenslauf ein, um ber\u00fccksichtigt zu werden\",\"breadcrumb\":{\"@id\":\"https:\\\/\\\/www.mercuryeng.com\\\/de\\\/karriere\\\/initiativbewerbungen\\\/#breadcrumb\"},\"inLanguage\":\"de-DE\",\"potentialAction\":[{\"@type\":\"ReadAction\",\"target\":[\"https:\\\/\\\/www.mercuryeng.com\\\/de\\\/karriere\\\/initiativbewerbungen\\\/\"]}]},{\"@type\":\"BreadcrumbList\",\"@id\":\"https:\\\/\\\/www.mercuryeng.com\\\/de\\\/karriere\\\/initiativbewerbungen\\\/#breadcrumb\",\"itemListElement\":[{\"@type\":\"ListItem\",\"position\":1,\"name\":\"Home\",\"item\":\"https:\\\/\\\/www.mercuryeng.com\\\/de\\\/\"},{\"@type\":\"ListItem\",\"position\":2,\"name\":\"Karriere\",\"item\":\"https:\\\/\\\/www.mercuryeng.com\\\/de\\\/karriere\\\/\"},{\"@type\":\"ListItem\",\"position\":3,\"name\":\"Initiativbewerbungen\"}]},{\"@type\":\"WebSite\",\"@id\":\"https:\\\/\\\/www.mercuryeng.com\\\/de\\\/#website\",\"url\":\"https:\\\/\\\/www.mercuryeng.com\\\/de\\\/\",\"name\":\"Mercury Engineering\",\"description\":\"Ihre Vision, unsere Verpflichtung.\",\"potentialAction\":[{\"@type\":\"SearchAction\",\"target\":{\"@type\":\"EntryPoint\",\"urlTemplate\":\"https:\\\/\\\/www.mercuryeng.com\\\/de\\\/?s={search_term_string}\"},\"query-input\":{\"@type\":\"PropertyValueSpecification\",\"valueRequired\":true,\"valueName\":\"search_term_string\"}}],\"inLanguage\":\"de-DE\"}]}<\/script>\n<!-- \/ Yoast SEO plugin. -->","yoast_head_json":{"title":"Initiativbewerbungen - Mercury Engineering","description":"Wir freuen uns immer \u00fcber Bewerber f\u00fcr k\u00fcnftige Stellenausschreibungen. Bitte reichen Sie Ihren Lebenslauf ein, um ber\u00fccksichtigt zu werden","robots":{"index":"index","follow":"follow","max-snippet":"max-snippet:-1","max-image-preview":"max-image-preview:large","max-video-preview":"max-video-preview:-1"},"canonical":"https:\/\/www.mercuryeng.com\/de\/karriere\/initiativbewerbungen\/","og_locale":"de_DE","og_type":"article","og_title":"Initiativbewerbungen - Mercury Engineering","og_description":"Wir freuen uns immer \u00fcber Bewerber f\u00fcr k\u00fcnftige Stellenausschreibungen. Bitte reichen Sie Ihren Lebenslauf ein, um ber\u00fccksichtigt zu werden","og_url":"https:\/\/www.mercuryeng.com\/de\/karriere\/initiativbewerbungen\/","og_site_name":"Mercury Engineering","article_modified_time":"2024-03-06T10:38:33+00:00","twitter_card":"summary_large_image","twitter_misc":{"Gesch\u00e4tzte Lesezeit":"1 Minute"},"schema":{"@context":"https:\/\/schema.org","@graph":[{"@type":"WebPage","@id":"https:\/\/www.mercuryeng.com\/de\/karriere\/initiativbewerbungen\/","url":"https:\/\/www.mercuryeng.com\/de\/karriere\/initiativbewerbungen\/","name":"Initiativbewerbungen - Mercury Engineering","isPartOf":{"@id":"https:\/\/www.mercuryeng.com\/de\/#website"},"datePublished":"2019-04-25T14:06:44+00:00","dateModified":"2024-03-06T10:38:33+00:00","description":"Wir freuen uns immer \u00fcber Bewerber f\u00fcr k\u00fcnftige Stellenausschreibungen. Bitte reichen Sie Ihren Lebenslauf ein, um ber\u00fccksichtigt zu werden","breadcrumb":{"@id":"https:\/\/www.mercuryeng.com\/de\/karriere\/initiativbewerbungen\/#breadcrumb"},"inLanguage":"de-DE","potentialAction":[{"@type":"ReadAction","target":["https:\/\/www.mercuryeng.com\/de\/karriere\/initiativbewerbungen\/"]}]},{"@type":"BreadcrumbList","@id":"https:\/\/www.mercuryeng.com\/de\/karriere\/initiativbewerbungen\/#breadcrumb","itemListElement":[{"@type":"ListItem","position":1,"name":"Home","item":"https:\/\/www.mercuryeng.com\/de\/"},{"@type":"ListItem","position":2,"name":"Karriere","item":"https:\/\/www.mercuryeng.com\/de\/karriere\/"},{"@type":"ListItem","position":3,"name":"Initiativbewerbungen"}]},{"@type":"WebSite","@id":"https:\/\/www.mercuryeng.com\/de\/#website","url":"https:\/\/www.mercuryeng.com\/de\/","name":"Mercury Engineering","description":"Ihre Vision, unsere Verpflichtung.","potentialAction":[{"@type":"SearchAction","target":{"@type":"EntryPoint","urlTemplate":"https:\/\/www.mercuryeng.com\/de\/?s={search_term_string}"},"query-input":{"@type":"PropertyValueSpecification","valueRequired":true,"valueName":"search_term_string"}}],"inLanguage":"de-DE"}]}},"_links":{"self":[{"href":"https:\/\/www.mercuryeng.com\/de\/wp-json\/wp\/v2\/pages\/12525","targetHints":{"allow":["GET"]}}],"collection":[{"href":"https:\/\/www.mercuryeng.com\/de\/wp-json\/wp\/v2\/pages"}],"about":[{"href":"https:\/\/www.mercuryeng.com\/de\/wp-json\/wp\/v2\/types\/page"}],"author":[{"embeddable":true,"href":"https:\/\/www.mercuryeng.com\/de\/wp-json\/wp\/v2\/users\/1"}],"replies":[{"embeddable":true,"href":"https:\/\/www.mercuryeng.com\/de\/wp-json\/wp\/v2\/comments?post=12525"}],"version-history":[{"count":5,"href":"https:\/\/www.mercuryeng.com\/de\/wp-json\/wp\/v2\/pages\/12525\/revisions"}],"predecessor-version":[{"id":15214,"href":"https:\/\/www.mercuryeng.com\/de\/wp-json\/wp\/v2\/pages\/12525\/revisions\/15214"}],"up":[{"embeddable":true,"href":"https:\/\/www.mercuryeng.com\/de\/wp-json\/wp\/v2\/pages\/12488"}],"wp:attachment":[{"href":"https:\/\/www.mercuryeng.com\/de\/wp-json\/wp\/v2\/media?parent=12525"}],"curies":[{"name":"wp","href":"https:\/\/api.w.org\/{rel}","templated":true}]}}