{"id":12524,"date":"2019-04-04T09:55:46","date_gmt":"2019-04-04T09:55:46","guid":{"rendered":"https:\/\/www.mercuryeng.com\/karriere\/learning-development\/graduate-programmes\/"},"modified":"2023-02-14T11:22:22","modified_gmt":"2023-02-14T11:22:22","slug":"graduiertenprogramme","status":"publish","type":"page","link":"https:\/\/www.mercuryeng.com\/de\/karriere\/lernen-und-entwicklung\/graduiertenprogramme\/","title":{"rendered":"Graduiertenprogramme"},"content":{"rendered":"<h3>Graduiertenprogramme<\/h3>\n<p>Bei Mercury haben wir uns verpflichtet, die besten Mitarbeiter einzustellen und sie zu den F\u00fchrungskr\u00e4ften von morgen zu entwickeln. Wir investieren in die Ausbildung und Entwicklung unseres Teams und bieten Ihnen die Unterst\u00fctzung und Erfahrung, die Sie ben\u00f6tigen, um Ihr Potenzial auszusch\u00f6pfen.<\/p>\n<p>Unser Programm f\u00fcr Hochschulabsolventen hat sich als sehr erfolgreich erwiesen, da es unseren Absolventen erm\u00f6glicht, die entscheidenden F\u00e4higkeiten und Kompetenzen zu entwickeln, die f\u00fcr eine dauerhafte Karriere bei uns erforderlich sind. Wir sind bestrebt, neue F\u00e4higkeiten und Kenntnisse durch eine Kombination aus Vor-Ort-, B\u00fcro- und projektspezifischer Erfahrung, Erfahrungslernen und formaler Ausbildung zu vermitteln und zu f\u00f6rdern, sodass unsere Absolventen Einblicke und Erfahrungen im gesamten Unternehmen erhalten.<\/p>\n<p>Mercury ist von Grad Ireland als einer der f\u00fchrenden Arbeitgeber f\u00fcr Hochschulabsolventen in Irland anerkannt worden und hat in diesem Jahr insgesamt 51 Hochschulabsolventen eingestellt.<\/p>\n<p>Wir sind entschlossen, die Zahl der Hochschulabsolventen auch in diesem Jahr zu erh\u00f6hen und wollen ein lohnendes und anspruchsvolles Programm mit einer Vielzahl von interessanten Stellen f\u00fcr Hochschulabsolventen im gesamten Unternehmen anbieten.<\/p>\n<p>Unser strukturiertes Ausbildungs- und Graduiertenprogramm dauert achtzehn Monate. Das Entwicklungsprogramm ist so konzipiert, dass es den Anforderungen der Arbeitswelt entspricht, wie sie von den Absolventen erlebt werden. Die Kurse werden von externen und internen Fachleuten in einer speziellen Lernumgebung durchgef\u00fchrt. Wir haben eine enge Verbindung zu Engineers Ireland und unterst\u00fctzen Absolventen, die den Chartered-Status in ihrem jeweiligen Fachgebiet anstreben.<\/p>\n<p><a class=\"btn-black-outline\" href=\"https:\/\/www.mercuryeng.com\/de\/karriere\/jobs-erkunden\/?job=145723\" target=\"_blank\" rel=\"noopener\">Hier klicken, um sich f\u00fcr das Graduiertenprogramm 2022 von Mercury zu bewerben<\/a><\/p>\n<p><em><b>Mercury hat in diesem Jahr mit 58 Hochschulabsolventen die bisher gr\u00f6\u00dfte Zahl von Mitarbeitern eingestellt und baut das Programm im kommenden Jahr weiter aus.<\/b><\/em><\/p>\n<p><em><strong>Unsere Stellen sind in den folgenden Bereichen zu besetzen:<\/strong><\/em><\/p>\n<ul>\n<li>Technik (Maschinenbau, Elektrotechnik, CSA und Brandschutz)<\/li>\n<li>Planung<\/li>\n<li>Kaufm\u00e4nnisch \/ Vermessungswesen (QS)<\/li>\n<li>Umwelt, Gesundheit und Sicherheit<\/li>\n<li>Qualit\u00e4tssicherung (QA)<\/li>\n<li>Rechtliches<\/li>\n<li>Finanzen<\/li>\n<li>Personalwesen<\/li>\n<li>Kostenvoranschlag und Marketing<\/li>\n<li>Marke und Kommunikation<\/li>\n<li>Unternehmensstrategie und Risikomanagement<\/li>\n<li>IT-\/Business-Analysten<\/li>\n<\/ul>\n<p><img loading=\"lazy\" decoding=\"async\" class=\"alignnone wp-image-3463 size-large\" src=\"\/wp-content\/uploads\/2020\/02\/slide7-3-1000x613.png\" alt=\"Baugewerbe mit der M\u00f6glichkeit eines Graduiertenprogramms\" width=\"1000\" height=\"613\" srcset=\"https:\/\/www.mercuryeng.com\/wp-content\/uploads\/2020\/02\/slide7-3-1000x613.png 1000w, https:\/\/www.mercuryeng.com\/wp-content\/uploads\/2020\/02\/slide7-3-350x215.png 350w, https:\/\/www.mercuryeng.com\/wp-content\/uploads\/2020\/02\/slide7-3-700x429.png 700w, https:\/\/www.mercuryeng.com\/wp-content\/uploads\/2020\/02\/slide7-3-1536x941.png 1536w, https:\/\/www.mercuryeng.com\/wp-content\/uploads\/2020\/02\/slide7-3-2048x1255.png 2048w\" sizes=\"auto, (max-width: 1000px) 100vw, 1000px\" \/><\/p>\n<hr \/>\n<h4>Unser Graduiertenprogramm Umfasst:<\/h4>\n<ul>\n<li>Einf\u00fchrungsprogramm<\/li>\n<li>Projektleitung<\/li>\n<li>Pr\u00e4sentationsf\u00e4higkeiten<\/li>\n<li>Technische SAP-Schulung<\/li>\n<li>Technische Seminare<\/li>\n<li>Wirksamkeit der Geb\u00e4ude<\/li>\n<li>Teambildung<\/li>\n<li>Zeitmanagement<\/li>\n<li>Planning skills<\/li>\n<li>Kommunikationsf\u00e4higkeit<\/li>\n<li>Kooperatives Arbeiten<\/li>\n<li>Emotionale Intelligenz<\/li>\n<li>Gruppenforschungsprojekt<\/li>\n<\/ul>\n<p>Ein wichtiger Aspekt des Entwicklungsprogramms ist die Durchf\u00fchrung eines Gruppenforschungsprojekts. Die Absolventen werden in kleine Gruppen von vier oder f\u00fcnf Personen aufgeteilt und mit einem strategischen Unternehmensprojekt betraut, zu dem sie Untersuchungen durchf\u00fchren und ihre Ergebnisse der Gesch\u00e4ftsleitung pr\u00e4sentieren. Alle Themen werden von der Gesch\u00e4ftsleitung ausgew\u00e4hlt und sind f\u00fcr das Gesch\u00e4ft von Mercury relevant.<\/p>\n<h4>Unser Programm:<\/h4>\n<ul>\n<li>Entwickelt Hochschulabsolventen so, dass sie in ihrer Rolle maximale Effektivit\u00e4t erreichen<\/li>\n<li>Entwickelt eine flexible und vielseitig qualifizierte Belegschaft, die in der Lage ist, rasch auf sich \u00e4ndernde Gesch\u00e4ftsanforderungen zu reagieren<\/li>\n<li>Entwickelt, motiviert und bindet unsere Absolventen<\/li>\n<li>Vermittelt F\u00e4higkeiten f\u00fcr zuk\u00fcnftige Innovationen innerhalb von Mercury<\/li>\n<li>Maximiert das Wissen und die Erfahrung innerhalb unseres Unternehmens und stellt sicher, dass dieses Wissen erfasst, aktualisiert und effektiv verbreitet wird<\/li>\n<\/ul>\n<p><a class=\"btn-black-outline\" href=\"https:\/\/www.mercuryeng.com\/de\/karriere\/jobs-erkunden\/?job=144853\">Aktuelle M\u00f6glichkeiten<\/a><\/p>\n","protected":false},"excerpt":{"rendered":"<p>Graduiertenprogramme Bei Mercury haben wir uns verpflichtet, die besten Mitarbeiter einzustellen und sie zu den F\u00fchrungskr\u00e4ften von morgen zu entwickeln. Wir investieren in die Ausbildung und Entwicklung unseres Teams und bieten Ihnen die Unterst\u00fctzung und Erfahrung, die Sie ben\u00f6tigen, um Ihr Potenzial auszusch\u00f6pfen. Unser Programm f\u00fcr Hochschulabsolventen hat sich als sehr erfolgreich erwiesen, da es [&hellip;]<\/p>\n","protected":false},"author":1,"featured_media":0,"parent":12521,"menu_order":3,"comment_status":"closed","ping_status":"closed","template":"","meta":{"_acf_changed":false,"footnotes":""},"class_list":["post-12524","page","type-page","status-publish","hentry"],"acf":[],"yoast_head":"<!-- This site is optimized with the Yoast SEO plugin v27.4 - https:\/\/yoast.com\/product\/yoast-seo-wordpress\/ -->\n<title>Graduiertenprogramme - Mercury Engineering<\/title>\n<meta name=\"description\" content=\"Mercury rekrutiert die besten Mitarbeiter und entwickelt sie zu den F\u00fchrungskr\u00e4ften von morgen.\" \/>\n<meta name=\"robots\" content=\"index, follow, max-snippet:-1, max-image-preview:large, max-video-preview:-1\" \/>\n<link rel=\"canonical\" href=\"https:\/\/www.mercuryeng.com\/de\/karriere\/lernen-und-entwicklung\/graduiertenprogramme\/\" \/>\n<meta property=\"og:locale\" content=\"de_DE\" \/>\n<meta property=\"og:type\" content=\"article\" \/>\n<meta property=\"og:title\" content=\"Graduiertenprogramme - Mercury Engineering\" \/>\n<meta property=\"og:description\" content=\"Mercury rekrutiert die besten Mitarbeiter und entwickelt sie zu den F\u00fchrungskr\u00e4ften von morgen.\" \/>\n<meta property=\"og:url\" content=\"https:\/\/www.mercuryeng.com\/de\/karriere\/lernen-und-entwicklung\/graduiertenprogramme\/\" \/>\n<meta property=\"og:site_name\" content=\"Mercury Engineering\" \/>\n<meta property=\"article:modified_time\" content=\"2023-02-14T11:22:22+00:00\" \/>\n<meta name=\"twitter:card\" content=\"summary_large_image\" \/>\n<meta name=\"twitter:label1\" content=\"Gesch\u00e4tzte Lesezeit\" \/>\n\t<meta name=\"twitter:data1\" content=\"3 Minuten\" \/>\n<script type=\"application\/ld+json\" class=\"yoast-schema-graph\">{\"@context\":\"https:\\\/\\\/schema.org\",\"@graph\":[{\"@type\":\"WebPage\",\"@id\":\"https:\\\/\\\/www.mercuryeng.com\\\/de\\\/karriere\\\/lernen-und-entwicklung\\\/graduiertenprogramme\\\/\",\"url\":\"https:\\\/\\\/www.mercuryeng.com\\\/de\\\/karriere\\\/lernen-und-entwicklung\\\/graduiertenprogramme\\\/\",\"name\":\"Graduiertenprogramme - Mercury Engineering\",\"isPartOf\":{\"@id\":\"https:\\\/\\\/www.mercuryeng.com\\\/de\\\/#website\"},\"datePublished\":\"2019-04-04T09:55:46+00:00\",\"dateModified\":\"2023-02-14T11:22:22+00:00\",\"description\":\"Mercury rekrutiert die besten Mitarbeiter und entwickelt sie zu den F\u00fchrungskr\u00e4ften von morgen.\",\"breadcrumb\":{\"@id\":\"https:\\\/\\\/www.mercuryeng.com\\\/de\\\/karriere\\\/lernen-und-entwicklung\\\/graduiertenprogramme\\\/#breadcrumb\"},\"inLanguage\":\"de-DE\",\"potentialAction\":[{\"@type\":\"ReadAction\",\"target\":[\"https:\\\/\\\/www.mercuryeng.com\\\/de\\\/karriere\\\/lernen-und-entwicklung\\\/graduiertenprogramme\\\/\"]}]},{\"@type\":\"BreadcrumbList\",\"@id\":\"https:\\\/\\\/www.mercuryeng.com\\\/de\\\/karriere\\\/lernen-und-entwicklung\\\/graduiertenprogramme\\\/#breadcrumb\",\"itemListElement\":[{\"@type\":\"ListItem\",\"position\":1,\"name\":\"Home\",\"item\":\"https:\\\/\\\/www.mercuryeng.com\\\/de\\\/\"},{\"@type\":\"ListItem\",\"position\":2,\"name\":\"Karriere\",\"item\":\"https:\\\/\\\/www.mercuryeng.com\\\/de\\\/karriere\\\/\"},{\"@type\":\"ListItem\",\"position\":3,\"name\":\"Lernen und Entwicklung\",\"item\":\"https:\\\/\\\/www.mercuryeng.com\\\/de\\\/karriere\\\/lernen-und-entwicklung\\\/\"},{\"@type\":\"ListItem\",\"position\":4,\"name\":\"Graduiertenprogramme\"}]},{\"@type\":\"WebSite\",\"@id\":\"https:\\\/\\\/www.mercuryeng.com\\\/de\\\/#website\",\"url\":\"https:\\\/\\\/www.mercuryeng.com\\\/de\\\/\",\"name\":\"Mercury Engineering\",\"description\":\"Ihre Vision, unsere Verpflichtung.\",\"potentialAction\":[{\"@type\":\"SearchAction\",\"target\":{\"@type\":\"EntryPoint\",\"urlTemplate\":\"https:\\\/\\\/www.mercuryeng.com\\\/de\\\/?s={search_term_string}\"},\"query-input\":{\"@type\":\"PropertyValueSpecification\",\"valueRequired\":true,\"valueName\":\"search_term_string\"}}],\"inLanguage\":\"de-DE\"}]}<\/script>\n<!-- \/ Yoast SEO plugin. -->","yoast_head_json":{"title":"Graduiertenprogramme - Mercury Engineering","description":"Mercury rekrutiert die besten Mitarbeiter und entwickelt sie zu den F\u00fchrungskr\u00e4ften von morgen.","robots":{"index":"index","follow":"follow","max-snippet":"max-snippet:-1","max-image-preview":"max-image-preview:large","max-video-preview":"max-video-preview:-1"},"canonical":"https:\/\/www.mercuryeng.com\/de\/karriere\/lernen-und-entwicklung\/graduiertenprogramme\/","og_locale":"de_DE","og_type":"article","og_title":"Graduiertenprogramme - Mercury Engineering","og_description":"Mercury rekrutiert die besten Mitarbeiter und entwickelt sie zu den F\u00fchrungskr\u00e4ften von morgen.","og_url":"https:\/\/www.mercuryeng.com\/de\/karriere\/lernen-und-entwicklung\/graduiertenprogramme\/","og_site_name":"Mercury Engineering","article_modified_time":"2023-02-14T11:22:22+00:00","twitter_card":"summary_large_image","twitter_misc":{"Gesch\u00e4tzte Lesezeit":"3 Minuten"},"schema":{"@context":"https:\/\/schema.org","@graph":[{"@type":"WebPage","@id":"https:\/\/www.mercuryeng.com\/de\/karriere\/lernen-und-entwicklung\/graduiertenprogramme\/","url":"https:\/\/www.mercuryeng.com\/de\/karriere\/lernen-und-entwicklung\/graduiertenprogramme\/","name":"Graduiertenprogramme - Mercury Engineering","isPartOf":{"@id":"https:\/\/www.mercuryeng.com\/de\/#website"},"datePublished":"2019-04-04T09:55:46+00:00","dateModified":"2023-02-14T11:22:22+00:00","description":"Mercury rekrutiert die besten Mitarbeiter und entwickelt sie zu den F\u00fchrungskr\u00e4ften von morgen.","breadcrumb":{"@id":"https:\/\/www.mercuryeng.com\/de\/karriere\/lernen-und-entwicklung\/graduiertenprogramme\/#breadcrumb"},"inLanguage":"de-DE","potentialAction":[{"@type":"ReadAction","target":["https:\/\/www.mercuryeng.com\/de\/karriere\/lernen-und-entwicklung\/graduiertenprogramme\/"]}]},{"@type":"BreadcrumbList","@id":"https:\/\/www.mercuryeng.com\/de\/karriere\/lernen-und-entwicklung\/graduiertenprogramme\/#breadcrumb","itemListElement":[{"@type":"ListItem","position":1,"name":"Home","item":"https:\/\/www.mercuryeng.com\/de\/"},{"@type":"ListItem","position":2,"name":"Karriere","item":"https:\/\/www.mercuryeng.com\/de\/karriere\/"},{"@type":"ListItem","position":3,"name":"Lernen und Entwicklung","item":"https:\/\/www.mercuryeng.com\/de\/karriere\/lernen-und-entwicklung\/"},{"@type":"ListItem","position":4,"name":"Graduiertenprogramme"}]},{"@type":"WebSite","@id":"https:\/\/www.mercuryeng.com\/de\/#website","url":"https:\/\/www.mercuryeng.com\/de\/","name":"Mercury Engineering","description":"Ihre Vision, unsere Verpflichtung.","potentialAction":[{"@type":"SearchAction","target":{"@type":"EntryPoint","urlTemplate":"https:\/\/www.mercuryeng.com\/de\/?s={search_term_string}"},"query-input":{"@type":"PropertyValueSpecification","valueRequired":true,"valueName":"search_term_string"}}],"inLanguage":"de-DE"}]}},"_links":{"self":[{"href":"https:\/\/www.mercuryeng.com\/de\/wp-json\/wp\/v2\/pages\/12524","targetHints":{"allow":["GET"]}}],"collection":[{"href":"https:\/\/www.mercuryeng.com\/de\/wp-json\/wp\/v2\/pages"}],"about":[{"href":"https:\/\/www.mercuryeng.com\/de\/wp-json\/wp\/v2\/types\/page"}],"author":[{"embeddable":true,"href":"https:\/\/www.mercuryeng.com\/de\/wp-json\/wp\/v2\/users\/1"}],"replies":[{"embeddable":true,"href":"https:\/\/www.mercuryeng.com\/de\/wp-json\/wp\/v2\/comments?post=12524"}],"version-history":[{"count":3,"href":"https:\/\/www.mercuryeng.com\/de\/wp-json\/wp\/v2\/pages\/12524\/revisions"}],"predecessor-version":[{"id":13573,"href":"https:\/\/www.mercuryeng.com\/de\/wp-json\/wp\/v2\/pages\/12524\/revisions\/13573"}],"up":[{"embeddable":true,"href":"https:\/\/www.mercuryeng.com\/de\/wp-json\/wp\/v2\/pages\/12521"}],"wp:attachment":[{"href":"https:\/\/www.mercuryeng.com\/de\/wp-json\/wp\/v2\/media?parent=12524"}],"curies":[{"name":"wp","href":"https:\/\/api.w.org\/{rel}","templated":true}]}}