{"id":12523,"date":"2019-04-04T09:55:56","date_gmt":"2019-04-04T09:55:56","guid":{"rendered":"https:\/\/www.mercuryeng.com\/karriere\/learning-development\/apprenticeships\/"},"modified":"2023-02-14T11:39:38","modified_gmt":"2023-02-14T11:39:38","slug":"lehrlingsausbildung","status":"publish","type":"page","link":"https:\/\/www.mercuryeng.com\/de\/karriere\/lernen-und-entwicklung\/lehrlingsausbildung\/","title":{"rendered":"Lehrlingsausbildung"},"content":{"rendered":"<h3>Lehrlingsausbildung<\/h3>\n<p><img loading=\"lazy\" decoding=\"async\" class=\"alignright wp-image-9051 size-medium\" src=\"\/wp-content\/uploads\/2022\/09\/047-233x350.jpg\" alt=\"Karriere bei Mercury \u2013 Lehrling\" width=\"200\" height=\"300\" srcset=\"https:\/\/www.mercuryeng.com\/wp-content\/uploads\/2022\/09\/047-233x350.jpg 233w, https:\/\/www.mercuryeng.com\/wp-content\/uploads\/2022\/09\/047-667x1000.jpg 667w, https:\/\/www.mercuryeng.com\/wp-content\/uploads\/2022\/09\/047-467x700.jpg 467w, https:\/\/www.mercuryeng.com\/wp-content\/uploads\/2022\/09\/047.jpg 1000w\" sizes=\"auto, (max-width: 200px) 100vw, 200px\" \/><\/p>\n<p class=\"intro\">Mercury ist einer der gr\u00f6\u00dften Arbeitgeber f\u00fcr Auszubildende im Bereich Mechanik und Elektrotechnik in Irland. Nach erfolgreichem Abschluss der Ausbildung erhalten die Auszubildenden ein nationales Handwerkszertifikat des Further Education and Training Awards Council (FETAC). Dieses Zertifikat ist national und international anerkannt und ist eine obligatorische Voraussetzung f\u00fcr den Handwerkerstatus.<\/p>\n<p>Die Entwicklung, Ausbildung und Betreuung der Auszubildenden bei Mercury ist einzigartig auf dem Markt. Mercury w\u00fcrdigt den Beitrag der Auszubildenden f\u00fcr eine gut gemachte Arbeit durch unsere j\u00e4hrlichen Apprentice Recognition Awards. Die Auszubildenden genie\u00dfen eine abwechslungsreiche vierj\u00e4hrige Ausbildung in einer Vielzahl verschiedener Sektoren, darunter Unternehmens- und Hyperscale-Rechenzentren, Biowissenschaften und Technologie, Geb\u00e4udetechnik, Gesundheitswesen, TSS und Brandschutz.<\/p>\n<p>Nach Abschluss der Ausbildung verpflichtet sich Mercury, eine Reihe au\u00dfergew\u00f6hnlicher, neu qualifizierter Handwerker in das Unternehmen aufzunehmen, damit sie ihre Karriere bei uns weiter entwickeln k\u00f6nnen. Bei Mercury sind wir stolz auf die Anzahl und die Qualit\u00e4t der Auszubildenden, die ihre Ausbildung bei uns absolviert haben. Mercury ist sich der Notwendigkeit bewusst, seine Mitarbeiter \u00fcber die neuesten technischen Entwicklungen in ihrem Bereich zu informieren und weiterzubilden.<\/p>\n<p>Im Laufe der Ausbildung muss der Auszubildende an einer Einf\u00fchrungs- und Fortbildungsma\u00dfnahme in unserem speziellen Apprentice Development Centre in Dublin teilnehmen, das College besuchen und an konkreten Projekten arbeiten.<\/p>\n<hr \/>\n<h5>Mercury-Kriterien:<\/h5>\n<figure id=\"attachment_5034\" aria-describedby=\"caption-attachment-5034\" style=\"width: 500px\" class=\"wp-caption alignright\"><img loading=\"lazy\" decoding=\"async\" class=\"wp-image-5034\" src=\"\/wp-content\/uploads\/2020\/09\/DSC_0050-667x1000.jpg\" alt=\"Ein Lehrling in unserem Lehrlingsentwicklungszentrum\" width=\"500\" height=\"750\" \/><figcaption id=\"caption-attachment-5034\" class=\"wp-caption-text\">Ein Lehrling in unserem Lehrlingsentwicklungszentrum<\/figcaption><\/figure>\n<p><strong>Wichtigste Aufgaben und Zust\u00e4ndigkeiten in der Lehrlingsausbildung<\/strong><\/p>\n<ul>\n<li>Abteilung: Elektrisch und mechanisch<\/li>\n<li>Untersteht dem Vorarbeiter<\/li>\n<li>Arbeitszeiten: 39 Stunden pro Woche und \u00dcberstunden auf Anfrage<\/li>\n<li>Die Lehrlingsausbildung unterliegt dem SOLAS-\u00dcbereinkommen und basiert auf Normen. W\u00e4hrend Ihrer Lehrzeit m\u00fcssen Sie eine bestimmte Ausbildung absolvieren und sich einer Reihe von Beurteilungen unterziehen, um zu best\u00e4tigen, dass Sie das erforderliche Niveau erreicht haben<\/li>\n<li>Die Ausbildung besteht aus 7 Phasen: 3 au\u00dferhalb des Arbeitsplatzes und 4 am Arbeitsplatz. SOLAS und das Ministerium f\u00fcr Bildung und Wissenschaft sind f\u00fcr die Ausbildung au\u00dferhalb des Arbeitsplatzes zust\u00e4ndig, w\u00e4hrend die Ausbildung am Arbeitsplatz vor Ort bei Mercury stattfindet. W\u00e4hrend der Ausbildung au\u00dferhalb des Arbeitsplatzes muss der Auszubildende ein Portfolio und eine Reihe von Pr\u00fcfungen (Theorie und Praxis) ablegen.<\/li>\n<li>Alle Lehrlingstarife stehen im Einklang mit den Besch\u00e4ftigungsordnungen f\u00fcr den Elektro- und Mechaniksektor.<\/li>\n<\/ul>\n<p><strong><u>Alle Bewerbungen um einen Ausbildungsplatz m\u00fcssen mit den drei unten aufgef\u00fchrten obligatorischen Anforderungen eingereicht werden. Vorstellungsgespr\u00e4che ohne diese Anforderungen werden nicht ber\u00fccksichtigt.<\/u><\/strong><\/p>\n<ul>\n<li>Reichen Sie einen Ishihara-Farbsehtest ein. <a href=\"\/wp-content\/uploads\/2020\/11\/Solas-Color-Test.pdf\" target=\"_blank\" rel=\"noopener noreferrer\">Klicken Sie hier, um das Formular herunterzuladen<\/a><\/li>\n<li>Besitz einer g\u00fcltigen Sicherheitskarte<\/li>\n<li>Besitz eines g\u00fcltigen Zertifikats in manueller Handhabung<\/li>\n<\/ul>\n<p><strong>Auszubildende Elektriker<\/strong><\/p>\n<ul>\n<li>Mindestens 17 Jahre alt<\/li>\n<li>Abschlusszeugnis oder gleichwertiger Standard<\/li>\n<li>F\u00fcnf bestandene Pr\u00fcfungen im Abschlusszeugnis (davon zwei in Mathematik und Englisch)<\/li>\n<li>Vorbehaltlich eines Vorstellungsgespr\u00e4chs und einer \u00dcberpr\u00fcfung der Referenzen<\/li>\n<li>O6\u2013O1 in Mathematik im Abschlusszeugnis<\/li>\n<\/ul>\n<p><strong><em>Vorbehaltlich eines Vorstellungsgespr\u00e4chs und einer \u00dcberpr\u00fcfung der Referenzen<\/em><\/strong><\/p>\n<p><strong>Lehrlinge im Klempnerhandwerk<\/strong><\/p>\n<ul>\n<li>Mindestens 17 Jahre alt<\/li>\n<li>Junior Certificate oder gleichwertiger Standard<\/li>\n<li>F\u00fcnf bestandene Pr\u00fcfungen im Junior Certificate (davon zwei in Mathematik und Englisch)<\/li>\n<li>Vorbehaltlich eines Vorstellungsgespr\u00e4chs und einer \u00dcberpr\u00fcfung der Referenzen<\/li>\n<li>Mathematik mindestens auf normalem Niveau bestanden<\/li>\n<\/ul>\n<p><strong><em>Vorbehaltlich eines Vorstellungsgespr\u00e4chs und einer \u00dcberpr\u00fcfung der Referenzen<\/em><\/strong><\/p>\n<p><strong>Lehrlinge im Rohrleitungsbau<\/strong><\/p>\n<ul>\n<li>Mindestens 17 Jahre alt<\/li>\n<li>Junior Certificate oder gleichwertiger Standard<\/li>\n<li>F\u00fcnf bestandene Pr\u00fcfungen im Junior Certificate (davon zwei in Mathematik und Englisch)<\/li>\n<li>Vorbehaltlich eines Vorstellungsgespr\u00e4chs und einer \u00dcberpr\u00fcfung der Referenzen<\/li>\n<li>Mathematik mindestens auf normalem Niveau bestanden<\/li>\n<\/ul>\n<p><strong><em>Vorbehaltlich eines Vorstellungsgespr\u00e4chs und einer \u00dcberpr\u00fcfung der Referenzen<\/em><\/strong><\/p>\n<p><strong>Registrierte Lehrlinge<\/strong><\/p>\n<ul>\n<li>Keine wiederholte oder verschobene Pr\u00fcfung<\/li>\n<li>Besitz einer g\u00fcltigen Sicherheitskarte<\/li>\n<li>Besitz eines Zertifikats in manueller Handhabung<\/li>\n<li>Vorbehaltlich eines Vorstellungsgespr\u00e4chs und einer \u00dcberpr\u00fcfung der Referenzen<\/li>\n<li>Elektriker: O6\u2013O1 in Mathematik im Abschlusszeugnis.<\/li>\n<li>Klempner: Mathematik mindestens auf normalem Niveau bestanden<\/li>\n<\/ul>\n<hr \/>\n<h5>Unsere Lehrlingsstruktur:<\/h5>\n<p><img loading=\"lazy\" decoding=\"async\" class=\"alignnone wp-image-1084 size-full\" src=\"\/wp-content\/uploads\/2019\/05\/apprenticeship-phases.png\" alt=\"Phasen der Lehrlingsausbildung\" width=\"800\" height=\"312\" srcset=\"https:\/\/www.mercuryeng.com\/wp-content\/uploads\/2019\/05\/apprenticeship-phases.png 800w, https:\/\/www.mercuryeng.com\/wp-content\/uploads\/2019\/05\/apprenticeship-phases-350x137.png 350w, https:\/\/www.mercuryeng.com\/wp-content\/uploads\/2019\/05\/apprenticeship-phases-700x273.png 700w\" sizes=\"auto, (max-width: 800px) 100vw, 800px\" \/><\/p>\n<h5>Bewerben:<\/h5>\n<p><a class=\"btn-black-outline\" href=\"https:\/\/www.mercuryeng.com\/de\/karriere\/jobs-erkunden\/?job=145298\" target=\"_blank\" rel=\"noopener noreferrer\">Bewerbung f\u00fcr eine Ausbildung in Elektrotechnik<\/a><\/p>\n<p><a class=\"btn-black-outline\" href=\"https:\/\/www.mercuryeng.com\/de\/karriere\/jobs-erkunden\/?job=145297\" target=\"_blank\" rel=\"noopener noreferrer\">Bewerbung f\u00fcr eine Ausbildung in Mechanik<\/a><\/p>\n<p><a class=\"btn-black-outline\" href=\"https:\/\/www.mercuryeng.com\/de\/karriere\/jobs-erkunden\/?job=144924\" target=\"_blank\" rel=\"noopener noreferrer\">Bewerbung f\u00fcr Auszubildende zum Datentechniker<\/a><\/p>\n","protected":false},"excerpt":{"rendered":"<p>Lehrlingsausbildung Mercury ist einer der gr\u00f6\u00dften Arbeitgeber f\u00fcr Auszubildende im Bereich Mechanik und Elektrotechnik in Irland. Nach erfolgreichem Abschluss der Ausbildung erhalten die Auszubildenden ein nationales Handwerkszertifikat des Further Education and Training Awards Council (FETAC). Dieses Zertifikat ist national und international anerkannt und ist eine obligatorische Voraussetzung f\u00fcr den Handwerkerstatus. Die Entwicklung, Ausbildung und Betreuung [&hellip;]<\/p>\n","protected":false},"author":1,"featured_media":0,"parent":12521,"menu_order":1,"comment_status":"closed","ping_status":"closed","template":"","meta":{"_acf_changed":false,"footnotes":""},"class_list":["post-12523","page","type-page","status-publish","hentry"],"acf":[],"yoast_head":"<!-- This site is optimized with the Yoast SEO plugin v27.5 - https:\/\/yoast.com\/product\/yoast-seo-wordpress\/ -->\n<title>Lehrlingsausbildung - Mercury Engineering<\/title>\n<meta name=\"description\" content=\"Einer der gr\u00f6\u00dften Arbeitgeber f\u00fcr Auszubildende im Bereich Mechanik und Elektrotechnik in Irland, der FETAC National Craft Certificates vergibt\" \/>\n<meta name=\"robots\" content=\"index, follow, max-snippet:-1, max-image-preview:large, max-video-preview:-1\" \/>\n<link rel=\"canonical\" href=\"https:\/\/www.mercuryeng.com\/de\/karriere\/lernen-und-entwicklung\/lehrlingsausbildung\/\" \/>\n<meta property=\"og:locale\" content=\"de_DE\" \/>\n<meta property=\"og:type\" content=\"article\" \/>\n<meta property=\"og:title\" content=\"Lehrlingsausbildung - Mercury Engineering\" \/>\n<meta property=\"og:description\" content=\"Einer der gr\u00f6\u00dften Arbeitgeber f\u00fcr Auszubildende im Bereich Mechanik und Elektrotechnik in Irland, der FETAC National Craft Certificates vergibt\" \/>\n<meta property=\"og:url\" content=\"https:\/\/www.mercuryeng.com\/de\/karriere\/lernen-und-entwicklung\/lehrlingsausbildung\/\" \/>\n<meta property=\"og:site_name\" content=\"Mercury Engineering\" \/>\n<meta property=\"article:modified_time\" content=\"2023-02-14T11:39:38+00:00\" \/>\n<meta name=\"twitter:card\" content=\"summary_large_image\" \/>\n<meta name=\"twitter:label1\" content=\"Gesch\u00e4tzte Lesezeit\" \/>\n\t<meta name=\"twitter:data1\" content=\"4 Minuten\" \/>\n<script type=\"application\/ld+json\" class=\"yoast-schema-graph\">{\"@context\":\"https:\\\/\\\/schema.org\",\"@graph\":[{\"@type\":\"WebPage\",\"@id\":\"https:\\\/\\\/www.mercuryeng.com\\\/de\\\/karriere\\\/lernen-und-entwicklung\\\/lehrlingsausbildung\\\/\",\"url\":\"https:\\\/\\\/www.mercuryeng.com\\\/de\\\/karriere\\\/lernen-und-entwicklung\\\/lehrlingsausbildung\\\/\",\"name\":\"Lehrlingsausbildung - Mercury Engineering\",\"isPartOf\":{\"@id\":\"https:\\\/\\\/www.mercuryeng.com\\\/de\\\/#website\"},\"datePublished\":\"2019-04-04T09:55:56+00:00\",\"dateModified\":\"2023-02-14T11:39:38+00:00\",\"description\":\"Einer der gr\u00f6\u00dften Arbeitgeber f\u00fcr Auszubildende im Bereich Mechanik und Elektrotechnik in Irland, der FETAC National Craft Certificates vergibt\",\"breadcrumb\":{\"@id\":\"https:\\\/\\\/www.mercuryeng.com\\\/de\\\/karriere\\\/lernen-und-entwicklung\\\/lehrlingsausbildung\\\/#breadcrumb\"},\"inLanguage\":\"de-DE\",\"potentialAction\":[{\"@type\":\"ReadAction\",\"target\":[\"https:\\\/\\\/www.mercuryeng.com\\\/de\\\/karriere\\\/lernen-und-entwicklung\\\/lehrlingsausbildung\\\/\"]}]},{\"@type\":\"BreadcrumbList\",\"@id\":\"https:\\\/\\\/www.mercuryeng.com\\\/de\\\/karriere\\\/lernen-und-entwicklung\\\/lehrlingsausbildung\\\/#breadcrumb\",\"itemListElement\":[{\"@type\":\"ListItem\",\"position\":1,\"name\":\"Home\",\"item\":\"https:\\\/\\\/www.mercuryeng.com\\\/de\\\/\"},{\"@type\":\"ListItem\",\"position\":2,\"name\":\"Karriere\",\"item\":\"https:\\\/\\\/www.mercuryeng.com\\\/de\\\/karriere\\\/\"},{\"@type\":\"ListItem\",\"position\":3,\"name\":\"Lernen und Entwicklung\",\"item\":\"https:\\\/\\\/www.mercuryeng.com\\\/de\\\/karriere\\\/lernen-und-entwicklung\\\/\"},{\"@type\":\"ListItem\",\"position\":4,\"name\":\"Lehrlingsausbildung\"}]},{\"@type\":\"WebSite\",\"@id\":\"https:\\\/\\\/www.mercuryeng.com\\\/de\\\/#website\",\"url\":\"https:\\\/\\\/www.mercuryeng.com\\\/de\\\/\",\"name\":\"Mercury Engineering\",\"description\":\"Ihre Vision, unsere Verpflichtung.\",\"potentialAction\":[{\"@type\":\"SearchAction\",\"target\":{\"@type\":\"EntryPoint\",\"urlTemplate\":\"https:\\\/\\\/www.mercuryeng.com\\\/de\\\/?s={search_term_string}\"},\"query-input\":{\"@type\":\"PropertyValueSpecification\",\"valueRequired\":true,\"valueName\":\"search_term_string\"}}],\"inLanguage\":\"de-DE\"}]}<\/script>\n<!-- \/ Yoast SEO plugin. -->","yoast_head_json":{"title":"Lehrlingsausbildung - Mercury Engineering","description":"Einer der gr\u00f6\u00dften Arbeitgeber f\u00fcr Auszubildende im Bereich Mechanik und Elektrotechnik in Irland, der FETAC National Craft Certificates vergibt","robots":{"index":"index","follow":"follow","max-snippet":"max-snippet:-1","max-image-preview":"max-image-preview:large","max-video-preview":"max-video-preview:-1"},"canonical":"https:\/\/www.mercuryeng.com\/de\/karriere\/lernen-und-entwicklung\/lehrlingsausbildung\/","og_locale":"de_DE","og_type":"article","og_title":"Lehrlingsausbildung - Mercury Engineering","og_description":"Einer der gr\u00f6\u00dften Arbeitgeber f\u00fcr Auszubildende im Bereich Mechanik und Elektrotechnik in Irland, der FETAC National Craft Certificates vergibt","og_url":"https:\/\/www.mercuryeng.com\/de\/karriere\/lernen-und-entwicklung\/lehrlingsausbildung\/","og_site_name":"Mercury Engineering","article_modified_time":"2023-02-14T11:39:38+00:00","twitter_card":"summary_large_image","twitter_misc":{"Gesch\u00e4tzte Lesezeit":"4 Minuten"},"schema":{"@context":"https:\/\/schema.org","@graph":[{"@type":"WebPage","@id":"https:\/\/www.mercuryeng.com\/de\/karriere\/lernen-und-entwicklung\/lehrlingsausbildung\/","url":"https:\/\/www.mercuryeng.com\/de\/karriere\/lernen-und-entwicklung\/lehrlingsausbildung\/","name":"Lehrlingsausbildung - Mercury Engineering","isPartOf":{"@id":"https:\/\/www.mercuryeng.com\/de\/#website"},"datePublished":"2019-04-04T09:55:56+00:00","dateModified":"2023-02-14T11:39:38+00:00","description":"Einer der gr\u00f6\u00dften Arbeitgeber f\u00fcr Auszubildende im Bereich Mechanik und Elektrotechnik in Irland, der FETAC National Craft Certificates vergibt","breadcrumb":{"@id":"https:\/\/www.mercuryeng.com\/de\/karriere\/lernen-und-entwicklung\/lehrlingsausbildung\/#breadcrumb"},"inLanguage":"de-DE","potentialAction":[{"@type":"ReadAction","target":["https:\/\/www.mercuryeng.com\/de\/karriere\/lernen-und-entwicklung\/lehrlingsausbildung\/"]}]},{"@type":"BreadcrumbList","@id":"https:\/\/www.mercuryeng.com\/de\/karriere\/lernen-und-entwicklung\/lehrlingsausbildung\/#breadcrumb","itemListElement":[{"@type":"ListItem","position":1,"name":"Home","item":"https:\/\/www.mercuryeng.com\/de\/"},{"@type":"ListItem","position":2,"name":"Karriere","item":"https:\/\/www.mercuryeng.com\/de\/karriere\/"},{"@type":"ListItem","position":3,"name":"Lernen und Entwicklung","item":"https:\/\/www.mercuryeng.com\/de\/karriere\/lernen-und-entwicklung\/"},{"@type":"ListItem","position":4,"name":"Lehrlingsausbildung"}]},{"@type":"WebSite","@id":"https:\/\/www.mercuryeng.com\/de\/#website","url":"https:\/\/www.mercuryeng.com\/de\/","name":"Mercury Engineering","description":"Ihre Vision, unsere Verpflichtung.","potentialAction":[{"@type":"SearchAction","target":{"@type":"EntryPoint","urlTemplate":"https:\/\/www.mercuryeng.com\/de\/?s={search_term_string}"},"query-input":{"@type":"PropertyValueSpecification","valueRequired":true,"valueName":"search_term_string"}}],"inLanguage":"de-DE"}]}},"_links":{"self":[{"href":"https:\/\/www.mercuryeng.com\/de\/wp-json\/wp\/v2\/pages\/12523","targetHints":{"allow":["GET"]}}],"collection":[{"href":"https:\/\/www.mercuryeng.com\/de\/wp-json\/wp\/v2\/pages"}],"about":[{"href":"https:\/\/www.mercuryeng.com\/de\/wp-json\/wp\/v2\/types\/page"}],"author":[{"embeddable":true,"href":"https:\/\/www.mercuryeng.com\/de\/wp-json\/wp\/v2\/users\/1"}],"replies":[{"embeddable":true,"href":"https:\/\/www.mercuryeng.com\/de\/wp-json\/wp\/v2\/comments?post=12523"}],"version-history":[{"count":3,"href":"https:\/\/www.mercuryeng.com\/de\/wp-json\/wp\/v2\/pages\/12523\/revisions"}],"predecessor-version":[{"id":13578,"href":"https:\/\/www.mercuryeng.com\/de\/wp-json\/wp\/v2\/pages\/12523\/revisions\/13578"}],"up":[{"embeddable":true,"href":"https:\/\/www.mercuryeng.com\/de\/wp-json\/wp\/v2\/pages\/12521"}],"wp:attachment":[{"href":"https:\/\/www.mercuryeng.com\/de\/wp-json\/wp\/v2\/media?parent=12523"}],"curies":[{"name":"wp","href":"https:\/\/api.w.org\/{rel}","templated":true}]}}