{"id":12521,"date":"2019-04-25T14:01:24","date_gmt":"2019-04-25T14:01:24","guid":{"rendered":"https:\/\/www.mercuryeng.com\/karriere\/learning-development\/"},"modified":"2024-03-06T10:38:10","modified_gmt":"2024-03-06T10:38:10","slug":"lernen-und-entwicklung","status":"publish","type":"page","link":"https:\/\/www.mercuryeng.com\/de\/karriere\/lernen-und-entwicklung\/","title":{"rendered":"Lernen und Entwicklung"},"content":{"rendered":"<p><img loading=\"lazy\" decoding=\"async\" class=\"alignright wp-image-13009\" src=\"\/wp-content\/uploads\/2023\/01\/Mercury-Telehouse-Data-Centre-Docklands-London-Photographer-Simon-Callaghan-Photography-201-1.jpg\" alt=\"Mercury-Mitarbeiter\" width=\"500\" height=\"333\" \/><\/p>\n<h3>Lernen und Entwicklung<\/h3>\n<p class=\"intro\">Wir bei Mercury glauben, dass unser gr\u00f6\u00dftes Kapital unsere Mitarbeiter sind. Unsere Politik besteht darin, Mitarbeiter von Auszubildenden bis hin zu qualifizierten Ingenieuren einzustellen und auszubilden \u2013 eine Politik, die viele von ihnen seit den Anf\u00e4ngen des Unternehmens bei Mercury gehalten hat.<\/p>\n<p>Mercury bietet eine Vielzahl von Kursen auf allen Ebenen des Unternehmens an, darunter ein erstklassiges Programm f\u00fcr Hochschulabsolventen, ein Programm zur Entwicklung von F\u00fchrungsqualit\u00e4ten f\u00fcr Manager der mittleren und oberen Ebene und ein Programm zur Unterst\u00fctzung der Ausbildung, das allen Mitarbeitern die M\u00f6glichkeit gibt, sich weiterzubilden.<\/p>\n<p>Wir sind auch der gr\u00f6\u00dfte Arbeitgeber f\u00fcr Auszubildende in Irland und f\u00fchren jedes Jahr ein Stipendienprogramm f\u00fcr Auszubildende durch, das es unseren talentiertesten Auszubildenden erm\u00f6glicht, ihre Karriere in einer Reihe von Disziplinen voranzutreiben.<\/p>\n<p><a class=\"btn-black-outline\" href=\"https:\/\/www.mercuryeng.com\/de\/karriere\/jobs-erkunden\/\">Jobs erkunden<\/a><\/p>\n","protected":false},"excerpt":{"rendered":"<p>Lernen und Entwicklung Wir bei Mercury glauben, dass unser gr\u00f6\u00dftes Kapital unsere Mitarbeiter sind. Unsere Politik besteht darin, Mitarbeiter von Auszubildenden bis hin zu qualifizierten Ingenieuren einzustellen und auszubilden \u2013 eine Politik, die viele von ihnen seit den Anf\u00e4ngen des Unternehmens bei Mercury gehalten hat. Mercury bietet eine Vielzahl von Kursen auf allen Ebenen des [&hellip;]<\/p>\n","protected":false},"author":1,"featured_media":0,"parent":12488,"menu_order":8,"comment_status":"closed","ping_status":"closed","template":"","meta":{"_acf_changed":false,"footnotes":""},"class_list":["post-12521","page","type-page","status-publish","hentry"],"acf":[],"yoast_head":"<!-- This site is optimized with the Yoast SEO plugin v27.4 - https:\/\/yoast.com\/product\/yoast-seo-wordpress\/ -->\n<title>Lernen und Entwicklung - Mercury Engineering<\/title>\n<meta name=\"description\" content=\"Das gr\u00f6\u00dfte Kapital von Mercury \u2013 unsere Mitarbeiter. Wir stellen Mitarbeiter ein und bilden sie aus, vom Lehrling bis zum qualifizierten Ingenieur.\" \/>\n<meta name=\"robots\" content=\"index, follow, max-snippet:-1, max-image-preview:large, max-video-preview:-1\" \/>\n<link rel=\"canonical\" href=\"https:\/\/www.mercuryeng.com\/de\/karriere\/lernen-und-entwicklung\/\" \/>\n<meta property=\"og:locale\" content=\"de_DE\" \/>\n<meta property=\"og:type\" content=\"article\" \/>\n<meta property=\"og:title\" content=\"Lernen und Entwicklung - Mercury Engineering\" \/>\n<meta property=\"og:description\" content=\"Das gr\u00f6\u00dfte Kapital von Mercury \u2013 unsere Mitarbeiter. Wir stellen Mitarbeiter ein und bilden sie aus, vom Lehrling bis zum qualifizierten Ingenieur.\" \/>\n<meta property=\"og:url\" content=\"https:\/\/www.mercuryeng.com\/de\/karriere\/lernen-und-entwicklung\/\" \/>\n<meta property=\"og:site_name\" content=\"Mercury Engineering\" \/>\n<meta property=\"article:modified_time\" content=\"2024-03-06T10:38:10+00:00\" \/>\n<meta name=\"twitter:card\" content=\"summary_large_image\" \/>\n<meta name=\"twitter:label1\" content=\"Gesch\u00e4tzte Lesezeit\" \/>\n\t<meta name=\"twitter:data1\" content=\"1 Minute\" \/>\n<script type=\"application\/ld+json\" class=\"yoast-schema-graph\">{\"@context\":\"https:\\\/\\\/schema.org\",\"@graph\":[{\"@type\":\"WebPage\",\"@id\":\"https:\\\/\\\/www.mercuryeng.com\\\/de\\\/karriere\\\/lernen-und-entwicklung\\\/\",\"url\":\"https:\\\/\\\/www.mercuryeng.com\\\/de\\\/karriere\\\/lernen-und-entwicklung\\\/\",\"name\":\"Lernen und Entwicklung - Mercury Engineering\",\"isPartOf\":{\"@id\":\"https:\\\/\\\/www.mercuryeng.com\\\/de\\\/#website\"},\"datePublished\":\"2019-04-25T14:01:24+00:00\",\"dateModified\":\"2024-03-06T10:38:10+00:00\",\"description\":\"Das gr\u00f6\u00dfte Kapital von Mercury \u2013 unsere Mitarbeiter. Wir stellen Mitarbeiter ein und bilden sie aus, vom Lehrling bis zum qualifizierten Ingenieur.\",\"breadcrumb\":{\"@id\":\"https:\\\/\\\/www.mercuryeng.com\\\/de\\\/karriere\\\/lernen-und-entwicklung\\\/#breadcrumb\"},\"inLanguage\":\"de-DE\",\"potentialAction\":[{\"@type\":\"ReadAction\",\"target\":[\"https:\\\/\\\/www.mercuryeng.com\\\/de\\\/karriere\\\/lernen-und-entwicklung\\\/\"]}]},{\"@type\":\"BreadcrumbList\",\"@id\":\"https:\\\/\\\/www.mercuryeng.com\\\/de\\\/karriere\\\/lernen-und-entwicklung\\\/#breadcrumb\",\"itemListElement\":[{\"@type\":\"ListItem\",\"position\":1,\"name\":\"Home\",\"item\":\"https:\\\/\\\/www.mercuryeng.com\\\/de\\\/\"},{\"@type\":\"ListItem\",\"position\":2,\"name\":\"Karriere\",\"item\":\"https:\\\/\\\/www.mercuryeng.com\\\/de\\\/karriere\\\/\"},{\"@type\":\"ListItem\",\"position\":3,\"name\":\"Lernen und Entwicklung\"}]},{\"@type\":\"WebSite\",\"@id\":\"https:\\\/\\\/www.mercuryeng.com\\\/de\\\/#website\",\"url\":\"https:\\\/\\\/www.mercuryeng.com\\\/de\\\/\",\"name\":\"Mercury Engineering\",\"description\":\"Ihre Vision, unsere Verpflichtung.\",\"potentialAction\":[{\"@type\":\"SearchAction\",\"target\":{\"@type\":\"EntryPoint\",\"urlTemplate\":\"https:\\\/\\\/www.mercuryeng.com\\\/de\\\/?s={search_term_string}\"},\"query-input\":{\"@type\":\"PropertyValueSpecification\",\"valueRequired\":true,\"valueName\":\"search_term_string\"}}],\"inLanguage\":\"de-DE\"}]}<\/script>\n<!-- \/ Yoast SEO plugin. -->","yoast_head_json":{"title":"Lernen und Entwicklung - Mercury Engineering","description":"Das gr\u00f6\u00dfte Kapital von Mercury \u2013 unsere Mitarbeiter. Wir stellen Mitarbeiter ein und bilden sie aus, vom Lehrling bis zum qualifizierten Ingenieur.","robots":{"index":"index","follow":"follow","max-snippet":"max-snippet:-1","max-image-preview":"max-image-preview:large","max-video-preview":"max-video-preview:-1"},"canonical":"https:\/\/www.mercuryeng.com\/de\/karriere\/lernen-und-entwicklung\/","og_locale":"de_DE","og_type":"article","og_title":"Lernen und Entwicklung - Mercury Engineering","og_description":"Das gr\u00f6\u00dfte Kapital von Mercury \u2013 unsere Mitarbeiter. Wir stellen Mitarbeiter ein und bilden sie aus, vom Lehrling bis zum qualifizierten Ingenieur.","og_url":"https:\/\/www.mercuryeng.com\/de\/karriere\/lernen-und-entwicklung\/","og_site_name":"Mercury Engineering","article_modified_time":"2024-03-06T10:38:10+00:00","twitter_card":"summary_large_image","twitter_misc":{"Gesch\u00e4tzte Lesezeit":"1 Minute"},"schema":{"@context":"https:\/\/schema.org","@graph":[{"@type":"WebPage","@id":"https:\/\/www.mercuryeng.com\/de\/karriere\/lernen-und-entwicklung\/","url":"https:\/\/www.mercuryeng.com\/de\/karriere\/lernen-und-entwicklung\/","name":"Lernen und Entwicklung - Mercury Engineering","isPartOf":{"@id":"https:\/\/www.mercuryeng.com\/de\/#website"},"datePublished":"2019-04-25T14:01:24+00:00","dateModified":"2024-03-06T10:38:10+00:00","description":"Das gr\u00f6\u00dfte Kapital von Mercury \u2013 unsere Mitarbeiter. Wir stellen Mitarbeiter ein und bilden sie aus, vom Lehrling bis zum qualifizierten Ingenieur.","breadcrumb":{"@id":"https:\/\/www.mercuryeng.com\/de\/karriere\/lernen-und-entwicklung\/#breadcrumb"},"inLanguage":"de-DE","potentialAction":[{"@type":"ReadAction","target":["https:\/\/www.mercuryeng.com\/de\/karriere\/lernen-und-entwicklung\/"]}]},{"@type":"BreadcrumbList","@id":"https:\/\/www.mercuryeng.com\/de\/karriere\/lernen-und-entwicklung\/#breadcrumb","itemListElement":[{"@type":"ListItem","position":1,"name":"Home","item":"https:\/\/www.mercuryeng.com\/de\/"},{"@type":"ListItem","position":2,"name":"Karriere","item":"https:\/\/www.mercuryeng.com\/de\/karriere\/"},{"@type":"ListItem","position":3,"name":"Lernen und Entwicklung"}]},{"@type":"WebSite","@id":"https:\/\/www.mercuryeng.com\/de\/#website","url":"https:\/\/www.mercuryeng.com\/de\/","name":"Mercury Engineering","description":"Ihre Vision, unsere Verpflichtung.","potentialAction":[{"@type":"SearchAction","target":{"@type":"EntryPoint","urlTemplate":"https:\/\/www.mercuryeng.com\/de\/?s={search_term_string}"},"query-input":{"@type":"PropertyValueSpecification","valueRequired":true,"valueName":"search_term_string"}}],"inLanguage":"de-DE"}]}},"_links":{"self":[{"href":"https:\/\/www.mercuryeng.com\/de\/wp-json\/wp\/v2\/pages\/12521","targetHints":{"allow":["GET"]}}],"collection":[{"href":"https:\/\/www.mercuryeng.com\/de\/wp-json\/wp\/v2\/pages"}],"about":[{"href":"https:\/\/www.mercuryeng.com\/de\/wp-json\/wp\/v2\/types\/page"}],"author":[{"embeddable":true,"href":"https:\/\/www.mercuryeng.com\/de\/wp-json\/wp\/v2\/users\/1"}],"replies":[{"embeddable":true,"href":"https:\/\/www.mercuryeng.com\/de\/wp-json\/wp\/v2\/comments?post=12521"}],"version-history":[{"count":5,"href":"https:\/\/www.mercuryeng.com\/de\/wp-json\/wp\/v2\/pages\/12521\/revisions"}],"predecessor-version":[{"id":15213,"href":"https:\/\/www.mercuryeng.com\/de\/wp-json\/wp\/v2\/pages\/12521\/revisions\/15213"}],"up":[{"embeddable":true,"href":"https:\/\/www.mercuryeng.com\/de\/wp-json\/wp\/v2\/pages\/12488"}],"wp:attachment":[{"href":"https:\/\/www.mercuryeng.com\/de\/wp-json\/wp\/v2\/media?parent=12521"}],"curies":[{"name":"wp","href":"https:\/\/api.w.org\/{rel}","templated":true}]}}