{"id":12508,"date":"2019-04-04T09:55:19","date_gmt":"2019-04-04T09:55:19","guid":{"rendered":"https:\/\/www.mercuryeng.com\/karriere\/why-mercury\/"},"modified":"2023-02-14T10:54:59","modified_gmt":"2023-02-14T10:54:59","slug":"warum-mercury","status":"publish","type":"page","link":"https:\/\/www.mercuryeng.com\/de\/karriere\/warum-mercury\/","title":{"rendered":"Warum Mercury?"},"content":{"rendered":"<h3>Warum Mercury?<\/h3>\n<p class=\"intro\">Wir erm\u00f6glichen es unseren Mitarbeitern, ihr Potenzial jeden Tag auszusch\u00f6pfen. Unsere einzigartige Mercury-Kultur \u2013 ein Engagement f\u00fcr Mut, Dynamik und Umsetzung \u2013 ist in jedem Mitglied unseres \u00fcber 2.000-k\u00f6pfigen globalen Teams verankert. Wir sind stolz darauf, dass wir unsere Mitarbeiter langfristig an das Unternehmen binden und sie von der Lehrlings- und Hochschulausbildung bis hin zur F\u00fchrungsebene weiterentwickeln k\u00f6nnen. Wir sch\u00e4tzen den Erfahrungsschatz und das Fachwissen aller unserer Mitarbeiter.<\/p>\n<p>Im Rahmen unserer kontinuierlichen Investitionen in unsere Mitarbeiter haben wir uns verpflichtet, qualitativ hochwertige formelle und informelle Schulungen anzubieten. Wir unterst\u00fctzen unsere Mitarbeiter bei der Teilnahme an verschiedenen Kursen, die mit den strategischen Zielen von Mercury im Einklang stehen. Es wurden Programme zur beruflichen Entwicklung eingerichtet, um die Mitarbeiter bei wichtigen \u00dcberg\u00e4ngen in ihrer Laufbahn zu unterst\u00fctzen, darunter unser Programm zur beruflichen Entwicklung von Auszubildenden, das Entwicklungsprogramm f\u00fcr Hochschulabsolventen, Praktika und das Programm zur Entwicklung von F\u00fchrungskr\u00e4ften. Wir wissen, wie wichtig die Zusammenarbeit mit Berufsverb\u00e4nden und Institutionen ist. W\u00e4hrend ihrer gesamten Laufbahn bei uns werden die Mitarbeiter ermutigt und unterst\u00fctzt, ihre F\u00e4higkeiten kontinuierlich weiterzuentwickeln.<\/p>\n<h4>Vorteile Und Anerkennung<\/h4>\n<ul>\n<li>\u00c4u\u00dferst wettbewerbsf\u00e4higes Verg\u00fctungspaket<\/li>\n<li>Progressives Leistungsmanagement-System<\/li>\n<li>Programm zur Bildungsf\u00f6rderung<\/li>\n<li>Gruppenrabatte bei VHI und Irish Life<\/li>\n<li>Mitarbeiter-Hilfsprogramm<\/li>\n<li>Steuerliche Anreize f\u00fcr Bus\/Luas und Bahn<\/li>\n<li>Programm \u201eGesunder K\u00f6rper, gesunder Geist\u201c<\/li>\n<li>Zugang zu einem Fitnessraum in der Hauptverwaltung<\/li>\n<\/ul>\n<p>&nbsp;<\/p>\n<h4>Ausbildung Und Berufliche Entwicklung<\/h4>\n<ul>\n<li>Internes Mercury-Onboarding<\/li>\n<li>Ausgezeichnete Aufstiegsm\u00f6glichkeiten<\/li>\n<li>Erfahrung in einem breiten Spektrum von Fachgebieten und Projekten<\/li>\n<li>M\u00f6glichkeit, international zu arbeiten<\/li>\n<li>Online-Schulungsinitiativen<\/li>\n<li>CPD-Schulung<\/li>\n<li>Unterst\u00fctzung f\u00fcr Chartership im Beruf des Mitarbeiters<\/li>\n<li>Kontinuierliche Ausbildung und Entwicklung<\/li>\n<li>Seminare zur Mittagszeit<\/li>\n<li>Nutzen Sie Veranstaltungen und Schulungen von CITA<\/li>\n<li>Mentoring-Programme<\/li>\n<\/ul>\n<p>&nbsp;<\/p>\n<h4>Work \/ Life Balance<\/h4>\n<ul>\n<li>Familientage<\/li>\n<li>Anerkennungspreise<\/li>\n<li>Wohlf\u00fchlprogramm f\u00fcr Mitarbeiter<\/li>\n<li>Soziale Aktivit\u00e4ten<\/li>\n<\/ul>\n<p>&nbsp;<\/p>\n<h4>Unsere Positionen<\/h4>\n<p>Mercury bietet eine Vielzahl von Positionen an, die von konstruktiven bis hin zu unterst\u00fctzenden Aufgaben reichen. Wir sch\u00e4tzen die unterschiedliche Erfahrung und das Fachwissen aller unserer Mitarbeiter. Im Rahmen unserer kontinuierlichen Investitionen in unsere Mitarbeiter haben wir uns verpflichtet, qualitativ hochwertige formelle und informelle Schulungen anzubieten.<\/p>\n<p>Die Positionen umfassen:<\/p>\n<ul>\n<li>Technik (Maschinenbau, Elektrotechnik, CSA und Brandschutz)<\/li>\n<li>Planung<\/li>\n<li>Kaufm\u00e4nnisch \/ Vermessungswesen<\/li>\n<li>Umwelt, Gesundheit und Sicherheit<\/li>\n<li>BIM<\/li>\n<li>Geb\u00e4udemanagement<\/li>\n<li>Technische Unterst\u00fctzungsdienste<\/li>\n<li>Rechtliches<\/li>\n<li>Finanzen<\/li>\n<li>Personalwesen<\/li>\n<li>Kostenvoranschlag und Marketing<\/li>\n<li>Marke und Kommunikation<\/li>\n<li>Unternehmensstrategie und Risikomanagement<\/li>\n<li>IT \/ Unternehmensanalytik<\/li>\n<\/ul>\n<p><a class=\"btn\" href=\"https:\/\/www.mercuryeng.com\/de\/projekte\/\">unsere Projekte<\/a> \u00a0 \u00a0 \u00a0 <a class=\"btn-black-outline\" href=\"https:\/\/www.mercuryeng.com\/de\/karriere\/jobs-erkunden\/\">Jobs erkunden<\/a><\/p>\n","protected":false},"excerpt":{"rendered":"<p>Warum Mercury? Wir erm\u00f6glichen es unseren Mitarbeitern, ihr Potenzial jeden Tag auszusch\u00f6pfen. Unsere einzigartige Mercury-Kultur \u2013 ein Engagement f\u00fcr Mut, Dynamik und Umsetzung \u2013 ist in jedem Mitglied unseres \u00fcber 2.000-k\u00f6pfigen globalen Teams verankert. Wir sind stolz darauf, dass wir unsere Mitarbeiter langfristig an das Unternehmen binden und sie von der Lehrlings- und Hochschulausbildung bis [&hellip;]<\/p>\n","protected":false},"author":1,"featured_media":0,"parent":12488,"menu_order":4,"comment_status":"closed","ping_status":"closed","template":"","meta":{"_acf_changed":false,"footnotes":""},"class_list":["post-12508","page","type-page","status-publish","hentry"],"acf":[],"yoast_head":"<!-- This site is optimized with the Yoast SEO plugin v27.4 - https:\/\/yoast.com\/product\/yoast-seo-wordpress\/ -->\n<title>Warum Mercury? - Mercury Engineering<\/title>\n<meta name=\"description\" content=\"Erfolgsbilanz von Mercury bei der Mitarbeiterbindung \u2013 Entwicklung von Auszubildenden und Hochschulabsolventen zu F\u00fchrungskr\u00e4ften\" \/>\n<meta name=\"robots\" content=\"index, follow, max-snippet:-1, max-image-preview:large, max-video-preview:-1\" \/>\n<link rel=\"canonical\" href=\"https:\/\/www.mercuryeng.com\/de\/karriere\/warum-mercury\/\" \/>\n<meta property=\"og:locale\" content=\"de_DE\" \/>\n<meta property=\"og:type\" content=\"article\" \/>\n<meta property=\"og:title\" content=\"Warum Mercury? - Mercury Engineering\" \/>\n<meta property=\"og:description\" content=\"Erfolgsbilanz von Mercury bei der Mitarbeiterbindung \u2013 Entwicklung von Auszubildenden und Hochschulabsolventen zu F\u00fchrungskr\u00e4ften\" \/>\n<meta property=\"og:url\" content=\"https:\/\/www.mercuryeng.com\/de\/karriere\/warum-mercury\/\" \/>\n<meta property=\"og:site_name\" content=\"Mercury Engineering\" \/>\n<meta property=\"article:modified_time\" content=\"2023-02-14T10:54:59+00:00\" \/>\n<meta name=\"twitter:card\" content=\"summary_large_image\" \/>\n<meta name=\"twitter:label1\" content=\"Gesch\u00e4tzte Lesezeit\" \/>\n\t<meta name=\"twitter:data1\" content=\"2 Minuten\" \/>\n<script type=\"application\/ld+json\" class=\"yoast-schema-graph\">{\"@context\":\"https:\\\/\\\/schema.org\",\"@graph\":[{\"@type\":\"WebPage\",\"@id\":\"https:\\\/\\\/www.mercuryeng.com\\\/de\\\/karriere\\\/warum-mercury\\\/\",\"url\":\"https:\\\/\\\/www.mercuryeng.com\\\/de\\\/karriere\\\/warum-mercury\\\/\",\"name\":\"Warum Mercury? - Mercury Engineering\",\"isPartOf\":{\"@id\":\"https:\\\/\\\/www.mercuryeng.com\\\/de\\\/#website\"},\"datePublished\":\"2019-04-04T09:55:19+00:00\",\"dateModified\":\"2023-02-14T10:54:59+00:00\",\"description\":\"Erfolgsbilanz von Mercury bei der Mitarbeiterbindung \u2013 Entwicklung von Auszubildenden und Hochschulabsolventen zu F\u00fchrungskr\u00e4ften\",\"breadcrumb\":{\"@id\":\"https:\\\/\\\/www.mercuryeng.com\\\/de\\\/karriere\\\/warum-mercury\\\/#breadcrumb\"},\"inLanguage\":\"de-DE\",\"potentialAction\":[{\"@type\":\"ReadAction\",\"target\":[\"https:\\\/\\\/www.mercuryeng.com\\\/de\\\/karriere\\\/warum-mercury\\\/\"]}]},{\"@type\":\"BreadcrumbList\",\"@id\":\"https:\\\/\\\/www.mercuryeng.com\\\/de\\\/karriere\\\/warum-mercury\\\/#breadcrumb\",\"itemListElement\":[{\"@type\":\"ListItem\",\"position\":1,\"name\":\"Home\",\"item\":\"https:\\\/\\\/www.mercuryeng.com\\\/de\\\/\"},{\"@type\":\"ListItem\",\"position\":2,\"name\":\"Karriere\",\"item\":\"https:\\\/\\\/www.mercuryeng.com\\\/de\\\/karriere\\\/\"},{\"@type\":\"ListItem\",\"position\":3,\"name\":\"Warum Mercury?\"}]},{\"@type\":\"WebSite\",\"@id\":\"https:\\\/\\\/www.mercuryeng.com\\\/de\\\/#website\",\"url\":\"https:\\\/\\\/www.mercuryeng.com\\\/de\\\/\",\"name\":\"Mercury Engineering\",\"description\":\"Ihre Vision, unsere Verpflichtung.\",\"potentialAction\":[{\"@type\":\"SearchAction\",\"target\":{\"@type\":\"EntryPoint\",\"urlTemplate\":\"https:\\\/\\\/www.mercuryeng.com\\\/de\\\/?s={search_term_string}\"},\"query-input\":{\"@type\":\"PropertyValueSpecification\",\"valueRequired\":true,\"valueName\":\"search_term_string\"}}],\"inLanguage\":\"de-DE\"}]}<\/script>\n<!-- \/ Yoast SEO plugin. -->","yoast_head_json":{"title":"Warum Mercury? - Mercury Engineering","description":"Erfolgsbilanz von Mercury bei der Mitarbeiterbindung \u2013 Entwicklung von Auszubildenden und Hochschulabsolventen zu F\u00fchrungskr\u00e4ften","robots":{"index":"index","follow":"follow","max-snippet":"max-snippet:-1","max-image-preview":"max-image-preview:large","max-video-preview":"max-video-preview:-1"},"canonical":"https:\/\/www.mercuryeng.com\/de\/karriere\/warum-mercury\/","og_locale":"de_DE","og_type":"article","og_title":"Warum Mercury? - Mercury Engineering","og_description":"Erfolgsbilanz von Mercury bei der Mitarbeiterbindung \u2013 Entwicklung von Auszubildenden und Hochschulabsolventen zu F\u00fchrungskr\u00e4ften","og_url":"https:\/\/www.mercuryeng.com\/de\/karriere\/warum-mercury\/","og_site_name":"Mercury Engineering","article_modified_time":"2023-02-14T10:54:59+00:00","twitter_card":"summary_large_image","twitter_misc":{"Gesch\u00e4tzte Lesezeit":"2 Minuten"},"schema":{"@context":"https:\/\/schema.org","@graph":[{"@type":"WebPage","@id":"https:\/\/www.mercuryeng.com\/de\/karriere\/warum-mercury\/","url":"https:\/\/www.mercuryeng.com\/de\/karriere\/warum-mercury\/","name":"Warum Mercury? - Mercury Engineering","isPartOf":{"@id":"https:\/\/www.mercuryeng.com\/de\/#website"},"datePublished":"2019-04-04T09:55:19+00:00","dateModified":"2023-02-14T10:54:59+00:00","description":"Erfolgsbilanz von Mercury bei der Mitarbeiterbindung \u2013 Entwicklung von Auszubildenden und Hochschulabsolventen zu F\u00fchrungskr\u00e4ften","breadcrumb":{"@id":"https:\/\/www.mercuryeng.com\/de\/karriere\/warum-mercury\/#breadcrumb"},"inLanguage":"de-DE","potentialAction":[{"@type":"ReadAction","target":["https:\/\/www.mercuryeng.com\/de\/karriere\/warum-mercury\/"]}]},{"@type":"BreadcrumbList","@id":"https:\/\/www.mercuryeng.com\/de\/karriere\/warum-mercury\/#breadcrumb","itemListElement":[{"@type":"ListItem","position":1,"name":"Home","item":"https:\/\/www.mercuryeng.com\/de\/"},{"@type":"ListItem","position":2,"name":"Karriere","item":"https:\/\/www.mercuryeng.com\/de\/karriere\/"},{"@type":"ListItem","position":3,"name":"Warum Mercury?"}]},{"@type":"WebSite","@id":"https:\/\/www.mercuryeng.com\/de\/#website","url":"https:\/\/www.mercuryeng.com\/de\/","name":"Mercury Engineering","description":"Ihre Vision, unsere Verpflichtung.","potentialAction":[{"@type":"SearchAction","target":{"@type":"EntryPoint","urlTemplate":"https:\/\/www.mercuryeng.com\/de\/?s={search_term_string}"},"query-input":{"@type":"PropertyValueSpecification","valueRequired":true,"valueName":"search_term_string"}}],"inLanguage":"de-DE"}]}},"_links":{"self":[{"href":"https:\/\/www.mercuryeng.com\/de\/wp-json\/wp\/v2\/pages\/12508","targetHints":{"allow":["GET"]}}],"collection":[{"href":"https:\/\/www.mercuryeng.com\/de\/wp-json\/wp\/v2\/pages"}],"about":[{"href":"https:\/\/www.mercuryeng.com\/de\/wp-json\/wp\/v2\/types\/page"}],"author":[{"embeddable":true,"href":"https:\/\/www.mercuryeng.com\/de\/wp-json\/wp\/v2\/users\/1"}],"replies":[{"embeddable":true,"href":"https:\/\/www.mercuryeng.com\/de\/wp-json\/wp\/v2\/comments?post=12508"}],"version-history":[{"count":2,"href":"https:\/\/www.mercuryeng.com\/de\/wp-json\/wp\/v2\/pages\/12508\/revisions"}],"predecessor-version":[{"id":13566,"href":"https:\/\/www.mercuryeng.com\/de\/wp-json\/wp\/v2\/pages\/12508\/revisions\/13566"}],"up":[{"embeddable":true,"href":"https:\/\/www.mercuryeng.com\/de\/wp-json\/wp\/v2\/pages\/12488"}],"wp:attachment":[{"href":"https:\/\/www.mercuryeng.com\/de\/wp-json\/wp\/v2\/media?parent=12508"}],"curies":[{"name":"wp","href":"https:\/\/api.w.org\/{rel}","templated":true}]}}