{"id":12506,"date":"2019-05-07T13:18:14","date_gmt":"2019-05-07T13:18:14","guid":{"rendered":"https:\/\/www.mercuryeng.com\/karriere\/diversitaet-und-inklusion\/frauen-im-bauwesen\/emma-brennan\/"},"modified":"2023-01-05T12:04:47","modified_gmt":"2023-01-05T12:04:47","slug":"emma-brennan","status":"publish","type":"page","link":"https:\/\/www.mercuryeng.com\/de\/karriere\/diversitaet-und-inklusion\/frauen-im-bauwesen\/emma-brennan\/","title":{"rendered":"Emma Brennan"},"content":{"rendered":"<h4>Emma Brennan<\/h4>\n<p><strong>Position:<\/strong> Leitende Maschinenbauingenieurin<br \/>\n<strong>Zeit im Unternehmen:<\/strong> 7 Jahre<\/p>\n<hr \/>\n<figure id=\"attachment_527\" aria-describedby=\"caption-attachment-527\" style=\"width: 330px\" class=\"wp-caption alignright\"><img loading=\"lazy\" decoding=\"async\" class=\"size-full wp-image-527\" src=\"\/wp-content\/uploads\/2019\/05\/Mercury-EmmaBrennan-1-1.jpg\" alt=\"Emma Brennan\" width=\"330\" height=\"330\" srcset=\"https:\/\/www.mercuryeng.com\/wp-content\/uploads\/2019\/05\/Mercury-EmmaBrennan-1-1.jpg 330w, https:\/\/www.mercuryeng.com\/wp-content\/uploads\/2019\/05\/Mercury-EmmaBrennan-1-1-150x150.jpg 150w, https:\/\/www.mercuryeng.com\/wp-content\/uploads\/2019\/05\/Mercury-EmmaBrennan-1-1-350x350.jpg 350w, https:\/\/www.mercuryeng.com\/wp-content\/uploads\/2019\/05\/Mercury-EmmaBrennan-1-1-700x700.jpg 700w\" sizes=\"auto, (max-width: 330px) 100vw, 330px\" \/><figcaption id=\"caption-attachment-527\" class=\"wp-caption-text\">Emma Brennan<\/figcaption><\/figure>\n<p><strong>Erz\u00e4hlen Sie uns ein wenig \u00fcber sich selbst und wie Sie zu Ihrer jetzigen Position gekommen sind.<\/strong><\/p>\n<p>Ich habe Geb\u00e4udetechnik am DIT Bolton St. studiert. Ich habe mich f\u00fcr diesen Studiengang entschieden, weil ich mich schon immer f\u00fcr Technik und die Funktionsweise von Dingen interessiert habe. W\u00e4hrend meines Studiums habe ich im Sommer bei Mercury an einem Projekt mit einem unserer Gro\u00dfkunden f\u00fcr Rechenzentren in Dublin gearbeitet. Die Arbeit hat mir sehr viel Spa\u00df gemacht. Nach meinem Abschluss bin ich zur\u00fcckgekehrt, um im Rahmen des Graduiertenprogramms f\u00fcr Mercury zu arbeiten.<\/p>\n<p>Meine erste Aufgabe war die Mitarbeit an einem gro\u00dfen Halbleiterwerksprojekt, wo ich \u00fcber 3 Jahre lang t\u00e4tig war, zun\u00e4chst als QS-Ingenieurin und dann als Maschinenbauingenieurin. Danach hatte ich die M\u00f6glichkeit, zu reisen und an Projekten f\u00fcr Lebensmittelverarbeitung und Rechenzentren in den Niederlanden und Deutschland zu arbeiten.<\/p>\n<p>Zwischen den Auslandsreisen konnte ich einige Zeit mit der Kalkulationsabteilung von Mercury zusammenarbeiten, was eine gro\u00dfartige Gelegenheit war, eine andere Seite der Branche kennenzulernen. Ich bin jetzt wieder in Irland und arbeite als leitender Maschinenbauingenieur an einem unserer pharmazeutischen Projekte. Insgesamt arbeite ich seit fast 7 Jahren mit Mercury zusammen und die Zeit ist wie im Flug vergangen.<\/p>\n<p><strong>K\u00f6nnen Sie uns ein wenig \u00fcber Ihre Erfahrungen mit dem Graduiertenprogramm von Mercury erz\u00e4hlen?<\/strong><\/p>\n<p>Die Teilnahme am Graduiertenprogramm war eine gro\u00dfartige Gelegenheit, mich bei Mercury beruflich weiterzuentwickeln. Neben der formalen Ausbildung und den Workshops hatte ich das Gl\u00fcck, dass ich viele wertvolle Ratschl\u00e4ge erhielt. Ich stellte fest, dass die Kollegen und das Management des Unternehmens immer sehr gro\u00dfz\u00fcgig mit ihrer Zeit waren und den Absolventen viel Unterst\u00fctzung boten. Au\u00dferdem hatte ich die M\u00f6glichkeit, in verschiedenen Abteilungen zu arbeiten und so ein breites Spektrum an Erfahrungen zu sammeln.<\/p>\n<p>Wenn Sie Ihre Karriere mit anderen Absolventen beginnen, k\u00f6nnen Sie ein Netzwerk mit Menschen aufbauen, die sich in einer \u00e4hnlichen Situation befinden wie Sie.<\/p>\n<p><strong>Wie haben Sie die Arbeit im Ausland erlebt und w\u00fcrden Sie Mitarbeitern empfehlen, mit Mercury zu reisen?<\/strong><\/p>\n<p>Die Arbeit mit Mercury in Europa war eine gute Erfahrung f\u00fcr mich. In beruflicher Hinsicht war es eine gro\u00dfartige Chance, neue Aufgaben zu \u00fcbernehmen und viel zu lernen. Ich habe es sehr genossen, in neuen St\u00e4dten zu leben und mit Menschen aus verschiedenen Kulturen zu arbeiten.<\/p>\n<p>Nat\u00fcrlich war es nicht ohne Herausforderungen, da das Leben fern von Freunden und Familie immer schwierig sein kann, aber es herrschte ein guter Teamgeist, da alle im selben Boot sa\u00dfen. Ich w\u00fcrde es jedem empfehlen, der sich f\u00fcr Reisen interessiert. Sie werden tolle Erinnerungen mitnehmen.<\/p>\n<p><strong>Was ist das \u00dcberraschendste daran, als Frau in der Baubranche zu arbeiten?<\/strong><\/p>\n<p>Wie unterrepr\u00e4sentiert wir sind und wie wenige Frauen man in F\u00fchrungspositionen antrifft. Deshalb sind Kampagnen wie diese so wichtig.<\/p>\n<p><strong>Was gef\u00e4llt Ihnen an Ihrem Beruf am besten?<\/strong><\/p>\n<p>Dass es nie langweilig wird! Es macht mir wirklich Spa\u00df, neue Dinge zu lernen, und ich finde, in diesem Beruf vergeht kein Tag, an dem man nicht etwas lernt. Ich liebe die Abwechslung, die mit der Zusammenarbeit mit verschiedenen Abteilungen, Berufen usw. und der Bew\u00e4ltigung der damit verbundenen Herausforderungen verbunden ist. Das ist eine sch\u00f6ne Seite der Arbeit.<\/p>\n<p><strong>Die gr\u00f6\u00dfte Herausforderung in Ihrem Beruf?<\/strong><\/p>\n<p>Zeitmanagement: H\u00e4ufig werden Sie mit einem anspruchsvollen Zeitplan konfrontiert. Es ist wichtig, Aufgaben zu erkennen, Priorit\u00e4ten zu setzen und gegebenenfalls Nein zu sagen.<\/p>\n<p><strong>Welchen Rat w\u00fcrden Sie jemandem geben, der in den Maschinenbau einsteigen m\u00f6chte?<\/strong><\/p>\n<p>Stellen Sie sich auf harte Arbeit ein, seien Sie offen f\u00fcr konstruktive Kritik, aber haben Sie immer viel Vertrauen in Ihre F\u00e4higkeiten und stellen Sie immer, immer viele Fragen.<\/p>\n<p>&nbsp;<\/p>\n<p><a class=\"btn-black-outline\" href=\"https:\/\/www.mercuryeng.com\/de\/karriere\/diversitaet-und-inklusion\/frauen-im-bauwesen\/\">Zur\u00fcck zu Frauen in der Baubranche<\/a><\/p>\n","protected":false},"excerpt":{"rendered":"<p>Emma Brennan Position: Leitende Maschinenbauingenieurin Zeit im Unternehmen: 7 Jahre Erz\u00e4hlen Sie uns ein wenig \u00fcber sich selbst und wie Sie zu Ihrer jetzigen Position gekommen sind. Ich habe Geb\u00e4udetechnik am DIT Bolton St. studiert. Ich habe mich f\u00fcr diesen Studiengang entschieden, weil ich mich schon immer f\u00fcr Technik und die Funktionsweise von Dingen interessiert [&hellip;]<\/p>\n","protected":false},"author":1,"featured_media":0,"parent":12495,"menu_order":1,"comment_status":"closed","ping_status":"closed","template":"","meta":{"_acf_changed":false,"footnotes":""},"class_list":["post-12506","page","type-page","status-publish","hentry"],"acf":[],"yoast_head":"<!-- This site is optimized with the Yoast SEO plugin v27.4 - https:\/\/yoast.com\/product\/yoast-seo-wordpress\/ -->\n<title>Emma Brennan - Mercury Engineering<\/title>\n<meta name=\"robots\" content=\"index, follow, max-snippet:-1, max-image-preview:large, max-video-preview:-1\" \/>\n<link rel=\"canonical\" href=\"https:\/\/www.mercuryeng.com\/de\/karriere\/diversitaet-und-inklusion\/frauen-im-bauwesen\/emma-brennan\/\" \/>\n<meta property=\"og:locale\" content=\"de_DE\" \/>\n<meta property=\"og:type\" content=\"article\" \/>\n<meta property=\"og:title\" content=\"Emma Brennan - Mercury Engineering\" \/>\n<meta property=\"og:description\" content=\"Emma Brennan Position: Leitende Maschinenbauingenieurin Zeit im Unternehmen: 7 Jahre Erz\u00e4hlen Sie uns ein wenig \u00fcber sich selbst und wie Sie zu Ihrer jetzigen Position gekommen sind. Ich habe Geb\u00e4udetechnik am DIT Bolton St. studiert. Ich habe mich f\u00fcr diesen Studiengang entschieden, weil ich mich schon immer f\u00fcr Technik und die Funktionsweise von Dingen interessiert [&hellip;]\" \/>\n<meta property=\"og:url\" content=\"https:\/\/www.mercuryeng.com\/de\/karriere\/diversitaet-und-inklusion\/frauen-im-bauwesen\/emma-brennan\/\" \/>\n<meta property=\"og:site_name\" content=\"Mercury Engineering\" \/>\n<meta property=\"article:modified_time\" content=\"2023-01-05T12:04:47+00:00\" \/>\n<meta name=\"twitter:card\" content=\"summary_large_image\" \/>\n<meta name=\"twitter:label1\" content=\"Gesch\u00e4tzte Lesezeit\" \/>\n\t<meta name=\"twitter:data1\" content=\"3 Minuten\" \/>\n<script type=\"application\/ld+json\" class=\"yoast-schema-graph\">{\"@context\":\"https:\\\/\\\/schema.org\",\"@graph\":[{\"@type\":\"WebPage\",\"@id\":\"https:\\\/\\\/www.mercuryeng.com\\\/de\\\/karriere\\\/diversitaet-und-inklusion\\\/frauen-im-bauwesen\\\/emma-brennan\\\/\",\"url\":\"https:\\\/\\\/www.mercuryeng.com\\\/de\\\/karriere\\\/diversitaet-und-inklusion\\\/frauen-im-bauwesen\\\/emma-brennan\\\/\",\"name\":\"Emma Brennan - Mercury Engineering\",\"isPartOf\":{\"@id\":\"https:\\\/\\\/www.mercuryeng.com\\\/de\\\/#website\"},\"datePublished\":\"2019-05-07T13:18:14+00:00\",\"dateModified\":\"2023-01-05T12:04:47+00:00\",\"breadcrumb\":{\"@id\":\"https:\\\/\\\/www.mercuryeng.com\\\/de\\\/karriere\\\/diversitaet-und-inklusion\\\/frauen-im-bauwesen\\\/emma-brennan\\\/#breadcrumb\"},\"inLanguage\":\"de-DE\",\"potentialAction\":[{\"@type\":\"ReadAction\",\"target\":[\"https:\\\/\\\/www.mercuryeng.com\\\/de\\\/karriere\\\/diversitaet-und-inklusion\\\/frauen-im-bauwesen\\\/emma-brennan\\\/\"]}]},{\"@type\":\"BreadcrumbList\",\"@id\":\"https:\\\/\\\/www.mercuryeng.com\\\/de\\\/karriere\\\/diversitaet-und-inklusion\\\/frauen-im-bauwesen\\\/emma-brennan\\\/#breadcrumb\",\"itemListElement\":[{\"@type\":\"ListItem\",\"position\":1,\"name\":\"Home\",\"item\":\"https:\\\/\\\/www.mercuryeng.com\\\/de\\\/\"},{\"@type\":\"ListItem\",\"position\":2,\"name\":\"Karriere\",\"item\":\"https:\\\/\\\/www.mercuryeng.com\\\/de\\\/karriere\\\/\"},{\"@type\":\"ListItem\",\"position\":3,\"name\":\"Diversit\u00e4t und Inklusion\",\"item\":\"https:\\\/\\\/www.mercuryeng.com\\\/de\\\/karriere\\\/diversitaet-und-inklusion\\\/\"},{\"@type\":\"ListItem\",\"position\":4,\"name\":\"Frauen im Bauwesen\",\"item\":\"https:\\\/\\\/www.mercuryeng.com\\\/de\\\/karriere\\\/diversitaet-und-inklusion\\\/frauen-im-bauwesen\\\/\"},{\"@type\":\"ListItem\",\"position\":5,\"name\":\"Emma Brennan\"}]},{\"@type\":\"WebSite\",\"@id\":\"https:\\\/\\\/www.mercuryeng.com\\\/de\\\/#website\",\"url\":\"https:\\\/\\\/www.mercuryeng.com\\\/de\\\/\",\"name\":\"Mercury Engineering\",\"description\":\"Ihre Vision, unsere Verpflichtung.\",\"potentialAction\":[{\"@type\":\"SearchAction\",\"target\":{\"@type\":\"EntryPoint\",\"urlTemplate\":\"https:\\\/\\\/www.mercuryeng.com\\\/de\\\/?s={search_term_string}\"},\"query-input\":{\"@type\":\"PropertyValueSpecification\",\"valueRequired\":true,\"valueName\":\"search_term_string\"}}],\"inLanguage\":\"de-DE\"}]}<\/script>\n<!-- \/ Yoast SEO plugin. -->","yoast_head_json":{"title":"Emma Brennan - Mercury Engineering","robots":{"index":"index","follow":"follow","max-snippet":"max-snippet:-1","max-image-preview":"max-image-preview:large","max-video-preview":"max-video-preview:-1"},"canonical":"https:\/\/www.mercuryeng.com\/de\/karriere\/diversitaet-und-inklusion\/frauen-im-bauwesen\/emma-brennan\/","og_locale":"de_DE","og_type":"article","og_title":"Emma Brennan - Mercury Engineering","og_description":"Emma Brennan Position: Leitende Maschinenbauingenieurin Zeit im Unternehmen: 7 Jahre Erz\u00e4hlen Sie uns ein wenig \u00fcber sich selbst und wie Sie zu Ihrer jetzigen Position gekommen sind. Ich habe Geb\u00e4udetechnik am DIT Bolton St. studiert. Ich habe mich f\u00fcr diesen Studiengang entschieden, weil ich mich schon immer f\u00fcr Technik und die Funktionsweise von Dingen interessiert [&hellip;]","og_url":"https:\/\/www.mercuryeng.com\/de\/karriere\/diversitaet-und-inklusion\/frauen-im-bauwesen\/emma-brennan\/","og_site_name":"Mercury Engineering","article_modified_time":"2023-01-05T12:04:47+00:00","twitter_card":"summary_large_image","twitter_misc":{"Gesch\u00e4tzte Lesezeit":"3 Minuten"},"schema":{"@context":"https:\/\/schema.org","@graph":[{"@type":"WebPage","@id":"https:\/\/www.mercuryeng.com\/de\/karriere\/diversitaet-und-inklusion\/frauen-im-bauwesen\/emma-brennan\/","url":"https:\/\/www.mercuryeng.com\/de\/karriere\/diversitaet-und-inklusion\/frauen-im-bauwesen\/emma-brennan\/","name":"Emma Brennan - Mercury Engineering","isPartOf":{"@id":"https:\/\/www.mercuryeng.com\/de\/#website"},"datePublished":"2019-05-07T13:18:14+00:00","dateModified":"2023-01-05T12:04:47+00:00","breadcrumb":{"@id":"https:\/\/www.mercuryeng.com\/de\/karriere\/diversitaet-und-inklusion\/frauen-im-bauwesen\/emma-brennan\/#breadcrumb"},"inLanguage":"de-DE","potentialAction":[{"@type":"ReadAction","target":["https:\/\/www.mercuryeng.com\/de\/karriere\/diversitaet-und-inklusion\/frauen-im-bauwesen\/emma-brennan\/"]}]},{"@type":"BreadcrumbList","@id":"https:\/\/www.mercuryeng.com\/de\/karriere\/diversitaet-und-inklusion\/frauen-im-bauwesen\/emma-brennan\/#breadcrumb","itemListElement":[{"@type":"ListItem","position":1,"name":"Home","item":"https:\/\/www.mercuryeng.com\/de\/"},{"@type":"ListItem","position":2,"name":"Karriere","item":"https:\/\/www.mercuryeng.com\/de\/karriere\/"},{"@type":"ListItem","position":3,"name":"Diversit\u00e4t und Inklusion","item":"https:\/\/www.mercuryeng.com\/de\/karriere\/diversitaet-und-inklusion\/"},{"@type":"ListItem","position":4,"name":"Frauen im Bauwesen","item":"https:\/\/www.mercuryeng.com\/de\/karriere\/diversitaet-und-inklusion\/frauen-im-bauwesen\/"},{"@type":"ListItem","position":5,"name":"Emma Brennan"}]},{"@type":"WebSite","@id":"https:\/\/www.mercuryeng.com\/de\/#website","url":"https:\/\/www.mercuryeng.com\/de\/","name":"Mercury Engineering","description":"Ihre Vision, unsere Verpflichtung.","potentialAction":[{"@type":"SearchAction","target":{"@type":"EntryPoint","urlTemplate":"https:\/\/www.mercuryeng.com\/de\/?s={search_term_string}"},"query-input":{"@type":"PropertyValueSpecification","valueRequired":true,"valueName":"search_term_string"}}],"inLanguage":"de-DE"}]}},"_links":{"self":[{"href":"https:\/\/www.mercuryeng.com\/de\/wp-json\/wp\/v2\/pages\/12506","targetHints":{"allow":["GET"]}}],"collection":[{"href":"https:\/\/www.mercuryeng.com\/de\/wp-json\/wp\/v2\/pages"}],"about":[{"href":"https:\/\/www.mercuryeng.com\/de\/wp-json\/wp\/v2\/types\/page"}],"author":[{"embeddable":true,"href":"https:\/\/www.mercuryeng.com\/de\/wp-json\/wp\/v2\/users\/1"}],"replies":[{"embeddable":true,"href":"https:\/\/www.mercuryeng.com\/de\/wp-json\/wp\/v2\/comments?post=12506"}],"version-history":[{"count":1,"href":"https:\/\/www.mercuryeng.com\/de\/wp-json\/wp\/v2\/pages\/12506\/revisions"}],"predecessor-version":[{"id":12535,"href":"https:\/\/www.mercuryeng.com\/de\/wp-json\/wp\/v2\/pages\/12506\/revisions\/12535"}],"up":[{"embeddable":true,"href":"https:\/\/www.mercuryeng.com\/de\/wp-json\/wp\/v2\/pages\/12495"}],"wp:attachment":[{"href":"https:\/\/www.mercuryeng.com\/de\/wp-json\/wp\/v2\/media?parent=12506"}],"curies":[{"name":"wp","href":"https:\/\/api.w.org\/{rel}","templated":true}]}}