{"id":12505,"date":"2019-05-07T13:16:00","date_gmt":"2019-05-07T13:16:00","guid":{"rendered":"https:\/\/www.mercuryeng.com\/karriere\/diversitaet-und-inklusion\/frauen-im-bauwesen\/donna-moloney\/"},"modified":"2023-02-14T10:09:32","modified_gmt":"2023-02-14T10:09:32","slug":"donna-moloney","status":"publish","type":"page","link":"https:\/\/www.mercuryeng.com\/de\/karriere\/diversitaet-und-inklusion\/frauen-im-bauwesen\/donna-moloney\/","title":{"rendered":"Donna Moloney"},"content":{"rendered":"<h4>Donna Moloney<\/h4>\n<p><strong>Position:<\/strong> Datentechniker<br \/>\n<strong>Zeit im Unternehmen:<\/strong> 2 Jahre<\/p>\n<hr \/>\n<figure id=\"attachment_526\" aria-describedby=\"caption-attachment-526\" style=\"width: 330px\" class=\"wp-caption alignright\"><img loading=\"lazy\" decoding=\"async\" class=\"wp-image-526 size-full\" src=\"\/wp-content\/uploads\/2019\/05\/Mercury-DonnaMaloney-1-1.jpg\" alt=\"Donna Moloney- Mercury \u2013 Frauen in der Baubranche\" width=\"330\" height=\"330\" srcset=\"https:\/\/www.mercuryeng.com\/wp-content\/uploads\/2019\/05\/Mercury-DonnaMaloney-1-1.jpg 330w, https:\/\/www.mercuryeng.com\/wp-content\/uploads\/2019\/05\/Mercury-DonnaMaloney-1-1-150x150.jpg 150w, https:\/\/www.mercuryeng.com\/wp-content\/uploads\/2019\/05\/Mercury-DonnaMaloney-1-1-350x350.jpg 350w, https:\/\/www.mercuryeng.com\/wp-content\/uploads\/2019\/05\/Mercury-DonnaMaloney-1-1-700x700.jpg 700w\" sizes=\"auto, (max-width: 330px) 100vw, 330px\" \/><figcaption id=\"caption-attachment-526\" class=\"wp-caption-text\">Donna Moloney<\/figcaption><\/figure>\n<p><strong>Was sind \u201eDatentechnologien\u201c?<\/strong><\/p>\n<p>Das TSS-Team von Mercury ist ein f\u00fchrender Anbieter von IT-Netzwerkinfrastrukturl\u00f6sungen in Irland. Wir bieten aktive und passive IT-Netzwerkl\u00f6sungen, strukturierte Verkabelung und Ingenieurdienstleistungen f\u00fcr Rechenzentren f\u00fcr einige der weltweit f\u00fchrenden multinationalen Unternehmen. Wir entwerfen, liefern, installieren und unterst\u00fctzen modernste Netzwerkl\u00f6sungen, die passive und aktive Netzwerke, drahtlose Technologien und intelligente Geb\u00e4udesysteme umfassen, einschlie\u00dflich Cat6A-Kupferverkabelung, Single-Mode- und Multi-Mode-Glasfaserverkabelung, mechanischer und elektrischer Installation von Serverschr\u00e4nken, Racks und Kabelsicherungssystemen beim Kunden.<\/p>\n<p><strong>Erz\u00e4hlen Sie uns etwas \u00fcber sich selbst und die Gr\u00fcnde, warum Sie eine Stelle als Datentechniker anstreben?<\/strong><\/p>\n<p>Ich kam im Dezember 2016 zu Mercury als Datentechniker an einem unserer Life-Sciences-Projektstandorte und wechselte anschlie\u00dfend zu einem anderen gro\u00dfen multinationalen Kunden, diesmal aus dem Technologiesektor. Ich wollte nach der Schule immer einen Beruf erlernen, aber ich wusste nicht, wie ich das anstellen sollte! Nach der Schule studierte ich ein Jahr lang Sporttherapie am Dun Laoghaire College of Further Education und wechselte dann zur UCD. Leider hielt mich eine Verletzung davon ab, den Studiengang Sporttherapie fortzusetzen, und so entschied ich mich, einen Beruf zu erlernen. Ich hatte gesehen, dass Mercury auf Facebook Lehrlinge einstellte, und da ich schon immer einen Beruf erlernen wollte, ergriff ich die Chance, mich f\u00fcr eine Ausbildung in Elektronik zu bewerben. Leider hatte ich nicht die erforderlichen Mathematikkenntnisse f\u00fcr die Elektrolehre, also schlug Mercury vor, dass ich stattdessen den Weg des Datentechnikers einschlagen sollte.<\/p>\n<p><strong>Welche F\u00e4cher (wenn \u00fcberhaupt) halfen Ihnen bei Ihrer Berufswahl?<\/strong><\/p>\n<p>Ich ging auf eine Klosterschule. Sie war sehr akademisch ausgerichtet, wir hatten also nicht viele praktische F\u00e4cher. Ich denke, dass mehr M\u00e4dchenschulen F\u00e4cher wie Holzarbeiten, technische Grafik, Ingenieurwesen und Bauwesen einf\u00fchren m\u00fcssen und der Schwerpunkt nicht nur in Jungenschulen auf solche F\u00e4cher gelegt werden sollte.<\/p>\n<p><strong>Was hat Ihnen am meisten an der Arbeit als Elektriker gefallen?<\/strong><\/p>\n<p>Ich liebe es, im Team zu arbeiten und zu sehen, wie ein Projekt von Anfang bis Ende aufgebaut wird. Auf der Baustelle herrscht eine tolle Atmosph\u00e4re, alle sind immer positiv gestimmt \u2013 auch wenn es mal etwas stressig wird!<\/p>\n<p><strong>Was gef\u00e4llt Ihnen am meisten an der Arbeit vor Ort?<\/strong><\/p>\n<p>Die gr\u00f6\u00dfte Herausforderung f\u00fcr mich ist meine K\u00f6rpergr\u00f6\u00dfe! Manchmal bin ich ein paar Zentimeter zu klein, um die Hubarbeitsb\u00fchne zu erreichen, aber es ist immer eine Leiter zur Hand. Auch das Heben von schweren Lasten ist manchmal eine Herausforderung, aber wir werden in der manuellen Handhabung geschult und haben ein Buddy-System, sodass jemand da ist, um Ihnen zu helfen, wenn Sie es brauchen.<\/p>\n<p><strong>Was ist Ihr berufliches Ziel f\u00fcr die Zukunft?<\/strong><\/p>\n<p>Ich hoffe, dass ich eine Stelle als leitender Techniker bekomme und mit Mercury auch ein bisschen reisen kann. Ich w\u00fcrde auch gerne wieder zur Hochschule gehen und einen Kurs in Baumanagement belegen, w\u00e4hrend ich f\u00fcr Mercury arbeite. Das EDA (Educational Assistance Programme) von Mercury macht dies m\u00f6glich, da ich mich weiterbilden kann, w\u00e4hrend ich noch vor Ort arbeite.<\/p>\n<p><strong>Was ist das \u00dcberraschendste daran, eine Frau im Baugewerbe zu sein?<\/strong><\/p>\n<p>Die allgemeine positive Einstellung \u2013 jeder wird vor Ort gleich behandelt. Die M\u00e4nner sind sehr ermutigend und wollen jeder Frau helfen, die einen Beruf ergreifen m\u00f6chte.<\/p>\n<p><strong>Welchen Rat w\u00fcrden Sie jemandem geben, der einen Beruf ergreift?<\/strong><\/p>\n<p>Machen Sie weiter so! Das ist durchaus m\u00f6glich, und es ist immer jemand da, der helfen und Fragen beantworten kann.<\/p>\n<p>&nbsp;<\/p>\n<p><a class=\"btn-black-outline\" href=\"https:\/\/www.mercuryeng.com\/de\/karriere\/diversitaet-und-inklusion\/frauen-im-bauwesen\/\">Zur\u00fcck zu Frauen in der Baubranche<\/a><\/p>\n","protected":false},"excerpt":{"rendered":"<p>Donna Moloney Position: Datentechniker Zeit im Unternehmen: 2 Jahre Was sind \u201eDatentechnologien\u201c? Das TSS-Team von Mercury ist ein f\u00fchrender Anbieter von IT-Netzwerkinfrastrukturl\u00f6sungen in Irland. Wir bieten aktive und passive IT-Netzwerkl\u00f6sungen, strukturierte Verkabelung und Ingenieurdienstleistungen f\u00fcr Rechenzentren f\u00fcr einige der weltweit f\u00fchrenden multinationalen Unternehmen. Wir entwerfen, liefern, installieren und unterst\u00fctzen modernste Netzwerkl\u00f6sungen, die passive und aktive [&hellip;]<\/p>\n","protected":false},"author":1,"featured_media":0,"parent":12495,"menu_order":0,"comment_status":"closed","ping_status":"closed","template":"","meta":{"_acf_changed":false,"footnotes":""},"class_list":["post-12505","page","type-page","status-publish","hentry"],"acf":[],"yoast_head":"<!-- This site is optimized with the Yoast SEO plugin v27.3 - https:\/\/yoast.com\/product\/yoast-seo-wordpress\/ -->\n<title>Donna Moloney - Mercury Engineering<\/title>\n<meta name=\"description\" content=\"Donna Moloney \u2013 Position: Datentechniker; 2 Jahre bei Mercury\" \/>\n<meta name=\"robots\" content=\"index, follow, max-snippet:-1, max-image-preview:large, max-video-preview:-1\" \/>\n<link rel=\"canonical\" href=\"https:\/\/www.mercuryeng.com\/de\/karriere\/diversitaet-und-inklusion\/frauen-im-bauwesen\/donna-moloney\/\" \/>\n<meta property=\"og:locale\" content=\"de_DE\" \/>\n<meta property=\"og:type\" content=\"article\" \/>\n<meta property=\"og:title\" content=\"Donna Moloney - Mercury Engineering\" \/>\n<meta property=\"og:description\" content=\"Donna Moloney \u2013 Position: Datentechniker; 2 Jahre bei Mercury\" \/>\n<meta property=\"og:url\" content=\"https:\/\/www.mercuryeng.com\/de\/karriere\/diversitaet-und-inklusion\/frauen-im-bauwesen\/donna-moloney\/\" \/>\n<meta property=\"og:site_name\" content=\"Mercury Engineering\" \/>\n<meta property=\"article:modified_time\" content=\"2023-02-14T10:09:32+00:00\" \/>\n<meta name=\"twitter:card\" content=\"summary_large_image\" \/>\n<meta name=\"twitter:label1\" content=\"Gesch\u00e4tzte Lesezeit\" \/>\n\t<meta name=\"twitter:data1\" content=\"3 Minuten\" \/>\n<script type=\"application\/ld+json\" class=\"yoast-schema-graph\">{\"@context\":\"https:\\\/\\\/schema.org\",\"@graph\":[{\"@type\":\"WebPage\",\"@id\":\"https:\\\/\\\/www.mercuryeng.com\\\/de\\\/karriere\\\/diversitaet-und-inklusion\\\/frauen-im-bauwesen\\\/donna-moloney\\\/\",\"url\":\"https:\\\/\\\/www.mercuryeng.com\\\/de\\\/karriere\\\/diversitaet-und-inklusion\\\/frauen-im-bauwesen\\\/donna-moloney\\\/\",\"name\":\"Donna Moloney - Mercury Engineering\",\"isPartOf\":{\"@id\":\"https:\\\/\\\/www.mercuryeng.com\\\/de\\\/#website\"},\"datePublished\":\"2019-05-07T13:16:00+00:00\",\"dateModified\":\"2023-02-14T10:09:32+00:00\",\"description\":\"Donna Moloney \u2013 Position: Datentechniker; 2 Jahre bei Mercury\",\"breadcrumb\":{\"@id\":\"https:\\\/\\\/www.mercuryeng.com\\\/de\\\/karriere\\\/diversitaet-und-inklusion\\\/frauen-im-bauwesen\\\/donna-moloney\\\/#breadcrumb\"},\"inLanguage\":\"de-DE\",\"potentialAction\":[{\"@type\":\"ReadAction\",\"target\":[\"https:\\\/\\\/www.mercuryeng.com\\\/de\\\/karriere\\\/diversitaet-und-inklusion\\\/frauen-im-bauwesen\\\/donna-moloney\\\/\"]}]},{\"@type\":\"BreadcrumbList\",\"@id\":\"https:\\\/\\\/www.mercuryeng.com\\\/de\\\/karriere\\\/diversitaet-und-inklusion\\\/frauen-im-bauwesen\\\/donna-moloney\\\/#breadcrumb\",\"itemListElement\":[{\"@type\":\"ListItem\",\"position\":1,\"name\":\"Home\",\"item\":\"https:\\\/\\\/www.mercuryeng.com\\\/de\\\/\"},{\"@type\":\"ListItem\",\"position\":2,\"name\":\"Karriere\",\"item\":\"https:\\\/\\\/www.mercuryeng.com\\\/de\\\/karriere\\\/\"},{\"@type\":\"ListItem\",\"position\":3,\"name\":\"Diversit\u00e4t und Inklusion\",\"item\":\"https:\\\/\\\/www.mercuryeng.com\\\/de\\\/karriere\\\/diversitaet-und-inklusion\\\/\"},{\"@type\":\"ListItem\",\"position\":4,\"name\":\"Frauen im Bauwesen\",\"item\":\"https:\\\/\\\/www.mercuryeng.com\\\/de\\\/karriere\\\/diversitaet-und-inklusion\\\/frauen-im-bauwesen\\\/\"},{\"@type\":\"ListItem\",\"position\":5,\"name\":\"Donna Moloney\"}]},{\"@type\":\"WebSite\",\"@id\":\"https:\\\/\\\/www.mercuryeng.com\\\/de\\\/#website\",\"url\":\"https:\\\/\\\/www.mercuryeng.com\\\/de\\\/\",\"name\":\"Mercury Engineering\",\"description\":\"Ihre Vision, unsere Verpflichtung.\",\"potentialAction\":[{\"@type\":\"SearchAction\",\"target\":{\"@type\":\"EntryPoint\",\"urlTemplate\":\"https:\\\/\\\/www.mercuryeng.com\\\/de\\\/?s={search_term_string}\"},\"query-input\":{\"@type\":\"PropertyValueSpecification\",\"valueRequired\":true,\"valueName\":\"search_term_string\"}}],\"inLanguage\":\"de-DE\"}]}<\/script>\n<!-- \/ Yoast SEO plugin. -->","yoast_head_json":{"title":"Donna Moloney - Mercury Engineering","description":"Donna Moloney \u2013 Position: Datentechniker; 2 Jahre bei Mercury","robots":{"index":"index","follow":"follow","max-snippet":"max-snippet:-1","max-image-preview":"max-image-preview:large","max-video-preview":"max-video-preview:-1"},"canonical":"https:\/\/www.mercuryeng.com\/de\/karriere\/diversitaet-und-inklusion\/frauen-im-bauwesen\/donna-moloney\/","og_locale":"de_DE","og_type":"article","og_title":"Donna Moloney - Mercury Engineering","og_description":"Donna Moloney \u2013 Position: Datentechniker; 2 Jahre bei Mercury","og_url":"https:\/\/www.mercuryeng.com\/de\/karriere\/diversitaet-und-inklusion\/frauen-im-bauwesen\/donna-moloney\/","og_site_name":"Mercury Engineering","article_modified_time":"2023-02-14T10:09:32+00:00","twitter_card":"summary_large_image","twitter_misc":{"Gesch\u00e4tzte Lesezeit":"3 Minuten"},"schema":{"@context":"https:\/\/schema.org","@graph":[{"@type":"WebPage","@id":"https:\/\/www.mercuryeng.com\/de\/karriere\/diversitaet-und-inklusion\/frauen-im-bauwesen\/donna-moloney\/","url":"https:\/\/www.mercuryeng.com\/de\/karriere\/diversitaet-und-inklusion\/frauen-im-bauwesen\/donna-moloney\/","name":"Donna Moloney - Mercury Engineering","isPartOf":{"@id":"https:\/\/www.mercuryeng.com\/de\/#website"},"datePublished":"2019-05-07T13:16:00+00:00","dateModified":"2023-02-14T10:09:32+00:00","description":"Donna Moloney \u2013 Position: Datentechniker; 2 Jahre bei Mercury","breadcrumb":{"@id":"https:\/\/www.mercuryeng.com\/de\/karriere\/diversitaet-und-inklusion\/frauen-im-bauwesen\/donna-moloney\/#breadcrumb"},"inLanguage":"de-DE","potentialAction":[{"@type":"ReadAction","target":["https:\/\/www.mercuryeng.com\/de\/karriere\/diversitaet-und-inklusion\/frauen-im-bauwesen\/donna-moloney\/"]}]},{"@type":"BreadcrumbList","@id":"https:\/\/www.mercuryeng.com\/de\/karriere\/diversitaet-und-inklusion\/frauen-im-bauwesen\/donna-moloney\/#breadcrumb","itemListElement":[{"@type":"ListItem","position":1,"name":"Home","item":"https:\/\/www.mercuryeng.com\/de\/"},{"@type":"ListItem","position":2,"name":"Karriere","item":"https:\/\/www.mercuryeng.com\/de\/karriere\/"},{"@type":"ListItem","position":3,"name":"Diversit\u00e4t und Inklusion","item":"https:\/\/www.mercuryeng.com\/de\/karriere\/diversitaet-und-inklusion\/"},{"@type":"ListItem","position":4,"name":"Frauen im Bauwesen","item":"https:\/\/www.mercuryeng.com\/de\/karriere\/diversitaet-und-inklusion\/frauen-im-bauwesen\/"},{"@type":"ListItem","position":5,"name":"Donna Moloney"}]},{"@type":"WebSite","@id":"https:\/\/www.mercuryeng.com\/de\/#website","url":"https:\/\/www.mercuryeng.com\/de\/","name":"Mercury Engineering","description":"Ihre Vision, unsere Verpflichtung.","potentialAction":[{"@type":"SearchAction","target":{"@type":"EntryPoint","urlTemplate":"https:\/\/www.mercuryeng.com\/de\/?s={search_term_string}"},"query-input":{"@type":"PropertyValueSpecification","valueRequired":true,"valueName":"search_term_string"}}],"inLanguage":"de-DE"}]}},"_links":{"self":[{"href":"https:\/\/www.mercuryeng.com\/de\/wp-json\/wp\/v2\/pages\/12505","targetHints":{"allow":["GET"]}}],"collection":[{"href":"https:\/\/www.mercuryeng.com\/de\/wp-json\/wp\/v2\/pages"}],"about":[{"href":"https:\/\/www.mercuryeng.com\/de\/wp-json\/wp\/v2\/types\/page"}],"author":[{"embeddable":true,"href":"https:\/\/www.mercuryeng.com\/de\/wp-json\/wp\/v2\/users\/1"}],"replies":[{"embeddable":true,"href":"https:\/\/www.mercuryeng.com\/de\/wp-json\/wp\/v2\/comments?post=12505"}],"version-history":[{"count":2,"href":"https:\/\/www.mercuryeng.com\/de\/wp-json\/wp\/v2\/pages\/12505\/revisions"}],"predecessor-version":[{"id":13555,"href":"https:\/\/www.mercuryeng.com\/de\/wp-json\/wp\/v2\/pages\/12505\/revisions\/13555"}],"up":[{"embeddable":true,"href":"https:\/\/www.mercuryeng.com\/de\/wp-json\/wp\/v2\/pages\/12495"}],"wp:attachment":[{"href":"https:\/\/www.mercuryeng.com\/de\/wp-json\/wp\/v2\/media?parent=12505"}],"curies":[{"name":"wp","href":"https:\/\/api.w.org\/{rel}","templated":true}]}}