{"id":12499,"date":"2020-05-14T09:59:24","date_gmt":"2020-05-14T09:59:24","guid":{"rendered":"https:\/\/www.mercuryeng.com\/careers\/diversity-inclusion\/"},"modified":"2023-01-13T14:34:41","modified_gmt":"2023-01-13T14:34:41","slug":"diversitaet-und-inklusion","status":"publish","type":"page","link":"https:\/\/www.mercuryeng.com\/de\/karriere\/diversitaet-und-inklusion\/","title":{"rendered":"Diversit\u00e4t und Inklusion"},"content":{"rendered":"<h3>Diversit\u00e4t und Inklusion<\/h3>\n<p>Diversit\u00e4t und Inklusion sind Teil des Mercury-Programms f\u00fcr verantwortungsbewusstes Handeln und ein Schl\u00fcsselfaktor f\u00fcr unsere erfolgreiche Unternehmenskultur.<\/p>\n<p>Wir haben eine Politik der Diversit\u00e4t und Inklusion eingef\u00fchrt, die von unserem F\u00fchrungsteam vorangetrieben wird. Diversit\u00e4t und Inklusion sind in die Vision und die Werte von Mercury eingewoben, nicht nur durch unsere Kultur, sondern durch den gesamten Lebenszyklus der Mitarbeiter.<\/p>\n<p>Unsere Strategie f\u00fcr Diversit\u00e4t und Inklusion ist auf diese 3 S\u00e4ulen ausgerichtet:<\/p>\n<hr \/>\n<p><strong>1. UNSERE ARBEITSKR\u00c4FTE<\/strong><\/p>\n<p>Es ist von entscheidender Bedeutung f\u00fcr uns, sicherzustellen, dass wir Mitarbeiter einstellen, halten und entwickeln, die die Branchen und Gemeinden widerspiegeln, denen wir dienen.<\/p>\n<p><strong>Werte &#8211;<\/strong> Wir erm\u00f6glichen es unseren Mitarbeitern, ihr Potenzial jeden Tag auszusch\u00f6pfen. Unsere einzigartige Mercury-Kultur \u2013 ein Engagement, bei dem Wohlbefinden und Sicherheit im Vordergrund stehen und das wir mutig und dynamisch in die Tat umsetzen \u2013 ist in jedem Mitglied unseres globalen Teams verankert. Wir sind stolz darauf, dass wir unsere Mitarbeiter langfristig an das Unternehmen binden und sie von der Lehrlings- und Hochschulausbildung bis hin zur F\u00fchrungsebene weiterentwickeln k\u00f6nnen.<\/p>\n<p><strong>Nationalit\u00e4ten &#8211;<\/strong> Mit mehr als 40 Nationalit\u00e4ten sind wir davon \u00fcberzeugt, dass unsere unglaublich vielf\u00e4ltige Belegschaft und unsere positive Unternehmenskultur dazu beigetragen haben, ein Umfeld zu schaffen, das unsere Mitarbeiter dazu ermutigt, erstklassige Ergebnisse zu erzielen.<\/p>\n<p><strong>Frauen im Baugewerbe<\/strong> &#8211; Wir arbeiten weiter daran, den Eindruck zu \u00e4ndern, dass nur M\u00e4nner in unserer Branche erfolgreich sein k\u00f6nnen. Die Gleichstellung der Geschlechter ist f\u00fcr Mercury von grundlegender Bedeutung. Deshalb sind wir f\u00fchrend bei der Schaffung eines frauenfreundlicheren Baugewerbes. Frauen machen nur 8,5 % der Besch\u00e4ftigten im Baugewerbe aus, stellen aber \u00fcber 11 % der 2.000 direkten Mitarbeiter von Mercury. Wir arbeiten daran, diese Zahl zu verbessern und die Auffassung zu \u00e4ndern, dass nur M\u00e4nner in unserer Branche erfolgreich sein k\u00f6nnen:<\/p>\n<ul>\n<li>Wir veranstalten regelm\u00e4\u00dfig Vortr\u00e4ge, Veranstaltungen und Kurse f\u00fcr aufstrebende Frauen im Baugewerbe, darunter auch Besuche in reinen M\u00e4dchenschulen, in denen wir die unendlichen M\u00f6glichkeiten aufzeigen, die sich Frauen im Baugewerbe bieten.<\/li>\n<li>Mercury war auch schon einmal Gastgeber einer j\u00e4hrlichen Ausstellung auf der CIF-Konferenz \u201eFrauen im Bauwesen\u201c.<\/li>\n<\/ul>\n<hr \/>\n<p><strong>2. UNSER ARBEITSPLATZ<\/strong><img loading=\"lazy\" decoding=\"async\" class=\"alignright wp-image-4321 size-medium\" src=\"\/wp-content\/uploads\/2020\/05\/1191-CIF-Diversity-Inclusion-Master-Logo-Primary-OL-002-350x206.jpg\" alt=\"\" width=\"300\" height=\"177\" srcset=\"https:\/\/www.mercuryeng.com\/wp-content\/uploads\/2020\/05\/1191-CIF-Diversity-Inclusion-Master-Logo-Primary-OL-002-350x206.jpg 350w, https:\/\/www.mercuryeng.com\/wp-content\/uploads\/2020\/05\/1191-CIF-Diversity-Inclusion-Master-Logo-Primary-OL-002-1000x588.jpg 1000w, https:\/\/www.mercuryeng.com\/wp-content\/uploads\/2020\/05\/1191-CIF-Diversity-Inclusion-Master-Logo-Primary-OL-002-700x411.jpg 700w, https:\/\/www.mercuryeng.com\/wp-content\/uploads\/2020\/05\/1191-CIF-Diversity-Inclusion-Master-Logo-Primary-OL-002-1536x903.jpg 1536w, https:\/\/www.mercuryeng.com\/wp-content\/uploads\/2020\/05\/1191-CIF-Diversity-Inclusion-Master-Logo-Primary-OL-002-2048x1204.jpg 2048w, https:\/\/www.mercuryeng.com\/wp-content\/uploads\/2020\/05\/1191-CIF-Diversity-Inclusion-Master-Logo-Primary-OL-002-scaled.jpg 1400w\" sizes=\"auto, (max-width: 300px) 100vw, 300px\" \/><\/p>\n<p>Die Schaffung und Aufrechterhaltung einer Arbeitsplatzkultur, die unsere Unterschiede und Gemeinsamkeiten sch\u00e4tzt und nutzt, ist eine unserer Hauptst\u00e4rken.<\/p>\n<p><strong>Lernen und Entwicklung &#8211;<\/strong> Die Entwicklung unserer Mitarbeiter liegt uns am Herzen \u2013 das reicht von der Unterst\u00fctzung bei der Einarbeitung in das Unternehmen und die Branche bis hin zur Unterst\u00fctzung der Mitarbeiter bei der Entwicklung von F\u00fchrungsqualit\u00e4ten und Fachwissen in ihrem Bereich. Wir sch\u00e4tzen den Erfahrungsschatz und das Fachwissen aller unserer Mitarbeiter und verpflichten uns, im Rahmen unserer kontinuierlichen Investitionen in unsere Mitarbeiter hochwertige formelle und informelle Schulungen anzubieten.<\/p>\n<p><strong>Gruppen-Mentoring-Programme &#8211; <\/strong>Wir k\u00fcmmern uns auch um die Entwicklung von Mitarbeitern, die aus einem Umfeld kommen, in dem sie nicht in der Lage waren, sich \u00fcber Themen zu informieren, die mit unserer Branche oder dem Gesch\u00e4ft im Allgemeinen zusammenh\u00e4ngen. Unsere Gruppen-Mentoring-Erfahrung kommt insbesondere Arbeitnehmern zugute, die in die folgenden Kategorien fallen:<\/p>\n<ul>\n<li>Frauen<\/li>\n<li>Ausl\u00e4ndische Staatsangeh\u00f6rige<\/li>\n<li>Diejenigen, die sich in den ersten 10 Jahren ihrer Karriere befinden<\/li>\n<\/ul>\n<figure id=\"attachment_4230\" aria-describedby=\"caption-attachment-4230\" style=\"width: 515px\" class=\"wp-caption alignleft\"><img loading=\"lazy\" decoding=\"async\" class=\"wp-image-4230 size-full\" src=\"\/wp-content\/uploads\/2020\/05\/gill-harmon-girls-school-png.png\" alt=\"\" width=\"515\" height=\"361\" srcset=\"https:\/\/www.mercuryeng.com\/wp-content\/uploads\/2020\/05\/gill-harmon-girls-school-png.png 515w, https:\/\/www.mercuryeng.com\/wp-content\/uploads\/2020\/05\/gill-harmon-girls-school-png-350x245.png 350w\" sizes=\"auto, (max-width: 515px) 100vw, 515px\" \/><figcaption id=\"caption-attachment-4230\" class=\"wp-caption-text\">Jill-Harmon bei einem Berufsgespr\u00e4ch.<\/figcaption><\/figure>\n<hr \/>\n<p><strong>3. UNSERE GEMEINDEN<\/strong><\/p>\n<p>Wir sind bestrebt, f\u00fcr unser immer breiter gef\u00e4chertes Kundenportfolio Werte zu schaffen, indem wir mit verschiedenen externen Interessengruppen zusammenarbeiten und uns in der Gemeinde, in der wir t\u00e4tig sind, engagieren.<\/p>\n<p><strong>Mercury in der Gemeinde &#8211;<\/strong> Als ein in Europa ans\u00e4ssiger Auftragnehmer arbeiten wir in mehreren Regionen mit Menschen unterschiedlichster Herkunft zusammen. Wir unterst\u00fctzen lokale Gemeinden und unterrepr\u00e4sentierte Gruppen durch Lehrlings- und Bildungsangebote sowie durch Spendenaktionen und CSR-Veranstaltungen.<\/p>\n<p><strong>Unterst\u00fctzung lokaler Schulen &#8211;<\/strong> Im M\u00e4rz 2020 besuchten wir eine Reihe von Delivering Equality of Opportunity Schools (DEIS), wo wir mit Sch\u00fclern \u00fcber die M\u00f6glichkeiten sprachen, die sich denjenigen bieten, die eine berufliche Karriere bei Mercury anstreben. Wir arbeiten mit DEIS-Schulen zusammen, um Karrieren f\u00fcr M\u00e4dchen im Baugewerbe zu f\u00f6rdern und ihnen einen Weg zu bieten, sich f\u00fcr unsere Lehrstellen und Praktika als Datentechniker zu bewerben.<\/p>\n<figure id=\"attachment_4231\" aria-describedby=\"caption-attachment-4231\" style=\"width: 515px\" class=\"wp-caption alignright\"><img loading=\"lazy\" decoding=\"async\" class=\"wp-image-4231 size-full\" src=\"\/wp-content\/uploads\/2020\/05\/Girls-school-photoshop.png\" alt=\"\" width=\"515\" height=\"361\" srcset=\"https:\/\/www.mercuryeng.com\/wp-content\/uploads\/2020\/05\/Girls-school-photoshop.png 515w, https:\/\/www.mercuryeng.com\/wp-content\/uploads\/2020\/05\/Girls-school-photoshop-350x245.png 350w\" sizes=\"auto, (max-width: 515px) 100vw, 515px\" \/><figcaption id=\"caption-attachment-4231\" class=\"wp-caption-text\">Sch\u00fclerinnen der Stanhope Street Girls School bei einem Berufsgespr\u00e4ch<\/figcaption><\/figure>\n<p><strong>Unterst\u00fctzung der lokalen Gemeinden<\/strong><\/p>\n<p><strong>Dublin &#8211; <\/strong>Als Auftragnehmer f\u00fcr das Nationale Kinderkrankenhaus Irlands unterst\u00fctzen wir aktiv die Umgebung von Dublin 8, wo das Projekt angesiedelt ist. Wir haben eine Reihe von Anwohnern eingestellt und uns an einer Reihe von Initiativen und Vortr\u00e4gen in nahe gelegenen Schulen beteiligt.<\/p>\n<p><strong>Paris &#8211; <\/strong>Eines unserer aufregendsten neuen Projekte begann k\u00fcrzlich im Pariser Stadtteil Saint-Denis. Im Rahmen dieses Rechenzentrumsprojekts werden wir so weit wie m\u00f6glich auf eine lokale Lieferkette und lokale Arbeitskr\u00e4fte zur\u00fcckgreifen. Dar\u00fcber hinaus werden wir zusammen mit unseren Kunden und der Lieferkette eine Reihe von Schulen, Vereinen und lokalen Initiativen unterst\u00fctzen.<\/p>\n","protected":false},"excerpt":{"rendered":"<p>Diversit\u00e4t und Inklusion Diversit\u00e4t und Inklusion sind Teil des Mercury-Programms f\u00fcr verantwortungsbewusstes Handeln und ein Schl\u00fcsselfaktor f\u00fcr unsere erfolgreiche Unternehmenskultur. Wir haben eine Politik der Diversit\u00e4t und Inklusion eingef\u00fchrt, die von unserem F\u00fchrungsteam vorangetrieben wird. Diversit\u00e4t und Inklusion sind in die Vision und die Werte von Mercury eingewoben, nicht nur durch unsere Kultur, sondern durch [&hellip;]<\/p>\n","protected":false},"author":14,"featured_media":0,"parent":12488,"menu_order":2,"comment_status":"closed","ping_status":"closed","template":"","meta":{"_acf_changed":false,"footnotes":""},"class_list":["post-12499","page","type-page","status-publish","hentry"],"acf":[],"yoast_head":"<!-- This site is optimized with the Yoast SEO plugin v27.2 - https:\/\/yoast.com\/product\/yoast-seo-wordpress\/ -->\n<title>Diversit\u00e4t und Inklusion - Mercury Engineering<\/title>\n<meta name=\"description\" content=\"Das Mercury-Programm f\u00fcr verantwortungsbewusstes Wirtschaften umfasst Diversit\u00e4t und Inklusion \u2013 ein Schl\u00fcsselfaktor f\u00fcr unsere erfolgreiche Kultur\" \/>\n<meta name=\"robots\" content=\"index, follow, max-snippet:-1, max-image-preview:large, max-video-preview:-1\" \/>\n<link rel=\"canonical\" href=\"https:\/\/www.mercuryeng.com\/de\/karriere\/diversitaet-und-inklusion\/\" \/>\n<meta property=\"og:locale\" content=\"de_DE\" \/>\n<meta property=\"og:type\" content=\"article\" \/>\n<meta property=\"og:title\" content=\"Diversit\u00e4t und Inklusion - Mercury Engineering\" \/>\n<meta property=\"og:description\" content=\"Das Mercury-Programm f\u00fcr verantwortungsbewusstes Wirtschaften umfasst Diversit\u00e4t und Inklusion \u2013 ein Schl\u00fcsselfaktor f\u00fcr unsere erfolgreiche Kultur\" \/>\n<meta property=\"og:url\" content=\"https:\/\/www.mercuryeng.com\/de\/karriere\/diversitaet-und-inklusion\/\" \/>\n<meta property=\"og:site_name\" content=\"Mercury Engineering\" \/>\n<meta property=\"article:modified_time\" content=\"2023-01-13T14:34:41+00:00\" \/>\n<meta name=\"twitter:card\" content=\"summary_large_image\" \/>\n<meta name=\"twitter:label1\" content=\"Gesch\u00e4tzte Lesezeit\" \/>\n\t<meta name=\"twitter:data1\" content=\"4 Minuten\" \/>\n<script type=\"application\/ld+json\" class=\"yoast-schema-graph\">{\"@context\":\"https:\/\/schema.org\",\"@graph\":[{\"@type\":\"WebPage\",\"@id\":\"https:\/\/www.mercuryeng.com\/de\/karriere\/diversitaet-und-inklusion\/\",\"url\":\"https:\/\/www.mercuryeng.com\/de\/karriere\/diversitaet-und-inklusion\/\",\"name\":\"Diversit\u00e4t und Inklusion - Mercury Engineering\",\"isPartOf\":{\"@id\":\"https:\/\/www.mercuryeng.com\/de\/#website\"},\"datePublished\":\"2020-05-14T09:59:24+00:00\",\"dateModified\":\"2023-01-13T14:34:41+00:00\",\"description\":\"Das Mercury-Programm f\u00fcr verantwortungsbewusstes Wirtschaften umfasst Diversit\u00e4t und Inklusion \u2013 ein Schl\u00fcsselfaktor f\u00fcr unsere erfolgreiche Kultur\",\"breadcrumb\":{\"@id\":\"https:\/\/www.mercuryeng.com\/de\/karriere\/diversitaet-und-inklusion\/#breadcrumb\"},\"inLanguage\":\"de-DE\",\"potentialAction\":[{\"@type\":\"ReadAction\",\"target\":[\"https:\/\/www.mercuryeng.com\/de\/karriere\/diversitaet-und-inklusion\/\"]}]},{\"@type\":\"BreadcrumbList\",\"@id\":\"https:\/\/www.mercuryeng.com\/de\/karriere\/diversitaet-und-inklusion\/#breadcrumb\",\"itemListElement\":[{\"@type\":\"ListItem\",\"position\":1,\"name\":\"Home\",\"item\":\"https:\/\/www.mercuryeng.com\/de\/\"},{\"@type\":\"ListItem\",\"position\":2,\"name\":\"Karriere\",\"item\":\"https:\/\/www.mercuryeng.com\/de\/karriere\/\"},{\"@type\":\"ListItem\",\"position\":3,\"name\":\"Diversit\u00e4t und Inklusion\"}]},{\"@type\":\"WebSite\",\"@id\":\"https:\/\/www.mercuryeng.com\/de\/#website\",\"url\":\"https:\/\/www.mercuryeng.com\/de\/\",\"name\":\"Mercury Engineering\",\"description\":\"Ihre Vision, unsere Verpflichtung.\",\"potentialAction\":[{\"@type\":\"SearchAction\",\"target\":{\"@type\":\"EntryPoint\",\"urlTemplate\":\"https:\/\/www.mercuryeng.com\/de\/?s={search_term_string}\"},\"query-input\":{\"@type\":\"PropertyValueSpecification\",\"valueRequired\":true,\"valueName\":\"search_term_string\"}}],\"inLanguage\":\"de-DE\"}]}<\/script>\n<!-- \/ Yoast SEO plugin. -->","yoast_head_json":{"title":"Diversit\u00e4t und Inklusion - Mercury Engineering","description":"Das Mercury-Programm f\u00fcr verantwortungsbewusstes Wirtschaften umfasst Diversit\u00e4t und Inklusion \u2013 ein Schl\u00fcsselfaktor f\u00fcr unsere erfolgreiche Kultur","robots":{"index":"index","follow":"follow","max-snippet":"max-snippet:-1","max-image-preview":"max-image-preview:large","max-video-preview":"max-video-preview:-1"},"canonical":"https:\/\/www.mercuryeng.com\/de\/karriere\/diversitaet-und-inklusion\/","og_locale":"de_DE","og_type":"article","og_title":"Diversit\u00e4t und Inklusion - Mercury Engineering","og_description":"Das Mercury-Programm f\u00fcr verantwortungsbewusstes Wirtschaften umfasst Diversit\u00e4t und Inklusion \u2013 ein Schl\u00fcsselfaktor f\u00fcr unsere erfolgreiche Kultur","og_url":"https:\/\/www.mercuryeng.com\/de\/karriere\/diversitaet-und-inklusion\/","og_site_name":"Mercury Engineering","article_modified_time":"2023-01-13T14:34:41+00:00","twitter_card":"summary_large_image","twitter_misc":{"Gesch\u00e4tzte Lesezeit":"4 Minuten"},"schema":{"@context":"https:\/\/schema.org","@graph":[{"@type":"WebPage","@id":"https:\/\/www.mercuryeng.com\/de\/karriere\/diversitaet-und-inklusion\/","url":"https:\/\/www.mercuryeng.com\/de\/karriere\/diversitaet-und-inklusion\/","name":"Diversit\u00e4t und Inklusion - Mercury Engineering","isPartOf":{"@id":"https:\/\/www.mercuryeng.com\/de\/#website"},"datePublished":"2020-05-14T09:59:24+00:00","dateModified":"2023-01-13T14:34:41+00:00","description":"Das Mercury-Programm f\u00fcr verantwortungsbewusstes Wirtschaften umfasst Diversit\u00e4t und Inklusion \u2013 ein Schl\u00fcsselfaktor f\u00fcr unsere erfolgreiche Kultur","breadcrumb":{"@id":"https:\/\/www.mercuryeng.com\/de\/karriere\/diversitaet-und-inklusion\/#breadcrumb"},"inLanguage":"de-DE","potentialAction":[{"@type":"ReadAction","target":["https:\/\/www.mercuryeng.com\/de\/karriere\/diversitaet-und-inklusion\/"]}]},{"@type":"BreadcrumbList","@id":"https:\/\/www.mercuryeng.com\/de\/karriere\/diversitaet-und-inklusion\/#breadcrumb","itemListElement":[{"@type":"ListItem","position":1,"name":"Home","item":"https:\/\/www.mercuryeng.com\/de\/"},{"@type":"ListItem","position":2,"name":"Karriere","item":"https:\/\/www.mercuryeng.com\/de\/karriere\/"},{"@type":"ListItem","position":3,"name":"Diversit\u00e4t und Inklusion"}]},{"@type":"WebSite","@id":"https:\/\/www.mercuryeng.com\/de\/#website","url":"https:\/\/www.mercuryeng.com\/de\/","name":"Mercury Engineering","description":"Ihre Vision, unsere Verpflichtung.","potentialAction":[{"@type":"SearchAction","target":{"@type":"EntryPoint","urlTemplate":"https:\/\/www.mercuryeng.com\/de\/?s={search_term_string}"},"query-input":{"@type":"PropertyValueSpecification","valueRequired":true,"valueName":"search_term_string"}}],"inLanguage":"de-DE"}]}},"_links":{"self":[{"href":"https:\/\/www.mercuryeng.com\/de\/wp-json\/wp\/v2\/pages\/12499","targetHints":{"allow":["GET"]}}],"collection":[{"href":"https:\/\/www.mercuryeng.com\/de\/wp-json\/wp\/v2\/pages"}],"about":[{"href":"https:\/\/www.mercuryeng.com\/de\/wp-json\/wp\/v2\/types\/page"}],"author":[{"embeddable":true,"href":"https:\/\/www.mercuryeng.com\/de\/wp-json\/wp\/v2\/users\/14"}],"replies":[{"embeddable":true,"href":"https:\/\/www.mercuryeng.com\/de\/wp-json\/wp\/v2\/comments?post=12499"}],"version-history":[{"count":1,"href":"https:\/\/www.mercuryeng.com\/de\/wp-json\/wp\/v2\/pages\/12499\/revisions"}],"predecessor-version":[{"id":12580,"href":"https:\/\/www.mercuryeng.com\/de\/wp-json\/wp\/v2\/pages\/12499\/revisions\/12580"}],"up":[{"embeddable":true,"href":"https:\/\/www.mercuryeng.com\/de\/wp-json\/wp\/v2\/pages\/12488"}],"wp:attachment":[{"href":"https:\/\/www.mercuryeng.com\/de\/wp-json\/wp\/v2\/media?parent=12499"}],"curies":[{"name":"wp","href":"https:\/\/api.w.org\/{rel}","templated":true}]}}