{"id":12498,"date":"2019-11-04T14:35:52","date_gmt":"2019-11-04T14:35:52","guid":{"rendered":"https:\/\/www.mercuryeng.com\/women-in-construction\/cathy-kane\/"},"modified":"2023-02-14T10:31:50","modified_gmt":"2023-02-14T10:31:50","slug":"cathy-kane","status":"publish","type":"page","link":"https:\/\/www.mercuryeng.com\/de\/karriere\/diversitaet-und-inklusion\/frauen-im-bauwesen\/cathy-kane\/","title":{"rendered":"Cathy Kane"},"content":{"rendered":"<h4>Cathy Kane<\/h4>\n<p><strong>Position:<\/strong> EHS-Leiter, Biowissenschaften und Technologie<br \/>\n<strong>Zeit im Unternehmen:<\/strong> 22 Jahre<\/p>\n<hr \/>\n<p><strong>Erz\u00e4hlen Sie uns ein wenig \u00fcber sich selbst und wie Sie zu Ihrer jetzigen Position gekommen sind.<img loading=\"lazy\" decoding=\"async\" class=\"alignright wp-image-3030 size-full\" src=\"\/wp-content\/uploads\/2019\/11\/Mercury-Cathy-Kane.png\" alt=\"Cathy Kane - \u2013 Mercury \u2013 Frauen in der Baubranche\" width=\"330\" height=\"330\" srcset=\"https:\/\/www.mercuryeng.com\/wp-content\/uploads\/2019\/11\/Mercury-Cathy-Kane.png 330w, https:\/\/www.mercuryeng.com\/wp-content\/uploads\/2019\/11\/Mercury-Cathy-Kane-150x150.png 150w, https:\/\/www.mercuryeng.com\/wp-content\/uploads\/2019\/11\/Mercury-Cathy-Kane-350x350.png 350w, https:\/\/www.mercuryeng.com\/wp-content\/uploads\/2019\/11\/Mercury-Cathy-Kane-700x700.png 700w\" sizes=\"auto, (max-width: 330px) 100vw, 330px\" \/><\/strong><\/p>\n<p>Ich schloss 1997 mein Abitur ab und wusste nicht, was ich nach dem Studium machen wollte, also beschloss ich, ein Jahr Pause zu machen und zu arbeiten. Ich bekam einen Job f\u00fcr den Sommer in einem gro\u00dfen Halbleiterwerksprojekt, und w\u00e4hrend ich dort war, traf ich die Entscheidung, eine Ausbildung bei Mercury zu beginnen, wo ich 4\u00bd Jahre lang arbeitete. W\u00e4hrend meiner Lehrzeit begann ich mich f\u00fcr das Thema Sicherheit zu interessieren, und nach Abschluss meiner Ausbildung begann ich ein Teilzeitstudium zum Umwelt- und Arbeitsschutzzertifikat an der UCD. Danach habe ich mein Higher Diploma in Safety, Health &amp; Welfare at Work (Sicherheit, Gesundheit und Wohlbefinden am Arbeitsplatz) ebenfalls in Teilzeit f\u00fcr 2 Jahre erworben.<\/p>\n<p>Ich habe insgesamt 22 Jahre Erfahrung im Baugewerbe und habe an einer Vielzahl von Projekten in verschiedenen Sektoren als Elektriker und in den letzten 15 Jahren als Umwelt-, Gesundheits- und Sicherheitsbeauftragter\/Leiter gearbeitet.<\/p>\n<p><strong>Das EHS-Team von Mercury hat gerade die unglaubliche Leistung vollbracht, in den letzten 12 Monaten 50 Projekte ohne eine einzige unfallbedingte Fehlzeit abgewickelt zu haben. K\u00f6nnen Sie uns ein wenig \u00fcber Ihre bisherigen Erfahrungen im EHS-Team von Mercury erz\u00e4hlen?<\/strong><\/p>\n<p>Als Mitglied des EHS-Teams ist jeder Tag anders und bringt unterschiedliche Herausforderungen mit sich. Das Projekt, das wir zuvor abgeschlossen haben, war so schwierig, dass die Handwerker keinen Zugang hatten, um die Leitungen in einem so kleinen Geb\u00e4ude zu installieren. Urspr\u00fcnglich wurde das Projekt gestrichen, weil das Geb\u00e4ude zu klein f\u00fcr den Entwurf war.<\/p>\n<p>Schlie\u00dflich wurde das Projekt in Angriff genommen, und die Handwerker hatten w\u00e4hrend des gesamten Projekts mit einer Reihe von Dienstleistungskollisionen zu k\u00e4mpfen. In vielen Bereichen, zu denen der Zugang so eingeschr\u00e4nkt war, dass die Handwerker bestimmte Teile des Projekts gar nicht ausf\u00fchren konnten, bis unser EHS-Team die Bereiche \u00fcberpr\u00fcft und einen Plan erstellt hatte, mussten Dienstleistungen installiert werden. Wir haben schlie\u00dflich Pl\u00e4ne erstellt, die es den Handwerkern erm\u00f6glichten, diese Bereiche sicher zu erreichen, und wir haben auch Rettungspl\u00e4ne f\u00fcr den Fall erstellt, dass etwas passieren w\u00fcrde. Als die Arbeit abgeschlossen war, blickte ich auf das Projekt zur\u00fcck und dachte, wie gut jeder dazu beigetragen hat, die Arbeit in einem so begrenzten Gebiet und einem engen Zeitplan zu bew\u00e4ltigen.<\/p>\n<p><strong>Sie sind nicht nur ein qualifizierter Elektriker, sondern auch ein EHS-Berater. Welchen Rat w\u00fcrden Sie Frauen geben, die einen handwerklichen Beruf ergreifen oder in die Baubranche einsteigen wollen?<\/strong><\/p>\n<p>Als Frau in einem \u00fcberwiegend von M\u00e4nnern dominierten Beruf glaube ich, dass jede Frau genauso gute Arbeit leisten kann wie ein Mann. Aus meiner eigenen Erfahrung bei Mercury wurde ich nie anders behandelt als die anderen Jungs in meiner Mannschaft. Ich wurde immer aufgrund meiner F\u00e4higkeiten und nicht aufgrund meines Geschlechts eingestellt. Ein gro\u00dfer Vorteil eines Berufes wie dem des Elektrikers, Klempners usw. ist, dass Sie Ihre F\u00e4higkeiten in anderen L\u00e4ndern einsetzen k\u00f6nnen. Ich habe festgestellt, dass es mir wirklich Spa\u00df macht, einen aktiven Beruf auszu\u00fcben, anstatt den ganzen Tag in einem B\u00fcro oder Klassenzimmer zu sitzen.<\/p>\n<p><strong>Was ist das \u00dcberraschendste daran, als Frau in der Baubranche zu arbeiten?<\/strong><\/p>\n<p>Die Reaktion der Leute, wenn man ihnen erz\u00e4hlt, was man beruflich macht. Ich bin der Meinung, dass Frauen nicht anders behandelt werden sollten als ihre Altersgenossen. Es wird besser, aber es gibt nur sehr wenige Frauen, die im Baugewerbe in F\u00fchrungspositionen anzutreffen sind.<\/p>\n<p><strong>Was hat Ihnen in Ihrer bisherigen Laufbahn am besten gefallen und was war die gr\u00f6\u00dfte Herausforderung?<\/strong><\/p>\n<p>Am besten gef\u00e4llt mir, dass ich den Menschen helfen kann und am Ende eines jeden Tages wei\u00df, dass alle sicher zu ihren Familien zur\u00fcckkehren. Die gr\u00f6\u00dfte Herausforderung ist das Zeitmanagement und die Delegation von Aufgaben. Das Baugewerbe kann einen anspruchsvollen, schnelllebigen Zeitplan erstellen. Es ist wichtig, die wichtigen Aufgaben zu priorisieren und so gut es geht zu delegieren. Au\u00dferdem muss man wissen, wann man um Hilfe bitten muss.<\/p>\n<p>&nbsp;<\/p>\n<p><a class=\"btn-black-outline\" href=\"https:\/\/www.mercuryeng.com\/de\/karriere\/diversitaet-und-inklusion\/frauen-im-bauwesen\/\">Zur\u00fcck zu Frauen in der Baubranche<\/a><\/p>\n","protected":false},"excerpt":{"rendered":"<p>Cathy Kane Position: EHS-Leiter, Biowissenschaften und Technologie Zeit im Unternehmen: 22 Jahre Erz\u00e4hlen Sie uns ein wenig \u00fcber sich selbst und wie Sie zu Ihrer jetzigen Position gekommen sind. Ich schloss 1997 mein Abitur ab und wusste nicht, was ich nach dem Studium machen wollte, also beschloss ich, ein Jahr Pause zu machen und zu [&hellip;]<\/p>\n","protected":false},"author":2,"featured_media":0,"parent":12495,"menu_order":4,"comment_status":"closed","ping_status":"closed","template":"","meta":{"_acf_changed":false,"footnotes":""},"class_list":["post-12498","page","type-page","status-publish","hentry"],"acf":[],"yoast_head":"<!-- This site is optimized with the Yoast SEO plugin v27.3 - https:\/\/yoast.com\/product\/yoast-seo-wordpress\/ -->\n<title>Cathy Kane - Mercury Engineering<\/title>\n<meta name=\"description\" content=\"Cathy Kane \u2013 Position: EHS-Leiter, Biowissenschaften und Technologie; 22 Jahre bei Mercury\" \/>\n<meta name=\"robots\" content=\"index, follow, max-snippet:-1, max-image-preview:large, max-video-preview:-1\" \/>\n<link rel=\"canonical\" href=\"https:\/\/www.mercuryeng.com\/de\/karriere\/diversitaet-und-inklusion\/frauen-im-bauwesen\/cathy-kane\/\" \/>\n<meta property=\"og:locale\" content=\"de_DE\" \/>\n<meta property=\"og:type\" content=\"article\" \/>\n<meta property=\"og:title\" content=\"Cathy Kane - Mercury Engineering\" \/>\n<meta property=\"og:description\" content=\"Cathy Kane \u2013 Position: EHS-Leiter, Biowissenschaften und Technologie; 22 Jahre bei Mercury\" \/>\n<meta property=\"og:url\" content=\"https:\/\/www.mercuryeng.com\/de\/karriere\/diversitaet-und-inklusion\/frauen-im-bauwesen\/cathy-kane\/\" \/>\n<meta property=\"og:site_name\" content=\"Mercury Engineering\" \/>\n<meta property=\"article:modified_time\" content=\"2023-02-14T10:31:50+00:00\" \/>\n<meta name=\"twitter:card\" content=\"summary_large_image\" \/>\n<meta name=\"twitter:label1\" content=\"Gesch\u00e4tzte Lesezeit\" \/>\n\t<meta name=\"twitter:data1\" content=\"4 Minuten\" \/>\n<script type=\"application\/ld+json\" class=\"yoast-schema-graph\">{\"@context\":\"https:\\\/\\\/schema.org\",\"@graph\":[{\"@type\":\"WebPage\",\"@id\":\"https:\\\/\\\/www.mercuryeng.com\\\/de\\\/karriere\\\/diversitaet-und-inklusion\\\/frauen-im-bauwesen\\\/cathy-kane\\\/\",\"url\":\"https:\\\/\\\/www.mercuryeng.com\\\/de\\\/karriere\\\/diversitaet-und-inklusion\\\/frauen-im-bauwesen\\\/cathy-kane\\\/\",\"name\":\"Cathy Kane - Mercury Engineering\",\"isPartOf\":{\"@id\":\"https:\\\/\\\/www.mercuryeng.com\\\/de\\\/#website\"},\"datePublished\":\"2019-11-04T14:35:52+00:00\",\"dateModified\":\"2023-02-14T10:31:50+00:00\",\"description\":\"Cathy Kane \u2013 Position: EHS-Leiter, Biowissenschaften und Technologie; 22 Jahre bei Mercury\",\"breadcrumb\":{\"@id\":\"https:\\\/\\\/www.mercuryeng.com\\\/de\\\/karriere\\\/diversitaet-und-inklusion\\\/frauen-im-bauwesen\\\/cathy-kane\\\/#breadcrumb\"},\"inLanguage\":\"de-DE\",\"potentialAction\":[{\"@type\":\"ReadAction\",\"target\":[\"https:\\\/\\\/www.mercuryeng.com\\\/de\\\/karriere\\\/diversitaet-und-inklusion\\\/frauen-im-bauwesen\\\/cathy-kane\\\/\"]}]},{\"@type\":\"BreadcrumbList\",\"@id\":\"https:\\\/\\\/www.mercuryeng.com\\\/de\\\/karriere\\\/diversitaet-und-inklusion\\\/frauen-im-bauwesen\\\/cathy-kane\\\/#breadcrumb\",\"itemListElement\":[{\"@type\":\"ListItem\",\"position\":1,\"name\":\"Home\",\"item\":\"https:\\\/\\\/www.mercuryeng.com\\\/de\\\/\"},{\"@type\":\"ListItem\",\"position\":2,\"name\":\"Karriere\",\"item\":\"https:\\\/\\\/www.mercuryeng.com\\\/de\\\/karriere\\\/\"},{\"@type\":\"ListItem\",\"position\":3,\"name\":\"Diversit\u00e4t und Inklusion\",\"item\":\"https:\\\/\\\/www.mercuryeng.com\\\/de\\\/karriere\\\/diversitaet-und-inklusion\\\/\"},{\"@type\":\"ListItem\",\"position\":4,\"name\":\"Frauen im Bauwesen\",\"item\":\"https:\\\/\\\/www.mercuryeng.com\\\/de\\\/karriere\\\/diversitaet-und-inklusion\\\/frauen-im-bauwesen\\\/\"},{\"@type\":\"ListItem\",\"position\":5,\"name\":\"Cathy Kane\"}]},{\"@type\":\"WebSite\",\"@id\":\"https:\\\/\\\/www.mercuryeng.com\\\/de\\\/#website\",\"url\":\"https:\\\/\\\/www.mercuryeng.com\\\/de\\\/\",\"name\":\"Mercury Engineering\",\"description\":\"Ihre Vision, unsere Verpflichtung.\",\"potentialAction\":[{\"@type\":\"SearchAction\",\"target\":{\"@type\":\"EntryPoint\",\"urlTemplate\":\"https:\\\/\\\/www.mercuryeng.com\\\/de\\\/?s={search_term_string}\"},\"query-input\":{\"@type\":\"PropertyValueSpecification\",\"valueRequired\":true,\"valueName\":\"search_term_string\"}}],\"inLanguage\":\"de-DE\"}]}<\/script>\n<!-- \/ Yoast SEO plugin. -->","yoast_head_json":{"title":"Cathy Kane - Mercury Engineering","description":"Cathy Kane \u2013 Position: EHS-Leiter, Biowissenschaften und Technologie; 22 Jahre bei Mercury","robots":{"index":"index","follow":"follow","max-snippet":"max-snippet:-1","max-image-preview":"max-image-preview:large","max-video-preview":"max-video-preview:-1"},"canonical":"https:\/\/www.mercuryeng.com\/de\/karriere\/diversitaet-und-inklusion\/frauen-im-bauwesen\/cathy-kane\/","og_locale":"de_DE","og_type":"article","og_title":"Cathy Kane - Mercury Engineering","og_description":"Cathy Kane \u2013 Position: EHS-Leiter, Biowissenschaften und Technologie; 22 Jahre bei Mercury","og_url":"https:\/\/www.mercuryeng.com\/de\/karriere\/diversitaet-und-inklusion\/frauen-im-bauwesen\/cathy-kane\/","og_site_name":"Mercury Engineering","article_modified_time":"2023-02-14T10:31:50+00:00","twitter_card":"summary_large_image","twitter_misc":{"Gesch\u00e4tzte Lesezeit":"4 Minuten"},"schema":{"@context":"https:\/\/schema.org","@graph":[{"@type":"WebPage","@id":"https:\/\/www.mercuryeng.com\/de\/karriere\/diversitaet-und-inklusion\/frauen-im-bauwesen\/cathy-kane\/","url":"https:\/\/www.mercuryeng.com\/de\/karriere\/diversitaet-und-inklusion\/frauen-im-bauwesen\/cathy-kane\/","name":"Cathy Kane - Mercury Engineering","isPartOf":{"@id":"https:\/\/www.mercuryeng.com\/de\/#website"},"datePublished":"2019-11-04T14:35:52+00:00","dateModified":"2023-02-14T10:31:50+00:00","description":"Cathy Kane \u2013 Position: EHS-Leiter, Biowissenschaften und Technologie; 22 Jahre bei Mercury","breadcrumb":{"@id":"https:\/\/www.mercuryeng.com\/de\/karriere\/diversitaet-und-inklusion\/frauen-im-bauwesen\/cathy-kane\/#breadcrumb"},"inLanguage":"de-DE","potentialAction":[{"@type":"ReadAction","target":["https:\/\/www.mercuryeng.com\/de\/karriere\/diversitaet-und-inklusion\/frauen-im-bauwesen\/cathy-kane\/"]}]},{"@type":"BreadcrumbList","@id":"https:\/\/www.mercuryeng.com\/de\/karriere\/diversitaet-und-inklusion\/frauen-im-bauwesen\/cathy-kane\/#breadcrumb","itemListElement":[{"@type":"ListItem","position":1,"name":"Home","item":"https:\/\/www.mercuryeng.com\/de\/"},{"@type":"ListItem","position":2,"name":"Karriere","item":"https:\/\/www.mercuryeng.com\/de\/karriere\/"},{"@type":"ListItem","position":3,"name":"Diversit\u00e4t und Inklusion","item":"https:\/\/www.mercuryeng.com\/de\/karriere\/diversitaet-und-inklusion\/"},{"@type":"ListItem","position":4,"name":"Frauen im Bauwesen","item":"https:\/\/www.mercuryeng.com\/de\/karriere\/diversitaet-und-inklusion\/frauen-im-bauwesen\/"},{"@type":"ListItem","position":5,"name":"Cathy Kane"}]},{"@type":"WebSite","@id":"https:\/\/www.mercuryeng.com\/de\/#website","url":"https:\/\/www.mercuryeng.com\/de\/","name":"Mercury Engineering","description":"Ihre Vision, unsere Verpflichtung.","potentialAction":[{"@type":"SearchAction","target":{"@type":"EntryPoint","urlTemplate":"https:\/\/www.mercuryeng.com\/de\/?s={search_term_string}"},"query-input":{"@type":"PropertyValueSpecification","valueRequired":true,"valueName":"search_term_string"}}],"inLanguage":"de-DE"}]}},"_links":{"self":[{"href":"https:\/\/www.mercuryeng.com\/de\/wp-json\/wp\/v2\/pages\/12498","targetHints":{"allow":["GET"]}}],"collection":[{"href":"https:\/\/www.mercuryeng.com\/de\/wp-json\/wp\/v2\/pages"}],"about":[{"href":"https:\/\/www.mercuryeng.com\/de\/wp-json\/wp\/v2\/types\/page"}],"author":[{"embeddable":true,"href":"https:\/\/www.mercuryeng.com\/de\/wp-json\/wp\/v2\/users\/2"}],"replies":[{"embeddable":true,"href":"https:\/\/www.mercuryeng.com\/de\/wp-json\/wp\/v2\/comments?post=12498"}],"version-history":[{"count":2,"href":"https:\/\/www.mercuryeng.com\/de\/wp-json\/wp\/v2\/pages\/12498\/revisions"}],"predecessor-version":[{"id":13560,"href":"https:\/\/www.mercuryeng.com\/de\/wp-json\/wp\/v2\/pages\/12498\/revisions\/13560"}],"up":[{"embeddable":true,"href":"https:\/\/www.mercuryeng.com\/de\/wp-json\/wp\/v2\/pages\/12495"}],"wp:attachment":[{"href":"https:\/\/www.mercuryeng.com\/de\/wp-json\/wp\/v2\/media?parent=12498"}],"curies":[{"name":"wp","href":"https:\/\/api.w.org\/{rel}","templated":true}]}}