{"id":12497,"date":"2019-07-18T08:04:39","date_gmt":"2019-07-18T08:04:39","guid":{"rendered":"https:\/\/www.mercuryeng.com\/women-in-construction\/aisling-goff\/"},"modified":"2023-02-14T10:29:56","modified_gmt":"2023-02-14T10:29:56","slug":"aisling-goff","status":"publish","type":"page","link":"https:\/\/www.mercuryeng.com\/de\/karriere\/diversitaet-und-inklusion\/frauen-im-bauwesen\/aisling-goff\/","title":{"rendered":"Aisling Goff"},"content":{"rendered":"<h4>Aisling Goff<\/h4>\n<p><strong>Position:<\/strong>\u00a0QA-Manager, Unternehmensrechenzentren<br \/>\n<strong>Zeit im Unternehmen:<\/strong>\u00a08 Jahre<\/p>\n<hr \/>\n<p><strong>Erz\u00e4hlen Sie uns ein wenig \u00fcber sich selbst, Ihre Rolle und Ihren Hintergrund?<\/strong><\/p>\n<figure id=\"attachment_2536\" aria-describedby=\"caption-attachment-2536\" style=\"width: 330px\" class=\"wp-caption alignright\"><img loading=\"lazy\" decoding=\"async\" class=\"wp-image-2536 size-full\" src=\"\/wp-content\/uploads\/2019\/08\/Mercury-AislingGoff-1-2.png\" alt=\"Aisling Goff - \u2013 Mercury \u2013 Frauen in der Baubranche\" width=\"330\" height=\"330\" srcset=\"https:\/\/www.mercuryeng.com\/wp-content\/uploads\/2019\/08\/Mercury-AislingGoff-1-2.png 330w, https:\/\/www.mercuryeng.com\/wp-content\/uploads\/2019\/08\/Mercury-AislingGoff-1-2-150x150.png 150w, https:\/\/www.mercuryeng.com\/wp-content\/uploads\/2019\/08\/Mercury-AislingGoff-1-2-350x350.png 350w, https:\/\/www.mercuryeng.com\/wp-content\/uploads\/2019\/08\/Mercury-AislingGoff-1-2-700x700.png 700w\" sizes=\"auto, (max-width: 330px) 100vw, 330px\" \/><figcaption id=\"caption-attachment-2536\" class=\"wp-caption-text\">Aisling Goff<\/figcaption><\/figure>\n<p>Ich habe mich am Tag nach meinem 21. Geburtstag bei Mercury beworben, bin also mit dem Unternehmen aufgewachsen. Ich habe ein Kunststudium absolviert und wollte urspr\u00fcnglich meinen Hochschulabschluss machen und in den Schuldienst gehen. Ich bin im Sommer 2011 zu Mercury gekommen, um eine L\u00fccke zu f\u00fcllen, bis ich das HDip begonnen habe. Ich begann als QA-Administrator bei Intel f\u00fcr das Fab14-BaseBuild-Projekt. Es war ein so gro\u00dfes Team. Mercury hatte ein wirklich starkes Team f\u00fcr das Projekt, und ich habe viel von ihnen gelernt. Am Ende blieb ich anderthalb Jahre bei Intel an diesem Projekt und beschloss dann, wieder an die Universit\u00e4t zu gehen. Die gro\u00dfe Entscheidung f\u00fcr mich war damals, ob ich ein Ingenieurstudium oder einen Master in Betriebswirtschaft machen sollte. Schlie\u00dflich entschied ich mich f\u00fcr einen Management-Studiengang an der NUI Maynooth, was sehr praktisch war, da ich in der N\u00e4he des Intel-Standorts in Leixlip arbeitete.<\/p>\n<p><strong>Seit Sie bei Mercury arbeiten, sind Sie ganz sch\u00f6n aufgestiegen und haben es zum Manager gebracht. Erz\u00e4hlen Sie uns von Ihren bisherigen Erfahrungen damit?<\/strong><\/p>\n<p>Das Beste an Mercury ist, dass sie mir immer die M\u00f6glichkeit gegeben haben, aufzusteigen. Die Unterst\u00fctzung war vom ersten Tag an da. Als ich mir \u00fcberlegte, wieder zu studieren, war das kein Problem. Sie haben mich durch das Masterstudium gebracht. Ich musste ein paar Monate lang zwei Tage pro Woche abends zur Uni gehen, was nie ein Problem war. Was auch immer ich intern recherchieren musste, mir wurde jede erforderliche Hilfe zuteil. Der Schwerpunkt meines Masterstudiums lag auf der Einf\u00fchrung von BIM durch Mercury. Dabei wurde ich von Mercury tatkr\u00e4ftig unterst\u00fctzt, und auch die Gesch\u00e4ftsleitung war sehr angetan.<\/p>\n<p>Als ich sp\u00e4ter f\u00fcr ein 150-Millionen-Euro-Rechenzentrumsprojekt nach Schweden ging, kam ich an einen Punkt, an dem es hie\u00df: entweder untergehen oder schwimmen. Da Schweden eine sehr gleichberechtigte Gesellschaft ist, gab es eine starke Unterst\u00fctzung f\u00fcr die Anwesenheit von Frauen vor Ort. Meine Rolle in Schweden hat sich dort massiv verst\u00e4rkt. Als ich dann nach Amsterdam umzog, wurde ich vom QA-Admin zum QA-Manager f\u00fcr das AMS-15-Projekt bef\u00f6rdert. Dies war mein erster Schritt nach oben. Im Jahr 2017 wurde ich dann zum regionalen QA-Manager bef\u00f6rdert und war f\u00fcr die Qualit\u00e4tsaspekte von drei Projekten verantwortlich. Vor kurzem wurde ich zum QA-Manager der Gesch\u00e4ftseinheit bef\u00f6rdert.<\/p>\n<p><strong>Seit Sie bei Mercury sind, haben Sie einen Master-Abschluss gemacht und vor kurzem mit dem Programm zur Entwicklung von F\u00fchrungskr\u00e4ften begonnen. Erz\u00e4hlen Sie uns davon.<\/strong><\/p>\n<p>Das Masterstudium war eine gro\u00dfartige Gelegenheit zu lernen, die Theorie des allgemeinen Managements auf die Bauindustrie und verschiedene Aufgaben anzuwenden. Durch die verschiedenen Charaktere und Menschen in den Masterstudieng\u00e4ngen habe ich gelernt, wie man auf verschiedene Menschen in verschiedenen Situationen reagiert.<\/p>\n<p>Die Aufnahme in das Leadership Programme von Mercury war ein gro\u00dfes Kompliment f\u00fcr mich. Als ich gefragt wurde, ob ich interessiert sei, war das nat\u00fcrlich ein Ja. Ich wei\u00df es zu sch\u00e4tzen, dass mir die Stelle angeboten wurde, und ich respektiere, dass sie sie jemandem angeboten haben, von dem sie glauben, dass er zur Zukunft des Unternehmens beitragen wird.<\/p>\n<p><strong>Wie sieht ein typischer Tag als QA-Manager aus?<\/strong><\/p>\n<p>Die Qualit\u00e4tssicherung war schon immer eine Funktion von Mercury, aber in den letzten Jahren hat sich der Schwerpunkt auf diese Rolle verlagert, da die Qualit\u00e4tssicherung w\u00e4hrend der Projektlaufzeit eine viel aktivere Funktion ist. Mein Team ist in den letzten Jahren gewachsen. Es gibt jetzt viele neue Mitarbeiter, und das ist gro\u00dfartig, weil sie in das Unternehmen hineinwachsen, und wenn diese Leute schon Erfahrung haben, bekommen wir eine andere Meinung und einen anderen Blickwinkel, was uns erm\u00f6glicht, neue Wege zu finden, Dinge von anderen Orten zu lernen.<\/p>\n<p>Das Schwierigste, was ich lernen musste, ist, zur\u00fcckzutreten und zu versuchen, nicht alles bis ins kleinste Detail zu managen, wof\u00fcr ich ein kleiner D\u00e4mon sein kann. Ein wichtiger Lernprozess f\u00fcr mich war, dass ich gelernt habe, Menschen zu f\u00fchren, anstatt alles selbst zu machen.<\/p>\n<p>Der Masterstudiengang Management war f\u00fcr die Entwicklung dieser F\u00e4higkeiten besonders hilfreich. Ich war in einer Gruppe von meist reiferen Studenten, und das Wichtigste, was ich gelernt habe, war, wie man mit Menschen auf verschiedenen Ebenen kommuniziert. Ich war zu diesem Zeitpunkt das am wenigsten erfahrene Mitglied unseres Projektteams, sodass ich eine gro\u00dfartige Gelegenheit hatte, zu beobachten, wie sie sich verhielten und kommunizierten, und ich konnte letztendlich viel von ihnen lernen.<\/p>\n<p><strong>Was ist f\u00fcr Sie die gr\u00f6\u00dfte Herausforderung bei dieser Aufgabe?<\/strong><\/p>\n<p>Die gr\u00f6\u00dfte Herausforderung ist es, zu lernen, ein Team aufzubauen und zu leiten. Dies kann eine besondere Herausforderung sein, wenn man in verschiedenen Regionen arbeitet. Mit jemandem am Telefon oder per E-Mail zu sprechen ist etwas ganz anderes und viel schwieriger, als wenn man direkt vor ihm steht. Es kann schwieriger sein, jemanden zu motivieren, wenn man sich nicht pers\u00f6nlich gegen\u00fcbersitzt.<\/p>\n<p><strong>Was finden Sie an dieser Aufgabe am lohnendsten?<\/strong><\/p>\n<p>Das beste Gef\u00fchl ist immer, wenn wir etwas erreicht haben \u2013 es ist sch\u00f6n, wenn wir durch das Projekt gehen und sagen k\u00f6nnen: \u201eWir sind wirklich stolz darauf.\u201c Es ist gro\u00dfartig, wenn das Team wirklich hart gearbeitet hat und man sich umdrehen und ihnen sagen kann: \u201eGut gemacht, Leute.\u201c<\/p>\n<p>Ein Beispiel daf\u00fcr ist ein Projekt aus dem letzten Jahr, bei dem wir die Ausstattung von 8 Datenhallen durchgef\u00fchrt haben. Die erste Phase war sehr schwierig, und wir hatten M\u00fche, einige davon zu bew\u00e4ltigen. Das Team legte sich m\u00e4chtig ins Zeug und konnte die zweite Phase des Projekts einen Tag fr\u00fcher abschlie\u00dfen. Ein Tag scheint nicht viel zu sein, aber wenn man diese M\u00fche auf sich genommen hat, ist es gro\u00dfartig, sich umzudrehen und seinem Team zu sagen: \u201eGut gemacht, wir haben jetzt die endg\u00fcltige Abnahmebescheinigung mit dem Kunden unterzeichnet, klopft euch auf die Schulter.\u201c<\/p>\n<p>Das zweite Beispiel ist eine eher pers\u00f6nliche Geschichte. Vor zwei Jahren kam ein frisch gebackener Absolvent zu mir, der keine Erfahrung im Baugewerbe hatte. Sie hat ein Jahr lang an meiner Seite gearbeitet, und dann haben wir sie in London in die Rolle der QA-Leiterin eingesetzt, was auf Anhieb einen gro\u00dfen Schritt nach oben bedeutete. Es war gro\u00dfartig zu sehen, wie sie in diese Rolle hineingewachsen ist. Sie macht dort einen fantastischen Job und hat Teile des Projekts v\u00f6llig problemlos \u00fcbergeben. Zu sehen, wie sie sich entwickelt und in ihre Rolle hineinw\u00e4chst, und den gegenseitigen Respekt zwischen ihr und ihrem Team zu beobachten, ist unglaublich. Es war wirklich erstaunlich, ihre Fortschritte zu beobachten.<\/p>\n<p><strong>Welchen Rat w\u00fcrden Sie jemandem geben, der eine Karriere im Qualit\u00e4tsmanagement oder im Bauwesen allgemein anstrebt?<\/strong><\/p>\n<p>Eine positive Einstellung ist eine gro\u00dfe St\u00e4rke. Die F\u00e4higkeit, mit anderen Menschen zu sprechen und von ihnen zu lernen und zu verstehen, dass jeder Mensch andere F\u00e4higkeiten hat, ist ebenfalls sehr wichtig. Je mehr wir zusammenarbeiten, desto mehr werden wir erreichen und lernen, die schwierigen Tage mit den guten Tagen zu verbinden und die Arbeit f\u00fcr unsere Kunden zu erledigen.<\/p>\n<p>&nbsp;<\/p>\n<p><a class=\"btn-black-outline\" href=\"https:\/\/www.mercuryeng.com\/de\/karriere\/diversitaet-und-inklusion\/frauen-im-bauwesen\/\">Zur\u00fcck zu Frauen in der Baubranche<\/a><\/p>\n","protected":false},"excerpt":{"rendered":"<p>Aisling Goff Position:\u00a0QA-Manager, Unternehmensrechenzentren Zeit im Unternehmen:\u00a08 Jahre Erz\u00e4hlen Sie uns ein wenig \u00fcber sich selbst, Ihre Rolle und Ihren Hintergrund? Ich habe mich am Tag nach meinem 21. Geburtstag bei Mercury beworben, bin also mit dem Unternehmen aufgewachsen. Ich habe ein Kunststudium absolviert und wollte urspr\u00fcnglich meinen Hochschulabschluss machen und in den Schuldienst gehen. [&hellip;]<\/p>\n","protected":false},"author":2,"featured_media":0,"parent":12495,"menu_order":2,"comment_status":"closed","ping_status":"closed","template":"","meta":{"_acf_changed":false,"footnotes":""},"class_list":["post-12497","page","type-page","status-publish","hentry"],"acf":[],"yoast_head":"<!-- This site is optimized with the Yoast SEO plugin v27.4 - https:\/\/yoast.com\/product\/yoast-seo-wordpress\/ -->\n<title>Aisling Goff - Mercury Engineering<\/title>\n<meta name=\"description\" content=\"Aisling Goff \u2013 Position: QA-Manager, Unternehmensrechenzentren; 8 Jahre bei Mercury\" \/>\n<meta name=\"robots\" content=\"index, follow, max-snippet:-1, max-image-preview:large, max-video-preview:-1\" \/>\n<link rel=\"canonical\" href=\"https:\/\/www.mercuryeng.com\/de\/karriere\/diversitaet-und-inklusion\/frauen-im-bauwesen\/aisling-goff\/\" \/>\n<meta property=\"og:locale\" content=\"de_DE\" \/>\n<meta property=\"og:type\" content=\"article\" \/>\n<meta property=\"og:title\" content=\"Aisling Goff - Mercury Engineering\" \/>\n<meta property=\"og:description\" content=\"Aisling Goff \u2013 Position: QA-Manager, Unternehmensrechenzentren; 8 Jahre bei Mercury\" \/>\n<meta property=\"og:url\" content=\"https:\/\/www.mercuryeng.com\/de\/karriere\/diversitaet-und-inklusion\/frauen-im-bauwesen\/aisling-goff\/\" \/>\n<meta property=\"og:site_name\" content=\"Mercury Engineering\" \/>\n<meta property=\"article:modified_time\" content=\"2023-02-14T10:29:56+00:00\" \/>\n<meta name=\"twitter:card\" content=\"summary_large_image\" \/>\n<meta name=\"twitter:label1\" content=\"Gesch\u00e4tzte Lesezeit\" \/>\n\t<meta name=\"twitter:data1\" content=\"6 Minuten\" \/>\n<script type=\"application\/ld+json\" class=\"yoast-schema-graph\">{\"@context\":\"https:\\\/\\\/schema.org\",\"@graph\":[{\"@type\":\"WebPage\",\"@id\":\"https:\\\/\\\/www.mercuryeng.com\\\/de\\\/karriere\\\/diversitaet-und-inklusion\\\/frauen-im-bauwesen\\\/aisling-goff\\\/\",\"url\":\"https:\\\/\\\/www.mercuryeng.com\\\/de\\\/karriere\\\/diversitaet-und-inklusion\\\/frauen-im-bauwesen\\\/aisling-goff\\\/\",\"name\":\"Aisling Goff - Mercury Engineering\",\"isPartOf\":{\"@id\":\"https:\\\/\\\/www.mercuryeng.com\\\/de\\\/#website\"},\"datePublished\":\"2019-07-18T08:04:39+00:00\",\"dateModified\":\"2023-02-14T10:29:56+00:00\",\"description\":\"Aisling Goff \u2013 Position: QA-Manager, Unternehmensrechenzentren; 8 Jahre bei Mercury\",\"breadcrumb\":{\"@id\":\"https:\\\/\\\/www.mercuryeng.com\\\/de\\\/karriere\\\/diversitaet-und-inklusion\\\/frauen-im-bauwesen\\\/aisling-goff\\\/#breadcrumb\"},\"inLanguage\":\"de-DE\",\"potentialAction\":[{\"@type\":\"ReadAction\",\"target\":[\"https:\\\/\\\/www.mercuryeng.com\\\/de\\\/karriere\\\/diversitaet-und-inklusion\\\/frauen-im-bauwesen\\\/aisling-goff\\\/\"]}]},{\"@type\":\"BreadcrumbList\",\"@id\":\"https:\\\/\\\/www.mercuryeng.com\\\/de\\\/karriere\\\/diversitaet-und-inklusion\\\/frauen-im-bauwesen\\\/aisling-goff\\\/#breadcrumb\",\"itemListElement\":[{\"@type\":\"ListItem\",\"position\":1,\"name\":\"Home\",\"item\":\"https:\\\/\\\/www.mercuryeng.com\\\/de\\\/\"},{\"@type\":\"ListItem\",\"position\":2,\"name\":\"Karriere\",\"item\":\"https:\\\/\\\/www.mercuryeng.com\\\/de\\\/karriere\\\/\"},{\"@type\":\"ListItem\",\"position\":3,\"name\":\"Diversit\u00e4t und Inklusion\",\"item\":\"https:\\\/\\\/www.mercuryeng.com\\\/de\\\/karriere\\\/diversitaet-und-inklusion\\\/\"},{\"@type\":\"ListItem\",\"position\":4,\"name\":\"Frauen im Bauwesen\",\"item\":\"https:\\\/\\\/www.mercuryeng.com\\\/de\\\/karriere\\\/diversitaet-und-inklusion\\\/frauen-im-bauwesen\\\/\"},{\"@type\":\"ListItem\",\"position\":5,\"name\":\"Aisling Goff\"}]},{\"@type\":\"WebSite\",\"@id\":\"https:\\\/\\\/www.mercuryeng.com\\\/de\\\/#website\",\"url\":\"https:\\\/\\\/www.mercuryeng.com\\\/de\\\/\",\"name\":\"Mercury Engineering\",\"description\":\"Ihre Vision, unsere Verpflichtung.\",\"potentialAction\":[{\"@type\":\"SearchAction\",\"target\":{\"@type\":\"EntryPoint\",\"urlTemplate\":\"https:\\\/\\\/www.mercuryeng.com\\\/de\\\/?s={search_term_string}\"},\"query-input\":{\"@type\":\"PropertyValueSpecification\",\"valueRequired\":true,\"valueName\":\"search_term_string\"}}],\"inLanguage\":\"de-DE\"}]}<\/script>\n<!-- \/ Yoast SEO plugin. -->","yoast_head_json":{"title":"Aisling Goff - Mercury Engineering","description":"Aisling Goff \u2013 Position: QA-Manager, Unternehmensrechenzentren; 8 Jahre bei Mercury","robots":{"index":"index","follow":"follow","max-snippet":"max-snippet:-1","max-image-preview":"max-image-preview:large","max-video-preview":"max-video-preview:-1"},"canonical":"https:\/\/www.mercuryeng.com\/de\/karriere\/diversitaet-und-inklusion\/frauen-im-bauwesen\/aisling-goff\/","og_locale":"de_DE","og_type":"article","og_title":"Aisling Goff - Mercury Engineering","og_description":"Aisling Goff \u2013 Position: QA-Manager, Unternehmensrechenzentren; 8 Jahre bei Mercury","og_url":"https:\/\/www.mercuryeng.com\/de\/karriere\/diversitaet-und-inklusion\/frauen-im-bauwesen\/aisling-goff\/","og_site_name":"Mercury Engineering","article_modified_time":"2023-02-14T10:29:56+00:00","twitter_card":"summary_large_image","twitter_misc":{"Gesch\u00e4tzte Lesezeit":"6 Minuten"},"schema":{"@context":"https:\/\/schema.org","@graph":[{"@type":"WebPage","@id":"https:\/\/www.mercuryeng.com\/de\/karriere\/diversitaet-und-inklusion\/frauen-im-bauwesen\/aisling-goff\/","url":"https:\/\/www.mercuryeng.com\/de\/karriere\/diversitaet-und-inklusion\/frauen-im-bauwesen\/aisling-goff\/","name":"Aisling Goff - Mercury Engineering","isPartOf":{"@id":"https:\/\/www.mercuryeng.com\/de\/#website"},"datePublished":"2019-07-18T08:04:39+00:00","dateModified":"2023-02-14T10:29:56+00:00","description":"Aisling Goff \u2013 Position: QA-Manager, Unternehmensrechenzentren; 8 Jahre bei Mercury","breadcrumb":{"@id":"https:\/\/www.mercuryeng.com\/de\/karriere\/diversitaet-und-inklusion\/frauen-im-bauwesen\/aisling-goff\/#breadcrumb"},"inLanguage":"de-DE","potentialAction":[{"@type":"ReadAction","target":["https:\/\/www.mercuryeng.com\/de\/karriere\/diversitaet-und-inklusion\/frauen-im-bauwesen\/aisling-goff\/"]}]},{"@type":"BreadcrumbList","@id":"https:\/\/www.mercuryeng.com\/de\/karriere\/diversitaet-und-inklusion\/frauen-im-bauwesen\/aisling-goff\/#breadcrumb","itemListElement":[{"@type":"ListItem","position":1,"name":"Home","item":"https:\/\/www.mercuryeng.com\/de\/"},{"@type":"ListItem","position":2,"name":"Karriere","item":"https:\/\/www.mercuryeng.com\/de\/karriere\/"},{"@type":"ListItem","position":3,"name":"Diversit\u00e4t und Inklusion","item":"https:\/\/www.mercuryeng.com\/de\/karriere\/diversitaet-und-inklusion\/"},{"@type":"ListItem","position":4,"name":"Frauen im Bauwesen","item":"https:\/\/www.mercuryeng.com\/de\/karriere\/diversitaet-und-inklusion\/frauen-im-bauwesen\/"},{"@type":"ListItem","position":5,"name":"Aisling Goff"}]},{"@type":"WebSite","@id":"https:\/\/www.mercuryeng.com\/de\/#website","url":"https:\/\/www.mercuryeng.com\/de\/","name":"Mercury Engineering","description":"Ihre Vision, unsere Verpflichtung.","potentialAction":[{"@type":"SearchAction","target":{"@type":"EntryPoint","urlTemplate":"https:\/\/www.mercuryeng.com\/de\/?s={search_term_string}"},"query-input":{"@type":"PropertyValueSpecification","valueRequired":true,"valueName":"search_term_string"}}],"inLanguage":"de-DE"}]}},"_links":{"self":[{"href":"https:\/\/www.mercuryeng.com\/de\/wp-json\/wp\/v2\/pages\/12497","targetHints":{"allow":["GET"]}}],"collection":[{"href":"https:\/\/www.mercuryeng.com\/de\/wp-json\/wp\/v2\/pages"}],"about":[{"href":"https:\/\/www.mercuryeng.com\/de\/wp-json\/wp\/v2\/types\/page"}],"author":[{"embeddable":true,"href":"https:\/\/www.mercuryeng.com\/de\/wp-json\/wp\/v2\/users\/2"}],"replies":[{"embeddable":true,"href":"https:\/\/www.mercuryeng.com\/de\/wp-json\/wp\/v2\/comments?post=12497"}],"version-history":[{"count":3,"href":"https:\/\/www.mercuryeng.com\/de\/wp-json\/wp\/v2\/pages\/12497\/revisions"}],"predecessor-version":[{"id":13559,"href":"https:\/\/www.mercuryeng.com\/de\/wp-json\/wp\/v2\/pages\/12497\/revisions\/13559"}],"up":[{"embeddable":true,"href":"https:\/\/www.mercuryeng.com\/de\/wp-json\/wp\/v2\/pages\/12495"}],"wp:attachment":[{"href":"https:\/\/www.mercuryeng.com\/de\/wp-json\/wp\/v2\/media?parent=12497"}],"curies":[{"name":"wp","href":"https:\/\/api.w.org\/{rel}","templated":true}]}}