{"id":12496,"date":"2019-11-04T14:27:09","date_gmt":"2019-11-04T14:27:09","guid":{"rendered":"https:\/\/www.mercuryeng.com\/women-in-construction\/aisling-cronin\/"},"modified":"2023-02-14T09:58:40","modified_gmt":"2023-02-14T09:58:40","slug":"aisling-cronin","status":"publish","type":"page","link":"https:\/\/www.mercuryeng.com\/de\/karriere\/diversitaet-und-inklusion\/frauen-im-bauwesen\/aisling-cronin\/","title":{"rendered":"Aisling Cronin"},"content":{"rendered":"<h4>Aisling Cronin<\/h4>\n<p><strong>Position:<\/strong> Betriebsleiterin, Brandschutz<br \/>\n<strong>Zeit im Unternehmen:<\/strong> 12 Jahre<\/p>\n<hr \/>\n<p><strong>Erz\u00e4hlen Sie uns ein wenig \u00fcber sich selbst und wie Sie zu Ihrer jetzigen Position gekommen sind.<img loading=\"lazy\" decoding=\"async\" class=\"alignright wp-image-3024 size-full\" src=\"\/wp-content\/uploads\/2019\/11\/Mercury-AislingCronin.jpg\" alt=\"Aisling Cronin \u2013 Mercury \u2013 Frauen in der Baubranche\" width=\"330\" height=\"330\" srcset=\"https:\/\/www.mercuryeng.com\/wp-content\/uploads\/2019\/11\/Mercury-AislingCronin.jpg 330w, https:\/\/www.mercuryeng.com\/wp-content\/uploads\/2019\/11\/Mercury-AislingCronin-150x150.jpg 150w, https:\/\/www.mercuryeng.com\/wp-content\/uploads\/2019\/11\/Mercury-AislingCronin-350x350.jpg 350w, https:\/\/www.mercuryeng.com\/wp-content\/uploads\/2019\/11\/Mercury-AislingCronin-700x700.jpg 700w\" sizes=\"auto, (max-width: 330px) 100vw, 330px\" \/><\/strong><\/p>\n<p>In der Schule habe ich mich immer f\u00fcr die technischen und naturwissenschaftlichen F\u00e4cher interessiert und in den letzten 5 Schuljahren technisches Zeichnen belegt. Diese Liebe zum Zeichnen hat dazu gef\u00fchrt, dass ich nach meinem Abschluss einen von der F\u00c1S organisierten Kurs f\u00fcr strukturelles Zeichnen besucht habe. W\u00e4hrend meines Praktikums war ich bei einer Sprinklerfirma besch\u00e4ftigt. Nach dem dreiw\u00f6chigen Praktikum wurde mir eine Vollzeitstelle als CAD-Technikerin angeboten. Im Laufe der Jahre habe ich verschiedene Ausbildungskurse zum Thema Sprinklerdesign absolviert und nat\u00fcrlich auch praktische Berufserfahrungen gesammelt. Au\u00dferdem habe ich alle Pr\u00fcfungen im Bereich der Designkompetenz bei LPC, dem Dachverband f\u00fcr Sprinklersysteme in Irland und Gro\u00dfbritannien, bestanden. Nachdem ich im Jahr 2007 als leitende Konstrukteurin bei Mercury angefangen habe, konnte ich mich zur Projektmanagerin hocharbeiten und bin dann zu meiner jetzigen Position als Betriebsleiterin aufgestiegen.<\/p>\n<p><strong>Wie sieht ein durchschnittlicher Tag als Betriebsleiterin in der Brandschutzabteilung von Mercury aus?<\/strong><\/p>\n<p>Es gibt keinen \u201edurchschnittlichen Tag\u201c in der Position der Betriebsleiterin, und genau das macht die Aufgabe sowohl anspruchsvoll als auch angenehm. Ich habe an Projekten in den Bereichen Einzelhandel, Gesundheitswesen, Pharmazie, Infrastruktur, \u00d6l und Gas, Halbleiter und Produktionsanlagen gearbeitet. Die Arbeit an diesen Projekten f\u00fchrte dazu, dass wir in neue Gebiete vordrangen, was eine Lernkurve darstellte, da wir die Genehmigungsverfahren und Baukulturen der jeweiligen L\u00e4nder erfassen und beherrschen mussten.<\/p>\n<p><strong>Welchen Rat w\u00fcrden Sie Frauen geben, die einen handwerklichen Beruf ergreifen oder in die Baubranche einsteigen wollen?<\/strong><\/p>\n<p>Haben Sie keine Angst, die Herausforderung anzunehmen. Die Welt des Baugesch\u00e4fts kann hart sein, aber es ist ein sehr lohnender Berufsweg. Nutzen Sie Ihre Chancen, halten Sie sich \u00fcber die Entwicklungen in der Branche auf dem Laufenden, verlassen Sie Ihre Komfortzone, scheuen Sie sich nicht, zu reisen und Ihre Meinung kundzutun. Es gibt Unterst\u00fctzungsnetzwerke f\u00fcr Frauen im Bauwesen, nutzen Sie also das Wissen, das Sie dort und von Ihren Kolleginnen und Kollegen erhalten.<\/p>\n<p><strong>Was ist das \u00dcberraschendste daran, als Frau in der Baubranche zu arbeiten?<\/strong><\/p>\n<p>Es ist sch\u00f6n zu sehen, wie sich die Einstellung zu Frauen im Bauwesen ver\u00e4ndert hat, seit ich vor \u00fcber 20 Jahren in die Branche eingestiegen bin. Als ich anfing, gab es eine Skepsis gegen\u00fcber Frauen im Bauwesen, und Ihre Meinung wurde nicht immer von allen ernst genommen. Diese Einstellung ist inzwischen eine Seltenheit, und die Branche erkennt, dass ein vielf\u00e4ltiges Team bei einem Projekt nur Vorteile f\u00fcr das Endergebnis bringen kann.<\/p>\n<p><strong>Was hat Ihnen an Ihrer bisherigen Karriere am besten gefallen?<\/strong><\/p>\n<p>Als Mitglied eines Teams zu arbeiten, um unseren Kunden erfolgreiche Projekte zu pr\u00e4sentieren und zu sehen, dass diese Kunden aufgrund der von uns aufgebauten Arbeitsbeziehungen immer wieder zu Mercury zur\u00fcckkehren. Mercury bietet gro\u00dfartige M\u00f6glichkeiten, sich beruflich weiterzuentwickeln. Daher habe ich im vergangenen Jahr den Kurs Ingenium Future Leaders absolviert, der mir sehr viel gebracht hat.<\/p>\n<p><strong>Was war die gr\u00f6\u00dfte Herausforderung in Ihrer bisherigen Laufbahn?<\/strong><\/p>\n<p>Die Personalsuche war in den letzten Jahren eine gro\u00dfe Herausforderung f\u00fcr die gesamte Branche, weil wir versuchen, qualifizierte Fachkr\u00e4fte zu ermutigen, auf den heimischen Markt zur\u00fcckzukehren, da die Bauindustrie so stark w\u00e4chst wie nie zuvor. Dieses enorme Wachstum ist eine der gr\u00f6\u00dften Herausforderungen f\u00fcr unsere Branche, die ich in meiner Laufbahn erlebt habe.<br \/>\n(Link) Zur\u00fcck zu Frauen in der Baubranche<\/p>\n<p>&nbsp;<\/p>\n<p><a class=\"btn-black-outline\" href=\"https:\/\/www.mercuryeng.com\/de\/karriere\/diversitaet-und-inklusion\/frauen-im-bauwesen\/\">Zur\u00fcck zu Frauen in der Baubranche<\/a><\/p>\n","protected":false},"excerpt":{"rendered":"<p>Aisling Cronin Position: Betriebsleiterin, Brandschutz Zeit im Unternehmen: 12 Jahre Erz\u00e4hlen Sie uns ein wenig \u00fcber sich selbst und wie Sie zu Ihrer jetzigen Position gekommen sind. In der Schule habe ich mich immer f\u00fcr die technischen und naturwissenschaftlichen F\u00e4cher interessiert und in den letzten 5 Schuljahren technisches Zeichnen belegt. Diese Liebe zum Zeichnen hat [&hellip;]<\/p>\n","protected":false},"author":2,"featured_media":0,"parent":12495,"menu_order":3,"comment_status":"closed","ping_status":"closed","template":"","meta":{"_acf_changed":false,"footnotes":""},"class_list":["post-12496","page","type-page","status-publish","hentry"],"acf":[],"yoast_head":"<!-- This site is optimized with the Yoast SEO plugin v27.4 - https:\/\/yoast.com\/product\/yoast-seo-wordpress\/ -->\n<title>Aisling Cronin - Mercury Engineering<\/title>\n<meta name=\"description\" content=\"Aisling Cronin \u2013 Position: Betriebsleiterin, Brandschutz; 12 Jahre bei Mercury\" \/>\n<meta name=\"robots\" content=\"index, follow, max-snippet:-1, max-image-preview:large, max-video-preview:-1\" \/>\n<link rel=\"canonical\" href=\"https:\/\/www.mercuryeng.com\/de\/karriere\/diversitaet-und-inklusion\/frauen-im-bauwesen\/aisling-cronin\/\" \/>\n<meta property=\"og:locale\" content=\"de_DE\" \/>\n<meta property=\"og:type\" content=\"article\" \/>\n<meta property=\"og:title\" content=\"Aisling Cronin - Mercury Engineering\" \/>\n<meta property=\"og:description\" content=\"Aisling Cronin \u2013 Position: Betriebsleiterin, Brandschutz; 12 Jahre bei Mercury\" \/>\n<meta property=\"og:url\" content=\"https:\/\/www.mercuryeng.com\/de\/karriere\/diversitaet-und-inklusion\/frauen-im-bauwesen\/aisling-cronin\/\" \/>\n<meta property=\"og:site_name\" content=\"Mercury Engineering\" \/>\n<meta property=\"article:modified_time\" content=\"2023-02-14T09:58:40+00:00\" \/>\n<meta name=\"twitter:card\" content=\"summary_large_image\" \/>\n<meta name=\"twitter:label1\" content=\"Gesch\u00e4tzte Lesezeit\" \/>\n\t<meta name=\"twitter:data1\" content=\"3 Minuten\" \/>\n<script type=\"application\/ld+json\" class=\"yoast-schema-graph\">{\"@context\":\"https:\\\/\\\/schema.org\",\"@graph\":[{\"@type\":\"WebPage\",\"@id\":\"https:\\\/\\\/www.mercuryeng.com\\\/de\\\/karriere\\\/diversitaet-und-inklusion\\\/frauen-im-bauwesen\\\/aisling-cronin\\\/\",\"url\":\"https:\\\/\\\/www.mercuryeng.com\\\/de\\\/karriere\\\/diversitaet-und-inklusion\\\/frauen-im-bauwesen\\\/aisling-cronin\\\/\",\"name\":\"Aisling Cronin - Mercury Engineering\",\"isPartOf\":{\"@id\":\"https:\\\/\\\/www.mercuryeng.com\\\/de\\\/#website\"},\"datePublished\":\"2019-11-04T14:27:09+00:00\",\"dateModified\":\"2023-02-14T09:58:40+00:00\",\"description\":\"Aisling Cronin \u2013 Position: Betriebsleiterin, Brandschutz; 12 Jahre bei Mercury\",\"breadcrumb\":{\"@id\":\"https:\\\/\\\/www.mercuryeng.com\\\/de\\\/karriere\\\/diversitaet-und-inklusion\\\/frauen-im-bauwesen\\\/aisling-cronin\\\/#breadcrumb\"},\"inLanguage\":\"de-DE\",\"potentialAction\":[{\"@type\":\"ReadAction\",\"target\":[\"https:\\\/\\\/www.mercuryeng.com\\\/de\\\/karriere\\\/diversitaet-und-inklusion\\\/frauen-im-bauwesen\\\/aisling-cronin\\\/\"]}]},{\"@type\":\"BreadcrumbList\",\"@id\":\"https:\\\/\\\/www.mercuryeng.com\\\/de\\\/karriere\\\/diversitaet-und-inklusion\\\/frauen-im-bauwesen\\\/aisling-cronin\\\/#breadcrumb\",\"itemListElement\":[{\"@type\":\"ListItem\",\"position\":1,\"name\":\"Home\",\"item\":\"https:\\\/\\\/www.mercuryeng.com\\\/de\\\/\"},{\"@type\":\"ListItem\",\"position\":2,\"name\":\"Karriere\",\"item\":\"https:\\\/\\\/www.mercuryeng.com\\\/de\\\/karriere\\\/\"},{\"@type\":\"ListItem\",\"position\":3,\"name\":\"Diversit\u00e4t und Inklusion\",\"item\":\"https:\\\/\\\/www.mercuryeng.com\\\/de\\\/karriere\\\/diversitaet-und-inklusion\\\/\"},{\"@type\":\"ListItem\",\"position\":4,\"name\":\"Frauen im Bauwesen\",\"item\":\"https:\\\/\\\/www.mercuryeng.com\\\/de\\\/karriere\\\/diversitaet-und-inklusion\\\/frauen-im-bauwesen\\\/\"},{\"@type\":\"ListItem\",\"position\":5,\"name\":\"Aisling Cronin\"}]},{\"@type\":\"WebSite\",\"@id\":\"https:\\\/\\\/www.mercuryeng.com\\\/de\\\/#website\",\"url\":\"https:\\\/\\\/www.mercuryeng.com\\\/de\\\/\",\"name\":\"Mercury Engineering\",\"description\":\"Ihre Vision, unsere Verpflichtung.\",\"potentialAction\":[{\"@type\":\"SearchAction\",\"target\":{\"@type\":\"EntryPoint\",\"urlTemplate\":\"https:\\\/\\\/www.mercuryeng.com\\\/de\\\/?s={search_term_string}\"},\"query-input\":{\"@type\":\"PropertyValueSpecification\",\"valueRequired\":true,\"valueName\":\"search_term_string\"}}],\"inLanguage\":\"de-DE\"}]}<\/script>\n<!-- \/ Yoast SEO plugin. -->","yoast_head_json":{"title":"Aisling Cronin - Mercury Engineering","description":"Aisling Cronin \u2013 Position: Betriebsleiterin, Brandschutz; 12 Jahre bei Mercury","robots":{"index":"index","follow":"follow","max-snippet":"max-snippet:-1","max-image-preview":"max-image-preview:large","max-video-preview":"max-video-preview:-1"},"canonical":"https:\/\/www.mercuryeng.com\/de\/karriere\/diversitaet-und-inklusion\/frauen-im-bauwesen\/aisling-cronin\/","og_locale":"de_DE","og_type":"article","og_title":"Aisling Cronin - Mercury Engineering","og_description":"Aisling Cronin \u2013 Position: Betriebsleiterin, Brandschutz; 12 Jahre bei Mercury","og_url":"https:\/\/www.mercuryeng.com\/de\/karriere\/diversitaet-und-inklusion\/frauen-im-bauwesen\/aisling-cronin\/","og_site_name":"Mercury Engineering","article_modified_time":"2023-02-14T09:58:40+00:00","twitter_card":"summary_large_image","twitter_misc":{"Gesch\u00e4tzte Lesezeit":"3 Minuten"},"schema":{"@context":"https:\/\/schema.org","@graph":[{"@type":"WebPage","@id":"https:\/\/www.mercuryeng.com\/de\/karriere\/diversitaet-und-inklusion\/frauen-im-bauwesen\/aisling-cronin\/","url":"https:\/\/www.mercuryeng.com\/de\/karriere\/diversitaet-und-inklusion\/frauen-im-bauwesen\/aisling-cronin\/","name":"Aisling Cronin - Mercury Engineering","isPartOf":{"@id":"https:\/\/www.mercuryeng.com\/de\/#website"},"datePublished":"2019-11-04T14:27:09+00:00","dateModified":"2023-02-14T09:58:40+00:00","description":"Aisling Cronin \u2013 Position: Betriebsleiterin, Brandschutz; 12 Jahre bei Mercury","breadcrumb":{"@id":"https:\/\/www.mercuryeng.com\/de\/karriere\/diversitaet-und-inklusion\/frauen-im-bauwesen\/aisling-cronin\/#breadcrumb"},"inLanguage":"de-DE","potentialAction":[{"@type":"ReadAction","target":["https:\/\/www.mercuryeng.com\/de\/karriere\/diversitaet-und-inklusion\/frauen-im-bauwesen\/aisling-cronin\/"]}]},{"@type":"BreadcrumbList","@id":"https:\/\/www.mercuryeng.com\/de\/karriere\/diversitaet-und-inklusion\/frauen-im-bauwesen\/aisling-cronin\/#breadcrumb","itemListElement":[{"@type":"ListItem","position":1,"name":"Home","item":"https:\/\/www.mercuryeng.com\/de\/"},{"@type":"ListItem","position":2,"name":"Karriere","item":"https:\/\/www.mercuryeng.com\/de\/karriere\/"},{"@type":"ListItem","position":3,"name":"Diversit\u00e4t und Inklusion","item":"https:\/\/www.mercuryeng.com\/de\/karriere\/diversitaet-und-inklusion\/"},{"@type":"ListItem","position":4,"name":"Frauen im Bauwesen","item":"https:\/\/www.mercuryeng.com\/de\/karriere\/diversitaet-und-inklusion\/frauen-im-bauwesen\/"},{"@type":"ListItem","position":5,"name":"Aisling Cronin"}]},{"@type":"WebSite","@id":"https:\/\/www.mercuryeng.com\/de\/#website","url":"https:\/\/www.mercuryeng.com\/de\/","name":"Mercury Engineering","description":"Ihre Vision, unsere Verpflichtung.","potentialAction":[{"@type":"SearchAction","target":{"@type":"EntryPoint","urlTemplate":"https:\/\/www.mercuryeng.com\/de\/?s={search_term_string}"},"query-input":{"@type":"PropertyValueSpecification","valueRequired":true,"valueName":"search_term_string"}}],"inLanguage":"de-DE"}]}},"_links":{"self":[{"href":"https:\/\/www.mercuryeng.com\/de\/wp-json\/wp\/v2\/pages\/12496","targetHints":{"allow":["GET"]}}],"collection":[{"href":"https:\/\/www.mercuryeng.com\/de\/wp-json\/wp\/v2\/pages"}],"about":[{"href":"https:\/\/www.mercuryeng.com\/de\/wp-json\/wp\/v2\/types\/page"}],"author":[{"embeddable":true,"href":"https:\/\/www.mercuryeng.com\/de\/wp-json\/wp\/v2\/users\/2"}],"replies":[{"embeddable":true,"href":"https:\/\/www.mercuryeng.com\/de\/wp-json\/wp\/v2\/comments?post=12496"}],"version-history":[{"count":2,"href":"https:\/\/www.mercuryeng.com\/de\/wp-json\/wp\/v2\/pages\/12496\/revisions"}],"predecessor-version":[{"id":13551,"href":"https:\/\/www.mercuryeng.com\/de\/wp-json\/wp\/v2\/pages\/12496\/revisions\/13551"}],"up":[{"embeddable":true,"href":"https:\/\/www.mercuryeng.com\/de\/wp-json\/wp\/v2\/pages\/12495"}],"wp:attachment":[{"href":"https:\/\/www.mercuryeng.com\/de\/wp-json\/wp\/v2\/media?parent=12496"}],"curies":[{"name":"wp","href":"https:\/\/api.w.org\/{rel}","templated":true}]}}