{"id":12495,"date":"2019-04-24T10:22:46","date_gmt":"2019-04-24T10:22:46","guid":{"rendered":"https:\/\/www.mercuryeng.com\/women-in-construction\/"},"modified":"2023-02-14T10:02:10","modified_gmt":"2023-02-14T10:02:10","slug":"frauen-im-bauwesen","status":"publish","type":"page","link":"https:\/\/www.mercuryeng.com\/de\/karriere\/diversitaet-und-inklusion\/frauen-im-bauwesen\/","title":{"rendered":"Frauen im Bauwesen"},"content":{"rendered":"<h3>Frauen im Bauwesen<\/h3>\n<p class=\"intro\">Wir unterst\u00fctzen Frauen in der Baubranche. Obwohl der Frauenanteil in der Baubranche derzeit nur 5,5 % betr\u00e4gt, geht Mercury mit gutem Beispiel voran, wenn es darum geht, ein hochqualifiziertes und vielf\u00e4ltiges Team zu gewinnen und die Baubranche frauenfreundlicher zu gestalten.<\/p>\n<p>Als Teil davon haben wir bereits die \u201eWoche f\u00fcr Frauen in der Baubranche\u201c bei Mercury veranstaltet. Der Schwerpunkt der Initiative liegt darauf, Frauen als wertvollen Bestandteil der Baubranche hervorzuheben. Unter der Leitung unserer Personalabteilung nutzen wir die Gelegenheit, um das Bewusstsein f\u00fcr die M\u00f6glichkeiten zu steigern, die Frauen in der Baubranche zur Verf\u00fcgung stehen, und um die wachsende Rolle der Frauen in unserer Branche hervorzuheben und zu f\u00f6rdern. Wir erkennen die Leistungen von Frauen in unserem Unternehmen an und hoffen, dass sie andere dazu inspirieren, in ihre Fu\u00dfstapfen zu treten, und weibliche Mitarbeiter in unserem Unternehmen ermutigen.<\/p>\n<p>Wir sind sehr stolz auf den Beitrag, den Frauen bei Mercury leisten. Klicken Sie unten auf ein Profil, um mehr zu erfahren.<\/p>\n","protected":false},"excerpt":{"rendered":"<p>Frauen im Bauwesen Wir unterst\u00fctzen Frauen in der Baubranche. Obwohl der Frauenanteil in der Baubranche derzeit nur 5,5 % betr\u00e4gt, geht Mercury mit gutem Beispiel voran, wenn es darum geht, ein hochqualifiziertes und vielf\u00e4ltiges Team zu gewinnen und die Baubranche frauenfreundlicher zu gestalten. Als Teil davon haben wir bereits die \u201eWoche f\u00fcr Frauen in der [&hellip;]<\/p>\n","protected":false},"author":1,"featured_media":0,"parent":12499,"menu_order":0,"comment_status":"closed","ping_status":"closed","template":"","meta":{"_acf_changed":false,"footnotes":""},"class_list":["post-12495","page","type-page","status-publish","hentry"],"acf":[],"yoast_head":"<!-- This site is optimized with the Yoast SEO plugin v27.2 - https:\/\/yoast.com\/product\/yoast-seo-wordpress\/ -->\n<title>Frauen im Bauwesen - Mercury Engineering<\/title>\n<meta name=\"description\" content=\"Mercury \u2013 wegweisend bei der frauenfreundlichen Gestaltung der Baubranche\" \/>\n<meta name=\"robots\" content=\"index, follow, max-snippet:-1, max-image-preview:large, max-video-preview:-1\" \/>\n<link rel=\"canonical\" href=\"https:\/\/www.mercuryeng.com\/de\/karriere\/diversitaet-und-inklusion\/frauen-im-bauwesen\/\" \/>\n<meta property=\"og:locale\" content=\"de_DE\" \/>\n<meta property=\"og:type\" content=\"article\" \/>\n<meta property=\"og:title\" content=\"Frauen im Bauwesen - Mercury Engineering\" \/>\n<meta property=\"og:description\" content=\"Mercury \u2013 wegweisend bei der frauenfreundlichen Gestaltung der Baubranche\" \/>\n<meta property=\"og:url\" content=\"https:\/\/www.mercuryeng.com\/de\/karriere\/diversitaet-und-inklusion\/frauen-im-bauwesen\/\" \/>\n<meta property=\"og:site_name\" content=\"Mercury Engineering\" \/>\n<meta property=\"article:modified_time\" content=\"2023-02-14T10:02:10+00:00\" \/>\n<meta name=\"twitter:card\" content=\"summary_large_image\" \/>\n<meta name=\"twitter:label1\" content=\"Gesch\u00e4tzte Lesezeit\" \/>\n\t<meta name=\"twitter:data1\" content=\"1 Minute\" \/>\n<script type=\"application\/ld+json\" class=\"yoast-schema-graph\">{\"@context\":\"https:\/\/schema.org\",\"@graph\":[{\"@type\":\"WebPage\",\"@id\":\"https:\/\/www.mercuryeng.com\/de\/karriere\/diversitaet-und-inklusion\/frauen-im-bauwesen\/\",\"url\":\"https:\/\/www.mercuryeng.com\/de\/karriere\/diversitaet-und-inklusion\/frauen-im-bauwesen\/\",\"name\":\"Frauen im Bauwesen - Mercury Engineering\",\"isPartOf\":{\"@id\":\"https:\/\/www.mercuryeng.com\/de\/#website\"},\"datePublished\":\"2019-04-24T10:22:46+00:00\",\"dateModified\":\"2023-02-14T10:02:10+00:00\",\"description\":\"Mercury \u2013 wegweisend bei der frauenfreundlichen Gestaltung der Baubranche\",\"breadcrumb\":{\"@id\":\"https:\/\/www.mercuryeng.com\/de\/karriere\/diversitaet-und-inklusion\/frauen-im-bauwesen\/#breadcrumb\"},\"inLanguage\":\"de-DE\",\"potentialAction\":[{\"@type\":\"ReadAction\",\"target\":[\"https:\/\/www.mercuryeng.com\/de\/karriere\/diversitaet-und-inklusion\/frauen-im-bauwesen\/\"]}]},{\"@type\":\"BreadcrumbList\",\"@id\":\"https:\/\/www.mercuryeng.com\/de\/karriere\/diversitaet-und-inklusion\/frauen-im-bauwesen\/#breadcrumb\",\"itemListElement\":[{\"@type\":\"ListItem\",\"position\":1,\"name\":\"Home\",\"item\":\"https:\/\/www.mercuryeng.com\/de\/\"},{\"@type\":\"ListItem\",\"position\":2,\"name\":\"Karriere\",\"item\":\"https:\/\/www.mercuryeng.com\/de\/karriere\/\"},{\"@type\":\"ListItem\",\"position\":3,\"name\":\"Diversit\u00e4t und Inklusion\",\"item\":\"https:\/\/www.mercuryeng.com\/de\/karriere\/diversitaet-und-inklusion\/\"},{\"@type\":\"ListItem\",\"position\":4,\"name\":\"Frauen im Bauwesen\"}]},{\"@type\":\"WebSite\",\"@id\":\"https:\/\/www.mercuryeng.com\/de\/#website\",\"url\":\"https:\/\/www.mercuryeng.com\/de\/\",\"name\":\"Mercury Engineering\",\"description\":\"Ihre Vision, unsere Verpflichtung.\",\"potentialAction\":[{\"@type\":\"SearchAction\",\"target\":{\"@type\":\"EntryPoint\",\"urlTemplate\":\"https:\/\/www.mercuryeng.com\/de\/?s={search_term_string}\"},\"query-input\":{\"@type\":\"PropertyValueSpecification\",\"valueRequired\":true,\"valueName\":\"search_term_string\"}}],\"inLanguage\":\"de-DE\"}]}<\/script>\n<!-- \/ Yoast SEO plugin. -->","yoast_head_json":{"title":"Frauen im Bauwesen - Mercury Engineering","description":"Mercury \u2013 wegweisend bei der frauenfreundlichen Gestaltung der Baubranche","robots":{"index":"index","follow":"follow","max-snippet":"max-snippet:-1","max-image-preview":"max-image-preview:large","max-video-preview":"max-video-preview:-1"},"canonical":"https:\/\/www.mercuryeng.com\/de\/karriere\/diversitaet-und-inklusion\/frauen-im-bauwesen\/","og_locale":"de_DE","og_type":"article","og_title":"Frauen im Bauwesen - Mercury Engineering","og_description":"Mercury \u2013 wegweisend bei der frauenfreundlichen Gestaltung der Baubranche","og_url":"https:\/\/www.mercuryeng.com\/de\/karriere\/diversitaet-und-inklusion\/frauen-im-bauwesen\/","og_site_name":"Mercury Engineering","article_modified_time":"2023-02-14T10:02:10+00:00","twitter_card":"summary_large_image","twitter_misc":{"Gesch\u00e4tzte Lesezeit":"1 Minute"},"schema":{"@context":"https:\/\/schema.org","@graph":[{"@type":"WebPage","@id":"https:\/\/www.mercuryeng.com\/de\/karriere\/diversitaet-und-inklusion\/frauen-im-bauwesen\/","url":"https:\/\/www.mercuryeng.com\/de\/karriere\/diversitaet-und-inklusion\/frauen-im-bauwesen\/","name":"Frauen im Bauwesen - Mercury Engineering","isPartOf":{"@id":"https:\/\/www.mercuryeng.com\/de\/#website"},"datePublished":"2019-04-24T10:22:46+00:00","dateModified":"2023-02-14T10:02:10+00:00","description":"Mercury \u2013 wegweisend bei der frauenfreundlichen Gestaltung der Baubranche","breadcrumb":{"@id":"https:\/\/www.mercuryeng.com\/de\/karriere\/diversitaet-und-inklusion\/frauen-im-bauwesen\/#breadcrumb"},"inLanguage":"de-DE","potentialAction":[{"@type":"ReadAction","target":["https:\/\/www.mercuryeng.com\/de\/karriere\/diversitaet-und-inklusion\/frauen-im-bauwesen\/"]}]},{"@type":"BreadcrumbList","@id":"https:\/\/www.mercuryeng.com\/de\/karriere\/diversitaet-und-inklusion\/frauen-im-bauwesen\/#breadcrumb","itemListElement":[{"@type":"ListItem","position":1,"name":"Home","item":"https:\/\/www.mercuryeng.com\/de\/"},{"@type":"ListItem","position":2,"name":"Karriere","item":"https:\/\/www.mercuryeng.com\/de\/karriere\/"},{"@type":"ListItem","position":3,"name":"Diversit\u00e4t und Inklusion","item":"https:\/\/www.mercuryeng.com\/de\/karriere\/diversitaet-und-inklusion\/"},{"@type":"ListItem","position":4,"name":"Frauen im Bauwesen"}]},{"@type":"WebSite","@id":"https:\/\/www.mercuryeng.com\/de\/#website","url":"https:\/\/www.mercuryeng.com\/de\/","name":"Mercury Engineering","description":"Ihre Vision, unsere Verpflichtung.","potentialAction":[{"@type":"SearchAction","target":{"@type":"EntryPoint","urlTemplate":"https:\/\/www.mercuryeng.com\/de\/?s={search_term_string}"},"query-input":{"@type":"PropertyValueSpecification","valueRequired":true,"valueName":"search_term_string"}}],"inLanguage":"de-DE"}]}},"_links":{"self":[{"href":"https:\/\/www.mercuryeng.com\/de\/wp-json\/wp\/v2\/pages\/12495","targetHints":{"allow":["GET"]}}],"collection":[{"href":"https:\/\/www.mercuryeng.com\/de\/wp-json\/wp\/v2\/pages"}],"about":[{"href":"https:\/\/www.mercuryeng.com\/de\/wp-json\/wp\/v2\/types\/page"}],"author":[{"embeddable":true,"href":"https:\/\/www.mercuryeng.com\/de\/wp-json\/wp\/v2\/users\/1"}],"replies":[{"embeddable":true,"href":"https:\/\/www.mercuryeng.com\/de\/wp-json\/wp\/v2\/comments?post=12495"}],"version-history":[{"count":2,"href":"https:\/\/www.mercuryeng.com\/de\/wp-json\/wp\/v2\/pages\/12495\/revisions"}],"predecessor-version":[{"id":13552,"href":"https:\/\/www.mercuryeng.com\/de\/wp-json\/wp\/v2\/pages\/12495\/revisions\/13552"}],"up":[{"embeddable":true,"href":"https:\/\/www.mercuryeng.com\/de\/wp-json\/wp\/v2\/pages\/12499"}],"wp:attachment":[{"href":"https:\/\/www.mercuryeng.com\/de\/wp-json\/wp\/v2\/media?parent=12495"}],"curies":[{"name":"wp","href":"https:\/\/api.w.org\/{rel}","templated":true}]}}