{"id":12488,"date":"2019-03-28T15:17:27","date_gmt":"2019-03-28T15:17:27","guid":{"rendered":"https:\/\/www.mercuryeng.com\/careers\/"},"modified":"2023-01-30T16:45:01","modified_gmt":"2023-01-30T16:45:01","slug":"karriere","status":"publish","type":"page","link":"https:\/\/www.mercuryeng.com\/de\/karriere\/","title":{"rendered":"Karriere"},"content":{"rendered":"<h3>Karrieren entdecken<\/h3>\n<p class=\"intro\">Wir glauben, dass man in seine Mitarbeiter investieren muss, um Unglaubliches zu erreichen. Wir stellen Mitarbeiter ein und bilden sie aus, von Lehrlingen bis hin zu qualifizierten Ingenieuren \u2013 eine Philosophie, die viele von ihnen seit den Anf\u00e4ngen des Unternehmens bei Mercury h\u00e4lt.<\/p>\n<p>Mercury setzt sich f\u00fcr die F\u00f6rderung des Lernens und der beruflichen Entwicklung ein. Wir unterst\u00fctzen unsere Mitarbeiter bei der Teilnahme an verschiedenen Kursen, die mit den strategischen Zielen von Mercury im Einklang stehen.<\/p>\n<p><a class=\"btn\" href=\"https:\/\/www.mercuryeng.com\/de\/karriere\/jobs-erkunden\/\">Jobs entdecken<\/a><\/p>\n","protected":false},"excerpt":{"rendered":"<p>Karrieren entdecken Wir glauben, dass man in seine Mitarbeiter investieren muss, um Unglaubliches zu erreichen. Wir stellen Mitarbeiter ein und bilden sie aus, von Lehrlingen bis hin zu qualifizierten Ingenieuren \u2013 eine Philosophie, die viele von ihnen seit den Anf\u00e4ngen des Unternehmens bei Mercury h\u00e4lt. Mercury setzt sich f\u00fcr die F\u00f6rderung des Lernens und der [&hellip;]<\/p>\n","protected":false},"author":1,"featured_media":0,"parent":0,"menu_order":6,"comment_status":"closed","ping_status":"closed","template":"template-careers-landing.php","meta":{"_acf_changed":false,"footnotes":""},"class_list":["post-12488","page","type-page","status-publish","hentry"],"acf":[],"yoast_head":"<!-- This site is optimized with the Yoast SEO plugin v27.2 - https:\/\/yoast.com\/product\/yoast-seo-wordpress\/ -->\n<title>Karriere - Mercury Engineering<\/title>\n<meta name=\"description\" content=\"Mercury investiert in seine Mitarbeiter \u2013 von der Einstellung und Ausbildung von Lehrlingen bis hin zu qualifizierten Ingenieuren\" \/>\n<meta name=\"robots\" content=\"index, follow, max-snippet:-1, max-image-preview:large, max-video-preview:-1\" \/>\n<link rel=\"canonical\" href=\"https:\/\/www.mercuryeng.com\/de\/karriere\/\" \/>\n<meta property=\"og:locale\" content=\"de_DE\" \/>\n<meta property=\"og:type\" content=\"article\" \/>\n<meta property=\"og:title\" content=\"Karriere - Mercury Engineering\" \/>\n<meta property=\"og:description\" content=\"Mercury investiert in seine Mitarbeiter \u2013 von der Einstellung und Ausbildung von Lehrlingen bis hin zu qualifizierten Ingenieuren\" \/>\n<meta property=\"og:url\" content=\"https:\/\/www.mercuryeng.com\/de\/karriere\/\" \/>\n<meta property=\"og:site_name\" content=\"Mercury Engineering\" \/>\n<meta property=\"article:modified_time\" content=\"2023-01-30T16:45:01+00:00\" \/>\n<meta name=\"twitter:card\" content=\"summary_large_image\" \/>\n<meta name=\"twitter:label1\" content=\"Gesch\u00e4tzte Lesezeit\" \/>\n\t<meta name=\"twitter:data1\" content=\"1 Minute\" \/>\n<script type=\"application\/ld+json\" class=\"yoast-schema-graph\">{\"@context\":\"https:\/\/schema.org\",\"@graph\":[{\"@type\":\"WebPage\",\"@id\":\"https:\/\/www.mercuryeng.com\/de\/karriere\/\",\"url\":\"https:\/\/www.mercuryeng.com\/de\/karriere\/\",\"name\":\"Karriere - Mercury Engineering\",\"isPartOf\":{\"@id\":\"https:\/\/www.mercuryeng.com\/de\/#website\"},\"datePublished\":\"2019-03-28T15:17:27+00:00\",\"dateModified\":\"2023-01-30T16:45:01+00:00\",\"description\":\"Mercury investiert in seine Mitarbeiter \u2013 von der Einstellung und Ausbildung von Lehrlingen bis hin zu qualifizierten Ingenieuren\",\"breadcrumb\":{\"@id\":\"https:\/\/www.mercuryeng.com\/de\/karriere\/#breadcrumb\"},\"inLanguage\":\"de-DE\",\"potentialAction\":[{\"@type\":\"ReadAction\",\"target\":[\"https:\/\/www.mercuryeng.com\/de\/karriere\/\"]}]},{\"@type\":\"BreadcrumbList\",\"@id\":\"https:\/\/www.mercuryeng.com\/de\/karriere\/#breadcrumb\",\"itemListElement\":[{\"@type\":\"ListItem\",\"position\":1,\"name\":\"Home\",\"item\":\"https:\/\/www.mercuryeng.com\/de\/\"},{\"@type\":\"ListItem\",\"position\":2,\"name\":\"Karriere\"}]},{\"@type\":\"WebSite\",\"@id\":\"https:\/\/www.mercuryeng.com\/de\/#website\",\"url\":\"https:\/\/www.mercuryeng.com\/de\/\",\"name\":\"Mercury Engineering\",\"description\":\"Ihre Vision, unsere Verpflichtung.\",\"potentialAction\":[{\"@type\":\"SearchAction\",\"target\":{\"@type\":\"EntryPoint\",\"urlTemplate\":\"https:\/\/www.mercuryeng.com\/de\/?s={search_term_string}\"},\"query-input\":{\"@type\":\"PropertyValueSpecification\",\"valueRequired\":true,\"valueName\":\"search_term_string\"}}],\"inLanguage\":\"de-DE\"}]}<\/script>\n<!-- \/ Yoast SEO plugin. -->","yoast_head_json":{"title":"Karriere - Mercury Engineering","description":"Mercury investiert in seine Mitarbeiter \u2013 von der Einstellung und Ausbildung von Lehrlingen bis hin zu qualifizierten Ingenieuren","robots":{"index":"index","follow":"follow","max-snippet":"max-snippet:-1","max-image-preview":"max-image-preview:large","max-video-preview":"max-video-preview:-1"},"canonical":"https:\/\/www.mercuryeng.com\/de\/karriere\/","og_locale":"de_DE","og_type":"article","og_title":"Karriere - Mercury Engineering","og_description":"Mercury investiert in seine Mitarbeiter \u2013 von der Einstellung und Ausbildung von Lehrlingen bis hin zu qualifizierten Ingenieuren","og_url":"https:\/\/www.mercuryeng.com\/de\/karriere\/","og_site_name":"Mercury Engineering","article_modified_time":"2023-01-30T16:45:01+00:00","twitter_card":"summary_large_image","twitter_misc":{"Gesch\u00e4tzte Lesezeit":"1 Minute"},"schema":{"@context":"https:\/\/schema.org","@graph":[{"@type":"WebPage","@id":"https:\/\/www.mercuryeng.com\/de\/karriere\/","url":"https:\/\/www.mercuryeng.com\/de\/karriere\/","name":"Karriere - Mercury Engineering","isPartOf":{"@id":"https:\/\/www.mercuryeng.com\/de\/#website"},"datePublished":"2019-03-28T15:17:27+00:00","dateModified":"2023-01-30T16:45:01+00:00","description":"Mercury investiert in seine Mitarbeiter \u2013 von der Einstellung und Ausbildung von Lehrlingen bis hin zu qualifizierten Ingenieuren","breadcrumb":{"@id":"https:\/\/www.mercuryeng.com\/de\/karriere\/#breadcrumb"},"inLanguage":"de-DE","potentialAction":[{"@type":"ReadAction","target":["https:\/\/www.mercuryeng.com\/de\/karriere\/"]}]},{"@type":"BreadcrumbList","@id":"https:\/\/www.mercuryeng.com\/de\/karriere\/#breadcrumb","itemListElement":[{"@type":"ListItem","position":1,"name":"Home","item":"https:\/\/www.mercuryeng.com\/de\/"},{"@type":"ListItem","position":2,"name":"Karriere"}]},{"@type":"WebSite","@id":"https:\/\/www.mercuryeng.com\/de\/#website","url":"https:\/\/www.mercuryeng.com\/de\/","name":"Mercury Engineering","description":"Ihre Vision, unsere Verpflichtung.","potentialAction":[{"@type":"SearchAction","target":{"@type":"EntryPoint","urlTemplate":"https:\/\/www.mercuryeng.com\/de\/?s={search_term_string}"},"query-input":{"@type":"PropertyValueSpecification","valueRequired":true,"valueName":"search_term_string"}}],"inLanguage":"de-DE"}]}},"_links":{"self":[{"href":"https:\/\/www.mercuryeng.com\/de\/wp-json\/wp\/v2\/pages\/12488","targetHints":{"allow":["GET"]}}],"collection":[{"href":"https:\/\/www.mercuryeng.com\/de\/wp-json\/wp\/v2\/pages"}],"about":[{"href":"https:\/\/www.mercuryeng.com\/de\/wp-json\/wp\/v2\/types\/page"}],"author":[{"embeddable":true,"href":"https:\/\/www.mercuryeng.com\/de\/wp-json\/wp\/v2\/users\/1"}],"replies":[{"embeddable":true,"href":"https:\/\/www.mercuryeng.com\/de\/wp-json\/wp\/v2\/comments?post=12488"}],"version-history":[{"count":1,"href":"https:\/\/www.mercuryeng.com\/de\/wp-json\/wp\/v2\/pages\/12488\/revisions"}],"predecessor-version":[{"id":12489,"href":"https:\/\/www.mercuryeng.com\/de\/wp-json\/wp\/v2\/pages\/12488\/revisions\/12489"}],"wp:attachment":[{"href":"https:\/\/www.mercuryeng.com\/de\/wp-json\/wp\/v2\/media?parent=12488"}],"curies":[{"name":"wp","href":"https:\/\/api.w.org\/{rel}","templated":true}]}}