{"id":12376,"date":"2019-03-28T15:17:47","date_gmt":"2019-03-28T15:17:47","guid":{"rendered":"https:\/\/www.mercuryeng.com\/our-people\/"},"modified":"2025-12-12T11:15:11","modified_gmt":"2025-12-12T11:15:11","slug":"unsere-mitarbeiter","status":"publish","type":"page","link":"https:\/\/www.mercuryeng.com\/de\/unsere-mitarbeiter\/","title":{"rendered":"Mitarbeiter"},"content":{"rendered":"<p>Bei Mercury stehen unsere Mitarbeiter im Mittelpunkt unseres Handelns. Wir bieten ihnen herausfordernde Entwicklungsm\u00f6glichkeiten innerhalb eines gro\u00dfartigen Teams in einem unterst\u00fctzenden Umfeld, in dem sie ihr volles Potenzial entfalten k\u00f6nnen.<\/p>\n<p>Dank unserer Mitarbeiter und unseres Unternehmergeistes k\u00f6nnen wir in neue Gebiete, Rollen und Lieferm\u00f6glichkeiten vordringen. Wir wissen, dass unsere St\u00e4rke das Kollektiv ist und dass jeder eine Rolle bei unserem letztendlichen Erfolg spielen muss.<\/p>\n","protected":false},"excerpt":{"rendered":"<p>Bei Mercury stehen unsere Mitarbeiter im Mittelpunkt unseres Handelns. Wir bieten ihnen herausfordernde Entwicklungsm\u00f6glichkeiten innerhalb eines gro\u00dfartigen Teams in einem unterst\u00fctzenden Umfeld, in dem sie ihr volles Potenzial entfalten k\u00f6nnen. Dank unserer Mitarbeiter und unseres Unternehmergeistes k\u00f6nnen wir in neue Gebiete, Rollen und Lieferm\u00f6glichkeiten vordringen. Wir wissen, dass unsere St\u00e4rke das Kollektiv ist und dass [&hellip;]<\/p>\n","protected":false},"author":1,"featured_media":0,"parent":0,"menu_order":2,"comment_status":"closed","ping_status":"closed","template":"","meta":{"_acf_changed":false,"footnotes":""},"class_list":["post-12376","page","type-page","status-publish","hentry"],"acf":[],"yoast_head":"<!-- This site is optimized with the Yoast SEO plugin v27.4 - https:\/\/yoast.com\/product\/yoast-seo-wordpress\/ -->\n<title>Mitarbeiter - Mercury Engineering<\/title>\n<meta name=\"description\" content=\"Mercury f\u00f6rdert den Unternehmergeist in einem unterst\u00fctzenden Arbeitsumfeld, damit die Mitarbeiter ihr volles Potenzial aussch\u00f6pfen k\u00f6nnen.\" \/>\n<meta name=\"robots\" content=\"index, follow, max-snippet:-1, max-image-preview:large, max-video-preview:-1\" \/>\n<link rel=\"canonical\" href=\"https:\/\/www.mercuryeng.com\/de\/unsere-mitarbeiter\/\" \/>\n<meta property=\"og:locale\" content=\"de_DE\" \/>\n<meta property=\"og:type\" content=\"article\" \/>\n<meta property=\"og:title\" content=\"Mitarbeiter - Mercury Engineering\" \/>\n<meta property=\"og:description\" content=\"Mercury f\u00f6rdert den Unternehmergeist in einem unterst\u00fctzenden Arbeitsumfeld, damit die Mitarbeiter ihr volles Potenzial aussch\u00f6pfen k\u00f6nnen.\" \/>\n<meta property=\"og:url\" content=\"https:\/\/www.mercuryeng.com\/de\/unsere-mitarbeiter\/\" \/>\n<meta property=\"og:site_name\" content=\"Mercury Engineering\" \/>\n<meta property=\"article:modified_time\" content=\"2025-12-12T11:15:11+00:00\" \/>\n<meta name=\"twitter:card\" content=\"summary_large_image\" \/>\n<meta name=\"twitter:label1\" content=\"Gesch\u00e4tzte Lesezeit\" \/>\n\t<meta name=\"twitter:data1\" content=\"1 Minute\" \/>\n<script type=\"application\/ld+json\" class=\"yoast-schema-graph\">{\"@context\":\"https:\\\/\\\/schema.org\",\"@graph\":[{\"@type\":\"WebPage\",\"@id\":\"https:\\\/\\\/www.mercuryeng.com\\\/de\\\/unsere-mitarbeiter\\\/\",\"url\":\"https:\\\/\\\/www.mercuryeng.com\\\/de\\\/unsere-mitarbeiter\\\/\",\"name\":\"Mitarbeiter - Mercury Engineering\",\"isPartOf\":{\"@id\":\"https:\\\/\\\/www.mercuryeng.com\\\/de\\\/#website\"},\"datePublished\":\"2019-03-28T15:17:47+00:00\",\"dateModified\":\"2025-12-12T11:15:11+00:00\",\"description\":\"Mercury f\u00f6rdert den Unternehmergeist in einem unterst\u00fctzenden Arbeitsumfeld, damit die Mitarbeiter ihr volles Potenzial aussch\u00f6pfen k\u00f6nnen.\",\"breadcrumb\":{\"@id\":\"https:\\\/\\\/www.mercuryeng.com\\\/de\\\/unsere-mitarbeiter\\\/#breadcrumb\"},\"inLanguage\":\"de-DE\",\"potentialAction\":[{\"@type\":\"ReadAction\",\"target\":[\"https:\\\/\\\/www.mercuryeng.com\\\/de\\\/unsere-mitarbeiter\\\/\"]}]},{\"@type\":\"BreadcrumbList\",\"@id\":\"https:\\\/\\\/www.mercuryeng.com\\\/de\\\/unsere-mitarbeiter\\\/#breadcrumb\",\"itemListElement\":[{\"@type\":\"ListItem\",\"position\":1,\"name\":\"Home\",\"item\":\"https:\\\/\\\/www.mercuryeng.com\\\/de\\\/\"},{\"@type\":\"ListItem\",\"position\":2,\"name\":\"Mitarbeiter\"}]},{\"@type\":\"WebSite\",\"@id\":\"https:\\\/\\\/www.mercuryeng.com\\\/de\\\/#website\",\"url\":\"https:\\\/\\\/www.mercuryeng.com\\\/de\\\/\",\"name\":\"Mercury Engineering\",\"description\":\"Ihre Vision, unsere Verpflichtung.\",\"potentialAction\":[{\"@type\":\"SearchAction\",\"target\":{\"@type\":\"EntryPoint\",\"urlTemplate\":\"https:\\\/\\\/www.mercuryeng.com\\\/de\\\/?s={search_term_string}\"},\"query-input\":{\"@type\":\"PropertyValueSpecification\",\"valueRequired\":true,\"valueName\":\"search_term_string\"}}],\"inLanguage\":\"de-DE\"}]}<\/script>\n<!-- \/ Yoast SEO plugin. -->","yoast_head_json":{"title":"Mitarbeiter - Mercury Engineering","description":"Mercury f\u00f6rdert den Unternehmergeist in einem unterst\u00fctzenden Arbeitsumfeld, damit die Mitarbeiter ihr volles Potenzial aussch\u00f6pfen k\u00f6nnen.","robots":{"index":"index","follow":"follow","max-snippet":"max-snippet:-1","max-image-preview":"max-image-preview:large","max-video-preview":"max-video-preview:-1"},"canonical":"https:\/\/www.mercuryeng.com\/de\/unsere-mitarbeiter\/","og_locale":"de_DE","og_type":"article","og_title":"Mitarbeiter - Mercury Engineering","og_description":"Mercury f\u00f6rdert den Unternehmergeist in einem unterst\u00fctzenden Arbeitsumfeld, damit die Mitarbeiter ihr volles Potenzial aussch\u00f6pfen k\u00f6nnen.","og_url":"https:\/\/www.mercuryeng.com\/de\/unsere-mitarbeiter\/","og_site_name":"Mercury Engineering","article_modified_time":"2025-12-12T11:15:11+00:00","twitter_card":"summary_large_image","twitter_misc":{"Gesch\u00e4tzte Lesezeit":"1 Minute"},"schema":{"@context":"https:\/\/schema.org","@graph":[{"@type":"WebPage","@id":"https:\/\/www.mercuryeng.com\/de\/unsere-mitarbeiter\/","url":"https:\/\/www.mercuryeng.com\/de\/unsere-mitarbeiter\/","name":"Mitarbeiter - Mercury Engineering","isPartOf":{"@id":"https:\/\/www.mercuryeng.com\/de\/#website"},"datePublished":"2019-03-28T15:17:47+00:00","dateModified":"2025-12-12T11:15:11+00:00","description":"Mercury f\u00f6rdert den Unternehmergeist in einem unterst\u00fctzenden Arbeitsumfeld, damit die Mitarbeiter ihr volles Potenzial aussch\u00f6pfen k\u00f6nnen.","breadcrumb":{"@id":"https:\/\/www.mercuryeng.com\/de\/unsere-mitarbeiter\/#breadcrumb"},"inLanguage":"de-DE","potentialAction":[{"@type":"ReadAction","target":["https:\/\/www.mercuryeng.com\/de\/unsere-mitarbeiter\/"]}]},{"@type":"BreadcrumbList","@id":"https:\/\/www.mercuryeng.com\/de\/unsere-mitarbeiter\/#breadcrumb","itemListElement":[{"@type":"ListItem","position":1,"name":"Home","item":"https:\/\/www.mercuryeng.com\/de\/"},{"@type":"ListItem","position":2,"name":"Mitarbeiter"}]},{"@type":"WebSite","@id":"https:\/\/www.mercuryeng.com\/de\/#website","url":"https:\/\/www.mercuryeng.com\/de\/","name":"Mercury Engineering","description":"Ihre Vision, unsere Verpflichtung.","potentialAction":[{"@type":"SearchAction","target":{"@type":"EntryPoint","urlTemplate":"https:\/\/www.mercuryeng.com\/de\/?s={search_term_string}"},"query-input":{"@type":"PropertyValueSpecification","valueRequired":true,"valueName":"search_term_string"}}],"inLanguage":"de-DE"}]}},"_links":{"self":[{"href":"https:\/\/www.mercuryeng.com\/de\/wp-json\/wp\/v2\/pages\/12376","targetHints":{"allow":["GET"]}}],"collection":[{"href":"https:\/\/www.mercuryeng.com\/de\/wp-json\/wp\/v2\/pages"}],"about":[{"href":"https:\/\/www.mercuryeng.com\/de\/wp-json\/wp\/v2\/types\/page"}],"author":[{"embeddable":true,"href":"https:\/\/www.mercuryeng.com\/de\/wp-json\/wp\/v2\/users\/1"}],"replies":[{"embeddable":true,"href":"https:\/\/www.mercuryeng.com\/de\/wp-json\/wp\/v2\/comments?post=12376"}],"version-history":[{"count":1,"href":"https:\/\/www.mercuryeng.com\/de\/wp-json\/wp\/v2\/pages\/12376\/revisions"}],"predecessor-version":[{"id":18089,"href":"https:\/\/www.mercuryeng.com\/de\/wp-json\/wp\/v2\/pages\/12376\/revisions\/18089"}],"wp:attachment":[{"href":"https:\/\/www.mercuryeng.com\/de\/wp-json\/wp\/v2\/media?parent=12376"}],"curies":[{"name":"wp","href":"https:\/\/api.w.org\/{rel}","templated":true}]}}