{"id":12360,"date":"2022-02-07T16:05:35","date_gmt":"2022-02-07T16:05:35","guid":{"rendered":"https:\/\/www.mercuryeng.com\/uber\/achieve-the-incredible\/"},"modified":"2023-01-04T15:07:13","modified_gmt":"2023-01-04T15:07:13","slug":"unglaubliches-erreichen","status":"publish","type":"page","link":"https:\/\/www.mercuryeng.com\/de\/uber\/unglaubliches-erreichen\/","title":{"rendered":"Unglaubliches erreichen"},"content":{"rendered":"<p><strong>Um Unglaubliches zu erreichen, m\u00fcssen wir uns auf Ver\u00e4nderungen vorbereiten \u2013 selbst wenn wir gerade bestens aufgestellt sind.\u00a0<\/strong><\/p>\n<p class=\"public-DraftStyleDefault-block public-DraftStyleDefault-ltr\" data-offset-key=\"afsnm-0-0\"><span data-offset-key=\"afsnm-0-0\">Bei Mercury hatten wir noch nie Angst vor Ver\u00e4nderungen. Tats\u00e4chlich haben wir immer davon profitiert. In jedem Jahrzehnt konnten wir ein au\u00dfergew\u00f6hnliches Wachstum verzeichnen. Jetzt sind wir bereit f\u00fcr die n\u00e4chste Phase unserer strategischen Reise &#8211; <\/span><span data-offset-key=\"6n6h2-0-0\">eine umfassende Neustrukturierung unserer Organisation, die einen noch kundenorientierteren Ansatz f\u00fcr unsere Gesch\u00e4ftst\u00e4tigkeit verfolgt und eine klare Nachfolgeregelung f\u00fcr unsere Mitarbeiter vorsieht.<\/span><\/p>\n<p data-offset-key=\"afsnm-0-0\">Nachhaltiges Wachstum beginnt bei den Menschen. Wir sind \u00fcberzeugt, dass wir unsere Vision auch k\u00fcnftig nur dann verwirklichen k\u00f6nnen, wenn wir den Menschen in den Mittelpunkt unseres Handelns stellen \u2013 von unseren Kunden und Partnern bis hin zu unseren Mitarbeitern. Vor diesem Hintergrund haben wir eine umfassende Neustrukturierung unserer Organisation in die Wege geleitet, die den Herausforderungen Rechnung tr\u00e4gt, die sich aus unserem anhaltenden Wachstum ergeben.<\/p>\n<p data-offset-key=\"afsnm-0-0\">Bei dieser Umstrukturierung steht der Mensch an erster Stelle. Es erm\u00f6glicht uns eine noch st\u00e4rkere Kundenorientierung, schafft Klarheit in unseren Unternehmensbereichen und sieht eine genaue Nachfolgeregelung f\u00fcr unsere Mitarbeiter vor, so dass wir auch weiterhin die besten Mitarbeiter in den richtigen Positionen einsetzen k\u00f6nnen, um die Leistung unseres gesamten Unternehmens zu maximieren.<\/p>\n<p><strong>Unsere vier Hauptziele:<\/strong><\/p>\n<ol>\n<li>Bessere Leistung<\/li>\n<li>Kundenpartnerschaften<\/li>\n<li>Ein Fahrplan f\u00fcr die Zukunft<\/li>\n<li>Nachfolgeregelungen<\/li>\n<\/ol>\n<p><em>Lesen Sie die nachfolgende Brosch\u00fcre, um mehr \u00fcber unsere sich st\u00e4ndig weiterentwickelnde Struktur zu erfahren.<\/em><\/p>\n<p><iframe loading=\"lazy\" src=\"https:\/\/cdn.flipsnack.com\/widget\/v2\/widget.html?hash=hja6jij7t9\" width=\"100%\" height=\"480\" frameborder=\"0\" scrolling=\"no\" seamless=\"seamless\" allowfullscreen=\"allowfullscreen\"><\/iframe><\/p>\n<p><a class=\"btn\" href=\"http:\/\/www.mercuryeng.com\/wp-content\/uploads\/2022\/02\/Mercury-Achieve-Incredible-updated.pdf\" target=\"_blank\" rel=\"noopener noreferrer\">Laden Sie unsere Brosch\u00fcre als PDF-Datei herunter<\/a><\/p>\n<p>&nbsp;<\/p>\n","protected":false},"excerpt":{"rendered":"<p>Um Unglaubliches zu erreichen, m\u00fcssen wir uns auf Ver\u00e4nderungen vorbereiten \u2013 selbst wenn wir gerade bestens aufgestellt sind.\u00a0 Bei Mercury hatten wir noch nie Angst vor Ver\u00e4nderungen. Tats\u00e4chlich haben wir immer davon profitiert. In jedem Jahrzehnt konnten wir ein au\u00dfergew\u00f6hnliches Wachstum verzeichnen. Jetzt sind wir bereit f\u00fcr die n\u00e4chste Phase unserer strategischen Reise &#8211; eine [&hellip;]<\/p>\n","protected":false},"author":14,"featured_media":0,"parent":12222,"menu_order":7,"comment_status":"closed","ping_status":"closed","template":"","meta":{"_acf_changed":false,"footnotes":""},"class_list":["post-12360","page","type-page","status-publish","hentry"],"acf":[],"yoast_head":"<!-- This site is optimized with the Yoast SEO plugin v27.2 - https:\/\/yoast.com\/product\/yoast-seo-wordpress\/ -->\n<title>Unglaubliches erreichen - Mercury Engineering<\/title>\n<meta name=\"description\" content=\"Eine au\u00dfergew\u00f6hnliche, sich st\u00e4ndig weiterentwickelnde Struktur begr\u00fc\u00dft Ver\u00e4nderungen, um bessere Leistungen, Kundenpartnerschaften, Zukunftspl\u00e4ne und Nachfolgeplanung zu erm\u00f6glichen\" \/>\n<meta name=\"robots\" content=\"index, follow, max-snippet:-1, max-image-preview:large, max-video-preview:-1\" \/>\n<link rel=\"canonical\" href=\"https:\/\/www.mercuryeng.com\/de\/uber\/unglaubliches-erreichen\/\" \/>\n<meta property=\"og:locale\" content=\"de_DE\" \/>\n<meta property=\"og:type\" content=\"article\" \/>\n<meta property=\"og:title\" content=\"Unglaubliches erreichen - Mercury Engineering\" \/>\n<meta property=\"og:description\" content=\"Eine au\u00dfergew\u00f6hnliche, sich st\u00e4ndig weiterentwickelnde Struktur begr\u00fc\u00dft Ver\u00e4nderungen, um bessere Leistungen, Kundenpartnerschaften, Zukunftspl\u00e4ne und Nachfolgeplanung zu erm\u00f6glichen\" \/>\n<meta property=\"og:url\" content=\"https:\/\/www.mercuryeng.com\/de\/uber\/unglaubliches-erreichen\/\" \/>\n<meta property=\"og:site_name\" content=\"Mercury Engineering\" \/>\n<meta property=\"article:modified_time\" content=\"2023-01-04T15:07:13+00:00\" \/>\n<meta name=\"twitter:card\" content=\"summary_large_image\" \/>\n<meta name=\"twitter:label1\" content=\"Gesch\u00e4tzte Lesezeit\" \/>\n\t<meta name=\"twitter:data1\" content=\"1 Minute\" \/>\n<script type=\"application\/ld+json\" class=\"yoast-schema-graph\">{\"@context\":\"https:\/\/schema.org\",\"@graph\":[{\"@type\":\"WebPage\",\"@id\":\"https:\/\/www.mercuryeng.com\/de\/uber\/unglaubliches-erreichen\/\",\"url\":\"https:\/\/www.mercuryeng.com\/de\/uber\/unglaubliches-erreichen\/\",\"name\":\"Unglaubliches erreichen - Mercury Engineering\",\"isPartOf\":{\"@id\":\"https:\/\/www.mercuryeng.com\/de\/#website\"},\"datePublished\":\"2022-02-07T16:05:35+00:00\",\"dateModified\":\"2023-01-04T15:07:13+00:00\",\"description\":\"Eine au\u00dfergew\u00f6hnliche, sich st\u00e4ndig weiterentwickelnde Struktur begr\u00fc\u00dft Ver\u00e4nderungen, um bessere Leistungen, Kundenpartnerschaften, Zukunftspl\u00e4ne und Nachfolgeplanung zu erm\u00f6glichen\",\"breadcrumb\":{\"@id\":\"https:\/\/www.mercuryeng.com\/de\/uber\/unglaubliches-erreichen\/#breadcrumb\"},\"inLanguage\":\"de-DE\",\"potentialAction\":[{\"@type\":\"ReadAction\",\"target\":[\"https:\/\/www.mercuryeng.com\/de\/uber\/unglaubliches-erreichen\/\"]}]},{\"@type\":\"BreadcrumbList\",\"@id\":\"https:\/\/www.mercuryeng.com\/de\/uber\/unglaubliches-erreichen\/#breadcrumb\",\"itemListElement\":[{\"@type\":\"ListItem\",\"position\":1,\"name\":\"Home\",\"item\":\"https:\/\/www.mercuryeng.com\/de\/\"},{\"@type\":\"ListItem\",\"position\":2,\"name\":\"\u00dcber\",\"item\":\"https:\/\/www.mercuryeng.com\/de\/uber\/\"},{\"@type\":\"ListItem\",\"position\":3,\"name\":\"Unglaubliches erreichen\"}]},{\"@type\":\"WebSite\",\"@id\":\"https:\/\/www.mercuryeng.com\/de\/#website\",\"url\":\"https:\/\/www.mercuryeng.com\/de\/\",\"name\":\"Mercury Engineering\",\"description\":\"Ihre Vision, unsere Verpflichtung.\",\"potentialAction\":[{\"@type\":\"SearchAction\",\"target\":{\"@type\":\"EntryPoint\",\"urlTemplate\":\"https:\/\/www.mercuryeng.com\/de\/?s={search_term_string}\"},\"query-input\":{\"@type\":\"PropertyValueSpecification\",\"valueRequired\":true,\"valueName\":\"search_term_string\"}}],\"inLanguage\":\"de-DE\"}]}<\/script>\n<!-- \/ Yoast SEO plugin. -->","yoast_head_json":{"title":"Unglaubliches erreichen - Mercury Engineering","description":"Eine au\u00dfergew\u00f6hnliche, sich st\u00e4ndig weiterentwickelnde Struktur begr\u00fc\u00dft Ver\u00e4nderungen, um bessere Leistungen, Kundenpartnerschaften, Zukunftspl\u00e4ne und Nachfolgeplanung zu erm\u00f6glichen","robots":{"index":"index","follow":"follow","max-snippet":"max-snippet:-1","max-image-preview":"max-image-preview:large","max-video-preview":"max-video-preview:-1"},"canonical":"https:\/\/www.mercuryeng.com\/de\/uber\/unglaubliches-erreichen\/","og_locale":"de_DE","og_type":"article","og_title":"Unglaubliches erreichen - Mercury Engineering","og_description":"Eine au\u00dfergew\u00f6hnliche, sich st\u00e4ndig weiterentwickelnde Struktur begr\u00fc\u00dft Ver\u00e4nderungen, um bessere Leistungen, Kundenpartnerschaften, Zukunftspl\u00e4ne und Nachfolgeplanung zu erm\u00f6glichen","og_url":"https:\/\/www.mercuryeng.com\/de\/uber\/unglaubliches-erreichen\/","og_site_name":"Mercury Engineering","article_modified_time":"2023-01-04T15:07:13+00:00","twitter_card":"summary_large_image","twitter_misc":{"Gesch\u00e4tzte Lesezeit":"1 Minute"},"schema":{"@context":"https:\/\/schema.org","@graph":[{"@type":"WebPage","@id":"https:\/\/www.mercuryeng.com\/de\/uber\/unglaubliches-erreichen\/","url":"https:\/\/www.mercuryeng.com\/de\/uber\/unglaubliches-erreichen\/","name":"Unglaubliches erreichen - Mercury Engineering","isPartOf":{"@id":"https:\/\/www.mercuryeng.com\/de\/#website"},"datePublished":"2022-02-07T16:05:35+00:00","dateModified":"2023-01-04T15:07:13+00:00","description":"Eine au\u00dfergew\u00f6hnliche, sich st\u00e4ndig weiterentwickelnde Struktur begr\u00fc\u00dft Ver\u00e4nderungen, um bessere Leistungen, Kundenpartnerschaften, Zukunftspl\u00e4ne und Nachfolgeplanung zu erm\u00f6glichen","breadcrumb":{"@id":"https:\/\/www.mercuryeng.com\/de\/uber\/unglaubliches-erreichen\/#breadcrumb"},"inLanguage":"de-DE","potentialAction":[{"@type":"ReadAction","target":["https:\/\/www.mercuryeng.com\/de\/uber\/unglaubliches-erreichen\/"]}]},{"@type":"BreadcrumbList","@id":"https:\/\/www.mercuryeng.com\/de\/uber\/unglaubliches-erreichen\/#breadcrumb","itemListElement":[{"@type":"ListItem","position":1,"name":"Home","item":"https:\/\/www.mercuryeng.com\/de\/"},{"@type":"ListItem","position":2,"name":"\u00dcber","item":"https:\/\/www.mercuryeng.com\/de\/uber\/"},{"@type":"ListItem","position":3,"name":"Unglaubliches erreichen"}]},{"@type":"WebSite","@id":"https:\/\/www.mercuryeng.com\/de\/#website","url":"https:\/\/www.mercuryeng.com\/de\/","name":"Mercury Engineering","description":"Ihre Vision, unsere Verpflichtung.","potentialAction":[{"@type":"SearchAction","target":{"@type":"EntryPoint","urlTemplate":"https:\/\/www.mercuryeng.com\/de\/?s={search_term_string}"},"query-input":{"@type":"PropertyValueSpecification","valueRequired":true,"valueName":"search_term_string"}}],"inLanguage":"de-DE"}]}},"_links":{"self":[{"href":"https:\/\/www.mercuryeng.com\/de\/wp-json\/wp\/v2\/pages\/12360","targetHints":{"allow":["GET"]}}],"collection":[{"href":"https:\/\/www.mercuryeng.com\/de\/wp-json\/wp\/v2\/pages"}],"about":[{"href":"https:\/\/www.mercuryeng.com\/de\/wp-json\/wp\/v2\/types\/page"}],"author":[{"embeddable":true,"href":"https:\/\/www.mercuryeng.com\/de\/wp-json\/wp\/v2\/users\/14"}],"replies":[{"embeddable":true,"href":"https:\/\/www.mercuryeng.com\/de\/wp-json\/wp\/v2\/comments?post=12360"}],"version-history":[{"count":1,"href":"https:\/\/www.mercuryeng.com\/de\/wp-json\/wp\/v2\/pages\/12360\/revisions"}],"predecessor-version":[{"id":12363,"href":"https:\/\/www.mercuryeng.com\/de\/wp-json\/wp\/v2\/pages\/12360\/revisions\/12363"}],"up":[{"embeddable":true,"href":"https:\/\/www.mercuryeng.com\/de\/wp-json\/wp\/v2\/pages\/12222"}],"wp:attachment":[{"href":"https:\/\/www.mercuryeng.com\/de\/wp-json\/wp\/v2\/media?parent=12360"}],"curies":[{"name":"wp","href":"https:\/\/api.w.org\/{rel}","templated":true}]}}