{"id":12354,"date":"2022-09-21T10:45:13","date_gmt":"2022-09-21T10:45:13","guid":{"rendered":"https:\/\/www.mercuryeng.com\/uber\/sustainability-statement\/"},"modified":"2023-01-12T14:48:37","modified_gmt":"2023-01-12T14:48:37","slug":"nachhaltigkeitserklaerung","status":"publish","type":"page","link":"https:\/\/www.mercuryeng.com\/de\/uber\/nachhaltigkeitserklaerung\/","title":{"rendered":"Nachhaltigkeit"},"content":{"rendered":"<div class=\"im-block\" data-testid=\"maggie-viewer_item-block_component\" data-css-1aai6a0=\"\">\n<h3 class=\"im-title\">Unsere Nachhaltigkeitserkl\u00e4rung<\/h3>\n<\/div>\n<div class=\"im-block\" data-testid=\"maggie-viewer_item-block_component\" data-css-ihxyux=\"\" data-css-1ro8up2=\"\">\n<p>Mercury hat seine Nachhaltigkeitsstrategie \u201eUnser Planet, unsere Pflicht\u201c Ende 2020 ver\u00f6ffentlicht und verspricht, eine nachhaltigere Umwelt in unserer Umgebung zu schaffen. Wir verpflichten uns, in allen unseren Gesch\u00e4ftsaktivit\u00e4ten und -abl\u00e4ufen gute Corporate-Governance-Ans\u00e4tze einzuf\u00fchren und zu f\u00f6rdern. Dazu geh\u00f6rt die Gew\u00e4hrleistung eines sicheren und nachhaltigen Umfelds f\u00fcr unsere Kunden, Mitarbeiter und Partner in der Wertsch\u00f6pfungskette sowie die Wahrung unserer Verantwortung als Mitglied der lokalen Gemeinschaft und der Gesellschaft insgesamt. In unserer Nachhaltigkeitserkl\u00e4rung wird unser Engagement als verantwortungsbewusstes Unternehmen dargelegt.<\/p>\n<div class=\"im-block\" data-testid=\"maggie-viewer_item-block_component\" data-css-ihxyux=\"\" data-css-1ro8up2=\"\">\n<p><a class=\"btn-black-outline\" href=\"https:\/\/www.mercuryeng.com\/wp-content\/uploads\/2021\/12\/2021-Sustainability-Policy-Statement.pdf\" target=\"_blank\" rel=\"noopener noreferrer\">Lesen Sie unsere vollst\u00e4ndige Nachhaltigkeitserkl\u00e4rung<\/a><br \/>\n<a class=\"btn-black-outline\" href=\"https:\/\/www.mercuryeng.com\/wp-content\/uploads\/2022\/04\/Mercury-Sustainability-Report-2021_Web.pdf\" target=\"_blank\" rel=\"noopener noreferrer\">Lesen Sie unseren j\u00e4hrlichen Nachhaltigkeitsbericht<br \/>\n<\/a><\/p>\n<\/div>\n<\/div>\n<div class=\"im-block\" data-testid=\"maggie-viewer_item-block_component\" data-css-e09dlr=\"\">\n<h3 class=\"im-title\">UMFRAGE ZUR WESENTLICHKEIT BESTIMMT UNSERE PRIORIT\u00c4TEN<\/h3>\n<\/div>\n<div data-testid=\"maggie-viewer_item-block_component\" data-css-e09dlr=\"\">\n<p>Wir haben k\u00fcrzlich unsere Umfrage zur Wesentlichkeit mit den wichtigsten Interessengruppen erneut durchgef\u00fchrt und planen, diese Praxis alle zwei Jahre fortzusetzen. Die Ergebnisse sind wichtig f\u00fcr die Festlegung der Priorit\u00e4ten unserer Nachhaltigkeitsziele f\u00fcr die kommenden Jahre.<\/p>\n<p><img loading=\"lazy\" decoding=\"async\" class=\"aligncenter wp-image-9612 size-full\" src=\"\/wp-content\/uploads\/2022\/11\/Materiality-Matrix-750.png\" alt=\"Die Wesentlichkeitsmatrix von Mercury\" width=\"750\" height=\"392\" srcset=\"https:\/\/www.mercuryeng.com\/wp-content\/uploads\/2022\/11\/Materiality-Matrix-750.png 750w, https:\/\/www.mercuryeng.com\/wp-content\/uploads\/2022\/11\/Materiality-Matrix-750-350x183.png 350w, https:\/\/www.mercuryeng.com\/wp-content\/uploads\/2022\/11\/Materiality-Matrix-750-700x366.png 700w\" sizes=\"auto, (max-width: 750px) 100vw, 750px\" \/><\/p>\n<\/div>\n<section id=\"block-91681036\" class=\"css-5ehfqj scrolling-down in-viewport\" data-testid=\"maggie-viewer_section-component\" data-css-1577sfj=\"\">\n<div class=\"css-1mzrgwz comp-section-inner\">\n<div class=\"css-18m3bc4 css-nil im-row\">\n<div class=\"css-p957md im-column im-column-inner css-1mtxler css-17rm99 css-5uo98q\">\n<div class=\"im-block\" data-testid=\"maggie-viewer_item-block_component\" data-css-1aai6a0=\"\">\n<h3 data-css-1yn2psj=\"\" data-css-1x454c6=\"\">KPI-RAHMEN F\u00dcR NACHHALTIGKEIT<\/h3>\n<p>Unser strategischer Plan und die Ergebnisse der Umfrage zur Wesentlichkeit haben uns zur Entwicklung des KPI-Rahmens gef\u00fchrt, den wir verwenden, um unsere spezifischen Ambitionen klarer darzustellen und die KPIs zu ermitteln, die wir im Laufe der Zeit verfolgen m\u00f6chten, um die Erfolge in jedem Schwerpunktbereich zu demonstrieren.<\/p>\n<p><img loading=\"lazy\" decoding=\"async\" class=\"aligncenter wp-image-9611 size-full\" src=\"\/wp-content\/uploads\/2022\/11\/4-Pillars.png\" alt=\"KPI-Rahmen f\u00fcr Nachhaltigkeit\" width=\"750\" height=\"412\" srcset=\"https:\/\/www.mercuryeng.com\/wp-content\/uploads\/2022\/11\/4-Pillars.png 750w, https:\/\/www.mercuryeng.com\/wp-content\/uploads\/2022\/11\/4-Pillars-350x192.png 350w, https:\/\/www.mercuryeng.com\/wp-content\/uploads\/2022\/11\/4-Pillars-700x385.png 700w\" sizes=\"auto, (max-width: 750px) 100vw, 750px\" \/><\/p>\n<\/div>\n<p>Unser Fahrplan konzentriert sich auf vier Hauptziele, die auch als Nachhaltigkeitsverpflichtungen bezeichnet werden, und hebt spezifische Ergebnisse hervor, die wir erreichen wollen:<\/p>\n<div class=\"im-block\" data-testid=\"maggie-viewer_item-block_component\" data-css-1aai6a0=\"\">\n<ol>\n<li><strong>Ein bevorzugter Arbeitgeber sein: Zu diesem Bereich geh\u00f6ren unsere Initiativen zu Gleichberechtigung, Diversit\u00e4t und Inklusion sowie die Bereitstellung von Lern- und Bildungsangeboten f\u00fcr Mitarbeiter, die ihnen helfen, sich beruflich weiterzuentwickeln und neue F\u00e4higkeiten zu erwerben. Die F\u00fcrsorge f\u00fcr das Wohlergehen der Mitarbeiter ist ebenfalls ein Teil dieser Nachhaltigkeitsverpflichtung.<\/strong><\/li>\n<li><strong>Aufrechterhaltung verantwortungsvoller Partnerschaften<\/strong>: Wir reagieren weiterhin auf die Bed\u00fcrfnisse unserer Kunden und unterst\u00fctzen ihre Nachhaltigkeitsziele. Au\u00dferdem arbeiten wir mit unseren Partnern in der Lieferkette und unseren Subunternehmern zusammen, um sie auf ihrem Weg zu verantwortungsbewussten Praktiken und Entscheidungen zu unterst\u00fctzen, die sich auf die Nachhaltigkeitsergebnisse auswirken.<\/li>\n<li><strong>Minimierung unseres \u00f6kologischen Fu\u00dfabdrucks<\/strong>: Diese Verpflichtung beinhaltet eine Konzentration auf die Treibhausgasemissionen, die durch unsere Geb\u00e4ude, Fahrzeuge und Betriebsabl\u00e4ufe verursacht werden. Wir achten auch auf unsere Konzepte f\u00fcr die Abfallentsorgung, auf Energieeffizienz und auf die Biodiversit\u00e4t. Die \u00f6kologischen Auswirkungen unserer Projekte sind ebenfalls Teil dieser Verpflichtung.<\/li>\n<li><strong>Wohlergehen der lokalen Gemeinschaft<\/strong>: Die Unterst\u00fctzung lokaler Organisationen in der Umgebung unserer Baustellen, um die Lebensqualit\u00e4t der Menschen in diesen Gemeinden zu verbessern, hat f\u00fcr uns Priorit\u00e4t. Wir unterst\u00fctzen Initiativen zur Versorgung von Schulen, zur Aufrechterhaltung eines gesunden Lebensstils und zur Mittelbeschaffung f\u00fcr Organisationen, die sich f\u00fcr das Wohlergehen von Menschen einsetzen, die Nahrung, Unterkunft, psychische Unterst\u00fctzung usw. ben\u00f6tigen.<\/li>\n<\/ol>\n<\/div>\n<\/div>\n<\/div>\n<\/div>\n<\/section>\n<section id=\"block-91681038\" class=\"css-5ehfqj scrolling-down in-viewport\" data-testid=\"maggie-viewer_section-component\" data-css-yzx7ug=\"\">\n<div class=\"css-1mzrgwz comp-section-inner\">\n<div class=\"css-18m3bc4 css-nil im-row\">\n<div class=\"css-p957md im-column im-column-inner css-eojxd1 css-187oc4q css-y70o9n\">\n<div class=\"im-block\" data-testid=\"maggie-viewer_item-block_component\" data-css-1d9b8uo=\"\" data-css-v7tvff=\"\">\n<p>Die Schwerpunkte unserer Spenden und der Unterst\u00fctzung von Freiwilligen orientieren sich an den SDGs der Vereinten Nationen (United Nations Sustainable Development Goals):<\/p>\n<p><img loading=\"lazy\" decoding=\"async\" class=\"aligncenter wp-image-9602 size-full\" src=\"\/wp-content\/uploads\/2022\/11\/SDGs.png\" alt=\"Ziele f\u00fcr nachhaltige Entwicklung der Vereinten Nationen Investoren in Vielfalt\" width=\"1000\" height=\"134\" srcset=\"https:\/\/www.mercuryeng.com\/wp-content\/uploads\/2022\/11\/SDGs.png 1000w, https:\/\/www.mercuryeng.com\/wp-content\/uploads\/2022\/11\/SDGs-350x47.png 350w, https:\/\/www.mercuryeng.com\/wp-content\/uploads\/2022\/11\/SDGs-700x94.png 700w\" sizes=\"auto, (max-width: 1000px) 100vw, 1000px\" \/><\/p>\n<\/div>\n<p>Unser Budget f\u00fcr Spendenaktionen ist 2022 im Vergleich zu 2021 um 60 % gestiegen. Und die Zahl der von uns unterst\u00fctzten Nichtregierungsorganisationen ist von 28 im Jahr 2021 auf 37 im Jahr 2022 gestiegen.<\/p>\n<p><a class=\"btn-black-outline\" href=\"\/wp-content\/uploads\/2022\/12\/131222_CSR-Sustainability_Interactive-rev-final.pdf\" target=\"_blank\" rel=\"noopener noreferrer\">Lesen Sie unseren Bericht \u00fcber die soziale Verantwortung der Unternehmen 2022 <\/a><\/p>\n<h3 data-css-1yn2psj=\"\" data-css-1x454c6=\"\">Achievements and News Items from the Last 12 Months<\/h3>\n<\/div>\n<div class=\"im-block\" data-testid=\"maggie-viewer_item-block_component\" data-css-13r65vj=\"\" data-css-1ro8up2=\"\">\n<div class=\"im-block\" data-testid=\"maggie-viewer_item-block_component\" data-css-20ere5=\"\" data-css-o2m75r=\"\">\n<h4 class=\"im-title\">Being an Employer of Choice<\/h4>\n<p data-css-1yn2psj=\"\" data-css-1l0ypj3=\"\"><img loading=\"lazy\" decoding=\"async\" class=\"alignnone size-medium wp-image-9258\" src=\"\/wp-content\/uploads\/2022\/09\/Investors-in-Diversity-Silver-1536x299-1-350x68.png\" alt=\"\" width=\"300\" height=\"58\" srcset=\"https:\/\/www.mercuryeng.com\/wp-content\/uploads\/2022\/09\/Investors-in-Diversity-Silver-1536x299-1-350x68.png 350w, https:\/\/www.mercuryeng.com\/wp-content\/uploads\/2022\/09\/Investors-in-Diversity-Silver-1536x299-1-1000x195.png 1000w, https:\/\/www.mercuryeng.com\/wp-content\/uploads\/2022\/09\/Investors-in-Diversity-Silver-1536x299-1-700x137.png 700w, https:\/\/www.mercuryeng.com\/wp-content\/uploads\/2022\/09\/Investors-in-Diversity-Silver-1536x299-1.png 1400w\" sizes=\"auto, (max-width: 300px) 100vw, 300px\" \/><\/p>\n<div class=\"im-block\" data-testid=\"maggie-viewer_item-block_component\" data-css-20ere5=\"\" data-css-o2m75r=\"\">\n<p><a class=\"btn-black-outline\" href=\"https:\/\/www.mercuryeng.com\/2022\/01\/06\/mercury-awarded-investors-in-diversitys-silver-accreditation\/\" target=\"_blank\" rel=\"noopener noreferrer\">Mercury Awarded Investors in Diversity\u2019s Silver Accreditation<\/a><br \/>\n<a class=\"btn-black-outline\" href=\"https:\/\/www.mercuryeng.com\/2022\/07\/26\/diversity-inclusion-mercurys-goals-as-an-employer-of-choice\/\" target=\"_blank\" rel=\"noopener noreferrer\">Diversity &amp; Inclusion: Mercury\u2019s Goals as an Employer of Choice<\/a><br \/>\n<a class=\"btn-black-outline\" href=\"https:\/\/www.mercuryeng.com\/2021\/05\/19\/mercury-to-provide-two-fully-paid-volunteering-days-to-all-staff\/\" target=\"_blank\" rel=\"noopener noreferrer\">Mercury Announces It Will Provide Two Fully Paid Volunteering Days to All Staff<\/a><\/p>\n<h4 class=\"im-title\">Maintaining Responsible Partnerships<\/h4>\n<p><a class=\"btn-black-outline\" href=\"https:\/\/www.mercuryeng.com\/2022\/05\/05\/tracking-value-chain-progress-with-our-sustainability-scorecard\/\" target=\"_blank\" rel=\"noopener noreferrer\">Tracking Value Chain Progress with Our Sustainability Scorecard<\/a><br \/>\n<a class=\"btn-black-outline\" href=\"https:\/\/www.mercuryeng.com\/2021\/12\/01\/johnny-mcfadden-maintaining-responsible-partnerships-for-greener-procurement\/\" target=\"_blank\" rel=\"noopener noreferrer\">Johnny McFadden: Maintaining Responsible Partnerships for Greener Procurement<\/a><\/p>\n<h4>Minimising Our Environmental Footprint<\/h4>\n<\/div>\n<div class=\"im-block\" data-testid=\"maggie-viewer_item-block_component\" data-css-20ere5=\"\" data-css-o2m75r=\"\">\n<div class=\"im-block\" data-testid=\"maggie-viewer_item-block_component\" data-css-20ere5=\"\" data-css-o2m75r=\"\">\n<h4 class=\"im-title\"><img loading=\"lazy\" decoding=\"async\" class=\"alignnone wp-image-9605\" src=\"\/wp-content\/uploads\/2022\/11\/CDPbadge2022.jpg\" alt=\"CDP-Offenlegung\" width=\"80\" height=\"80\" srcset=\"https:\/\/www.mercuryeng.com\/wp-content\/uploads\/2022\/11\/CDPbadge2022.jpg 150w, https:\/\/www.mercuryeng.com\/wp-content\/uploads\/2022\/11\/CDPbadge2022-350x350.jpg 350w, https:\/\/www.mercuryeng.com\/wp-content\/uploads\/2022\/11\/CDPbadge2022-700x700.jpg 700w\" sizes=\"auto, (max-width: 80px) 100vw, 80px\" \/><img loading=\"lazy\" decoding=\"async\" class=\"alignnone wp-image-9608\" src=\"\/wp-content\/uploads\/2022\/11\/SBI.jpg\" alt=\"CDP-Offenlegung\" width=\"80\" height=\"80\" srcset=\"https:\/\/www.mercuryeng.com\/wp-content\/uploads\/2022\/11\/SBI.jpg 150w, https:\/\/www.mercuryeng.com\/wp-content\/uploads\/2022\/11\/SBI-350x350.jpg 350w, https:\/\/www.mercuryeng.com\/wp-content\/uploads\/2022\/11\/SBI-700x700.jpg 700w\" sizes=\"auto, (max-width: 80px) 100vw, 80px\" \/><\/h4>\n<\/div>\n<div class=\"im-block\" data-testid=\"maggie-viewer_item-block_component\" data-css-20ere5=\"\" data-css-o2m75r=\"\">\n<p><a class=\"btn-black-outline\" href=\"https:\/\/www.mercuryeng.com\/2022\/11\/11\/mercury-engineering-embraces-environmental-transparency\/\" target=\"_blank\" rel=\"noopener noreferrer\">Mercury Engineering Embraces Environmental Transparency<\/a><br \/>\n<a class=\"btn-black-outline\" href=\"https:\/\/www.mercuryeng.com\/2022\/02\/10\/mercury-achieves-100-green-electricity-supply-for-irish-offices-and-facilities\/\" target=\"_blank\" rel=\"noopener noreferrer\">Mercury Achieves 100% Green Electricity Supply for Irish Offices and Facilities<\/a><br \/>\n<a class=\"btn-black-outline\" href=\"https:\/\/www.mercuryeng.com\/2022\/05\/31\/sustainable-intelligence-monitoring-our-progress-with-tracker\/\" target=\"_blank\" rel=\"noopener noreferrer\">Sustainable Intelligence: Monitoring Our Progress with Tracker+<\/a><br \/>\n<a class=\"btn-black-outline\" href=\"https:\/\/www.mercuryeng.com\/2021\/11\/22\/mercury-volunteers-plant-125-fruit-trees-as-part-of-dc-for-bees-initiative\/\" target=\"_blank\" rel=\"noopener noreferrer\">Mercury Volunteers Plant 125 Fruit Trees as Part of DC for Bees Initiative<\/a><\/p>\n<p>Having completed our own Scope 3 screening, we submitted our Carbon Reduction Targets to SBTi in April 2022. We now await outcomes of the target verification process.<\/p>\n<h4>Well-Being of Local Communities<\/h4>\n<p><a class=\"btn-black-outline\" href=\"https:\/\/www.mercuryeng.com\/2022\/12\/13\/mercury-publish-2022-corporate-social-responsibility-report\/\" target=\"_blank\" rel=\"noopener noreferrer\">Mercury Publishes 2022 Corporate Social Responsibility Report<\/a><br \/>\n<a class=\"btn-black-outline\" href=\"https:\/\/www.mercuryeng.com\/2022\/11\/03\/mercury-supports-charities-in-milan-that-bring-pivotal-contributions-to-the-community\/\" target=\"_blank\" rel=\"noopener noreferrer\">Mercury Supports Charities in Milan That Bring Pivotal Contributions to the Community<\/a><br \/>\n<a class=\"btn-black-outline\" href=\"https:\/\/www.mercuryeng.com\/2022\/06\/29\/supporting-de-regenboog-groep-to-reduce-poverty-homelessness-in-amsterdam\/\" target=\"_blank\" rel=\"noopener noreferrer\">Supporting De Regenboog Groep to Reduce Poverty &amp; Homelessness in Amsterdam<\/a><br \/>\n<a class=\"btn-black-outline\" href=\"https:\/\/www.mercuryeng.com\/2022\/05\/17\/providing-access-to-better-career-choices-for-secondary-school-students\/\" target=\"_blank\" rel=\"noopener noreferrer\">Providing Access to Better Career Choices for Secondary School Students<\/a><\/p>\n<\/div>\n<\/div>\n<\/div>\n<\/div>\n<\/div>\n<\/div>\n<\/section>\n","protected":false},"excerpt":{"rendered":"<p>Unsere Nachhaltigkeitserkl\u00e4rung Mercury hat seine Nachhaltigkeitsstrategie \u201eUnser Planet, unsere Pflicht\u201c Ende 2020 ver\u00f6ffentlicht und verspricht, eine nachhaltigere Umwelt in unserer Umgebung zu schaffen. Wir verpflichten uns, in allen unseren Gesch\u00e4ftsaktivit\u00e4ten und -abl\u00e4ufen gute Corporate-Governance-Ans\u00e4tze einzuf\u00fchren und zu f\u00f6rdern. Dazu geh\u00f6rt die Gew\u00e4hrleistung eines sicheren und nachhaltigen Umfelds f\u00fcr unsere Kunden, Mitarbeiter und Partner in der [&hellip;]<\/p>\n","protected":false},"author":14,"featured_media":0,"parent":12222,"menu_order":6,"comment_status":"closed","ping_status":"closed","template":"","meta":{"_acf_changed":false,"footnotes":""},"class_list":["post-12354","page","type-page","status-publish","hentry"],"acf":[],"yoast_head":"<!-- This site is optimized with the Yoast SEO plugin v27.2 - https:\/\/yoast.com\/product\/yoast-seo-wordpress\/ -->\n<title>Nachhaltigkeit ist eine verantwortungsvolle Aufgabe bei Mercury<\/title>\n<meta name=\"description\" content=\"Unsere Nachhaltigkeitserkl\u00e4rung \u2013 eine Verpflichtung zur Einf\u00fchrung und F\u00f6rderung guter Corporate-Governance-Konzepte bei unseren Gesch\u00e4ftst\u00e4tigkeiten\" \/>\n<meta name=\"robots\" content=\"index, follow, max-snippet:-1, max-image-preview:large, max-video-preview:-1\" \/>\n<link rel=\"canonical\" href=\"https:\/\/www.mercuryeng.com\/de\/uber\/nachhaltigkeitserklaerung\/\" \/>\n<meta property=\"og:locale\" content=\"de_DE\" \/>\n<meta property=\"og:type\" content=\"article\" \/>\n<meta property=\"og:title\" content=\"Nachhaltigkeit ist eine verantwortungsvolle Aufgabe bei Mercury\" \/>\n<meta property=\"og:description\" content=\"Unsere Nachhaltigkeitserkl\u00e4rung \u2013 eine Verpflichtung zur Einf\u00fchrung und F\u00f6rderung guter Corporate-Governance-Konzepte bei unseren Gesch\u00e4ftst\u00e4tigkeiten\" \/>\n<meta property=\"og:url\" content=\"https:\/\/www.mercuryeng.com\/de\/uber\/nachhaltigkeitserklaerung\/\" \/>\n<meta property=\"og:site_name\" content=\"Mercury Engineering\" \/>\n<meta property=\"article:modified_time\" content=\"2023-01-12T14:48:37+00:00\" \/>\n<meta property=\"og:image\" content=\"https:\/\/www.mercuryeng.com\/wp-content\/uploads\/2021\/11\/Trees-24-1-scaled.jpg\" \/>\n\t<meta property=\"og:image:width\" content=\"2560\" \/>\n\t<meta property=\"og:image:height\" content=\"1707\" \/>\n\t<meta property=\"og:image:type\" content=\"image\/jpeg\" \/>\n<meta name=\"twitter:card\" content=\"summary_large_image\" \/>\n<meta name=\"twitter:image\" content=\"https:\/\/www.mercuryeng.com\/wp-content\/uploads\/2021\/11\/Trees-24-1-scaled.jpg\" \/>\n<meta name=\"twitter:label1\" content=\"Gesch\u00e4tzte Lesezeit\" \/>\n\t<meta name=\"twitter:data1\" content=\"5 Minuten\" \/>\n<script type=\"application\/ld+json\" class=\"yoast-schema-graph\">{\"@context\":\"https:\/\/schema.org\",\"@graph\":[{\"@type\":\"WebPage\",\"@id\":\"https:\/\/www.mercuryeng.com\/de\/uber\/nachhaltigkeitserklaerung\/\",\"url\":\"https:\/\/www.mercuryeng.com\/de\/uber\/nachhaltigkeitserklaerung\/\",\"name\":\"Nachhaltigkeit ist eine verantwortungsvolle Aufgabe bei Mercury\",\"isPartOf\":{\"@id\":\"https:\/\/www.mercuryeng.com\/de\/#website\"},\"datePublished\":\"2022-09-21T10:45:13+00:00\",\"dateModified\":\"2023-01-12T14:48:37+00:00\",\"description\":\"Unsere Nachhaltigkeitserkl\u00e4rung \u2013 eine Verpflichtung zur Einf\u00fchrung und F\u00f6rderung guter Corporate-Governance-Konzepte bei unseren Gesch\u00e4ftst\u00e4tigkeiten\",\"breadcrumb\":{\"@id\":\"https:\/\/www.mercuryeng.com\/de\/uber\/nachhaltigkeitserklaerung\/#breadcrumb\"},\"inLanguage\":\"de-DE\",\"potentialAction\":[{\"@type\":\"ReadAction\",\"target\":[\"https:\/\/www.mercuryeng.com\/de\/uber\/nachhaltigkeitserklaerung\/\"]}]},{\"@type\":\"BreadcrumbList\",\"@id\":\"https:\/\/www.mercuryeng.com\/de\/uber\/nachhaltigkeitserklaerung\/#breadcrumb\",\"itemListElement\":[{\"@type\":\"ListItem\",\"position\":1,\"name\":\"Home\",\"item\":\"https:\/\/www.mercuryeng.com\/de\/\"},{\"@type\":\"ListItem\",\"position\":2,\"name\":\"\u00dcber\",\"item\":\"https:\/\/www.mercuryeng.com\/de\/uber\/\"},{\"@type\":\"ListItem\",\"position\":3,\"name\":\"Nachhaltigkeit\"}]},{\"@type\":\"WebSite\",\"@id\":\"https:\/\/www.mercuryeng.com\/de\/#website\",\"url\":\"https:\/\/www.mercuryeng.com\/de\/\",\"name\":\"Mercury Engineering\",\"description\":\"Ihre Vision, unsere Verpflichtung.\",\"potentialAction\":[{\"@type\":\"SearchAction\",\"target\":{\"@type\":\"EntryPoint\",\"urlTemplate\":\"https:\/\/www.mercuryeng.com\/de\/?s={search_term_string}\"},\"query-input\":{\"@type\":\"PropertyValueSpecification\",\"valueRequired\":true,\"valueName\":\"search_term_string\"}}],\"inLanguage\":\"de-DE\"}]}<\/script>\n<!-- \/ Yoast SEO plugin. -->","yoast_head_json":{"title":"Nachhaltigkeit ist eine verantwortungsvolle Aufgabe bei Mercury","description":"Unsere Nachhaltigkeitserkl\u00e4rung \u2013 eine Verpflichtung zur Einf\u00fchrung und F\u00f6rderung guter Corporate-Governance-Konzepte bei unseren Gesch\u00e4ftst\u00e4tigkeiten","robots":{"index":"index","follow":"follow","max-snippet":"max-snippet:-1","max-image-preview":"max-image-preview:large","max-video-preview":"max-video-preview:-1"},"canonical":"https:\/\/www.mercuryeng.com\/de\/uber\/nachhaltigkeitserklaerung\/","og_locale":"de_DE","og_type":"article","og_title":"Nachhaltigkeit ist eine verantwortungsvolle Aufgabe bei Mercury","og_description":"Unsere Nachhaltigkeitserkl\u00e4rung \u2013 eine Verpflichtung zur Einf\u00fchrung und F\u00f6rderung guter Corporate-Governance-Konzepte bei unseren Gesch\u00e4ftst\u00e4tigkeiten","og_url":"https:\/\/www.mercuryeng.com\/de\/uber\/nachhaltigkeitserklaerung\/","og_site_name":"Mercury Engineering","article_modified_time":"2023-01-12T14:48:37+00:00","og_image":[{"width":2560,"height":1707,"url":"https:\/\/www.mercuryeng.com\/wp-content\/uploads\/2021\/11\/Trees-24-1-scaled.jpg","type":"image\/jpeg"}],"twitter_card":"summary_large_image","twitter_image":"https:\/\/www.mercuryeng.com\/wp-content\/uploads\/2021\/11\/Trees-24-1-scaled.jpg","twitter_misc":{"Gesch\u00e4tzte Lesezeit":"5 Minuten"},"schema":{"@context":"https:\/\/schema.org","@graph":[{"@type":"WebPage","@id":"https:\/\/www.mercuryeng.com\/de\/uber\/nachhaltigkeitserklaerung\/","url":"https:\/\/www.mercuryeng.com\/de\/uber\/nachhaltigkeitserklaerung\/","name":"Nachhaltigkeit ist eine verantwortungsvolle Aufgabe bei Mercury","isPartOf":{"@id":"https:\/\/www.mercuryeng.com\/de\/#website"},"datePublished":"2022-09-21T10:45:13+00:00","dateModified":"2023-01-12T14:48:37+00:00","description":"Unsere Nachhaltigkeitserkl\u00e4rung \u2013 eine Verpflichtung zur Einf\u00fchrung und F\u00f6rderung guter Corporate-Governance-Konzepte bei unseren Gesch\u00e4ftst\u00e4tigkeiten","breadcrumb":{"@id":"https:\/\/www.mercuryeng.com\/de\/uber\/nachhaltigkeitserklaerung\/#breadcrumb"},"inLanguage":"de-DE","potentialAction":[{"@type":"ReadAction","target":["https:\/\/www.mercuryeng.com\/de\/uber\/nachhaltigkeitserklaerung\/"]}]},{"@type":"BreadcrumbList","@id":"https:\/\/www.mercuryeng.com\/de\/uber\/nachhaltigkeitserklaerung\/#breadcrumb","itemListElement":[{"@type":"ListItem","position":1,"name":"Home","item":"https:\/\/www.mercuryeng.com\/de\/"},{"@type":"ListItem","position":2,"name":"\u00dcber","item":"https:\/\/www.mercuryeng.com\/de\/uber\/"},{"@type":"ListItem","position":3,"name":"Nachhaltigkeit"}]},{"@type":"WebSite","@id":"https:\/\/www.mercuryeng.com\/de\/#website","url":"https:\/\/www.mercuryeng.com\/de\/","name":"Mercury Engineering","description":"Ihre Vision, unsere Verpflichtung.","potentialAction":[{"@type":"SearchAction","target":{"@type":"EntryPoint","urlTemplate":"https:\/\/www.mercuryeng.com\/de\/?s={search_term_string}"},"query-input":{"@type":"PropertyValueSpecification","valueRequired":true,"valueName":"search_term_string"}}],"inLanguage":"de-DE"}]}},"_links":{"self":[{"href":"https:\/\/www.mercuryeng.com\/de\/wp-json\/wp\/v2\/pages\/12354","targetHints":{"allow":["GET"]}}],"collection":[{"href":"https:\/\/www.mercuryeng.com\/de\/wp-json\/wp\/v2\/pages"}],"about":[{"href":"https:\/\/www.mercuryeng.com\/de\/wp-json\/wp\/v2\/types\/page"}],"author":[{"embeddable":true,"href":"https:\/\/www.mercuryeng.com\/de\/wp-json\/wp\/v2\/users\/14"}],"replies":[{"embeddable":true,"href":"https:\/\/www.mercuryeng.com\/de\/wp-json\/wp\/v2\/comments?post=12354"}],"version-history":[{"count":1,"href":"https:\/\/www.mercuryeng.com\/de\/wp-json\/wp\/v2\/pages\/12354\/revisions"}],"predecessor-version":[{"id":12355,"href":"https:\/\/www.mercuryeng.com\/de\/wp-json\/wp\/v2\/pages\/12354\/revisions\/12355"}],"up":[{"embeddable":true,"href":"https:\/\/www.mercuryeng.com\/de\/wp-json\/wp\/v2\/pages\/12222"}],"wp:attachment":[{"href":"https:\/\/www.mercuryeng.com\/de\/wp-json\/wp\/v2\/media?parent=12354"}],"curies":[{"name":"wp","href":"https:\/\/api.w.org\/{rel}","templated":true}]}}