{"id":12351,"date":"2019-04-09T15:03:58","date_gmt":"2019-04-09T15:03:58","guid":{"rendered":"https:\/\/www.mercuryeng.com\/uber\/unternehmensfuehrung\/code-of-conduct\/"},"modified":"2023-01-04T13:16:02","modified_gmt":"2023-01-04T13:16:02","slug":"verhaltenskodex","status":"publish","type":"page","link":"https:\/\/www.mercuryeng.com\/de\/uber\/unternehmensfuehrung\/verhaltenskodex\/","title":{"rendered":"Verhaltenskodex"},"content":{"rendered":"<h3>Verhaltenskodex<\/h3>\n<p class=\"intro\">Der betriebliche Verhaltenskodex legt die wichtigsten Verantwortlichkeiten und Verpflichtungen fest, denen die Mitarbeiter der Gruppe nachkommen sollten, sowie die Mindeststandards, die von uns allen erwartet werden.<\/p>\n<hr \/>\n<h4>GEISTIGES EIGENTUM<\/h4>\n<p>Die Mitarbeiter m\u00fcssen angemessene Ma\u00dfnahmen ergreifen, um die geistigen Eigentumsrechte der Unternehmensgruppe zu sch\u00fctzen und die Rechte anderer zu respektieren. Das im Rahmen der Gesch\u00e4ftst\u00e4tigkeit der Gruppe entwickelte geistige Eigentum geh\u00f6rt der Gruppe.<\/p>\n<h4>WETTBEWERB<\/h4>\n<p>Das Wettbewerbsrecht verbietet Absprachen oder Vereinbarungen mit Wettbewerbern \u00fcber die Teilnahme an Ausschreibungen oder \u00fcber Angebotspreise oder andere wirtschaftlich sensible Informationen in einer Weise, die den Wettbewerb verzerrt.<\/p>\n<h4>INTERESSENKONFLIKTE<\/h4>\n<p>Jeder Mitarbeiter muss sicherstellen, dass seine pers\u00f6nlichen Interessen nicht mit den Interessen des Unternehmens in Konflikt geraten. Falls eine solche Situation eintritt, sollte er unverz\u00fcglich seinen unmittelbaren Vorgesetzten informieren.<\/p>\n<h4>BETRUG, BESTECHUNG UND KORRUPTION<\/h4>\n<p>Es ist unzul\u00e4ssig, Bestechungsgelder oder andere illegale Zahlungen zu geben oder anzunehmen. Bestechung und Korruption sind in allen Gebieten, in denen wir operieren, illegal. Mercury verpflichtet sich zur Verhinderung von Betrug. Der betriebliche Verhaltenskodex des Mercury-Konzerns Der betriebliche Verhaltenskodex legt die Hauptverantwortlichkeiten und -verpflichtungen fest, denen die Mitarbeiter des Konzerns nachkommen sollten, sowie die Mindeststandards, die von uns allen erwartet werden.<\/p>\n<h4>GESCHENKE UND UNZUL\u00c4SSIGE ZAHLUNGEN<\/h4>\n<p>Es geh\u00f6rt zu den Grunds\u00e4tzen von Mercury, dass wir niemals versuchen werden, unangemessenen Einfluss durch die Gew\u00e4hrung oder den Empfang von Geschenken oder anderen Anreizen auszu\u00fcben oder uns diesen auszusetzen, unabh\u00e4ngig davon, wie die lokalen Praktiken in den Gebieten, in denen wir t\u00e4tig sind, aussehen.<\/p>\n<h4>KORREKTE BUCHF\u00dcHRUNG UND GELDW\u00c4SCHE<\/h4>\n<p>Es ist von wesentlicher Bedeutung, dass keine vors\u00e4tzlichen oder fahrl\u00e4ssigen Falschangaben in den Aufzeichnungen oder B\u00fcchern im Zusammenhang mit den Gesch\u00e4ftst\u00e4tigkeiten von Mercury gemacht werden und dass es keinerlei Ausgaben oder Einnahmen gibt, die nicht erfasst werden.<\/p>\n<h4>VERTRAULICHE INFORMATIONEN<\/h4>\n<p>Die Mitarbeiter d\u00fcrfen keine vertraulichen Informationen an Dritte, auch nicht an Kollegen, weitergeben, es sei denn, sie wurden zuvor dazu erm\u00e4chtigt.<\/p>\n<h4>INFORMATIONSTECHNOLOGIE DER GRUPPE<\/h4>\n<p>Jeder Mitarbeiter ist verpflichtet, die IT-Ressourcen des Unternehmens in \u00dcbereinstimmung mit den IT-Richtlinien verantwortungsvoll und angemessen zu nutzen.<\/p>\n<h4>DATENSCHUTZ<\/h4>\n<p>Wir haben eine wichtige Verpflichtung gegen\u00fcber all unseren Mitarbeitern und Dritten, mit denen wir zusammenarbeiten, die Informationen, die wir \u00fcber sie haben, zu sichern, zu sch\u00fctzen und zu respektieren sowie sicherzustellen, dass sie zu jeder Zeit verantwortungsvoll behandelt und gespeichert werden.<\/p>\n<hr \/>\n<p><a href=\"\/wp-content\/uploads\/2022\/01\/Mercury-Code-of-Business-Conduct.pdf\" target=\"_blank\" rel=\"noopener noreferrer\">PDF-Datei herunterladen \u00bb<\/a><\/p>\n","protected":false},"excerpt":{"rendered":"<p>Verhaltenskodex Der betriebliche Verhaltenskodex legt die wichtigsten Verantwortlichkeiten und Verpflichtungen fest, denen die Mitarbeiter der Gruppe nachkommen sollten, sowie die Mindeststandards, die von uns allen erwartet werden. GEISTIGES EIGENTUM Die Mitarbeiter m\u00fcssen angemessene Ma\u00dfnahmen ergreifen, um die geistigen Eigentumsrechte der Unternehmensgruppe zu sch\u00fctzen und die Rechte anderer zu respektieren. Das im Rahmen der Gesch\u00e4ftst\u00e4tigkeit der [&hellip;]<\/p>\n","protected":false},"author":1,"featured_media":0,"parent":12342,"menu_order":1,"comment_status":"closed","ping_status":"closed","template":"","meta":{"_acf_changed":false,"footnotes":""},"class_list":["post-12351","page","type-page","status-publish","hentry"],"acf":[],"yoast_head":"<!-- This site is optimized with the Yoast SEO plugin v27.4 - https:\/\/yoast.com\/product\/yoast-seo-wordpress\/ -->\n<title>Verhaltenskodex \u2013 Mercury Engineering<\/title>\n<meta name=\"description\" content=\"Betrieblicher Verhaltenskodex und Verpflichtungen in Bezug auf geistiges Eigentum, Interessenkonflikte, Korruption, Geldw\u00e4sche, Datenschutz usw.\" \/>\n<meta name=\"robots\" content=\"index, follow, max-snippet:-1, max-image-preview:large, max-video-preview:-1\" \/>\n<link rel=\"canonical\" href=\"https:\/\/www.mercuryeng.com\/de\/uber\/unternehmensfuehrung\/verhaltenskodex\/\" \/>\n<meta property=\"og:locale\" content=\"de_DE\" \/>\n<meta property=\"og:type\" content=\"article\" \/>\n<meta property=\"og:title\" content=\"Verhaltenskodex \u2013 Mercury Engineering\" \/>\n<meta property=\"og:description\" content=\"Betrieblicher Verhaltenskodex und Verpflichtungen in Bezug auf geistiges Eigentum, Interessenkonflikte, Korruption, Geldw\u00e4sche, Datenschutz usw.\" \/>\n<meta property=\"og:url\" content=\"https:\/\/www.mercuryeng.com\/de\/uber\/unternehmensfuehrung\/verhaltenskodex\/\" \/>\n<meta property=\"og:site_name\" content=\"Mercury Engineering\" \/>\n<meta property=\"article:modified_time\" content=\"2023-01-04T13:16:02+00:00\" \/>\n<meta name=\"twitter:card\" content=\"summary_large_image\" \/>\n<meta name=\"twitter:label1\" content=\"Gesch\u00e4tzte Lesezeit\" \/>\n\t<meta name=\"twitter:data1\" content=\"2 Minuten\" \/>\n<script type=\"application\/ld+json\" class=\"yoast-schema-graph\">{\"@context\":\"https:\\\/\\\/schema.org\",\"@graph\":[{\"@type\":\"WebPage\",\"@id\":\"https:\\\/\\\/www.mercuryeng.com\\\/de\\\/uber\\\/unternehmensfuehrung\\\/verhaltenskodex\\\/\",\"url\":\"https:\\\/\\\/www.mercuryeng.com\\\/de\\\/uber\\\/unternehmensfuehrung\\\/verhaltenskodex\\\/\",\"name\":\"Verhaltenskodex \u2013 Mercury Engineering\",\"isPartOf\":{\"@id\":\"https:\\\/\\\/www.mercuryeng.com\\\/de\\\/#website\"},\"datePublished\":\"2019-04-09T15:03:58+00:00\",\"dateModified\":\"2023-01-04T13:16:02+00:00\",\"description\":\"Betrieblicher Verhaltenskodex und Verpflichtungen in Bezug auf geistiges Eigentum, Interessenkonflikte, Korruption, Geldw\u00e4sche, Datenschutz usw.\",\"breadcrumb\":{\"@id\":\"https:\\\/\\\/www.mercuryeng.com\\\/de\\\/uber\\\/unternehmensfuehrung\\\/verhaltenskodex\\\/#breadcrumb\"},\"inLanguage\":\"de-DE\",\"potentialAction\":[{\"@type\":\"ReadAction\",\"target\":[\"https:\\\/\\\/www.mercuryeng.com\\\/de\\\/uber\\\/unternehmensfuehrung\\\/verhaltenskodex\\\/\"]}]},{\"@type\":\"BreadcrumbList\",\"@id\":\"https:\\\/\\\/www.mercuryeng.com\\\/de\\\/uber\\\/unternehmensfuehrung\\\/verhaltenskodex\\\/#breadcrumb\",\"itemListElement\":[{\"@type\":\"ListItem\",\"position\":1,\"name\":\"Home\",\"item\":\"https:\\\/\\\/www.mercuryeng.com\\\/de\\\/\"},{\"@type\":\"ListItem\",\"position\":2,\"name\":\"\u00dcber\",\"item\":\"https:\\\/\\\/www.mercuryeng.com\\\/de\\\/uber\\\/\"},{\"@type\":\"ListItem\",\"position\":3,\"name\":\"Unternehmensf\u00fchrung\",\"item\":\"https:\\\/\\\/www.mercuryeng.com\\\/de\\\/uber\\\/unternehmensfuehrung\\\/\"},{\"@type\":\"ListItem\",\"position\":4,\"name\":\"Verhaltenskodex\"}]},{\"@type\":\"WebSite\",\"@id\":\"https:\\\/\\\/www.mercuryeng.com\\\/de\\\/#website\",\"url\":\"https:\\\/\\\/www.mercuryeng.com\\\/de\\\/\",\"name\":\"Mercury Engineering\",\"description\":\"Ihre Vision, unsere Verpflichtung.\",\"potentialAction\":[{\"@type\":\"SearchAction\",\"target\":{\"@type\":\"EntryPoint\",\"urlTemplate\":\"https:\\\/\\\/www.mercuryeng.com\\\/de\\\/?s={search_term_string}\"},\"query-input\":{\"@type\":\"PropertyValueSpecification\",\"valueRequired\":true,\"valueName\":\"search_term_string\"}}],\"inLanguage\":\"de-DE\"}]}<\/script>\n<!-- \/ Yoast SEO plugin. -->","yoast_head_json":{"title":"Verhaltenskodex \u2013 Mercury Engineering","description":"Betrieblicher Verhaltenskodex und Verpflichtungen in Bezug auf geistiges Eigentum, Interessenkonflikte, Korruption, Geldw\u00e4sche, Datenschutz usw.","robots":{"index":"index","follow":"follow","max-snippet":"max-snippet:-1","max-image-preview":"max-image-preview:large","max-video-preview":"max-video-preview:-1"},"canonical":"https:\/\/www.mercuryeng.com\/de\/uber\/unternehmensfuehrung\/verhaltenskodex\/","og_locale":"de_DE","og_type":"article","og_title":"Verhaltenskodex \u2013 Mercury Engineering","og_description":"Betrieblicher Verhaltenskodex und Verpflichtungen in Bezug auf geistiges Eigentum, Interessenkonflikte, Korruption, Geldw\u00e4sche, Datenschutz usw.","og_url":"https:\/\/www.mercuryeng.com\/de\/uber\/unternehmensfuehrung\/verhaltenskodex\/","og_site_name":"Mercury Engineering","article_modified_time":"2023-01-04T13:16:02+00:00","twitter_card":"summary_large_image","twitter_misc":{"Gesch\u00e4tzte Lesezeit":"2 Minuten"},"schema":{"@context":"https:\/\/schema.org","@graph":[{"@type":"WebPage","@id":"https:\/\/www.mercuryeng.com\/de\/uber\/unternehmensfuehrung\/verhaltenskodex\/","url":"https:\/\/www.mercuryeng.com\/de\/uber\/unternehmensfuehrung\/verhaltenskodex\/","name":"Verhaltenskodex \u2013 Mercury Engineering","isPartOf":{"@id":"https:\/\/www.mercuryeng.com\/de\/#website"},"datePublished":"2019-04-09T15:03:58+00:00","dateModified":"2023-01-04T13:16:02+00:00","description":"Betrieblicher Verhaltenskodex und Verpflichtungen in Bezug auf geistiges Eigentum, Interessenkonflikte, Korruption, Geldw\u00e4sche, Datenschutz usw.","breadcrumb":{"@id":"https:\/\/www.mercuryeng.com\/de\/uber\/unternehmensfuehrung\/verhaltenskodex\/#breadcrumb"},"inLanguage":"de-DE","potentialAction":[{"@type":"ReadAction","target":["https:\/\/www.mercuryeng.com\/de\/uber\/unternehmensfuehrung\/verhaltenskodex\/"]}]},{"@type":"BreadcrumbList","@id":"https:\/\/www.mercuryeng.com\/de\/uber\/unternehmensfuehrung\/verhaltenskodex\/#breadcrumb","itemListElement":[{"@type":"ListItem","position":1,"name":"Home","item":"https:\/\/www.mercuryeng.com\/de\/"},{"@type":"ListItem","position":2,"name":"\u00dcber","item":"https:\/\/www.mercuryeng.com\/de\/uber\/"},{"@type":"ListItem","position":3,"name":"Unternehmensf\u00fchrung","item":"https:\/\/www.mercuryeng.com\/de\/uber\/unternehmensfuehrung\/"},{"@type":"ListItem","position":4,"name":"Verhaltenskodex"}]},{"@type":"WebSite","@id":"https:\/\/www.mercuryeng.com\/de\/#website","url":"https:\/\/www.mercuryeng.com\/de\/","name":"Mercury Engineering","description":"Ihre Vision, unsere Verpflichtung.","potentialAction":[{"@type":"SearchAction","target":{"@type":"EntryPoint","urlTemplate":"https:\/\/www.mercuryeng.com\/de\/?s={search_term_string}"},"query-input":{"@type":"PropertyValueSpecification","valueRequired":true,"valueName":"search_term_string"}}],"inLanguage":"de-DE"}]}},"_links":{"self":[{"href":"https:\/\/www.mercuryeng.com\/de\/wp-json\/wp\/v2\/pages\/12351","targetHints":{"allow":["GET"]}}],"collection":[{"href":"https:\/\/www.mercuryeng.com\/de\/wp-json\/wp\/v2\/pages"}],"about":[{"href":"https:\/\/www.mercuryeng.com\/de\/wp-json\/wp\/v2\/types\/page"}],"author":[{"embeddable":true,"href":"https:\/\/www.mercuryeng.com\/de\/wp-json\/wp\/v2\/users\/1"}],"replies":[{"embeddable":true,"href":"https:\/\/www.mercuryeng.com\/de\/wp-json\/wp\/v2\/comments?post=12351"}],"version-history":[{"count":1,"href":"https:\/\/www.mercuryeng.com\/de\/wp-json\/wp\/v2\/pages\/12351\/revisions"}],"predecessor-version":[{"id":12352,"href":"https:\/\/www.mercuryeng.com\/de\/wp-json\/wp\/v2\/pages\/12351\/revisions\/12352"}],"up":[{"embeddable":true,"href":"https:\/\/www.mercuryeng.com\/de\/wp-json\/wp\/v2\/pages\/12342"}],"wp:attachment":[{"href":"https:\/\/www.mercuryeng.com\/de\/wp-json\/wp\/v2\/media?parent=12351"}],"curies":[{"name":"wp","href":"https:\/\/api.w.org\/{rel}","templated":true}]}}