{"id":12342,"date":"2021-05-24T09:44:01","date_gmt":"2021-05-24T09:44:01","guid":{"rendered":"https:\/\/www.mercuryeng.com\/uber\/governance\/"},"modified":"2023-01-04T16:30:18","modified_gmt":"2023-01-04T16:30:18","slug":"unternehmensfuehrung","status":"publish","type":"page","link":"https:\/\/www.mercuryeng.com\/de\/uber\/unternehmensfuehrung\/","title":{"rendered":"Unternehmensf\u00fchrung"},"content":{"rendered":"<p>Eine Kultur, in der F\u00fchrung und Verantwortlichkeit gedeihen, ist von zentraler Bedeutung. Der Vorstand von Mercury unterst\u00fctzt die h\u00f6chsten Standards der Unternehmensf\u00fchrung und der bew\u00e4hrten Verfahren.<\/p>\n<p>Unser Vorstand ist verantwortlich f\u00fcr die Festlegung der strategischen Ziele von Mercury, f\u00fcr die F\u00fchrung und Kontrolle sowie f\u00fcr die \u00dcberpr\u00fcfung des internen Kontrollsystems des Unternehmens. Zu diesem Zweck hat der Vorstand drei Aussch\u00fcsse eingerichtet: Pr\u00fcfungsausschuss, Risikoausschuss und Verg\u00fctungsausschuss, die f\u00fcr die Aufsicht in den wichtigsten Bereichen zust\u00e4ndig sind, wie es in ihren jeweiligen Aufgabenbereichen dargelegt ist.<\/p>\n<p>Als Teil unserer Unternehmensf\u00fchrung hat Mercury eine Reihe von Richtlinien und Verhaltenskodizes in Bezug auf unsere betrieblichen und ethischen Praktiken aufgestellt.<\/p>\n","protected":false},"excerpt":{"rendered":"<p>Eine Kultur, in der F\u00fchrung und Verantwortlichkeit gedeihen, ist von zentraler Bedeutung. Der Vorstand von Mercury unterst\u00fctzt die h\u00f6chsten Standards der Unternehmensf\u00fchrung und der bew\u00e4hrten Verfahren. Unser Vorstand ist verantwortlich f\u00fcr die Festlegung der strategischen Ziele von Mercury, f\u00fcr die F\u00fchrung und Kontrolle sowie f\u00fcr die \u00dcberpr\u00fcfung des internen Kontrollsystems des Unternehmens. Zu diesem Zweck [&hellip;]<\/p>\n","protected":false},"author":2,"featured_media":0,"parent":12222,"menu_order":4,"comment_status":"closed","ping_status":"closed","template":"","meta":{"_acf_changed":false,"footnotes":""},"class_list":["post-12342","page","type-page","status-publish","hentry"],"acf":[],"yoast_head":"<!-- This site is optimized with the Yoast SEO plugin v27.5 - https:\/\/yoast.com\/product\/yoast-seo-wordpress\/ -->\n<title>Unternehmensf\u00fchrung \u2013 Mercury Engineering<\/title>\n<meta name=\"description\" content=\"Der Vorstand von Mercury f\u00f6rdert eine Kultur der F\u00fchrung und Verantwortlichkeit und unterst\u00fctzt h\u00f6chste Standards der Unternehmensf\u00fchrung und bew\u00e4hrte Verfahren.\" \/>\n<meta name=\"robots\" content=\"index, follow, max-snippet:-1, max-image-preview:large, max-video-preview:-1\" \/>\n<link rel=\"canonical\" href=\"https:\/\/www.mercuryeng.com\/de\/uber\/unternehmensfuehrung\/\" \/>\n<meta property=\"og:locale\" content=\"de_DE\" \/>\n<meta property=\"og:type\" content=\"article\" \/>\n<meta property=\"og:title\" content=\"Unternehmensf\u00fchrung \u2013 Mercury Engineering\" \/>\n<meta property=\"og:description\" content=\"Der Vorstand von Mercury f\u00f6rdert eine Kultur der F\u00fchrung und Verantwortlichkeit und unterst\u00fctzt h\u00f6chste Standards der Unternehmensf\u00fchrung und bew\u00e4hrte Verfahren.\" \/>\n<meta property=\"og:url\" content=\"https:\/\/www.mercuryeng.com\/de\/uber\/unternehmensfuehrung\/\" \/>\n<meta property=\"og:site_name\" content=\"Mercury Engineering\" \/>\n<meta property=\"article:modified_time\" content=\"2023-01-04T16:30:18+00:00\" \/>\n<meta name=\"twitter:card\" content=\"summary_large_image\" \/>\n<meta name=\"twitter:label1\" content=\"Gesch\u00e4tzte Lesezeit\" \/>\n\t<meta name=\"twitter:data1\" content=\"1 Minute\" \/>\n<script type=\"application\/ld+json\" class=\"yoast-schema-graph\">{\"@context\":\"https:\\\/\\\/schema.org\",\"@graph\":[{\"@type\":\"WebPage\",\"@id\":\"https:\\\/\\\/www.mercuryeng.com\\\/de\\\/uber\\\/unternehmensfuehrung\\\/\",\"url\":\"https:\\\/\\\/www.mercuryeng.com\\\/de\\\/uber\\\/unternehmensfuehrung\\\/\",\"name\":\"Unternehmensf\u00fchrung \u2013 Mercury Engineering\",\"isPartOf\":{\"@id\":\"https:\\\/\\\/www.mercuryeng.com\\\/de\\\/#website\"},\"datePublished\":\"2021-05-24T09:44:01+00:00\",\"dateModified\":\"2023-01-04T16:30:18+00:00\",\"description\":\"Der Vorstand von Mercury f\u00f6rdert eine Kultur der F\u00fchrung und Verantwortlichkeit und unterst\u00fctzt h\u00f6chste Standards der Unternehmensf\u00fchrung und bew\u00e4hrte Verfahren.\",\"breadcrumb\":{\"@id\":\"https:\\\/\\\/www.mercuryeng.com\\\/de\\\/uber\\\/unternehmensfuehrung\\\/#breadcrumb\"},\"inLanguage\":\"de-DE\",\"potentialAction\":[{\"@type\":\"ReadAction\",\"target\":[\"https:\\\/\\\/www.mercuryeng.com\\\/de\\\/uber\\\/unternehmensfuehrung\\\/\"]}]},{\"@type\":\"BreadcrumbList\",\"@id\":\"https:\\\/\\\/www.mercuryeng.com\\\/de\\\/uber\\\/unternehmensfuehrung\\\/#breadcrumb\",\"itemListElement\":[{\"@type\":\"ListItem\",\"position\":1,\"name\":\"Home\",\"item\":\"https:\\\/\\\/www.mercuryeng.com\\\/de\\\/\"},{\"@type\":\"ListItem\",\"position\":2,\"name\":\"\u00dcber\",\"item\":\"https:\\\/\\\/www.mercuryeng.com\\\/de\\\/uber\\\/\"},{\"@type\":\"ListItem\",\"position\":3,\"name\":\"Unternehmensf\u00fchrung\"}]},{\"@type\":\"WebSite\",\"@id\":\"https:\\\/\\\/www.mercuryeng.com\\\/de\\\/#website\",\"url\":\"https:\\\/\\\/www.mercuryeng.com\\\/de\\\/\",\"name\":\"Mercury Engineering\",\"description\":\"Ihre Vision, unsere Verpflichtung.\",\"potentialAction\":[{\"@type\":\"SearchAction\",\"target\":{\"@type\":\"EntryPoint\",\"urlTemplate\":\"https:\\\/\\\/www.mercuryeng.com\\\/de\\\/?s={search_term_string}\"},\"query-input\":{\"@type\":\"PropertyValueSpecification\",\"valueRequired\":true,\"valueName\":\"search_term_string\"}}],\"inLanguage\":\"de-DE\"}]}<\/script>\n<!-- \/ Yoast SEO plugin. -->","yoast_head_json":{"title":"Unternehmensf\u00fchrung \u2013 Mercury Engineering","description":"Der Vorstand von Mercury f\u00f6rdert eine Kultur der F\u00fchrung und Verantwortlichkeit und unterst\u00fctzt h\u00f6chste Standards der Unternehmensf\u00fchrung und bew\u00e4hrte Verfahren.","robots":{"index":"index","follow":"follow","max-snippet":"max-snippet:-1","max-image-preview":"max-image-preview:large","max-video-preview":"max-video-preview:-1"},"canonical":"https:\/\/www.mercuryeng.com\/de\/uber\/unternehmensfuehrung\/","og_locale":"de_DE","og_type":"article","og_title":"Unternehmensf\u00fchrung \u2013 Mercury Engineering","og_description":"Der Vorstand von Mercury f\u00f6rdert eine Kultur der F\u00fchrung und Verantwortlichkeit und unterst\u00fctzt h\u00f6chste Standards der Unternehmensf\u00fchrung und bew\u00e4hrte Verfahren.","og_url":"https:\/\/www.mercuryeng.com\/de\/uber\/unternehmensfuehrung\/","og_site_name":"Mercury Engineering","article_modified_time":"2023-01-04T16:30:18+00:00","twitter_card":"summary_large_image","twitter_misc":{"Gesch\u00e4tzte Lesezeit":"1 Minute"},"schema":{"@context":"https:\/\/schema.org","@graph":[{"@type":"WebPage","@id":"https:\/\/www.mercuryeng.com\/de\/uber\/unternehmensfuehrung\/","url":"https:\/\/www.mercuryeng.com\/de\/uber\/unternehmensfuehrung\/","name":"Unternehmensf\u00fchrung \u2013 Mercury Engineering","isPartOf":{"@id":"https:\/\/www.mercuryeng.com\/de\/#website"},"datePublished":"2021-05-24T09:44:01+00:00","dateModified":"2023-01-04T16:30:18+00:00","description":"Der Vorstand von Mercury f\u00f6rdert eine Kultur der F\u00fchrung und Verantwortlichkeit und unterst\u00fctzt h\u00f6chste Standards der Unternehmensf\u00fchrung und bew\u00e4hrte Verfahren.","breadcrumb":{"@id":"https:\/\/www.mercuryeng.com\/de\/uber\/unternehmensfuehrung\/#breadcrumb"},"inLanguage":"de-DE","potentialAction":[{"@type":"ReadAction","target":["https:\/\/www.mercuryeng.com\/de\/uber\/unternehmensfuehrung\/"]}]},{"@type":"BreadcrumbList","@id":"https:\/\/www.mercuryeng.com\/de\/uber\/unternehmensfuehrung\/#breadcrumb","itemListElement":[{"@type":"ListItem","position":1,"name":"Home","item":"https:\/\/www.mercuryeng.com\/de\/"},{"@type":"ListItem","position":2,"name":"\u00dcber","item":"https:\/\/www.mercuryeng.com\/de\/uber\/"},{"@type":"ListItem","position":3,"name":"Unternehmensf\u00fchrung"}]},{"@type":"WebSite","@id":"https:\/\/www.mercuryeng.com\/de\/#website","url":"https:\/\/www.mercuryeng.com\/de\/","name":"Mercury Engineering","description":"Ihre Vision, unsere Verpflichtung.","potentialAction":[{"@type":"SearchAction","target":{"@type":"EntryPoint","urlTemplate":"https:\/\/www.mercuryeng.com\/de\/?s={search_term_string}"},"query-input":{"@type":"PropertyValueSpecification","valueRequired":true,"valueName":"search_term_string"}}],"inLanguage":"de-DE"}]}},"_links":{"self":[{"href":"https:\/\/www.mercuryeng.com\/de\/wp-json\/wp\/v2\/pages\/12342","targetHints":{"allow":["GET"]}}],"collection":[{"href":"https:\/\/www.mercuryeng.com\/de\/wp-json\/wp\/v2\/pages"}],"about":[{"href":"https:\/\/www.mercuryeng.com\/de\/wp-json\/wp\/v2\/types\/page"}],"author":[{"embeddable":true,"href":"https:\/\/www.mercuryeng.com\/de\/wp-json\/wp\/v2\/users\/2"}],"replies":[{"embeddable":true,"href":"https:\/\/www.mercuryeng.com\/de\/wp-json\/wp\/v2\/comments?post=12342"}],"version-history":[{"count":1,"href":"https:\/\/www.mercuryeng.com\/de\/wp-json\/wp\/v2\/pages\/12342\/revisions"}],"predecessor-version":[{"id":12343,"href":"https:\/\/www.mercuryeng.com\/de\/wp-json\/wp\/v2\/pages\/12342\/revisions\/12343"}],"up":[{"embeddable":true,"href":"https:\/\/www.mercuryeng.com\/de\/wp-json\/wp\/v2\/pages\/12222"}],"wp:attachment":[{"href":"https:\/\/www.mercuryeng.com\/de\/wp-json\/wp\/v2\/media?parent=12342"}],"curies":[{"name":"wp","href":"https:\/\/api.w.org\/{rel}","templated":true}]}}