{"id":12339,"date":"2019-07-04T07:46:54","date_gmt":"2019-07-04T07:46:54","guid":{"rendered":"https:\/\/www.mercuryeng.com\/uber\/our-strategy\/"},"modified":"2023-01-09T11:46:40","modified_gmt":"2023-01-09T11:46:40","slug":"unsere-strategie","status":"publish","type":"page","link":"https:\/\/www.mercuryeng.com\/de\/uber\/unsere-strategie\/","title":{"rendered":"Beyond50-Strategie"},"content":{"rendered":"<h3>Beyond50 \u2013 Unsere F\u00fcnf-Jahres-Strategie<\/h3>\n<p><strong>Bei Beyond50 geht es darum, die Dynamik, die wir in 50 Jahren aufgebaut haben, zu nutzen, um weiter voranzuschreiten und mehr zu erreichen.<\/strong><\/p>\n<p>Wir glauben, dass jeder Tag ein neuer Tag ist, genauso aufregend wie der letzte. Und wir haben diese Energie in eine F\u00fcnf-Jahres-Strategie kanalisiert, die dem Unternehmen eine klare Richtung f\u00fcr die n\u00e4chste Etappe unserer Reise geben soll. Wir bezeichnen sie als\u00a0<strong>Beyond50.<\/strong><\/p>\n<p>Es ist eine Plattform, die unser unternehmerisches Handeln und unsere Mitarbeiter in Einklang bringt. Es ist eine neue Denkweise, die unser Ziel bekr\u00e4ftigt, unseren Kunden zukunftsweisende Baul\u00f6sungen zu liefern und Beziehungen aufzubauen, die gedeihen.<\/p>\n<p><iframe loading=\"lazy\" src=\"https:\/\/www.mercuryeng.com\/wp-content\/uploads\/2020\/MercuryBeyond50_flipbook\/index.html?hash=fvc523nx&amp;bgcolor=EEEE EE&amp;download=1\" width=\"100%\" height=\"480\" frameborder=\"0\" scrolling=\"no\" seamless=\"seamless\" allowfullscreen=\"allowfullscreen\"><\/iframe><\/p>\n<p><a class=\"btn\" href=\"\/wp-content\/uploads\/2020\/12\/51324-Mercury-Beyond-50_Digital.pdf\" target=\"_blank\" rel=\"noopener noreferrer\">Laden Sie unsere Brosch\u00fcre als PDF-Datei auf Englisch herunter \u00bb<\/a><\/p>\n","protected":false},"excerpt":{"rendered":"<p>Beyond50 \u2013 Unsere F\u00fcnf-Jahres-Strategie Bei Beyond50 geht es darum, die Dynamik, die wir in 50 Jahren aufgebaut haben, zu nutzen, um weiter voranzuschreiten und mehr zu erreichen. Wir glauben, dass jeder Tag ein neuer Tag ist, genauso aufregend wie der letzte. Und wir haben diese Energie in eine F\u00fcnf-Jahres-Strategie kanalisiert, die dem Unternehmen eine klare [&hellip;]<\/p>\n","protected":false},"author":2,"featured_media":0,"parent":12222,"menu_order":5,"comment_status":"closed","ping_status":"closed","template":"","meta":{"_acf_changed":false,"footnotes":""},"class_list":["post-12339","page","type-page","status-publish","hentry"],"acf":[],"yoast_head":"<!-- This site is optimized with the Yoast SEO plugin v27.4 - https:\/\/yoast.com\/product\/yoast-seo-wordpress\/ -->\n<title>Beyond50-Strategie \u2013 Mercury Engineering<\/title>\n<meta name=\"description\" content=\"Die F\u00fcnf-Jahres-Strategie von Mercury kanalisiert 50 Jahre Erfahrung, um unsere zuk\u00fcnftige Ausrichtung zu planen\" \/>\n<meta name=\"robots\" content=\"index, follow, max-snippet:-1, max-image-preview:large, max-video-preview:-1\" \/>\n<link rel=\"canonical\" href=\"https:\/\/www.mercuryeng.com\/de\/uber\/unsere-strategie\/\" \/>\n<meta property=\"og:locale\" content=\"de_DE\" \/>\n<meta property=\"og:type\" content=\"article\" \/>\n<meta property=\"og:title\" content=\"Beyond50-Strategie \u2013 Mercury Engineering\" \/>\n<meta property=\"og:description\" content=\"Die F\u00fcnf-Jahres-Strategie von Mercury kanalisiert 50 Jahre Erfahrung, um unsere zuk\u00fcnftige Ausrichtung zu planen\" \/>\n<meta property=\"og:url\" content=\"https:\/\/www.mercuryeng.com\/de\/uber\/unsere-strategie\/\" \/>\n<meta property=\"og:site_name\" content=\"Mercury Engineering\" \/>\n<meta property=\"article:modified_time\" content=\"2023-01-09T11:46:40+00:00\" \/>\n<meta name=\"twitter:card\" content=\"summary_large_image\" \/>\n<meta name=\"twitter:label1\" content=\"Gesch\u00e4tzte Lesezeit\" \/>\n\t<meta name=\"twitter:data1\" content=\"1 Minute\" \/>\n<script type=\"application\/ld+json\" class=\"yoast-schema-graph\">{\"@context\":\"https:\\\/\\\/schema.org\",\"@graph\":[{\"@type\":\"WebPage\",\"@id\":\"https:\\\/\\\/www.mercuryeng.com\\\/de\\\/uber\\\/unsere-strategie\\\/\",\"url\":\"https:\\\/\\\/www.mercuryeng.com\\\/de\\\/uber\\\/unsere-strategie\\\/\",\"name\":\"Beyond50-Strategie \u2013 Mercury Engineering\",\"isPartOf\":{\"@id\":\"https:\\\/\\\/www.mercuryeng.com\\\/de\\\/#website\"},\"datePublished\":\"2019-07-04T07:46:54+00:00\",\"dateModified\":\"2023-01-09T11:46:40+00:00\",\"description\":\"Die F\u00fcnf-Jahres-Strategie von Mercury kanalisiert 50 Jahre Erfahrung, um unsere zuk\u00fcnftige Ausrichtung zu planen\",\"breadcrumb\":{\"@id\":\"https:\\\/\\\/www.mercuryeng.com\\\/de\\\/uber\\\/unsere-strategie\\\/#breadcrumb\"},\"inLanguage\":\"de-DE\",\"potentialAction\":[{\"@type\":\"ReadAction\",\"target\":[\"https:\\\/\\\/www.mercuryeng.com\\\/de\\\/uber\\\/unsere-strategie\\\/\"]}]},{\"@type\":\"BreadcrumbList\",\"@id\":\"https:\\\/\\\/www.mercuryeng.com\\\/de\\\/uber\\\/unsere-strategie\\\/#breadcrumb\",\"itemListElement\":[{\"@type\":\"ListItem\",\"position\":1,\"name\":\"Home\",\"item\":\"https:\\\/\\\/www.mercuryeng.com\\\/de\\\/\"},{\"@type\":\"ListItem\",\"position\":2,\"name\":\"\u00dcber\",\"item\":\"https:\\\/\\\/www.mercuryeng.com\\\/de\\\/uber\\\/\"},{\"@type\":\"ListItem\",\"position\":3,\"name\":\"Beyond50-Strategie\"}]},{\"@type\":\"WebSite\",\"@id\":\"https:\\\/\\\/www.mercuryeng.com\\\/de\\\/#website\",\"url\":\"https:\\\/\\\/www.mercuryeng.com\\\/de\\\/\",\"name\":\"Mercury Engineering\",\"description\":\"Ihre Vision, unsere Verpflichtung.\",\"potentialAction\":[{\"@type\":\"SearchAction\",\"target\":{\"@type\":\"EntryPoint\",\"urlTemplate\":\"https:\\\/\\\/www.mercuryeng.com\\\/de\\\/?s={search_term_string}\"},\"query-input\":{\"@type\":\"PropertyValueSpecification\",\"valueRequired\":true,\"valueName\":\"search_term_string\"}}],\"inLanguage\":\"de-DE\"}]}<\/script>\n<!-- \/ Yoast SEO plugin. -->","yoast_head_json":{"title":"Beyond50-Strategie \u2013 Mercury Engineering","description":"Die F\u00fcnf-Jahres-Strategie von Mercury kanalisiert 50 Jahre Erfahrung, um unsere zuk\u00fcnftige Ausrichtung zu planen","robots":{"index":"index","follow":"follow","max-snippet":"max-snippet:-1","max-image-preview":"max-image-preview:large","max-video-preview":"max-video-preview:-1"},"canonical":"https:\/\/www.mercuryeng.com\/de\/uber\/unsere-strategie\/","og_locale":"de_DE","og_type":"article","og_title":"Beyond50-Strategie \u2013 Mercury Engineering","og_description":"Die F\u00fcnf-Jahres-Strategie von Mercury kanalisiert 50 Jahre Erfahrung, um unsere zuk\u00fcnftige Ausrichtung zu planen","og_url":"https:\/\/www.mercuryeng.com\/de\/uber\/unsere-strategie\/","og_site_name":"Mercury Engineering","article_modified_time":"2023-01-09T11:46:40+00:00","twitter_card":"summary_large_image","twitter_misc":{"Gesch\u00e4tzte Lesezeit":"1 Minute"},"schema":{"@context":"https:\/\/schema.org","@graph":[{"@type":"WebPage","@id":"https:\/\/www.mercuryeng.com\/de\/uber\/unsere-strategie\/","url":"https:\/\/www.mercuryeng.com\/de\/uber\/unsere-strategie\/","name":"Beyond50-Strategie \u2013 Mercury Engineering","isPartOf":{"@id":"https:\/\/www.mercuryeng.com\/de\/#website"},"datePublished":"2019-07-04T07:46:54+00:00","dateModified":"2023-01-09T11:46:40+00:00","description":"Die F\u00fcnf-Jahres-Strategie von Mercury kanalisiert 50 Jahre Erfahrung, um unsere zuk\u00fcnftige Ausrichtung zu planen","breadcrumb":{"@id":"https:\/\/www.mercuryeng.com\/de\/uber\/unsere-strategie\/#breadcrumb"},"inLanguage":"de-DE","potentialAction":[{"@type":"ReadAction","target":["https:\/\/www.mercuryeng.com\/de\/uber\/unsere-strategie\/"]}]},{"@type":"BreadcrumbList","@id":"https:\/\/www.mercuryeng.com\/de\/uber\/unsere-strategie\/#breadcrumb","itemListElement":[{"@type":"ListItem","position":1,"name":"Home","item":"https:\/\/www.mercuryeng.com\/de\/"},{"@type":"ListItem","position":2,"name":"\u00dcber","item":"https:\/\/www.mercuryeng.com\/de\/uber\/"},{"@type":"ListItem","position":3,"name":"Beyond50-Strategie"}]},{"@type":"WebSite","@id":"https:\/\/www.mercuryeng.com\/de\/#website","url":"https:\/\/www.mercuryeng.com\/de\/","name":"Mercury Engineering","description":"Ihre Vision, unsere Verpflichtung.","potentialAction":[{"@type":"SearchAction","target":{"@type":"EntryPoint","urlTemplate":"https:\/\/www.mercuryeng.com\/de\/?s={search_term_string}"},"query-input":{"@type":"PropertyValueSpecification","valueRequired":true,"valueName":"search_term_string"}}],"inLanguage":"de-DE"}]}},"_links":{"self":[{"href":"https:\/\/www.mercuryeng.com\/de\/wp-json\/wp\/v2\/pages\/12339","targetHints":{"allow":["GET"]}}],"collection":[{"href":"https:\/\/www.mercuryeng.com\/de\/wp-json\/wp\/v2\/pages"}],"about":[{"href":"https:\/\/www.mercuryeng.com\/de\/wp-json\/wp\/v2\/types\/page"}],"author":[{"embeddable":true,"href":"https:\/\/www.mercuryeng.com\/de\/wp-json\/wp\/v2\/users\/2"}],"replies":[{"embeddable":true,"href":"https:\/\/www.mercuryeng.com\/de\/wp-json\/wp\/v2\/comments?post=12339"}],"version-history":[{"count":1,"href":"https:\/\/www.mercuryeng.com\/de\/wp-json\/wp\/v2\/pages\/12339\/revisions"}],"predecessor-version":[{"id":12340,"href":"https:\/\/www.mercuryeng.com\/de\/wp-json\/wp\/v2\/pages\/12339\/revisions\/12340"}],"up":[{"embeddable":true,"href":"https:\/\/www.mercuryeng.com\/de\/wp-json\/wp\/v2\/pages\/12222"}],"wp:attachment":[{"href":"https:\/\/www.mercuryeng.com\/de\/wp-json\/wp\/v2\/media?parent=12339"}],"curies":[{"name":"wp","href":"https:\/\/api.w.org\/{rel}","templated":true}]}}