{"id":12334,"date":"2020-05-18T16:47:20","date_gmt":"2020-05-18T16:47:20","guid":{"rendered":"https:\/\/www.mercuryeng.com\/uber\/wellbeing\/"},"modified":"2023-01-04T11:32:10","modified_gmt":"2023-01-04T11:32:10","slug":"wohlbefinden","status":"publish","type":"page","link":"https:\/\/www.mercuryeng.com\/de\/uber\/wohlbefinden\/","title":{"rendered":"Wohlbefinden"},"content":{"rendered":"<h3>Wohlbefinden<\/h3>\n<p style=\"line-height: 20.25pt; background: white; margin: 0cm 0cm 18.0pt 0cm;\"><span style=\"font-size: 13.5pt; font-family: 'Work Sans'; color: #333333;\">Das geistige und k\u00f6rperliche Wohlbefinden unserer Mitarbeiter steht an erster Stelle. Wir wollen, dass jeder Spa\u00df an seiner Arbeit hat und wissen, dass zufriedene Teams mehr erreichen.<\/span><\/p>\n<p style=\"line-height: 20.25pt; background: white; box-sizing: border-box; font-variant-ligatures: normal; font-variant-caps: normal; orphans: 2; text-align: start; widows: 2; -webkit-text-stroke-width: 0px; text-decoration-thickness: initial; text-decoration-style: initial; text-decoration-color: initial; word-spacing: 0px; margin: 0cm 0cm 18.0pt 0cm;\"><span style=\"font-size: 13.5pt; font-family: 'Work Sans'; color: #333333;\">Um ein f\u00f6rderliches und unterst\u00fctzendes Umfeld zu schaffen, bietet Mercury ein fundiertes Programm f\u00fcr das Wohlbefinden der Mitarbeiter an. Dieses Programm steht den Mitarbeitern \u00fcber unseren internen Wellbeing Hub zur Verf\u00fcgung, der von PepTalk bereitgestellt wird. Unser Wohlergehen ist Teil unseres Plans f\u00fcr verantwortungsbewusstes unternehmerisches Handeln mit dem Titel <a style=\"box-sizing: border-box; transition: all 0.4s ease-in-out 0s; -webkit-tap-highlight-color: rgba(0, 0, 0, 0);\" href=\"https:\/\/www.mercuryeng.com\/de\/uber\/nachhaltigkeitserklaerung\/\"><span style=\"color: #595959;\">\u201eUnser Planet, unsere Pflicht\u201c.<\/span><\/a><\/span><\/p>\n<hr \/>\n<div>\n<p><strong>LAUFENDE INITIATIVEN F\u00dcR WOHLBEFINDEN UND SICHERHEIT<img loading=\"lazy\" decoding=\"async\" class=\"alignright wp-image-4374 size-full\" src=\"\/wp-content\/uploads\/2020\/05\/Worksafe.jpg\" alt=\"Sicherheit steht auf unseren Baustellen an erster Stelle\" width=\"515\" height=\"361\" srcset=\"https:\/\/www.mercuryeng.com\/wp-content\/uploads\/2020\/05\/Worksafe.jpg 515w, https:\/\/www.mercuryeng.com\/wp-content\/uploads\/2020\/05\/Worksafe-350x245.jpg 350w\" sizes=\"auto, (max-width: 515px) 100vw, 515px\" \/><\/strong><\/p>\n<\/div>\n<div>\n<div data-tid=\"messageBodyContent\">\n<p>Die Teams von Mercury nehmen an einer Reihe regelm\u00e4\u00dfiger Initiativen f\u00fcr Wohlbefinden und Sicherheit bei allen internationalen Projekten teil.<\/p>\n<p><strong>Europ\u00e4ische Sicherheitswoche \u2013<\/strong> Mercury celebrates safety week annually and is a safety week partner with the <a href=\"http:\/\/cif.ie\/\" target=\"_blank\" rel=\"noopener noreferrer\" data-auth=\"NotApplicable\">Construction Industry Federation (CIF)<\/a>. Mercury feiert j\u00e4hrlich die Sicherheitswoche und ist Partner der Sicherheitswoche mit dem Verband der Bauindustrie (CIF). Jedes Jahr finden mehrere Live- und virtuelle Veranstaltungen sowie Toolbox Talks zu einer Vielzahl von Sicherheits- und Wellness-Initiativen f\u00fcr alle Projekte und B\u00fcrostandorte statt.<br \/>\n<strong>Erste-Hilfe-Schulungen zur psychischen Gesundheit \u2013 <\/strong>Mercury f\u00fchrt in Zusammenarbeit mit Mental Health First Aid Ireland regelm\u00e4\u00dfig Erste-Hilfe-Schulungen zur psychischen Gesundheit (Mental Health First Aid, MHFA) im Rahmen aller Projekte durch. MHFA ist die Hilfe, die einer Person angeboten wird, die ein psychisches Problem oder eine Krise hat oder entwickelt, bis eine angemessene professionelle Behandlung erfolgt oder die Krise \u00fcberwunden ist. Weitere Informationen \u00fcber Mental Health First Aid Ireland finden <a href=\"https:\/\/www.mhfaireland.ie\/\" target=\"_blank\" rel=\"noopener noreferrer\">Sie hier.<\/a><\/p>\n<p><strong>Sicherheit zur pers\u00f6nlichen Sache machen \u2013<\/strong> Die Gesundheits- und Sicherheitskultur von Mercury gilt weltweit als f\u00fchrend in der Branche. Von der Gesch\u00e4ftsleitung bis hin zu unseren Handwerkern und Auszubildenden ist die Sicherheit in unserer DNA und unseren t\u00e4glichen Arbeitsabl\u00e4ufen verankert. Wir sind davon \u00fcberzeugt, dass der Schl\u00fcssel zur Verringerung von Unf\u00e4llen auf Baustellen darin besteht, Sicherheit durch verhaltenspsychologische Programme zu einer pers\u00f6nlichen Sache zu machen.<\/p>\n<\/div>\n<\/div>\n<p><strong>Tag des Wohlbefindens am Arbeitsplatz &#8211;<\/strong> Mercury-Mitarbeiter in ganz Europa nehmen jedes Jahr an einer Reihe von Wellness-Initiativen zum Tag des Wohlbefindens am Arbeitsplatz teil. Zu den Initiativen geh\u00f6ren interaktive Online-Fitnesskurse, virtuelle Kaffeepausen und unterhaltsame Veranstaltungen zur Teambildung wie der \u201eformelle Freitag\u201c.<\/p>\n<div>\n<div data-tid=\"messageBodyContent\">\n<hr \/>\n<\/div>\n<div data-tid=\"messageBodyContent\">\n<div data-tid=\"messageBodyContainer\">\n<div data-tid=\"messageBodyContent\">\n<p><strong>FITNESS UND GESUNDHEIT<img loading=\"lazy\" decoding=\"async\" class=\"alignright wp-image-4391 size-full\" src=\"\/wp-content\/uploads\/2020\/05\/mERCURY-BIKES.png\" alt=\"Die Mitarbeiter nehmen regelm\u00e4\u00dfig an Sportveranstaltungen wie Radfahren teil\" width=\"515\" height=\"361\" srcset=\"https:\/\/www.mercuryeng.com\/wp-content\/uploads\/2020\/05\/mERCURY-BIKES.png 515w, https:\/\/www.mercuryeng.com\/wp-content\/uploads\/2020\/05\/mERCURY-BIKES-350x245.png 350w\" sizes=\"auto, (max-width: 515px) 100vw, 515px\" \/><\/strong><\/p>\n<div class=\"column column3\">\n<div class=\"top\">\n<div class=\"text\">\n<div class=\"column column1\">\n<div class=\"bottom linkcolor0a166e4b68577248 fontcolorad23489fa801157b\">\n<p>Unsere Initiativen f\u00fcr Gesundheit und Fitness am Arbeitsplatz schaffen ein positives Umfeld f\u00fcr unsere Mitarbeiter.<\/p>\n<\/div>\n<div>Wir unterst\u00fctzen unsere Mitarbeiter mit einer Reihe von Angeboten und Verg\u00fcnstigungen f\u00fcr Kranken- und Lebensversicherungen.Au\u00dferdem bieten wir ein vielf\u00e4ltiges Spektrum an Sportvereinen und sozialen Aktivit\u00e4ten von Bergwandern \u00fcber Fu\u00dfball bis hin zum Radfahren an.<\/div>\n<div class=\"bottom linkcolor0a166e4b68577248 fontcolorad23489fa801157b\">\n<p>Dies ermutigt unsere Mitarbeiter, sich mit ihren Kollegen auszutauschen und neue Interessen in einer unterhaltsamen, entspannten Umgebung zu entdecken.<\/p>\n<p>Dar\u00fcber hinaus veranstalten wir regelm\u00e4\u00dfig pers\u00f6nliche und virtuelle Fitnesskurse im Fitnessstudio unserer Zentrale in Dublin, w\u00e4hrend unsere Mitarbeiter weltweit eingeladen sind, regelm\u00e4\u00dfig an von Mercury organisierten und gesponserten Sportveranstaltungen teilzunehmen.<\/p>\n<\/div>\n<\/div>\n<\/div>\n<\/div>\n<\/div>\n<\/div>\n<div data-tid=\"messageBodyContent\">\n<div class=\"column column3\">\n<div class=\"top\">\n<div class=\"text\">\n<div class=\"column column1\">\n<div class=\"bottom linkcolor0a166e4b68577248 fontcolorad23489fa801157b\">\n<hr \/>\n<p><strong>UNTERST\u00dcTZUNGSPROGRAMM F\u00dcR MITARBEITER (EAP) <img loading=\"lazy\" decoding=\"async\" class=\"alignright wp-image-4405 size-full\" src=\"\/wp-content\/uploads\/2020\/05\/Hands.png\" alt=\"Mercury bietet ein Unterst\u00fctzungsprogramm f\u00fcr Mitarbeiter an \" width=\"515\" height=\"361\" srcset=\"https:\/\/www.mercuryeng.com\/wp-content\/uploads\/2020\/05\/Hands.png 515w, https:\/\/www.mercuryeng.com\/wp-content\/uploads\/2020\/05\/Hands-350x245.png 350w\" sizes=\"auto, (max-width: 515px) 100vw, 515px\" \/><\/strong><\/p>\n<\/div>\n<\/div>\n<\/div>\n<\/div>\n<\/div>\n<div>\n<p>Alle Mercury-Mitarbeiter haben Zugang zum Employee Assistance Programme (EAP). Der EAP-Dienst bietet unseren Mitarbeitern einen unabh\u00e4ngigen, zu 100 % vertraulichen Beratungsdienst, der von Mercury finanziert wird und sich an alle richtet, die Hilfe ben\u00f6tigen:<\/p>\n<ul>\n<li>Depression und Angst<\/li>\n<li>Stress<\/li>\n<li>Arbeitsbezogene Probleme<\/li>\n<li>S\u00fcchte<\/li>\n<li>Trauerfall<\/li>\n<li>Alle anderen Lebensprobleme<\/li>\n<\/ul>\n<hr \/>\n<\/div>\n<p><strong>WELLNESS-APP VON PEPTALK<img loading=\"lazy\" decoding=\"async\" class=\"alignright wp-image-4375\" src=\"\/wp-content\/uploads\/2020\/05\/LG-PepTalk-New-Logo--912x1000.png\" alt=\"Wellness-App von Peptalk\" width=\"150\" height=\"164\" srcset=\"https:\/\/www.mercuryeng.com\/wp-content\/uploads\/2020\/05\/LG-PepTalk-New-Logo--912x1000.png 912w, https:\/\/www.mercuryeng.com\/wp-content\/uploads\/2020\/05\/LG-PepTalk-New-Logo--319x350.png 319w, https:\/\/www.mercuryeng.com\/wp-content\/uploads\/2020\/05\/LG-PepTalk-New-Logo--639x700.png 639w, https:\/\/www.mercuryeng.com\/wp-content\/uploads\/2020\/05\/LG-PepTalk-New-Logo-.png 1277w\" sizes=\"auto, (max-width: 150px) 100vw, 150px\" \/><\/strong><\/p>\n<p>Mercury hat eine Partnerschaft mit<span data-contrast=\"auto\">\u00a0<a href=\"https:\/\/www.peptalk.ie\/\" target=\"_blank\" rel=\"noopener noreferrer\">PepTalk Wellness,<\/a> angek\u00fcndigt, einem Angebot f\u00fcr alle Mercury-Mitarbeiter und -Subunternehmer zur Steigerung des Wohlbefindens und der Motivation.<\/span><\/p>\n<p><span data-contrast=\"auto\">Das Programm bietet\u00a0<\/span><span data-contrast=\"auto\">den Mitarbeitern Zugriff auf alle spielerischen On-Demand-Angeboten von<\/span><span data-contrast=\"auto\">PepTalk<\/span><span data-contrast=\"auto\"> zur Unterst\u00fctzung des Wohlbefindens in den Bereichen K\u00f6rper, Ern\u00e4hrung, Emotionen und Finanzen, die \u00fcber eine exklusive mobile App, ein webbasiertes Dashboard und Workshops vor Ort das ganze Jahr \u00fcber angeboten werden.<\/span><\/p>\n<\/div>\n<\/div>\n<\/div>\n<\/div>\n","protected":false},"excerpt":{"rendered":"<p>Wohlbefinden Das geistige und k\u00f6rperliche Wohlbefinden unserer Mitarbeiter steht an erster Stelle. Wir wollen, dass jeder Spa\u00df an seiner Arbeit hat und wissen, dass zufriedene Teams mehr erreichen. Um ein f\u00f6rderliches und unterst\u00fctzendes Umfeld zu schaffen, bietet Mercury ein fundiertes Programm f\u00fcr das Wohlbefinden der Mitarbeiter an. Dieses Programm steht den Mitarbeitern \u00fcber unseren internen [&hellip;]<\/p>\n","protected":false},"author":14,"featured_media":0,"parent":12222,"menu_order":10,"comment_status":"closed","ping_status":"closed","template":"","meta":{"_acf_changed":false,"footnotes":""},"class_list":["post-12334","page","type-page","status-publish","hentry"],"acf":[],"yoast_head":"<!-- This site is optimized with the Yoast SEO plugin v27.5 - https:\/\/yoast.com\/product\/yoast-seo-wordpress\/ -->\n<title>Wohlbefinden \u2013 Mercury Engineering<\/title>\n<meta name=\"description\" content=\"Um ein f\u00f6rderliches und unterst\u00fctzendes Umfeld zu schaffen, bietet Mercury ein fundiertes Programm f\u00fcr das Wohlbefinden der Mitarbeiter an, das von PepTalk bereitgestellt wird\" \/>\n<meta name=\"robots\" content=\"index, follow, max-snippet:-1, max-image-preview:large, max-video-preview:-1\" \/>\n<link rel=\"canonical\" href=\"https:\/\/www.mercuryeng.com\/de\/uber\/wohlbefinden\/\" \/>\n<meta property=\"og:locale\" content=\"de_DE\" \/>\n<meta property=\"og:type\" content=\"article\" \/>\n<meta property=\"og:title\" content=\"Wohlbefinden \u2013 Mercury Engineering\" \/>\n<meta property=\"og:description\" content=\"Um ein f\u00f6rderliches und unterst\u00fctzendes Umfeld zu schaffen, bietet Mercury ein fundiertes Programm f\u00fcr das Wohlbefinden der Mitarbeiter an, das von PepTalk bereitgestellt wird\" \/>\n<meta property=\"og:url\" content=\"https:\/\/www.mercuryeng.com\/de\/uber\/wohlbefinden\/\" \/>\n<meta property=\"og:site_name\" content=\"Mercury Engineering\" \/>\n<meta property=\"article:modified_time\" content=\"2023-01-04T11:32:10+00:00\" \/>\n<meta name=\"twitter:card\" content=\"summary_large_image\" \/>\n<meta name=\"twitter:label1\" content=\"Gesch\u00e4tzte Lesezeit\" \/>\n\t<meta name=\"twitter:data1\" content=\"4 Minuten\" \/>\n<script type=\"application\/ld+json\" class=\"yoast-schema-graph\">{\"@context\":\"https:\\\/\\\/schema.org\",\"@graph\":[{\"@type\":\"WebPage\",\"@id\":\"https:\\\/\\\/www.mercuryeng.com\\\/de\\\/uber\\\/wohlbefinden\\\/\",\"url\":\"https:\\\/\\\/www.mercuryeng.com\\\/de\\\/uber\\\/wohlbefinden\\\/\",\"name\":\"Wohlbefinden \u2013 Mercury Engineering\",\"isPartOf\":{\"@id\":\"https:\\\/\\\/www.mercuryeng.com\\\/de\\\/#website\"},\"datePublished\":\"2020-05-18T16:47:20+00:00\",\"dateModified\":\"2023-01-04T11:32:10+00:00\",\"description\":\"Um ein f\u00f6rderliches und unterst\u00fctzendes Umfeld zu schaffen, bietet Mercury ein fundiertes Programm f\u00fcr das Wohlbefinden der Mitarbeiter an, das von PepTalk bereitgestellt wird\",\"breadcrumb\":{\"@id\":\"https:\\\/\\\/www.mercuryeng.com\\\/de\\\/uber\\\/wohlbefinden\\\/#breadcrumb\"},\"inLanguage\":\"de-DE\",\"potentialAction\":[{\"@type\":\"ReadAction\",\"target\":[\"https:\\\/\\\/www.mercuryeng.com\\\/de\\\/uber\\\/wohlbefinden\\\/\"]}]},{\"@type\":\"BreadcrumbList\",\"@id\":\"https:\\\/\\\/www.mercuryeng.com\\\/de\\\/uber\\\/wohlbefinden\\\/#breadcrumb\",\"itemListElement\":[{\"@type\":\"ListItem\",\"position\":1,\"name\":\"Home\",\"item\":\"https:\\\/\\\/www.mercuryeng.com\\\/de\\\/\"},{\"@type\":\"ListItem\",\"position\":2,\"name\":\"\u00dcber\",\"item\":\"https:\\\/\\\/www.mercuryeng.com\\\/de\\\/uber\\\/\"},{\"@type\":\"ListItem\",\"position\":3,\"name\":\"Wohlbefinden\"}]},{\"@type\":\"WebSite\",\"@id\":\"https:\\\/\\\/www.mercuryeng.com\\\/de\\\/#website\",\"url\":\"https:\\\/\\\/www.mercuryeng.com\\\/de\\\/\",\"name\":\"Mercury Engineering\",\"description\":\"Ihre Vision, unsere Verpflichtung.\",\"potentialAction\":[{\"@type\":\"SearchAction\",\"target\":{\"@type\":\"EntryPoint\",\"urlTemplate\":\"https:\\\/\\\/www.mercuryeng.com\\\/de\\\/?s={search_term_string}\"},\"query-input\":{\"@type\":\"PropertyValueSpecification\",\"valueRequired\":true,\"valueName\":\"search_term_string\"}}],\"inLanguage\":\"de-DE\"}]}<\/script>\n<!-- \/ Yoast SEO plugin. -->","yoast_head_json":{"title":"Wohlbefinden \u2013 Mercury Engineering","description":"Um ein f\u00f6rderliches und unterst\u00fctzendes Umfeld zu schaffen, bietet Mercury ein fundiertes Programm f\u00fcr das Wohlbefinden der Mitarbeiter an, das von PepTalk bereitgestellt wird","robots":{"index":"index","follow":"follow","max-snippet":"max-snippet:-1","max-image-preview":"max-image-preview:large","max-video-preview":"max-video-preview:-1"},"canonical":"https:\/\/www.mercuryeng.com\/de\/uber\/wohlbefinden\/","og_locale":"de_DE","og_type":"article","og_title":"Wohlbefinden \u2013 Mercury Engineering","og_description":"Um ein f\u00f6rderliches und unterst\u00fctzendes Umfeld zu schaffen, bietet Mercury ein fundiertes Programm f\u00fcr das Wohlbefinden der Mitarbeiter an, das von PepTalk bereitgestellt wird","og_url":"https:\/\/www.mercuryeng.com\/de\/uber\/wohlbefinden\/","og_site_name":"Mercury Engineering","article_modified_time":"2023-01-04T11:32:10+00:00","twitter_card":"summary_large_image","twitter_misc":{"Gesch\u00e4tzte Lesezeit":"4 Minuten"},"schema":{"@context":"https:\/\/schema.org","@graph":[{"@type":"WebPage","@id":"https:\/\/www.mercuryeng.com\/de\/uber\/wohlbefinden\/","url":"https:\/\/www.mercuryeng.com\/de\/uber\/wohlbefinden\/","name":"Wohlbefinden \u2013 Mercury Engineering","isPartOf":{"@id":"https:\/\/www.mercuryeng.com\/de\/#website"},"datePublished":"2020-05-18T16:47:20+00:00","dateModified":"2023-01-04T11:32:10+00:00","description":"Um ein f\u00f6rderliches und unterst\u00fctzendes Umfeld zu schaffen, bietet Mercury ein fundiertes Programm f\u00fcr das Wohlbefinden der Mitarbeiter an, das von PepTalk bereitgestellt wird","breadcrumb":{"@id":"https:\/\/www.mercuryeng.com\/de\/uber\/wohlbefinden\/#breadcrumb"},"inLanguage":"de-DE","potentialAction":[{"@type":"ReadAction","target":["https:\/\/www.mercuryeng.com\/de\/uber\/wohlbefinden\/"]}]},{"@type":"BreadcrumbList","@id":"https:\/\/www.mercuryeng.com\/de\/uber\/wohlbefinden\/#breadcrumb","itemListElement":[{"@type":"ListItem","position":1,"name":"Home","item":"https:\/\/www.mercuryeng.com\/de\/"},{"@type":"ListItem","position":2,"name":"\u00dcber","item":"https:\/\/www.mercuryeng.com\/de\/uber\/"},{"@type":"ListItem","position":3,"name":"Wohlbefinden"}]},{"@type":"WebSite","@id":"https:\/\/www.mercuryeng.com\/de\/#website","url":"https:\/\/www.mercuryeng.com\/de\/","name":"Mercury Engineering","description":"Ihre Vision, unsere Verpflichtung.","potentialAction":[{"@type":"SearchAction","target":{"@type":"EntryPoint","urlTemplate":"https:\/\/www.mercuryeng.com\/de\/?s={search_term_string}"},"query-input":{"@type":"PropertyValueSpecification","valueRequired":true,"valueName":"search_term_string"}}],"inLanguage":"de-DE"}]}},"_links":{"self":[{"href":"https:\/\/www.mercuryeng.com\/de\/wp-json\/wp\/v2\/pages\/12334","targetHints":{"allow":["GET"]}}],"collection":[{"href":"https:\/\/www.mercuryeng.com\/de\/wp-json\/wp\/v2\/pages"}],"about":[{"href":"https:\/\/www.mercuryeng.com\/de\/wp-json\/wp\/v2\/types\/page"}],"author":[{"embeddable":true,"href":"https:\/\/www.mercuryeng.com\/de\/wp-json\/wp\/v2\/users\/14"}],"replies":[{"embeddable":true,"href":"https:\/\/www.mercuryeng.com\/de\/wp-json\/wp\/v2\/comments?post=12334"}],"version-history":[{"count":1,"href":"https:\/\/www.mercuryeng.com\/de\/wp-json\/wp\/v2\/pages\/12334\/revisions"}],"predecessor-version":[{"id":12335,"href":"https:\/\/www.mercuryeng.com\/de\/wp-json\/wp\/v2\/pages\/12334\/revisions\/12335"}],"up":[{"embeddable":true,"href":"https:\/\/www.mercuryeng.com\/de\/wp-json\/wp\/v2\/pages\/12222"}],"wp:attachment":[{"href":"https:\/\/www.mercuryeng.com\/de\/wp-json\/wp\/v2\/media?parent=12334"}],"curies":[{"name":"wp","href":"https:\/\/api.w.org\/{rel}","templated":true}]}}