{"id":12331,"date":"2019-04-04T09:54:03","date_gmt":"2019-04-04T09:54:03","guid":{"rendered":"https:\/\/www.mercuryeng.com\/uber\/qehs\/"},"modified":"2023-01-13T12:05:52","modified_gmt":"2023-01-13T12:05:52","slug":"gesundheit-sicherheit-wohlbefinden","status":"publish","type":"page","link":"https:\/\/www.mercuryeng.com\/de\/uber\/gesundheit-sicherheit-wohlbefinden\/","title":{"rendered":"Gesundheit, Sicherheit und Wohlbefinden"},"content":{"rendered":"<h3>Gesundheit, Sicherheit und Wohlbefinden<\/h3>\n<p>F\u00fcr uns steht die Sicherheit unserer Mitarbeiter und unserer Partner an erster Stelle. Sie ist unser wichtigster Wert und bildet die Grundlage f\u00fcr alles, was wir tun.<\/p>\n<p><strong>WorkSafe | HomeSafe<\/strong><\/p>\n<p>Sicherheit ist nicht nur unsere Philosophie, sie ist unsere Pflicht.<\/p>\n<p>Sicherheit ist in unserer DNA verankert. Es ist die Grundlage f\u00fcr unsere Leistungen, Schulungen und Prozesse. Wir bestehen darauf, dass sie ein grundlegender Bestandteil jeder Facette unseres Unternehmens ist. Und das ist f\u00fcr uns niemals selbstverst\u00e4ndlich.<\/p>\n<p>Wir respektieren unsere Mitarbeiter, und sie respektieren unser Management als ein integriertes Team mit einem gemeinsamen Ziel: jeden Tag sicher nach Hause zu kommen. Durch unsere Umwelt-, Gesundheits- und Sicherheitsrichtlinien und -verfahren gew\u00e4hrleisten wir jedes Mal branchenf\u00fchrende Projektergebnisse und \u2013 was am wichtigsten ist \u2013 die Sicherheit und das Wohlbefinden aller unserer Mitarbeiter.<\/p>\n<p><a class=\"btn\" href=\"\/de\/category\/mercury-engineering\/qehs\/\">EHS-Initiativen<\/a><\/p>\n<p><strong>Wohlbefinden<\/strong><\/p>\n<p>Das geistige und k\u00f6rperliche Wohlbefinden unserer Mitarbeiter steht an erster Stelle. Wir m\u00f6chten, dass alle Spa\u00df an dem haben, was sie tun, und wissen, dass gl\u00fcckliche Teams mehr erreichen.<\/p>\n<p>Um ein f\u00f6rderliches und unterst\u00fctzendes Umfeld zu schaffen, bietet Mercury ein fundiertes Programm f\u00fcr das Wohlbefinden der Mitarbeiter an. Dieses Programm steht den Mitarbeitern \u00fcber unseren internen Wellbeing Hub zur Verf\u00fcgung, der von PepTalk bereitgestellt wird. Unser Wohlergehen ist Teil unseres Plans f\u00fcr verantwortungsbewusstes unternehmerisches Handeln mit dem Titel <a href=\"https:\/\/www.mercuryeng.com\/de\/uber\/nachhaltigkeitserklaerung\/\">\u201eUnser Planet, unsere Pflicht\u201c.<\/a><\/p>\n<p><a class=\"btn\" href=\"https:\/\/www.mercuryeng.com\/de\/uber\/wohlbefinden\/\">Wohlbefinden<\/a><\/p>\n","protected":false},"excerpt":{"rendered":"<p>Gesundheit, Sicherheit und Wohlbefinden F\u00fcr uns steht die Sicherheit unserer Mitarbeiter und unserer Partner an erster Stelle. Sie ist unser wichtigster Wert und bildet die Grundlage f\u00fcr alles, was wir tun. WorkSafe | HomeSafe Sicherheit ist nicht nur unsere Philosophie, sie ist unsere Pflicht. Sicherheit ist in unserer DNA verankert. Es ist die Grundlage f\u00fcr [&hellip;]<\/p>\n","protected":false},"author":1,"featured_media":0,"parent":12222,"menu_order":8,"comment_status":"closed","ping_status":"closed","template":"","meta":{"_acf_changed":false,"footnotes":""},"class_list":["post-12331","page","type-page","status-publish","hentry"],"acf":[],"yoast_head":"<!-- This site is optimized with the Yoast SEO plugin v27.2 - https:\/\/yoast.com\/product\/yoast-seo-wordpress\/ -->\n<title>Gesundheit, Sicherheit und Wohlbefinden \u2013 Mercury Engineering<\/title>\n<meta name=\"description\" content=\"Sicherheit \u2013 der Grundwert von Mercury. WorkSafe | HomeSafe ist die Grundlage f\u00fcr unsere Leistungen, Schulungen und Prozesse\" \/>\n<meta name=\"robots\" content=\"index, follow, max-snippet:-1, max-image-preview:large, max-video-preview:-1\" \/>\n<link rel=\"canonical\" href=\"https:\/\/www.mercuryeng.com\/de\/uber\/gesundheit-sicherheit-wohlbefinden\/\" \/>\n<meta property=\"og:locale\" content=\"de_DE\" \/>\n<meta property=\"og:type\" content=\"article\" \/>\n<meta property=\"og:title\" content=\"Gesundheit, Sicherheit und Wohlbefinden \u2013 Mercury Engineering\" \/>\n<meta property=\"og:description\" content=\"Sicherheit \u2013 der Grundwert von Mercury. WorkSafe | HomeSafe ist die Grundlage f\u00fcr unsere Leistungen, Schulungen und Prozesse\" \/>\n<meta property=\"og:url\" content=\"https:\/\/www.mercuryeng.com\/de\/uber\/gesundheit-sicherheit-wohlbefinden\/\" \/>\n<meta property=\"og:site_name\" content=\"Mercury Engineering\" \/>\n<meta property=\"article:modified_time\" content=\"2023-01-13T12:05:52+00:00\" \/>\n<meta name=\"twitter:card\" content=\"summary_large_image\" \/>\n<meta name=\"twitter:label1\" content=\"Gesch\u00e4tzte Lesezeit\" \/>\n\t<meta name=\"twitter:data1\" content=\"1 Minute\" \/>\n<script type=\"application\/ld+json\" class=\"yoast-schema-graph\">{\"@context\":\"https:\/\/schema.org\",\"@graph\":[{\"@type\":\"WebPage\",\"@id\":\"https:\/\/www.mercuryeng.com\/de\/uber\/gesundheit-sicherheit-wohlbefinden\/\",\"url\":\"https:\/\/www.mercuryeng.com\/de\/uber\/gesundheit-sicherheit-wohlbefinden\/\",\"name\":\"Gesundheit, Sicherheit und Wohlbefinden \u2013 Mercury Engineering\",\"isPartOf\":{\"@id\":\"https:\/\/www.mercuryeng.com\/de\/#website\"},\"datePublished\":\"2019-04-04T09:54:03+00:00\",\"dateModified\":\"2023-01-13T12:05:52+00:00\",\"description\":\"Sicherheit \u2013 der Grundwert von Mercury. WorkSafe | HomeSafe ist die Grundlage f\u00fcr unsere Leistungen, Schulungen und Prozesse\",\"breadcrumb\":{\"@id\":\"https:\/\/www.mercuryeng.com\/de\/uber\/gesundheit-sicherheit-wohlbefinden\/#breadcrumb\"},\"inLanguage\":\"de-DE\",\"potentialAction\":[{\"@type\":\"ReadAction\",\"target\":[\"https:\/\/www.mercuryeng.com\/de\/uber\/gesundheit-sicherheit-wohlbefinden\/\"]}]},{\"@type\":\"BreadcrumbList\",\"@id\":\"https:\/\/www.mercuryeng.com\/de\/uber\/gesundheit-sicherheit-wohlbefinden\/#breadcrumb\",\"itemListElement\":[{\"@type\":\"ListItem\",\"position\":1,\"name\":\"Home\",\"item\":\"https:\/\/www.mercuryeng.com\/de\/\"},{\"@type\":\"ListItem\",\"position\":2,\"name\":\"\u00dcber\",\"item\":\"https:\/\/www.mercuryeng.com\/de\/uber\/\"},{\"@type\":\"ListItem\",\"position\":3,\"name\":\"Gesundheit, Sicherheit und Wohlbefinden\"}]},{\"@type\":\"WebSite\",\"@id\":\"https:\/\/www.mercuryeng.com\/de\/#website\",\"url\":\"https:\/\/www.mercuryeng.com\/de\/\",\"name\":\"Mercury Engineering\",\"description\":\"Ihre Vision, unsere Verpflichtung.\",\"potentialAction\":[{\"@type\":\"SearchAction\",\"target\":{\"@type\":\"EntryPoint\",\"urlTemplate\":\"https:\/\/www.mercuryeng.com\/de\/?s={search_term_string}\"},\"query-input\":{\"@type\":\"PropertyValueSpecification\",\"valueRequired\":true,\"valueName\":\"search_term_string\"}}],\"inLanguage\":\"de-DE\"}]}<\/script>\n<!-- \/ Yoast SEO plugin. -->","yoast_head_json":{"title":"Gesundheit, Sicherheit und Wohlbefinden \u2013 Mercury Engineering","description":"Sicherheit \u2013 der Grundwert von Mercury. WorkSafe | HomeSafe ist die Grundlage f\u00fcr unsere Leistungen, Schulungen und Prozesse","robots":{"index":"index","follow":"follow","max-snippet":"max-snippet:-1","max-image-preview":"max-image-preview:large","max-video-preview":"max-video-preview:-1"},"canonical":"https:\/\/www.mercuryeng.com\/de\/uber\/gesundheit-sicherheit-wohlbefinden\/","og_locale":"de_DE","og_type":"article","og_title":"Gesundheit, Sicherheit und Wohlbefinden \u2013 Mercury Engineering","og_description":"Sicherheit \u2013 der Grundwert von Mercury. WorkSafe | HomeSafe ist die Grundlage f\u00fcr unsere Leistungen, Schulungen und Prozesse","og_url":"https:\/\/www.mercuryeng.com\/de\/uber\/gesundheit-sicherheit-wohlbefinden\/","og_site_name":"Mercury Engineering","article_modified_time":"2023-01-13T12:05:52+00:00","twitter_card":"summary_large_image","twitter_misc":{"Gesch\u00e4tzte Lesezeit":"1 Minute"},"schema":{"@context":"https:\/\/schema.org","@graph":[{"@type":"WebPage","@id":"https:\/\/www.mercuryeng.com\/de\/uber\/gesundheit-sicherheit-wohlbefinden\/","url":"https:\/\/www.mercuryeng.com\/de\/uber\/gesundheit-sicherheit-wohlbefinden\/","name":"Gesundheit, Sicherheit und Wohlbefinden \u2013 Mercury Engineering","isPartOf":{"@id":"https:\/\/www.mercuryeng.com\/de\/#website"},"datePublished":"2019-04-04T09:54:03+00:00","dateModified":"2023-01-13T12:05:52+00:00","description":"Sicherheit \u2013 der Grundwert von Mercury. WorkSafe | HomeSafe ist die Grundlage f\u00fcr unsere Leistungen, Schulungen und Prozesse","breadcrumb":{"@id":"https:\/\/www.mercuryeng.com\/de\/uber\/gesundheit-sicherheit-wohlbefinden\/#breadcrumb"},"inLanguage":"de-DE","potentialAction":[{"@type":"ReadAction","target":["https:\/\/www.mercuryeng.com\/de\/uber\/gesundheit-sicherheit-wohlbefinden\/"]}]},{"@type":"BreadcrumbList","@id":"https:\/\/www.mercuryeng.com\/de\/uber\/gesundheit-sicherheit-wohlbefinden\/#breadcrumb","itemListElement":[{"@type":"ListItem","position":1,"name":"Home","item":"https:\/\/www.mercuryeng.com\/de\/"},{"@type":"ListItem","position":2,"name":"\u00dcber","item":"https:\/\/www.mercuryeng.com\/de\/uber\/"},{"@type":"ListItem","position":3,"name":"Gesundheit, Sicherheit und Wohlbefinden"}]},{"@type":"WebSite","@id":"https:\/\/www.mercuryeng.com\/de\/#website","url":"https:\/\/www.mercuryeng.com\/de\/","name":"Mercury Engineering","description":"Ihre Vision, unsere Verpflichtung.","potentialAction":[{"@type":"SearchAction","target":{"@type":"EntryPoint","urlTemplate":"https:\/\/www.mercuryeng.com\/de\/?s={search_term_string}"},"query-input":{"@type":"PropertyValueSpecification","valueRequired":true,"valueName":"search_term_string"}}],"inLanguage":"de-DE"}]}},"_links":{"self":[{"href":"https:\/\/www.mercuryeng.com\/de\/wp-json\/wp\/v2\/pages\/12331","targetHints":{"allow":["GET"]}}],"collection":[{"href":"https:\/\/www.mercuryeng.com\/de\/wp-json\/wp\/v2\/pages"}],"about":[{"href":"https:\/\/www.mercuryeng.com\/de\/wp-json\/wp\/v2\/types\/page"}],"author":[{"embeddable":true,"href":"https:\/\/www.mercuryeng.com\/de\/wp-json\/wp\/v2\/users\/1"}],"replies":[{"embeddable":true,"href":"https:\/\/www.mercuryeng.com\/de\/wp-json\/wp\/v2\/comments?post=12331"}],"version-history":[{"count":1,"href":"https:\/\/www.mercuryeng.com\/de\/wp-json\/wp\/v2\/pages\/12331\/revisions"}],"predecessor-version":[{"id":12332,"href":"https:\/\/www.mercuryeng.com\/de\/wp-json\/wp\/v2\/pages\/12331\/revisions\/12332"}],"up":[{"embeddable":true,"href":"https:\/\/www.mercuryeng.com\/de\/wp-json\/wp\/v2\/pages\/12222"}],"wp:attachment":[{"href":"https:\/\/www.mercuryeng.com\/de\/wp-json\/wp\/v2\/media?parent=12331"}],"curies":[{"name":"wp","href":"https:\/\/api.w.org\/{rel}","templated":true}]}}