{"id":12289,"date":"2019-03-28T15:17:42","date_gmt":"2019-03-28T15:17:42","guid":{"rendered":"https:\/\/www.mercuryeng.com\/projects\/"},"modified":"2023-02-10T11:08:26","modified_gmt":"2023-02-10T11:08:26","slug":"projekte","status":"publish","type":"page","link":"https:\/\/www.mercuryeng.com\/de\/projekte\/","title":{"rendered":"Projekte"},"content":{"rendered":"<p>Als Marktf\u00fchrer definieren wir die Standards der Branche neu. Wir sind ein europ\u00e4ischer Akteur mit starken F\u00e4higkeiten, aber es ist unsere Agilit\u00e4t, die uns auszeichnet \u2013 wir haben keine Angst vor Ver\u00e4nderungen, weil wir ihr wahres Potenzial verstehen.<\/p>\n","protected":false},"excerpt":{"rendered":"<p>Als Marktf\u00fchrer definieren wir die Standards der Branche neu. Wir sind ein europ\u00e4ischer Akteur mit starken F\u00e4higkeiten, aber es ist unsere Agilit\u00e4t, die uns auszeichnet \u2013 wir haben keine Angst vor Ver\u00e4nderungen, weil wir ihr wahres Potenzial verstehen.<\/p>\n","protected":false},"author":1,"featured_media":0,"parent":0,"menu_order":3,"comment_status":"closed","ping_status":"closed","template":"template-projects-landing.php","meta":{"_acf_changed":false,"footnotes":""},"class_list":["post-12289","page","type-page","status-publish","hentry"],"acf":[],"yoast_head":"<!-- This site is optimized with the Yoast SEO plugin v27.4 - https:\/\/yoast.com\/product\/yoast-seo-wordpress\/ -->\n<title>Projekte \u2013 Mercury Engineering<\/title>\n<meta name=\"description\" content=\"Als Marktf\u00fchrer definieren wir die Standards der Branche neu. Ein europ\u00e4ischer Akteur, der sich mit Agilit\u00e4t und Ver\u00e4nderungen auskennt\" \/>\n<meta name=\"robots\" content=\"index, follow, max-snippet:-1, max-image-preview:large, max-video-preview:-1\" \/>\n<link rel=\"canonical\" href=\"https:\/\/www.mercuryeng.com\/de\/projekte\/\" \/>\n<meta property=\"og:locale\" content=\"de_DE\" \/>\n<meta property=\"og:type\" content=\"article\" \/>\n<meta property=\"og:title\" content=\"Projekte \u2013 Mercury Engineering\" \/>\n<meta property=\"og:description\" content=\"Als Marktf\u00fchrer definieren wir die Standards der Branche neu. Ein europ\u00e4ischer Akteur, der sich mit Agilit\u00e4t und Ver\u00e4nderungen auskennt\" \/>\n<meta property=\"og:url\" content=\"https:\/\/www.mercuryeng.com\/de\/projekte\/\" \/>\n<meta property=\"og:site_name\" content=\"Mercury Engineering\" \/>\n<meta property=\"article:modified_time\" content=\"2023-02-10T11:08:26+00:00\" \/>\n<meta name=\"twitter:card\" content=\"summary_large_image\" \/>\n<meta name=\"twitter:label1\" content=\"Gesch\u00e4tzte Lesezeit\" \/>\n\t<meta name=\"twitter:data1\" content=\"1 Minute\" \/>\n<script type=\"application\/ld+json\" class=\"yoast-schema-graph\">{\"@context\":\"https:\\\/\\\/schema.org\",\"@graph\":[{\"@type\":\"WebPage\",\"@id\":\"https:\\\/\\\/www.mercuryeng.com\\\/de\\\/projekte\\\/\",\"url\":\"https:\\\/\\\/www.mercuryeng.com\\\/de\\\/projekte\\\/\",\"name\":\"Projekte \u2013 Mercury Engineering\",\"isPartOf\":{\"@id\":\"https:\\\/\\\/www.mercuryeng.com\\\/de\\\/#website\"},\"datePublished\":\"2019-03-28T15:17:42+00:00\",\"dateModified\":\"2023-02-10T11:08:26+00:00\",\"description\":\"Als Marktf\u00fchrer definieren wir die Standards der Branche neu. Ein europ\u00e4ischer Akteur, der sich mit Agilit\u00e4t und Ver\u00e4nderungen auskennt\",\"breadcrumb\":{\"@id\":\"https:\\\/\\\/www.mercuryeng.com\\\/de\\\/projekte\\\/#breadcrumb\"},\"inLanguage\":\"de-DE\",\"potentialAction\":[{\"@type\":\"ReadAction\",\"target\":[\"https:\\\/\\\/www.mercuryeng.com\\\/de\\\/projekte\\\/\"]}]},{\"@type\":\"BreadcrumbList\",\"@id\":\"https:\\\/\\\/www.mercuryeng.com\\\/de\\\/projekte\\\/#breadcrumb\",\"itemListElement\":[{\"@type\":\"ListItem\",\"position\":1,\"name\":\"Home\",\"item\":\"https:\\\/\\\/www.mercuryeng.com\\\/de\\\/\"},{\"@type\":\"ListItem\",\"position\":2,\"name\":\"Projekte\"}]},{\"@type\":\"WebSite\",\"@id\":\"https:\\\/\\\/www.mercuryeng.com\\\/de\\\/#website\",\"url\":\"https:\\\/\\\/www.mercuryeng.com\\\/de\\\/\",\"name\":\"Mercury Engineering\",\"description\":\"Ihre Vision, unsere Verpflichtung.\",\"potentialAction\":[{\"@type\":\"SearchAction\",\"target\":{\"@type\":\"EntryPoint\",\"urlTemplate\":\"https:\\\/\\\/www.mercuryeng.com\\\/de\\\/?s={search_term_string}\"},\"query-input\":{\"@type\":\"PropertyValueSpecification\",\"valueRequired\":true,\"valueName\":\"search_term_string\"}}],\"inLanguage\":\"de-DE\"}]}<\/script>\n<!-- \/ Yoast SEO plugin. -->","yoast_head_json":{"title":"Projekte \u2013 Mercury Engineering","description":"Als Marktf\u00fchrer definieren wir die Standards der Branche neu. Ein europ\u00e4ischer Akteur, der sich mit Agilit\u00e4t und Ver\u00e4nderungen auskennt","robots":{"index":"index","follow":"follow","max-snippet":"max-snippet:-1","max-image-preview":"max-image-preview:large","max-video-preview":"max-video-preview:-1"},"canonical":"https:\/\/www.mercuryeng.com\/de\/projekte\/","og_locale":"de_DE","og_type":"article","og_title":"Projekte \u2013 Mercury Engineering","og_description":"Als Marktf\u00fchrer definieren wir die Standards der Branche neu. Ein europ\u00e4ischer Akteur, der sich mit Agilit\u00e4t und Ver\u00e4nderungen auskennt","og_url":"https:\/\/www.mercuryeng.com\/de\/projekte\/","og_site_name":"Mercury Engineering","article_modified_time":"2023-02-10T11:08:26+00:00","twitter_card":"summary_large_image","twitter_misc":{"Gesch\u00e4tzte Lesezeit":"1 Minute"},"schema":{"@context":"https:\/\/schema.org","@graph":[{"@type":"WebPage","@id":"https:\/\/www.mercuryeng.com\/de\/projekte\/","url":"https:\/\/www.mercuryeng.com\/de\/projekte\/","name":"Projekte \u2013 Mercury Engineering","isPartOf":{"@id":"https:\/\/www.mercuryeng.com\/de\/#website"},"datePublished":"2019-03-28T15:17:42+00:00","dateModified":"2023-02-10T11:08:26+00:00","description":"Als Marktf\u00fchrer definieren wir die Standards der Branche neu. Ein europ\u00e4ischer Akteur, der sich mit Agilit\u00e4t und Ver\u00e4nderungen auskennt","breadcrumb":{"@id":"https:\/\/www.mercuryeng.com\/de\/projekte\/#breadcrumb"},"inLanguage":"de-DE","potentialAction":[{"@type":"ReadAction","target":["https:\/\/www.mercuryeng.com\/de\/projekte\/"]}]},{"@type":"BreadcrumbList","@id":"https:\/\/www.mercuryeng.com\/de\/projekte\/#breadcrumb","itemListElement":[{"@type":"ListItem","position":1,"name":"Home","item":"https:\/\/www.mercuryeng.com\/de\/"},{"@type":"ListItem","position":2,"name":"Projekte"}]},{"@type":"WebSite","@id":"https:\/\/www.mercuryeng.com\/de\/#website","url":"https:\/\/www.mercuryeng.com\/de\/","name":"Mercury Engineering","description":"Ihre Vision, unsere Verpflichtung.","potentialAction":[{"@type":"SearchAction","target":{"@type":"EntryPoint","urlTemplate":"https:\/\/www.mercuryeng.com\/de\/?s={search_term_string}"},"query-input":{"@type":"PropertyValueSpecification","valueRequired":true,"valueName":"search_term_string"}}],"inLanguage":"de-DE"}]}},"_links":{"self":[{"href":"https:\/\/www.mercuryeng.com\/de\/wp-json\/wp\/v2\/pages\/12289","targetHints":{"allow":["GET"]}}],"collection":[{"href":"https:\/\/www.mercuryeng.com\/de\/wp-json\/wp\/v2\/pages"}],"about":[{"href":"https:\/\/www.mercuryeng.com\/de\/wp-json\/wp\/v2\/types\/page"}],"author":[{"embeddable":true,"href":"https:\/\/www.mercuryeng.com\/de\/wp-json\/wp\/v2\/users\/1"}],"replies":[{"embeddable":true,"href":"https:\/\/www.mercuryeng.com\/de\/wp-json\/wp\/v2\/comments?post=12289"}],"version-history":[{"count":2,"href":"https:\/\/www.mercuryeng.com\/de\/wp-json\/wp\/v2\/pages\/12289\/revisions"}],"predecessor-version":[{"id":13474,"href":"https:\/\/www.mercuryeng.com\/de\/wp-json\/wp\/v2\/pages\/12289\/revisions\/13474"}],"wp:attachment":[{"href":"https:\/\/www.mercuryeng.com\/de\/wp-json\/wp\/v2\/media?parent=12289"}],"curies":[{"name":"wp","href":"https:\/\/api.w.org\/{rel}","templated":true}]}}